{"id":5674,"date":"2025-01-22T12:33:20","date_gmt":"2025-01-22T12:33:20","guid":{"rendered":"https:\/\/www.elpex.se\/?post_type=product&#038;p=5674"},"modified":"2026-02-26T13:18:54","modified_gmt":"2026-02-26T13:18:54","slug":"vorderrad-40mm","status":"publish","type":"product","link":"https:\/\/www.elpex.se\/de\/produkt\/vorderrad-40mm\/","title":{"rendered":"Vorderrad 40mm"},"content":{"rendered":"<div id=\"botiga-accordion-description\" class=\"botiga-accordion__body botiga-collapse active\">\n<div class=\"botiga-accordion__body-content botiga-collapse__content\">\n<div class=\"component_description_wrapper\">\n<div class=\"component_description\">\n<p><strong>Spezifikationen:<\/strong><\/p>\n<p>Radbreite: 40mm<\/p>\n<p>Raddurchmesser: 70mm<\/p>\n<p><strong>Kompatibel mit:<\/strong> Classic Team, Classic DP (vorne), Classic Junior, Team 480, Team 610, Team 610 NIS, Wasa Evolution X, Wasa Evolution Y<\/p>\n<p>Beginnen Sie mit der Wahl des Rollwiderstands.<\/p>\n<ul>\n<li>(2): Das Standard-Rad und der Standard-Rollwiderstand, der bei Rollski-Wettbewerben verwendet wird. Geeignet f\u00fcr Anf\u00e4nger, Trainierende, aber auch f\u00fcr diejenigen, die mit leichterem Rollwiderstand trainieren m\u00f6chten. <\/li>\n<li>(3): H\u00f6herer Rollwiderstand. Geeignet f\u00fcr diejenigen, die ihr Training auf die n\u00e4chste Stufe bringen wollen und mehr Herausforderung suchen. <\/li>\n<li>(4): Unser schwerster Rollwiderstand. Dies ist f\u00fcr diejenigen, die schon viel mit Widerstand 3 gefahren sind, aber das Gef\u00fchl haben, dass er zu leicht rollt. <\/li>\n<\/ul>\n<p>Als n\u00e4chstes k\u00f6nnen Sie w\u00e4hlen, welche Vorder-\/Hinterr\u00e4der Sie kaufen m\u00f6chten<\/p>\n<ul>\n<li>Unsere Komplettr\u00e4der umfassen Achse, Kugellager und Rad.<\/li>\n<li>Blanko-R\u00e4der sind gut f\u00fcr diejenigen, die nur das Gummi in den R\u00e4dern selbst ersetzen, aber die Achse und die Kugellager wiederverwenden m\u00f6chten.<\/li>\n<\/ul>\n<\/div>\n<\/div>\n<\/div>\n<\/div>\n","protected":false},"excerpt":{"rendered":"<p>Spezifikationen: Radbreite: 40mm Raddurchmesser: 70mm Kompatibel mit: Classic Team, Classic DP (vorne), Classic Junior, Team 480, Team 610, Team 610 NIS, Wasa Evolution X, Wasa Evolution Y Beginnen Sie mit der Wahl des Rollwiderstands. (2): Das Standard-Rad und der Standard-Rollwiderstand, der bei Rollski-Wettbewerben verwendet wird. [&hellip;]<\/p>\n","protected":false},"featured_media":11051,"template":"","meta":[],"product_brand":[],"product_cat":[431,165],"product_tag":[],"class_list":{"0":"post-5674","1":"product","2":"type-product","3":"status-publish","4":"has-post-thumbnail","6":"product_cat-ersatzteile","7":"product_cat-rader","9":"first","10":"instock","11":"taxable","12":"shipping-taxable","13":"purchasable","14":"product-type-variable"},"composite_virtual":false,"composite_layout":"","composite_add_to_cart_form_location":"","composite_editable_in_cart":false,"composite_sold_individually_context":"","composite_shop_price_calc":"","composite_components":[],"composite_scenarios":[],"yoast_head":"<!-- This site is optimized with the Yoast SEO plugin v27.4 - https:\/\/yoast.com\/product\/yoast-seo-wordpress\/ -->\n<title>Vorderrad 40mm - Elpex<\/title>\n<meta name=\"robots\" content=\"index, follow, max-snippet:-1, max-image-preview:large, max-video-preview:-1\" \/>\n<link rel=\"canonical\" href=\"https:\/\/www.elpex.se\/de\/produkt\/vorderrad-40mm\/\" \/>\n<meta property=\"og:locale\" content=\"de_DE\" \/>\n<meta property=\"og:type\" content=\"article\" \/>\n<meta property=\"og:title\" content=\"Vorderrad 40mm - Elpex\" \/>\n<meta property=\"og:description\" content=\"Spezifikationen: Radbreite: 40mm Raddurchmesser: 70mm Kompatibel mit: Classic Team, Classic DP (vorne), Classic Junior, Team 480, Team 610, Team 610 NIS, Wasa Evolution X, Wasa Evolution Y Beginnen Sie mit der Wahl des Rollwiderstands. (2): Das Standard-Rad und der Standard-Rollwiderstand, der bei Rollski-Wettbewerben verwendet wird. [&hellip;]\" \/>\n<meta property=\"og:url\" content=\"https:\/\/www.elpex.se\/de\/produkt\/vorderrad-40mm\/\" \/>\n<meta property=\"og:site_name\" content=\"Elpex\" \/>\n<meta property=\"article:publisher\" content=\"https:\/\/www.facebook.com\/www.elpex.se\/?locale=sv_SE\" \/>\n<meta property=\"article:modified_time\" content=\"2026-02-26T13:18:54+00:00\" \/>\n<meta property=\"og:image\" content=\"https:\/\/www.elpex.se\/wp-content\/uploads\/2025\/01\/07_Dack_med_hjullager_TransparentBG.jpg.webp\" \/>\n\t<meta property=\"og:image:width\" content=\"1920\" \/>\n\t<meta property=\"og:image:height\" content=\"1920\" \/>\n\t<meta property=\"og:image:type\" content=\"image\/jpeg\" \/>\n<meta name=\"twitter:card\" content=\"summary_large_image\" \/>\n<meta name=\"twitter:label1\" content=\"Gesch\u00e4tzte Lesezeit\" \/>\n\t<meta name=\"twitter:data1\" content=\"2\u00a0Minuten\" \/>\n<script type=\"application\/ld+json\" class=\"yoast-schema-graph\">{\"@context\":\"https:\\\/\\\/schema.org\",\"@graph\":[{\"@type\":\"WebPage\",\"@id\":\"https:\\\/\\\/www.elpex.se\\\/de\\\/produkt\\\/vorderrad-40mm\\\/\",\"url\":\"https:\\\/\\\/www.elpex.se\\\/de\\\/produkt\\\/vorderrad-40mm\\\/\",\"name\":\"Vorderrad 40mm - Elpex\",\"isPartOf\":{\"@id\":\"https:\\\/\\\/www.elpex.se\\\/de\\\/#website\"},\"primaryImageOfPage\":{\"@id\":\"https:\\\/\\\/www.elpex.se\\\/de\\\/produkt\\\/vorderrad-40mm\\\/#primaryimage\"},\"image\":{\"@id\":\"https:\\\/\\\/www.elpex.se\\\/de\\\/produkt\\\/vorderrad-40mm\\\/#primaryimage\"},\"thumbnailUrl\":\"https:\\\/\\\/www.elpex.se\\\/wp-content\\\/uploads\\\/2025\\\/01\\\/07_Dack_med_hjullager_TransparentBG.jpg.webp\",\"datePublished\":\"2025-01-22T12:33:20+00:00\",\"dateModified\":\"2026-02-26T13:18:54+00:00\",\"breadcrumb\":{\"@id\":\"https:\\\/\\\/www.elpex.se\\\/de\\\/produkt\\\/vorderrad-40mm\\\/#breadcrumb\"},\"inLanguage\":\"de\",\"potentialAction\":[{\"@type\":\"ReadAction\",\"target\":[\"https:\\\/\\\/www.elpex.se\\\/de\\\/produkt\\\/vorderrad-40mm\\\/\"]}]},{\"@type\":\"ImageObject\",\"inLanguage\":\"de\",\"@id\":\"https:\\\/\\\/www.elpex.se\\\/de\\\/produkt\\\/vorderrad-40mm\\\/#primaryimage\",\"url\":\"https:\\\/\\\/www.elpex.se\\\/wp-content\\\/uploads\\\/2025\\\/01\\\/07_Dack_med_hjullager_TransparentBG.jpg.webp\",\"contentUrl\":\"https:\\\/\\\/www.elpex.se\\\/wp-content\\\/uploads\\\/2025\\\/01\\\/07_Dack_med_hjullager_TransparentBG.jpg.webp\",\"width\":1920,\"height\":1920},{\"@type\":\"BreadcrumbList\",\"@id\":\"https:\\\/\\\/www.elpex.se\\\/de\\\/produkt\\\/vorderrad-40mm\\\/#breadcrumb\",\"itemListElement\":[{\"@type\":\"ListItem\",\"position\":1,\"name\":\"Hem\",\"item\":\"https:\\\/\\\/www.elpex.se\\\/de\\\/\"},{\"@type\":\"ListItem\",\"position\":2,\"name\":\"Rollerskis &amp; Zubeh\u00f6r\",\"item\":\"https:\\\/\\\/www.elpex.se\\\/de\\\/shop\\\/\"},{\"@type\":\"ListItem\",\"position\":3,\"name\":\"Vorderrad 40mm\"}]},{\"@type\":\"WebSite\",\"@id\":\"https:\\\/\\\/www.elpex.se\\\/de\\\/#website\",\"url\":\"https:\\\/\\\/www.elpex.se\\\/de\\\/\",\"name\":\"Elpex\",\"description\":\"\",\"publisher\":{\"@id\":\"https:\\\/\\\/www.elpex.se\\\/de\\\/#organization\"},\"potentialAction\":[{\"@type\":\"SearchAction\",\"target\":{\"@type\":\"EntryPoint\",\"urlTemplate\":\"https:\\\/\\\/www.elpex.se\\\/de\\\/?s={search_term_string}\"},\"query-input\":{\"@type\":\"PropertyValueSpecification\",\"valueRequired\":true,\"valueName\":\"search_term_string\"}}],\"inLanguage\":\"de\"},{\"@type\":\"Organization\",\"@id\":\"https:\\\/\\\/www.elpex.se\\\/de\\\/#organization\",\"name\":\"Elpex\",\"url\":\"https:\\\/\\\/www.elpex.se\\\/de\\\/\",\"logo\":{\"@type\":\"ImageObject\",\"inLanguage\":\"de\",\"@id\":\"https:\\\/\\\/www.elpex.se\\\/de\\\/#\\\/schema\\\/logo\\\/image\\\/\",\"url\":\"https:\\\/\\\/www.elpex.se\\\/wp-content\\\/uploads\\\/2024\\\/11\\\/Elpex-logo_svart.svg\",\"contentUrl\":\"https:\\\/\\\/www.elpex.se\\\/wp-content\\\/uploads\\\/2024\\\/11\\\/Elpex-logo_svart.svg\",\"caption\":\"Elpex\"},\"image\":{\"@id\":\"https:\\\/\\\/www.elpex.se\\\/de\\\/#\\\/schema\\\/logo\\\/image\\\/\"},\"sameAs\":[\"https:\\\/\\\/www.facebook.com\\\/www.elpex.se\\\/?locale=sv_SE\",\"https:\\\/\\\/www.instagram.com\\\/elpexrollerskis\\\/\"]}]}<\/script>\n<!-- \/ Yoast SEO plugin. -->","yoast_head_json":{"title":"Vorderrad 40mm - Elpex","robots":{"index":"index","follow":"follow","max-snippet":"max-snippet:-1","max-image-preview":"max-image-preview:large","max-video-preview":"max-video-preview:-1"},"canonical":"https:\/\/www.elpex.se\/de\/produkt\/vorderrad-40mm\/","og_locale":"de_DE","og_type":"article","og_title":"Vorderrad 40mm - Elpex","og_description":"Spezifikationen: Radbreite: 40mm Raddurchmesser: 70mm Kompatibel mit: Classic Team, Classic DP (vorne), Classic Junior, Team 480, Team 610, Team 610 NIS, Wasa Evolution X, Wasa Evolution Y Beginnen Sie mit der Wahl des Rollwiderstands. (2): Das Standard-Rad und der Standard-Rollwiderstand, der bei Rollski-Wettbewerben verwendet wird. [&hellip;]","og_url":"https:\/\/www.elpex.se\/de\/produkt\/vorderrad-40mm\/","og_site_name":"Elpex","article_publisher":"https:\/\/www.facebook.com\/www.elpex.se\/?locale=sv_SE","article_modified_time":"2026-02-26T13:18:54+00:00","og_image":[{"width":1920,"height":1920,"url":"https:\/\/www.elpex.se\/wp-content\/uploads\/2025\/01\/07_Dack_med_hjullager_TransparentBG.jpg.webp","type":"image\/jpeg"}],"twitter_card":"summary_large_image","twitter_misc":{"Gesch\u00e4tzte Lesezeit":"2\u00a0Minuten"},"schema":{"@context":"https:\/\/schema.org","@graph":[{"@type":"WebPage","@id":"https:\/\/www.elpex.se\/de\/produkt\/vorderrad-40mm\/","url":"https:\/\/www.elpex.se\/de\/produkt\/vorderrad-40mm\/","name":"Vorderrad 40mm - Elpex","isPartOf":{"@id":"https:\/\/www.elpex.se\/de\/#website"},"primaryImageOfPage":{"@id":"https:\/\/www.elpex.se\/de\/produkt\/vorderrad-40mm\/#primaryimage"},"image":{"@id":"https:\/\/www.elpex.se\/de\/produkt\/vorderrad-40mm\/#primaryimage"},"thumbnailUrl":"https:\/\/www.elpex.se\/wp-content\/uploads\/2025\/01\/07_Dack_med_hjullager_TransparentBG.jpg.webp","datePublished":"2025-01-22T12:33:20+00:00","dateModified":"2026-02-26T13:18:54+00:00","breadcrumb":{"@id":"https:\/\/www.elpex.se\/de\/produkt\/vorderrad-40mm\/#breadcrumb"},"inLanguage":"de","potentialAction":[{"@type":"ReadAction","target":["https:\/\/www.elpex.se\/de\/produkt\/vorderrad-40mm\/"]}]},{"@type":"ImageObject","inLanguage":"de","@id":"https:\/\/www.elpex.se\/de\/produkt\/vorderrad-40mm\/#primaryimage","url":"https:\/\/www.elpex.se\/wp-content\/uploads\/2025\/01\/07_Dack_med_hjullager_TransparentBG.jpg.webp","contentUrl":"https:\/\/www.elpex.se\/wp-content\/uploads\/2025\/01\/07_Dack_med_hjullager_TransparentBG.jpg.webp","width":1920,"height":1920},{"@type":"BreadcrumbList","@id":"https:\/\/www.elpex.se\/de\/produkt\/vorderrad-40mm\/#breadcrumb","itemListElement":[{"@type":"ListItem","position":1,"name":"Hem","item":"https:\/\/www.elpex.se\/de\/"},{"@type":"ListItem","position":2,"name":"Rollerskis &amp; Zubeh\u00f6r","item":"https:\/\/www.elpex.se\/de\/shop\/"},{"@type":"ListItem","position":3,"name":"Vorderrad 40mm"}]},{"@type":"WebSite","@id":"https:\/\/www.elpex.se\/de\/#website","url":"https:\/\/www.elpex.se\/de\/","name":"Elpex","description":"","publisher":{"@id":"https:\/\/www.elpex.se\/de\/#organization"},"potentialAction":[{"@type":"SearchAction","target":{"@type":"EntryPoint","urlTemplate":"https:\/\/www.elpex.se\/de\/?s={search_term_string}"},"query-input":{"@type":"PropertyValueSpecification","valueRequired":true,"valueName":"search_term_string"}}],"inLanguage":"de"},{"@type":"Organization","@id":"https:\/\/www.elpex.se\/de\/#organization","name":"Elpex","url":"https:\/\/www.elpex.se\/de\/","logo":{"@type":"ImageObject","inLanguage":"de","@id":"https:\/\/www.elpex.se\/de\/#\/schema\/logo\/image\/","url":"https:\/\/www.elpex.se\/wp-content\/uploads\/2024\/11\/Elpex-logo_svart.svg","contentUrl":"https:\/\/www.elpex.se\/wp-content\/uploads\/2024\/11\/Elpex-logo_svart.svg","caption":"Elpex"},"image":{"@id":"https:\/\/www.elpex.se\/de\/#\/schema\/logo\/image\/"},"sameAs":["https:\/\/www.facebook.com\/www.elpex.se\/?locale=sv_SE","https:\/\/www.instagram.com\/elpexrollerskis\/"]}]}},"_links":{"self":[{"href":"https:\/\/www.elpex.se\/de\/wp-json\/wp\/v2\/product\/5674","targetHints":{"allow":["GET"]}}],"collection":[{"href":"https:\/\/www.elpex.se\/de\/wp-json\/wp\/v2\/product"}],"about":[{"href":"https:\/\/www.elpex.se\/de\/wp-json\/wp\/v2\/types\/product"}],"wp:featuredmedia":[{"embeddable":true,"href":"https:\/\/www.elpex.se\/de\/wp-json\/wp\/v2\/media\/11051"}],"wp:attachment":[{"href":"https:\/\/www.elpex.se\/de\/wp-json\/wp\/v2\/media?parent=5674"}],"wp:term":[{"taxonomy":"product_brand","embeddable":true,"href":"https:\/\/www.elpex.se\/de\/wp-json\/wp\/v2\/product_brand?post=5674"},{"taxonomy":"product_cat","embeddable":true,"href":"https:\/\/www.elpex.se\/de\/wp-json\/wp\/v2\/product_cat?post=5674"},{"taxonomy":"product_tag","embeddable":true,"href":"https:\/\/www.elpex.se\/de\/wp-json\/wp\/v2\/product_tag?post=5674"}],"curies":[{"name":"wp","href":"https:\/\/api.w.org\/{rel}","templated":true}]}}