{"id":3706,"date":"2024-11-26T10:10:10","date_gmt":"2024-11-26T10:10:10","guid":{"rendered":"https:\/\/www.elpex.se\/produkt\/rad-24mm\/"},"modified":"2026-04-08T07:14:52","modified_gmt":"2026-04-08T07:14:52","slug":"rad-24mm","status":"publish","type":"product","link":"https:\/\/www.elpex.se\/de\/produkt\/rad-24mm\/","title":{"rendered":"Rad 24mm"},"content":{"rendered":"<p><strong>Spezifikationen:<\/strong><\/p>\n<ul>\n<li>Radbreite: 24 mm<\/li>\n<li>Raddurchmesser: 100 mm<\/li>\n<\/ul>\n<p><strong>Rollwiderstand:<\/strong><\/p>\n<ul>\n<li aria-level=\"1\"><b>(PU2):<\/b> Strapazierf\u00e4higes Polyurethanrad mit Rollwiderstand Stufe 2. Bietet scharfen Grip und stabile Leistung auf trockenem und nassem Asphalt, ohne sich schwammig anzuf\u00fchlen. Eine zuverl\u00e4ssige Wahl f\u00fcr Training und Wettkampf.   Diese R\u00e4der haben eine gl\u00e4nzende Aluminiumfelge.<\/li>\n<li aria-level=\"1\"><b>(Premium 2):<\/b> Unsere Gummir\u00e4der mit Premium-Mischung bieten gleichm\u00e4\u00dfigen Rollwiderstand (Stufe 2), ausgezeichneten Nassgrip und hohe Verschlei\u00dffestigkeit. F\u00fcr Fahrer, die das gleiche Fahrgef\u00fchl bei allen Temperaturen erwarten.  Diese Rollen haben eine hellgraue Kunststofffelge.<\/li>\n<li><b>(Premium 3):<\/b> Gebaut mit der gleichen Premium-Technologie wie Premium 2, aber mit h\u00f6herem Rollwiderstand. Ideal f\u00fcr dich, wenn du dein Training auf die n\u00e4chste Stufe heben und mehr Herausforderung suchst \u2013 perfekt f\u00fcr Krafttraining und anspruchsvolle Einheiten.  Diese Rollen haben eine dunkelgraue Kunststofffelge.<\/li>\n<\/ul>\n<p><strong>Varianten:<\/strong><\/p>\n<ul>\n<li>Einzelnes Rad: Nur das Rad. Mit Achse und Zubeh\u00f6r wird dieses Rad zu einem kompletten Vorderrad. <\/li>\n<li>Komplettrad: Rad mit allen Komponenten (wie Achse, Distanzst\u00fcck und Kugellager), die f\u00fcr die Montage und das Fahren erforderlich sind.<\/li>\n<\/ul>\n<p><strong>Kompatibel mit:<\/strong><\/p>\n<ul>\n<li>Skate Race<\/li>\n<li>Skate Stride<\/li>\n<li>Skate Junior<\/li>\n<\/ul>\n","protected":false},"excerpt":{"rendered":"<p>Skate-R\u00e4der, passend f\u00fcr Skate Race, Skate Stride und Skate Junior.<\/p>\n","protected":false},"featured_media":3709,"template":"","meta":[],"product_brand":[],"product_cat":[431,165],"product_tag":[],"class_list":{"0":"post-3706","1":"product","2":"type-product","3":"status-publish","4":"has-post-thumbnail","6":"product_cat-ersatzteile","7":"product_cat-rader","9":"first","10":"instock","11":"taxable","12":"shipping-taxable","13":"purchasable","14":"product-type-variable","15":"has-default-attributes"},"composite_virtual":false,"composite_layout":"","composite_add_to_cart_form_location":"","composite_editable_in_cart":false,"composite_sold_individually_context":"","composite_shop_price_calc":"","composite_components":[],"composite_scenarios":[],"yoast_head":"<!-- This site is optimized with the Yoast SEO plugin v27.4 - https:\/\/yoast.com\/product\/yoast-seo-wordpress\/ -->\n<title>Rad 24mm - Elpex<\/title>\n<meta name=\"description\" content=\"24-mm-R\u00e4der, passend f\u00fcr Skate Race und F1 Pro\" \/>\n<meta name=\"robots\" content=\"index, follow, max-snippet:-1, max-image-preview:large, max-video-preview:-1\" \/>\n<link rel=\"canonical\" href=\"https:\/\/www.elpex.se\/de\/produkt\/rad-24mm\/\" \/>\n<meta property=\"og:locale\" content=\"de_DE\" \/>\n<meta property=\"og:type\" content=\"article\" \/>\n<meta property=\"og:title\" content=\"Rad 24mm - Elpex\" \/>\n<meta property=\"og:description\" content=\"24-mm-R\u00e4der, passend f\u00fcr Skate Race und F1 Pro\" \/>\n<meta property=\"og:url\" content=\"https:\/\/www.elpex.se\/de\/produkt\/rad-24mm\/\" \/>\n<meta property=\"og:site_name\" content=\"Elpex\" \/>\n<meta property=\"article:publisher\" content=\"https:\/\/www.facebook.com\/www.elpex.se\/?locale=sv_SE\" \/>\n<meta property=\"article:modified_time\" content=\"2026-04-08T07:14:52+00:00\" \/>\n<meta property=\"og:image\" content=\"https:\/\/www.elpex.se\/wp-content\/uploads\/2024\/11\/F1-pro-skate-race-hjul-wheel.jpg.webp\" \/>\n\t<meta property=\"og:image:width\" content=\"1772\" \/>\n\t<meta property=\"og:image:height\" content=\"1329\" \/>\n\t<meta property=\"og:image:type\" content=\"image\/jpeg\" \/>\n<meta name=\"twitter:card\" content=\"summary_large_image\" \/>\n<meta name=\"twitter:label1\" content=\"Gesch\u00e4tzte Lesezeit\" \/>\n\t<meta name=\"twitter:data1\" content=\"1\u00a0Minute\" \/>\n<script type=\"application\/ld+json\" class=\"yoast-schema-graph\">{\"@context\":\"https:\\\/\\\/schema.org\",\"@graph\":[{\"@type\":\"WebPage\",\"@id\":\"https:\\\/\\\/www.elpex.se\\\/de\\\/produkt\\\/rad-24mm\\\/\",\"url\":\"https:\\\/\\\/www.elpex.se\\\/de\\\/produkt\\\/rad-24mm\\\/\",\"name\":\"Rad 24mm - Elpex\",\"isPartOf\":{\"@id\":\"https:\\\/\\\/www.elpex.se\\\/de\\\/#website\"},\"primaryImageOfPage\":{\"@id\":\"https:\\\/\\\/www.elpex.se\\\/de\\\/produkt\\\/rad-24mm\\\/#primaryimage\"},\"image\":{\"@id\":\"https:\\\/\\\/www.elpex.se\\\/de\\\/produkt\\\/rad-24mm\\\/#primaryimage\"},\"thumbnailUrl\":\"https:\\\/\\\/www.elpex.se\\\/wp-content\\\/uploads\\\/2024\\\/11\\\/F1-pro-skate-race-hjul-wheel.jpg.webp\",\"datePublished\":\"2024-11-26T10:10:10+00:00\",\"dateModified\":\"2026-04-08T07:14:52+00:00\",\"description\":\"24-mm-R\u00e4der, passend f\u00fcr Skate Race und F1 Pro\",\"breadcrumb\":{\"@id\":\"https:\\\/\\\/www.elpex.se\\\/de\\\/produkt\\\/rad-24mm\\\/#breadcrumb\"},\"inLanguage\":\"de\",\"potentialAction\":[{\"@type\":\"ReadAction\",\"target\":[\"https:\\\/\\\/www.elpex.se\\\/de\\\/produkt\\\/rad-24mm\\\/\"]}]},{\"@type\":\"ImageObject\",\"inLanguage\":\"de\",\"@id\":\"https:\\\/\\\/www.elpex.se\\\/de\\\/produkt\\\/rad-24mm\\\/#primaryimage\",\"url\":\"https:\\\/\\\/www.elpex.se\\\/wp-content\\\/uploads\\\/2024\\\/11\\\/F1-pro-skate-race-hjul-wheel.jpg.webp\",\"contentUrl\":\"https:\\\/\\\/www.elpex.se\\\/wp-content\\\/uploads\\\/2024\\\/11\\\/F1-pro-skate-race-hjul-wheel.jpg.webp\",\"width\":1772,\"height\":1329},{\"@type\":\"BreadcrumbList\",\"@id\":\"https:\\\/\\\/www.elpex.se\\\/de\\\/produkt\\\/rad-24mm\\\/#breadcrumb\",\"itemListElement\":[{\"@type\":\"ListItem\",\"position\":1,\"name\":\"Hem\",\"item\":\"https:\\\/\\\/www.elpex.se\\\/de\\\/\"},{\"@type\":\"ListItem\",\"position\":2,\"name\":\"Rollerskis &amp; Zubeh\u00f6r\",\"item\":\"https:\\\/\\\/www.elpex.se\\\/de\\\/shop\\\/\"},{\"@type\":\"ListItem\",\"position\":3,\"name\":\"Rad 24mm\"}]},{\"@type\":\"WebSite\",\"@id\":\"https:\\\/\\\/www.elpex.se\\\/de\\\/#website\",\"url\":\"https:\\\/\\\/www.elpex.se\\\/de\\\/\",\"name\":\"Elpex\",\"description\":\"\",\"publisher\":{\"@id\":\"https:\\\/\\\/www.elpex.se\\\/de\\\/#organization\"},\"potentialAction\":[{\"@type\":\"SearchAction\",\"target\":{\"@type\":\"EntryPoint\",\"urlTemplate\":\"https:\\\/\\\/www.elpex.se\\\/de\\\/?s={search_term_string}\"},\"query-input\":{\"@type\":\"PropertyValueSpecification\",\"valueRequired\":true,\"valueName\":\"search_term_string\"}}],\"inLanguage\":\"de\"},{\"@type\":\"Organization\",\"@id\":\"https:\\\/\\\/www.elpex.se\\\/de\\\/#organization\",\"name\":\"Elpex\",\"url\":\"https:\\\/\\\/www.elpex.se\\\/de\\\/\",\"logo\":{\"@type\":\"ImageObject\",\"inLanguage\":\"de\",\"@id\":\"https:\\\/\\\/www.elpex.se\\\/de\\\/#\\\/schema\\\/logo\\\/image\\\/\",\"url\":\"https:\\\/\\\/www.elpex.se\\\/wp-content\\\/uploads\\\/2024\\\/11\\\/Elpex-logo_svart.svg\",\"contentUrl\":\"https:\\\/\\\/www.elpex.se\\\/wp-content\\\/uploads\\\/2024\\\/11\\\/Elpex-logo_svart.svg\",\"caption\":\"Elpex\"},\"image\":{\"@id\":\"https:\\\/\\\/www.elpex.se\\\/de\\\/#\\\/schema\\\/logo\\\/image\\\/\"},\"sameAs\":[\"https:\\\/\\\/www.facebook.com\\\/www.elpex.se\\\/?locale=sv_SE\",\"https:\\\/\\\/www.instagram.com\\\/elpexrollerskis\\\/\"]}]}<\/script>\n<!-- \/ Yoast SEO plugin. -->","yoast_head_json":{"title":"Rad 24mm - Elpex","description":"24-mm-R\u00e4der, passend f\u00fcr Skate Race und F1 Pro","robots":{"index":"index","follow":"follow","max-snippet":"max-snippet:-1","max-image-preview":"max-image-preview:large","max-video-preview":"max-video-preview:-1"},"canonical":"https:\/\/www.elpex.se\/de\/produkt\/rad-24mm\/","og_locale":"de_DE","og_type":"article","og_title":"Rad 24mm - Elpex","og_description":"24-mm-R\u00e4der, passend f\u00fcr Skate Race und F1 Pro","og_url":"https:\/\/www.elpex.se\/de\/produkt\/rad-24mm\/","og_site_name":"Elpex","article_publisher":"https:\/\/www.facebook.com\/www.elpex.se\/?locale=sv_SE","article_modified_time":"2026-04-08T07:14:52+00:00","og_image":[{"width":1772,"height":1329,"url":"https:\/\/www.elpex.se\/wp-content\/uploads\/2024\/11\/F1-pro-skate-race-hjul-wheel.jpg.webp","type":"image\/jpeg"}],"twitter_card":"summary_large_image","twitter_misc":{"Gesch\u00e4tzte Lesezeit":"1\u00a0Minute"},"schema":{"@context":"https:\/\/schema.org","@graph":[{"@type":"WebPage","@id":"https:\/\/www.elpex.se\/de\/produkt\/rad-24mm\/","url":"https:\/\/www.elpex.se\/de\/produkt\/rad-24mm\/","name":"Rad 24mm - Elpex","isPartOf":{"@id":"https:\/\/www.elpex.se\/de\/#website"},"primaryImageOfPage":{"@id":"https:\/\/www.elpex.se\/de\/produkt\/rad-24mm\/#primaryimage"},"image":{"@id":"https:\/\/www.elpex.se\/de\/produkt\/rad-24mm\/#primaryimage"},"thumbnailUrl":"https:\/\/www.elpex.se\/wp-content\/uploads\/2024\/11\/F1-pro-skate-race-hjul-wheel.jpg.webp","datePublished":"2024-11-26T10:10:10+00:00","dateModified":"2026-04-08T07:14:52+00:00","description":"24-mm-R\u00e4der, passend f\u00fcr Skate Race und F1 Pro","breadcrumb":{"@id":"https:\/\/www.elpex.se\/de\/produkt\/rad-24mm\/#breadcrumb"},"inLanguage":"de","potentialAction":[{"@type":"ReadAction","target":["https:\/\/www.elpex.se\/de\/produkt\/rad-24mm\/"]}]},{"@type":"ImageObject","inLanguage":"de","@id":"https:\/\/www.elpex.se\/de\/produkt\/rad-24mm\/#primaryimage","url":"https:\/\/www.elpex.se\/wp-content\/uploads\/2024\/11\/F1-pro-skate-race-hjul-wheel.jpg.webp","contentUrl":"https:\/\/www.elpex.se\/wp-content\/uploads\/2024\/11\/F1-pro-skate-race-hjul-wheel.jpg.webp","width":1772,"height":1329},{"@type":"BreadcrumbList","@id":"https:\/\/www.elpex.se\/de\/produkt\/rad-24mm\/#breadcrumb","itemListElement":[{"@type":"ListItem","position":1,"name":"Hem","item":"https:\/\/www.elpex.se\/de\/"},{"@type":"ListItem","position":2,"name":"Rollerskis &amp; Zubeh\u00f6r","item":"https:\/\/www.elpex.se\/de\/shop\/"},{"@type":"ListItem","position":3,"name":"Rad 24mm"}]},{"@type":"WebSite","@id":"https:\/\/www.elpex.se\/de\/#website","url":"https:\/\/www.elpex.se\/de\/","name":"Elpex","description":"","publisher":{"@id":"https:\/\/www.elpex.se\/de\/#organization"},"potentialAction":[{"@type":"SearchAction","target":{"@type":"EntryPoint","urlTemplate":"https:\/\/www.elpex.se\/de\/?s={search_term_string}"},"query-input":{"@type":"PropertyValueSpecification","valueRequired":true,"valueName":"search_term_string"}}],"inLanguage":"de"},{"@type":"Organization","@id":"https:\/\/www.elpex.se\/de\/#organization","name":"Elpex","url":"https:\/\/www.elpex.se\/de\/","logo":{"@type":"ImageObject","inLanguage":"de","@id":"https:\/\/www.elpex.se\/de\/#\/schema\/logo\/image\/","url":"https:\/\/www.elpex.se\/wp-content\/uploads\/2024\/11\/Elpex-logo_svart.svg","contentUrl":"https:\/\/www.elpex.se\/wp-content\/uploads\/2024\/11\/Elpex-logo_svart.svg","caption":"Elpex"},"image":{"@id":"https:\/\/www.elpex.se\/de\/#\/schema\/logo\/image\/"},"sameAs":["https:\/\/www.facebook.com\/www.elpex.se\/?locale=sv_SE","https:\/\/www.instagram.com\/elpexrollerskis\/"]}]}},"_links":{"self":[{"href":"https:\/\/www.elpex.se\/de\/wp-json\/wp\/v2\/product\/3706","targetHints":{"allow":["GET"]}}],"collection":[{"href":"https:\/\/www.elpex.se\/de\/wp-json\/wp\/v2\/product"}],"about":[{"href":"https:\/\/www.elpex.se\/de\/wp-json\/wp\/v2\/types\/product"}],"wp:featuredmedia":[{"embeddable":true,"href":"https:\/\/www.elpex.se\/de\/wp-json\/wp\/v2\/media\/3709"}],"wp:attachment":[{"href":"https:\/\/www.elpex.se\/de\/wp-json\/wp\/v2\/media?parent=3706"}],"wp:term":[{"taxonomy":"product_brand","embeddable":true,"href":"https:\/\/www.elpex.se\/de\/wp-json\/wp\/v2\/product_brand?post=3706"},{"taxonomy":"product_cat","embeddable":true,"href":"https:\/\/www.elpex.se\/de\/wp-json\/wp\/v2\/product_cat?post=3706"},{"taxonomy":"product_tag","embeddable":true,"href":"https:\/\/www.elpex.se\/de\/wp-json\/wp\/v2\/product_tag?post=3706"}],"curies":[{"name":"wp","href":"https:\/\/api.w.org\/{rel}","templated":true}]}}