{"id":3095,"date":"2024-12-11T14:24:07","date_gmt":"2024-12-11T14:24:07","guid":{"rendered":"https:\/\/www.elpex.se\/produkt\/rottefella-rollerski-skate\/"},"modified":"2026-01-14T13:40:50","modified_gmt":"2026-01-14T13:40:50","slug":"rottefella-rollerski-skate","status":"publish","type":"product","link":"https:\/\/www.elpex.se\/de\/produkt\/rottefella-rollerski-skate\/","title":{"rendered":"Rottefella Rollerski Skate"},"content":{"rendered":"<p><strong>Rottefella Rollerski Skate <\/strong>wurde speziell f\u00fcr Rollski entwickelt. Ein breiteres Bindungsgeh\u00e4use und eine verbesserte Ferse verbessern die Stabilit\u00e4t und Sicherheit. Die Bindung ist leicht, was eine optimale Kraft\u00fcbertragung gew\u00e4hrleistet. Sie verf\u00fcgt \u00fcber eine Sicherheitsverriegelung, die den \u00d6ffnungs-\/Schlie\u00dfmechanismus mechanisch verriegelt.   <\/p>\n<p>Die Bindung ist mit einem harten Flex ausgestattet, der einfach gegen einen weicheren Flex ausgetauscht werden kann. Der Flex ist ein flexibles Polster, das beim Beugen Widerstand leistet. Er hilft dir, die Ski zu kontrollieren und sorgt f\u00fcr einen nat\u00fcrlicheren Absto\u00df- und R\u00fcckholzyklus.  <\/p>\n<p><strong>L\u00e4nge:<\/strong> 200 mm<br \/>\n<strong>Breite:<\/strong> 56 mm<br \/>\n<strong>Schuhgr\u00f6\u00dfe:<\/strong> 36-52<\/p>\n","protected":false},"excerpt":{"rendered":"<p>Rottefella Rollerski Skate wurde speziell f\u00fcr Rollski entwickelt. Ein breiteres Bindungsgeh\u00e4use und eine verbesserte Ferse verbessern die Stabilit\u00e4t und Sicherheit. Die Bindung ist leicht, was eine optimale Kraft\u00fcbertragung gew\u00e4hrleistet. Sie verf\u00fcgt \u00fcber eine Sicherheitsverriegelung, die den \u00d6ffnungs-\/Schlie\u00dfmechanismus mechanisch verriegelt. Die Bindung ist mit einem harten [&hellip;]<\/p>\n","protected":false},"featured_media":3097,"template":"","meta":[],"product_brand":[],"product_cat":[175,174],"product_tag":[],"class_list":{"0":"post-3095","1":"product","2":"type-product","3":"status-publish","4":"has-post-thumbnail","6":"product_cat-anleihen","7":"product_cat-zubehor","9":"first","10":"instock","11":"taxable","12":"shipping-taxable","13":"purchasable","14":"product-type-simple"},"composite_virtual":false,"composite_layout":"","composite_add_to_cart_form_location":"","composite_editable_in_cart":false,"composite_sold_individually_context":"","composite_shop_price_calc":"","composite_components":[],"composite_scenarios":[],"yoast_head":"<!-- This site is optimized with the Yoast SEO plugin v27.4 - https:\/\/yoast.com\/product\/yoast-seo-wordpress\/ -->\n<title>Rottefella Rollerski Skate - Elpex<\/title>\n<meta name=\"robots\" content=\"index, follow, max-snippet:-1, max-image-preview:large, max-video-preview:-1\" \/>\n<link rel=\"canonical\" href=\"https:\/\/www.elpex.se\/de\/produkt\/rottefella-rollerski-skate\/\" \/>\n<meta property=\"og:locale\" content=\"de_DE\" \/>\n<meta property=\"og:type\" content=\"article\" \/>\n<meta property=\"og:title\" content=\"Rottefella Rollerski Skate - Elpex\" \/>\n<meta property=\"og:description\" content=\"Rottefella Rollerski Skate wurde speziell f\u00fcr Rollski entwickelt. Ein breiteres Bindungsgeh\u00e4use und eine verbesserte Ferse verbessern die Stabilit\u00e4t und Sicherheit. Die Bindung ist leicht, was eine optimale Kraft\u00fcbertragung gew\u00e4hrleistet. Sie verf\u00fcgt \u00fcber eine Sicherheitsverriegelung, die den \u00d6ffnungs-\/Schlie\u00dfmechanismus mechanisch verriegelt. Die Bindung ist mit einem harten [&hellip;]\" \/>\n<meta property=\"og:url\" content=\"https:\/\/www.elpex.se\/de\/produkt\/rottefella-rollerski-skate\/\" \/>\n<meta property=\"og:site_name\" content=\"Elpex\" \/>\n<meta property=\"article:publisher\" content=\"https:\/\/www.facebook.com\/www.elpex.se\/?locale=sv_SE\" \/>\n<meta property=\"article:modified_time\" content=\"2026-01-14T13:40:50+00:00\" \/>\n<meta property=\"og:image\" content=\"https:\/\/www.elpex.se\/wp-content\/uploads\/2024\/12\/rottefella-rollerski-skate-locked.jpg.webp\" \/>\n\t<meta property=\"og:image:width\" content=\"1000\" \/>\n\t<meta property=\"og:image:height\" content=\"1000\" \/>\n\t<meta property=\"og:image:type\" content=\"image\/jpeg\" \/>\n<meta name=\"twitter:card\" content=\"summary_large_image\" \/>\n<meta name=\"twitter:label1\" content=\"Gesch\u00e4tzte Lesezeit\" \/>\n\t<meta name=\"twitter:data1\" content=\"1\u00a0Minute\" \/>\n<script type=\"application\/ld+json\" class=\"yoast-schema-graph\">{\"@context\":\"https:\\\/\\\/schema.org\",\"@graph\":[{\"@type\":\"WebPage\",\"@id\":\"https:\\\/\\\/www.elpex.se\\\/de\\\/produkt\\\/rottefella-rollerski-skate\\\/\",\"url\":\"https:\\\/\\\/www.elpex.se\\\/de\\\/produkt\\\/rottefella-rollerski-skate\\\/\",\"name\":\"Rottefella Rollerski Skate - Elpex\",\"isPartOf\":{\"@id\":\"https:\\\/\\\/www.elpex.se\\\/de\\\/#website\"},\"primaryImageOfPage\":{\"@id\":\"https:\\\/\\\/www.elpex.se\\\/de\\\/produkt\\\/rottefella-rollerski-skate\\\/#primaryimage\"},\"image\":{\"@id\":\"https:\\\/\\\/www.elpex.se\\\/de\\\/produkt\\\/rottefella-rollerski-skate\\\/#primaryimage\"},\"thumbnailUrl\":\"https:\\\/\\\/www.elpex.se\\\/wp-content\\\/uploads\\\/2024\\\/12\\\/rottefella-rollerski-skate-locked.jpg.webp\",\"datePublished\":\"2024-12-11T14:24:07+00:00\",\"dateModified\":\"2026-01-14T13:40:50+00:00\",\"breadcrumb\":{\"@id\":\"https:\\\/\\\/www.elpex.se\\\/de\\\/produkt\\\/rottefella-rollerski-skate\\\/#breadcrumb\"},\"inLanguage\":\"de\",\"potentialAction\":[{\"@type\":\"ReadAction\",\"target\":[\"https:\\\/\\\/www.elpex.se\\\/de\\\/produkt\\\/rottefella-rollerski-skate\\\/\"]}]},{\"@type\":\"ImageObject\",\"inLanguage\":\"de\",\"@id\":\"https:\\\/\\\/www.elpex.se\\\/de\\\/produkt\\\/rottefella-rollerski-skate\\\/#primaryimage\",\"url\":\"https:\\\/\\\/www.elpex.se\\\/wp-content\\\/uploads\\\/2024\\\/12\\\/rottefella-rollerski-skate-locked.jpg.webp\",\"contentUrl\":\"https:\\\/\\\/www.elpex.se\\\/wp-content\\\/uploads\\\/2024\\\/12\\\/rottefella-rollerski-skate-locked.jpg.webp\",\"width\":1000,\"height\":1000},{\"@type\":\"BreadcrumbList\",\"@id\":\"https:\\\/\\\/www.elpex.se\\\/de\\\/produkt\\\/rottefella-rollerski-skate\\\/#breadcrumb\",\"itemListElement\":[{\"@type\":\"ListItem\",\"position\":1,\"name\":\"Hem\",\"item\":\"https:\\\/\\\/www.elpex.se\\\/de\\\/\"},{\"@type\":\"ListItem\",\"position\":2,\"name\":\"Rollerskis &amp; Zubeh\u00f6r\",\"item\":\"https:\\\/\\\/www.elpex.se\\\/de\\\/shop\\\/\"},{\"@type\":\"ListItem\",\"position\":3,\"name\":\"Rottefella Rollerski Skate\"}]},{\"@type\":\"WebSite\",\"@id\":\"https:\\\/\\\/www.elpex.se\\\/de\\\/#website\",\"url\":\"https:\\\/\\\/www.elpex.se\\\/de\\\/\",\"name\":\"Elpex\",\"description\":\"\",\"publisher\":{\"@id\":\"https:\\\/\\\/www.elpex.se\\\/de\\\/#organization\"},\"potentialAction\":[{\"@type\":\"SearchAction\",\"target\":{\"@type\":\"EntryPoint\",\"urlTemplate\":\"https:\\\/\\\/www.elpex.se\\\/de\\\/?s={search_term_string}\"},\"query-input\":{\"@type\":\"PropertyValueSpecification\",\"valueRequired\":true,\"valueName\":\"search_term_string\"}}],\"inLanguage\":\"de\"},{\"@type\":\"Organization\",\"@id\":\"https:\\\/\\\/www.elpex.se\\\/de\\\/#organization\",\"name\":\"Elpex\",\"url\":\"https:\\\/\\\/www.elpex.se\\\/de\\\/\",\"logo\":{\"@type\":\"ImageObject\",\"inLanguage\":\"de\",\"@id\":\"https:\\\/\\\/www.elpex.se\\\/de\\\/#\\\/schema\\\/logo\\\/image\\\/\",\"url\":\"https:\\\/\\\/www.elpex.se\\\/wp-content\\\/uploads\\\/2024\\\/11\\\/Elpex-logo_svart.svg\",\"contentUrl\":\"https:\\\/\\\/www.elpex.se\\\/wp-content\\\/uploads\\\/2024\\\/11\\\/Elpex-logo_svart.svg\",\"caption\":\"Elpex\"},\"image\":{\"@id\":\"https:\\\/\\\/www.elpex.se\\\/de\\\/#\\\/schema\\\/logo\\\/image\\\/\"},\"sameAs\":[\"https:\\\/\\\/www.facebook.com\\\/www.elpex.se\\\/?locale=sv_SE\",\"https:\\\/\\\/www.instagram.com\\\/elpexrollerskis\\\/\"]}]}<\/script>\n<!-- \/ Yoast SEO plugin. -->","yoast_head_json":{"title":"Rottefella Rollerski Skate - Elpex","robots":{"index":"index","follow":"follow","max-snippet":"max-snippet:-1","max-image-preview":"max-image-preview:large","max-video-preview":"max-video-preview:-1"},"canonical":"https:\/\/www.elpex.se\/de\/produkt\/rottefella-rollerski-skate\/","og_locale":"de_DE","og_type":"article","og_title":"Rottefella Rollerski Skate - Elpex","og_description":"Rottefella Rollerski Skate wurde speziell f\u00fcr Rollski entwickelt. Ein breiteres Bindungsgeh\u00e4use und eine verbesserte Ferse verbessern die Stabilit\u00e4t und Sicherheit. Die Bindung ist leicht, was eine optimale Kraft\u00fcbertragung gew\u00e4hrleistet. Sie verf\u00fcgt \u00fcber eine Sicherheitsverriegelung, die den \u00d6ffnungs-\/Schlie\u00dfmechanismus mechanisch verriegelt. Die Bindung ist mit einem harten [&hellip;]","og_url":"https:\/\/www.elpex.se\/de\/produkt\/rottefella-rollerski-skate\/","og_site_name":"Elpex","article_publisher":"https:\/\/www.facebook.com\/www.elpex.se\/?locale=sv_SE","article_modified_time":"2026-01-14T13:40:50+00:00","og_image":[{"width":1000,"height":1000,"url":"https:\/\/www.elpex.se\/wp-content\/uploads\/2024\/12\/rottefella-rollerski-skate-locked.jpg.webp","type":"image\/jpeg"}],"twitter_card":"summary_large_image","twitter_misc":{"Gesch\u00e4tzte Lesezeit":"1\u00a0Minute"},"schema":{"@context":"https:\/\/schema.org","@graph":[{"@type":"WebPage","@id":"https:\/\/www.elpex.se\/de\/produkt\/rottefella-rollerski-skate\/","url":"https:\/\/www.elpex.se\/de\/produkt\/rottefella-rollerski-skate\/","name":"Rottefella Rollerski Skate - Elpex","isPartOf":{"@id":"https:\/\/www.elpex.se\/de\/#website"},"primaryImageOfPage":{"@id":"https:\/\/www.elpex.se\/de\/produkt\/rottefella-rollerski-skate\/#primaryimage"},"image":{"@id":"https:\/\/www.elpex.se\/de\/produkt\/rottefella-rollerski-skate\/#primaryimage"},"thumbnailUrl":"https:\/\/www.elpex.se\/wp-content\/uploads\/2024\/12\/rottefella-rollerski-skate-locked.jpg.webp","datePublished":"2024-12-11T14:24:07+00:00","dateModified":"2026-01-14T13:40:50+00:00","breadcrumb":{"@id":"https:\/\/www.elpex.se\/de\/produkt\/rottefella-rollerski-skate\/#breadcrumb"},"inLanguage":"de","potentialAction":[{"@type":"ReadAction","target":["https:\/\/www.elpex.se\/de\/produkt\/rottefella-rollerski-skate\/"]}]},{"@type":"ImageObject","inLanguage":"de","@id":"https:\/\/www.elpex.se\/de\/produkt\/rottefella-rollerski-skate\/#primaryimage","url":"https:\/\/www.elpex.se\/wp-content\/uploads\/2024\/12\/rottefella-rollerski-skate-locked.jpg.webp","contentUrl":"https:\/\/www.elpex.se\/wp-content\/uploads\/2024\/12\/rottefella-rollerski-skate-locked.jpg.webp","width":1000,"height":1000},{"@type":"BreadcrumbList","@id":"https:\/\/www.elpex.se\/de\/produkt\/rottefella-rollerski-skate\/#breadcrumb","itemListElement":[{"@type":"ListItem","position":1,"name":"Hem","item":"https:\/\/www.elpex.se\/de\/"},{"@type":"ListItem","position":2,"name":"Rollerskis &amp; Zubeh\u00f6r","item":"https:\/\/www.elpex.se\/de\/shop\/"},{"@type":"ListItem","position":3,"name":"Rottefella Rollerski Skate"}]},{"@type":"WebSite","@id":"https:\/\/www.elpex.se\/de\/#website","url":"https:\/\/www.elpex.se\/de\/","name":"Elpex","description":"","publisher":{"@id":"https:\/\/www.elpex.se\/de\/#organization"},"potentialAction":[{"@type":"SearchAction","target":{"@type":"EntryPoint","urlTemplate":"https:\/\/www.elpex.se\/de\/?s={search_term_string}"},"query-input":{"@type":"PropertyValueSpecification","valueRequired":true,"valueName":"search_term_string"}}],"inLanguage":"de"},{"@type":"Organization","@id":"https:\/\/www.elpex.se\/de\/#organization","name":"Elpex","url":"https:\/\/www.elpex.se\/de\/","logo":{"@type":"ImageObject","inLanguage":"de","@id":"https:\/\/www.elpex.se\/de\/#\/schema\/logo\/image\/","url":"https:\/\/www.elpex.se\/wp-content\/uploads\/2024\/11\/Elpex-logo_svart.svg","contentUrl":"https:\/\/www.elpex.se\/wp-content\/uploads\/2024\/11\/Elpex-logo_svart.svg","caption":"Elpex"},"image":{"@id":"https:\/\/www.elpex.se\/de\/#\/schema\/logo\/image\/"},"sameAs":["https:\/\/www.facebook.com\/www.elpex.se\/?locale=sv_SE","https:\/\/www.instagram.com\/elpexrollerskis\/"]}]}},"_links":{"self":[{"href":"https:\/\/www.elpex.se\/de\/wp-json\/wp\/v2\/product\/3095","targetHints":{"allow":["GET"]}}],"collection":[{"href":"https:\/\/www.elpex.se\/de\/wp-json\/wp\/v2\/product"}],"about":[{"href":"https:\/\/www.elpex.se\/de\/wp-json\/wp\/v2\/types\/product"}],"wp:featuredmedia":[{"embeddable":true,"href":"https:\/\/www.elpex.se\/de\/wp-json\/wp\/v2\/media\/3097"}],"wp:attachment":[{"href":"https:\/\/www.elpex.se\/de\/wp-json\/wp\/v2\/media?parent=3095"}],"wp:term":[{"taxonomy":"product_brand","embeddable":true,"href":"https:\/\/www.elpex.se\/de\/wp-json\/wp\/v2\/product_brand?post=3095"},{"taxonomy":"product_cat","embeddable":true,"href":"https:\/\/www.elpex.se\/de\/wp-json\/wp\/v2\/product_cat?post=3095"},{"taxonomy":"product_tag","embeddable":true,"href":"https:\/\/www.elpex.se\/de\/wp-json\/wp\/v2\/product_tag?post=3095"}],"curies":[{"name":"wp","href":"https:\/\/api.w.org\/{rel}","templated":true}]}}