{"id":2553,"date":"2024-12-18T09:36:16","date_gmt":"2024-12-18T09:36:16","guid":{"rendered":"https:\/\/www.elpex.se\/produkt\/rottefella-rollerski-classic-nis\/"},"modified":"2025-04-11T14:17:55","modified_gmt":"2025-04-11T14:17:55","slug":"rottefella-rollerski-classic-nis","status":"publish","type":"product","link":"https:\/\/www.elpex.se\/de\/produkt\/rottefella-rollerski-classic-nis\/","title":{"rendered":"Rottefella NIS klassisch"},"content":{"rendered":"<p><strong>Der Rottefella Rollerski Classic<\/strong> <strong>NIS<\/strong> wurde speziell f\u00fcr Rollskier entwickelt. Ein breiterer Bindungsk\u00f6rper und eine breitere Ferse verbessern die Stabilit\u00e4t und Sicherheit. Die Bindung ist leicht, was eine optimale Kraft\u00fcbertragung gew\u00e4hrleistet. Sie ist mit einem Sicherheitsschloss ausgestattet, das den \u00d6ffnungs-\/Schlie\u00dfmechanismus mechanisch verriegelt.   <\/p>\n<p><strong>ACHTUNG!<\/strong>  Diese Bindung kann entlang der NIS-Platte in Elpex Team 610 NIS verschoben und dann mit einer Sicherheitsschraube festgeschraubt werden! Perfekt, wenn Sie die Position der Bindung anpassen m\u00f6chten. <\/p>\n<p>Die Bindung ist mit einem harten Flex ausgestattet, der leicht durch einen weicheren Flex ersetzt werden kann. Der Flex ist ein flexibles Polster, das beim Biegen Widerstand bietet. Er hilft Ihnen, die Skier zu kontrollieren und sorgt f\u00fcr einen nat\u00fcrlicheren Absto\u00df- und R\u00fcckkehrzyklus.  <\/p>\n<p><strong>L\u00e4nge:<\/strong> 200 mm<br \/>\n<strong>Breite:<\/strong> 56 mm<br \/>\n<strong>Schuhgr\u00f6\u00dfe:<\/strong> 36-52<\/p>\n","protected":false},"excerpt":{"rendered":"<p>Der Rottefella Rollerski Classic NIS wurde speziell f\u00fcr Rollskier entwickelt. Ein breiterer Bindungsk\u00f6rper und eine breitere Ferse verbessern die Stabilit\u00e4t und Sicherheit. Die Bindung ist leicht, was eine optimale Kraft\u00fcbertragung gew\u00e4hrleistet. Sie ist mit einem Sicherheitsschloss ausgestattet, das den \u00d6ffnungs-\/Schlie\u00dfmechanismus mechanisch verriegelt. ACHTUNG! Diese Bindung [&hellip;]<\/p>\n","protected":false},"featured_media":2555,"template":"","meta":[],"product_brand":[],"product_cat":[175,174],"product_tag":[],"class_list":{"0":"post-2553","1":"product","2":"type-product","3":"status-publish","4":"has-post-thumbnail","6":"product_cat-anleihen","7":"product_cat-zubehor","9":"first","10":"instock","11":"taxable","12":"shipping-taxable","13":"purchasable","14":"product-type-simple"},"composite_virtual":false,"composite_layout":"","composite_add_to_cart_form_location":"","composite_editable_in_cart":false,"composite_sold_individually_context":"","composite_shop_price_calc":"","composite_components":[],"composite_scenarios":[],"yoast_head":"<!-- This site is optimized with the Yoast SEO plugin v27.4 - https:\/\/yoast.com\/product\/yoast-seo-wordpress\/ -->\n<title>Rottefella NIS klassisch - Elpex<\/title>\n<meta name=\"robots\" content=\"index, follow, max-snippet:-1, max-image-preview:large, max-video-preview:-1\" \/>\n<link rel=\"canonical\" href=\"https:\/\/www.elpex.se\/de\/produkt\/rottefella-rollerski-classic-nis\/\" \/>\n<meta property=\"og:locale\" content=\"de_DE\" \/>\n<meta property=\"og:type\" content=\"article\" \/>\n<meta property=\"og:title\" content=\"Rottefella NIS klassisch - Elpex\" \/>\n<meta property=\"og:description\" content=\"Der Rottefella Rollerski Classic NIS wurde speziell f\u00fcr Rollskier entwickelt. Ein breiterer Bindungsk\u00f6rper und eine breitere Ferse verbessern die Stabilit\u00e4t und Sicherheit. Die Bindung ist leicht, was eine optimale Kraft\u00fcbertragung gew\u00e4hrleistet. Sie ist mit einem Sicherheitsschloss ausgestattet, das den \u00d6ffnungs-\/Schlie\u00dfmechanismus mechanisch verriegelt. ACHTUNG! Diese Bindung [&hellip;]\" \/>\n<meta property=\"og:url\" content=\"https:\/\/www.elpex.se\/de\/produkt\/rottefella-rollerski-classic-nis\/\" \/>\n<meta property=\"og:site_name\" content=\"Elpex\" \/>\n<meta property=\"article:publisher\" content=\"https:\/\/www.facebook.com\/www.elpex.se\/?locale=sv_SE\" \/>\n<meta property=\"article:modified_time\" content=\"2025-04-11T14:17:55+00:00\" \/>\n<meta property=\"og:image\" content=\"https:\/\/www.elpex.se\/wp-content\/uploads\/2024\/12\/rottefella-rollerski-classic-locked.jpg.webp\" \/>\n\t<meta property=\"og:image:width\" content=\"1000\" \/>\n\t<meta property=\"og:image:height\" content=\"1000\" \/>\n\t<meta property=\"og:image:type\" content=\"image\/jpeg\" \/>\n<meta name=\"twitter:card\" content=\"summary_large_image\" \/>\n<meta name=\"twitter:label1\" content=\"Gesch\u00e4tzte Lesezeit\" \/>\n\t<meta name=\"twitter:data1\" content=\"1\u00a0Minute\" \/>\n<script type=\"application\/ld+json\" class=\"yoast-schema-graph\">{\"@context\":\"https:\\\/\\\/schema.org\",\"@graph\":[{\"@type\":\"WebPage\",\"@id\":\"https:\\\/\\\/www.elpex.se\\\/de\\\/produkt\\\/rottefella-rollerski-classic-nis\\\/\",\"url\":\"https:\\\/\\\/www.elpex.se\\\/de\\\/produkt\\\/rottefella-rollerski-classic-nis\\\/\",\"name\":\"Rottefella NIS klassisch - Elpex\",\"isPartOf\":{\"@id\":\"https:\\\/\\\/www.elpex.se\\\/de\\\/#website\"},\"primaryImageOfPage\":{\"@id\":\"https:\\\/\\\/www.elpex.se\\\/de\\\/produkt\\\/rottefella-rollerski-classic-nis\\\/#primaryimage\"},\"image\":{\"@id\":\"https:\\\/\\\/www.elpex.se\\\/de\\\/produkt\\\/rottefella-rollerski-classic-nis\\\/#primaryimage\"},\"thumbnailUrl\":\"https:\\\/\\\/www.elpex.se\\\/wp-content\\\/uploads\\\/2024\\\/12\\\/rottefella-rollerski-classic-locked.jpg.webp\",\"datePublished\":\"2024-12-18T09:36:16+00:00\",\"dateModified\":\"2025-04-11T14:17:55+00:00\",\"breadcrumb\":{\"@id\":\"https:\\\/\\\/www.elpex.se\\\/de\\\/produkt\\\/rottefella-rollerski-classic-nis\\\/#breadcrumb\"},\"inLanguage\":\"de\",\"potentialAction\":[{\"@type\":\"ReadAction\",\"target\":[\"https:\\\/\\\/www.elpex.se\\\/de\\\/produkt\\\/rottefella-rollerski-classic-nis\\\/\"]}]},{\"@type\":\"ImageObject\",\"inLanguage\":\"de\",\"@id\":\"https:\\\/\\\/www.elpex.se\\\/de\\\/produkt\\\/rottefella-rollerski-classic-nis\\\/#primaryimage\",\"url\":\"https:\\\/\\\/www.elpex.se\\\/wp-content\\\/uploads\\\/2024\\\/12\\\/rottefella-rollerski-classic-locked.jpg.webp\",\"contentUrl\":\"https:\\\/\\\/www.elpex.se\\\/wp-content\\\/uploads\\\/2024\\\/12\\\/rottefella-rollerski-classic-locked.jpg.webp\",\"width\":1000,\"height\":1000},{\"@type\":\"BreadcrumbList\",\"@id\":\"https:\\\/\\\/www.elpex.se\\\/de\\\/produkt\\\/rottefella-rollerski-classic-nis\\\/#breadcrumb\",\"itemListElement\":[{\"@type\":\"ListItem\",\"position\":1,\"name\":\"Hem\",\"item\":\"https:\\\/\\\/www.elpex.se\\\/de\\\/\"},{\"@type\":\"ListItem\",\"position\":2,\"name\":\"Rollerskis &amp; Zubeh\u00f6r\",\"item\":\"https:\\\/\\\/www.elpex.se\\\/de\\\/shop\\\/\"},{\"@type\":\"ListItem\",\"position\":3,\"name\":\"Rottefella NIS klassisch\"}]},{\"@type\":\"WebSite\",\"@id\":\"https:\\\/\\\/www.elpex.se\\\/de\\\/#website\",\"url\":\"https:\\\/\\\/www.elpex.se\\\/de\\\/\",\"name\":\"Elpex\",\"description\":\"\",\"publisher\":{\"@id\":\"https:\\\/\\\/www.elpex.se\\\/de\\\/#organization\"},\"potentialAction\":[{\"@type\":\"SearchAction\",\"target\":{\"@type\":\"EntryPoint\",\"urlTemplate\":\"https:\\\/\\\/www.elpex.se\\\/de\\\/?s={search_term_string}\"},\"query-input\":{\"@type\":\"PropertyValueSpecification\",\"valueRequired\":true,\"valueName\":\"search_term_string\"}}],\"inLanguage\":\"de\"},{\"@type\":\"Organization\",\"@id\":\"https:\\\/\\\/www.elpex.se\\\/de\\\/#organization\",\"name\":\"Elpex\",\"url\":\"https:\\\/\\\/www.elpex.se\\\/de\\\/\",\"logo\":{\"@type\":\"ImageObject\",\"inLanguage\":\"de\",\"@id\":\"https:\\\/\\\/www.elpex.se\\\/de\\\/#\\\/schema\\\/logo\\\/image\\\/\",\"url\":\"https:\\\/\\\/www.elpex.se\\\/wp-content\\\/uploads\\\/2024\\\/11\\\/Elpex-logo_svart.svg\",\"contentUrl\":\"https:\\\/\\\/www.elpex.se\\\/wp-content\\\/uploads\\\/2024\\\/11\\\/Elpex-logo_svart.svg\",\"caption\":\"Elpex\"},\"image\":{\"@id\":\"https:\\\/\\\/www.elpex.se\\\/de\\\/#\\\/schema\\\/logo\\\/image\\\/\"},\"sameAs\":[\"https:\\\/\\\/www.facebook.com\\\/www.elpex.se\\\/?locale=sv_SE\",\"https:\\\/\\\/www.instagram.com\\\/elpexrollerskis\\\/\"]}]}<\/script>\n<!-- \/ Yoast SEO plugin. -->","yoast_head_json":{"title":"Rottefella NIS klassisch - Elpex","robots":{"index":"index","follow":"follow","max-snippet":"max-snippet:-1","max-image-preview":"max-image-preview:large","max-video-preview":"max-video-preview:-1"},"canonical":"https:\/\/www.elpex.se\/de\/produkt\/rottefella-rollerski-classic-nis\/","og_locale":"de_DE","og_type":"article","og_title":"Rottefella NIS klassisch - Elpex","og_description":"Der Rottefella Rollerski Classic NIS wurde speziell f\u00fcr Rollskier entwickelt. Ein breiterer Bindungsk\u00f6rper und eine breitere Ferse verbessern die Stabilit\u00e4t und Sicherheit. Die Bindung ist leicht, was eine optimale Kraft\u00fcbertragung gew\u00e4hrleistet. Sie ist mit einem Sicherheitsschloss ausgestattet, das den \u00d6ffnungs-\/Schlie\u00dfmechanismus mechanisch verriegelt. ACHTUNG! Diese Bindung [&hellip;]","og_url":"https:\/\/www.elpex.se\/de\/produkt\/rottefella-rollerski-classic-nis\/","og_site_name":"Elpex","article_publisher":"https:\/\/www.facebook.com\/www.elpex.se\/?locale=sv_SE","article_modified_time":"2025-04-11T14:17:55+00:00","og_image":[{"width":1000,"height":1000,"url":"https:\/\/www.elpex.se\/wp-content\/uploads\/2024\/12\/rottefella-rollerski-classic-locked.jpg.webp","type":"image\/jpeg"}],"twitter_card":"summary_large_image","twitter_misc":{"Gesch\u00e4tzte Lesezeit":"1\u00a0Minute"},"schema":{"@context":"https:\/\/schema.org","@graph":[{"@type":"WebPage","@id":"https:\/\/www.elpex.se\/de\/produkt\/rottefella-rollerski-classic-nis\/","url":"https:\/\/www.elpex.se\/de\/produkt\/rottefella-rollerski-classic-nis\/","name":"Rottefella NIS klassisch - Elpex","isPartOf":{"@id":"https:\/\/www.elpex.se\/de\/#website"},"primaryImageOfPage":{"@id":"https:\/\/www.elpex.se\/de\/produkt\/rottefella-rollerski-classic-nis\/#primaryimage"},"image":{"@id":"https:\/\/www.elpex.se\/de\/produkt\/rottefella-rollerski-classic-nis\/#primaryimage"},"thumbnailUrl":"https:\/\/www.elpex.se\/wp-content\/uploads\/2024\/12\/rottefella-rollerski-classic-locked.jpg.webp","datePublished":"2024-12-18T09:36:16+00:00","dateModified":"2025-04-11T14:17:55+00:00","breadcrumb":{"@id":"https:\/\/www.elpex.se\/de\/produkt\/rottefella-rollerski-classic-nis\/#breadcrumb"},"inLanguage":"de","potentialAction":[{"@type":"ReadAction","target":["https:\/\/www.elpex.se\/de\/produkt\/rottefella-rollerski-classic-nis\/"]}]},{"@type":"ImageObject","inLanguage":"de","@id":"https:\/\/www.elpex.se\/de\/produkt\/rottefella-rollerski-classic-nis\/#primaryimage","url":"https:\/\/www.elpex.se\/wp-content\/uploads\/2024\/12\/rottefella-rollerski-classic-locked.jpg.webp","contentUrl":"https:\/\/www.elpex.se\/wp-content\/uploads\/2024\/12\/rottefella-rollerski-classic-locked.jpg.webp","width":1000,"height":1000},{"@type":"BreadcrumbList","@id":"https:\/\/www.elpex.se\/de\/produkt\/rottefella-rollerski-classic-nis\/#breadcrumb","itemListElement":[{"@type":"ListItem","position":1,"name":"Hem","item":"https:\/\/www.elpex.se\/de\/"},{"@type":"ListItem","position":2,"name":"Rollerskis &amp; Zubeh\u00f6r","item":"https:\/\/www.elpex.se\/de\/shop\/"},{"@type":"ListItem","position":3,"name":"Rottefella NIS klassisch"}]},{"@type":"WebSite","@id":"https:\/\/www.elpex.se\/de\/#website","url":"https:\/\/www.elpex.se\/de\/","name":"Elpex","description":"","publisher":{"@id":"https:\/\/www.elpex.se\/de\/#organization"},"potentialAction":[{"@type":"SearchAction","target":{"@type":"EntryPoint","urlTemplate":"https:\/\/www.elpex.se\/de\/?s={search_term_string}"},"query-input":{"@type":"PropertyValueSpecification","valueRequired":true,"valueName":"search_term_string"}}],"inLanguage":"de"},{"@type":"Organization","@id":"https:\/\/www.elpex.se\/de\/#organization","name":"Elpex","url":"https:\/\/www.elpex.se\/de\/","logo":{"@type":"ImageObject","inLanguage":"de","@id":"https:\/\/www.elpex.se\/de\/#\/schema\/logo\/image\/","url":"https:\/\/www.elpex.se\/wp-content\/uploads\/2024\/11\/Elpex-logo_svart.svg","contentUrl":"https:\/\/www.elpex.se\/wp-content\/uploads\/2024\/11\/Elpex-logo_svart.svg","caption":"Elpex"},"image":{"@id":"https:\/\/www.elpex.se\/de\/#\/schema\/logo\/image\/"},"sameAs":["https:\/\/www.facebook.com\/www.elpex.se\/?locale=sv_SE","https:\/\/www.instagram.com\/elpexrollerskis\/"]}]}},"_links":{"self":[{"href":"https:\/\/www.elpex.se\/de\/wp-json\/wp\/v2\/product\/2553","targetHints":{"allow":["GET"]}}],"collection":[{"href":"https:\/\/www.elpex.se\/de\/wp-json\/wp\/v2\/product"}],"about":[{"href":"https:\/\/www.elpex.se\/de\/wp-json\/wp\/v2\/types\/product"}],"wp:featuredmedia":[{"embeddable":true,"href":"https:\/\/www.elpex.se\/de\/wp-json\/wp\/v2\/media\/2555"}],"wp:attachment":[{"href":"https:\/\/www.elpex.se\/de\/wp-json\/wp\/v2\/media?parent=2553"}],"wp:term":[{"taxonomy":"product_brand","embeddable":true,"href":"https:\/\/www.elpex.se\/de\/wp-json\/wp\/v2\/product_brand?post=2553"},{"taxonomy":"product_cat","embeddable":true,"href":"https:\/\/www.elpex.se\/de\/wp-json\/wp\/v2\/product_cat?post=2553"},{"taxonomy":"product_tag","embeddable":true,"href":"https:\/\/www.elpex.se\/de\/wp-json\/wp\/v2\/product_tag?post=2553"}],"curies":[{"name":"wp","href":"https:\/\/api.w.org\/{rel}","templated":true}]}}