{"id":13161,"date":"2026-02-26T08:18:34","date_gmt":"2026-02-26T08:18:34","guid":{"rendered":"https:\/\/www.elpex.se\/?post_type=product&#038;p=13161"},"modified":"2026-02-26T08:28:45","modified_gmt":"2026-02-26T08:28:45","slug":"schultern-40-mm-kopia","status":"publish","type":"product","link":"https:\/\/www.elpex.se\/de\/produkt\/schultern-40-mm-kopia\/","title":{"rendered":"Schultern (24 mm)"},"content":{"rendered":"<p>Achsen f\u00fcr 24-mm-Skate-R\u00e4der. Enth\u00e4lt Achse, Kugellager, Unterlegscheibe und Mutter.<\/p>\n<p><strong>Kompatibel mit:<\/strong><\/p>\n<ul>\n<li>Skate Race<\/li>\n<li>Skate Stride<\/li>\n<li>Skate Junior<\/li>\n<li>F1 Pro<\/li>\n<li>F1 Composite<\/li>\n<\/ul>\n","protected":false},"excerpt":{"rendered":"<p>Achsen passend f\u00fcr 24-mm-Skate-R\u00e4der. Kompatibel mit Skate Race, Skate Stride, Skate Junior u. a. <\/p>\n","protected":false},"featured_media":13220,"template":"","meta":[],"product_brand":[],"product_cat":[464,431],"product_tag":[],"class_list":{"0":"post-13161","1":"product","2":"type-product","3":"status-publish","4":"has-post-thumbnail","6":"product_cat-achsen","7":"product_cat-ersatzteile","9":"first","10":"instock","11":"taxable","12":"shipping-taxable","13":"purchasable","14":"product-type-simple"},"composite_virtual":false,"composite_layout":"","composite_add_to_cart_form_location":"","composite_editable_in_cart":false,"composite_sold_individually_context":"","composite_shop_price_calc":"","composite_components":[],"composite_scenarios":[],"yoast_head":"<!-- This site is optimized with the Yoast SEO plugin v27.0 - https:\/\/yoast.com\/product\/yoast-seo-wordpress\/ -->\n<title>Schultern (24 mm) - Elpex<\/title>\n<meta name=\"description\" content=\"40-mm-R\u00e4der, passend f\u00fcr Team 610, Team 480, Evolution Y und Evolution X.\" \/>\n<meta name=\"robots\" content=\"index, follow, max-snippet:-1, max-image-preview:large, max-video-preview:-1\" \/>\n<link rel=\"canonical\" href=\"https:\/\/www.elpex.se\/de\/produkt\/schultern-40-mm-kopia\/\" \/>\n<meta property=\"og:locale\" content=\"de_DE\" \/>\n<meta property=\"og:type\" content=\"article\" \/>\n<meta property=\"og:title\" content=\"Schultern (24 mm) - Elpex\" \/>\n<meta property=\"og:description\" content=\"40-mm-R\u00e4der, passend f\u00fcr Team 610, Team 480, Evolution Y und Evolution X.\" \/>\n<meta property=\"og:url\" content=\"https:\/\/www.elpex.se\/de\/produkt\/schultern-40-mm-kopia\/\" \/>\n<meta property=\"og:site_name\" content=\"Elpex\" \/>\n<meta property=\"article:publisher\" content=\"https:\/\/www.facebook.com\/www.elpex.se\/?locale=sv_SE\" \/>\n<meta property=\"article:modified_time\" content=\"2026-02-26T08:28:45+00:00\" \/>\n<meta property=\"og:image\" content=\"https:\/\/www.elpex.se\/wp-content\/uploads\/2026\/02\/Axle-skate.png\" \/>\n\t<meta property=\"og:image:width\" content=\"772\" \/>\n\t<meta property=\"og:image:height\" content=\"772\" \/>\n\t<meta property=\"og:image:type\" content=\"image\/png\" \/>\n<meta name=\"twitter:card\" content=\"summary_large_image\" \/>\n<meta name=\"twitter:label1\" content=\"Gesch\u00e4tzte Lesezeit\" \/>\n\t<meta name=\"twitter:data1\" content=\"1\u00a0Minute\" \/>\n<script type=\"application\/ld+json\" class=\"yoast-schema-graph\">{\"@context\":\"https:\/\/schema.org\",\"@graph\":[{\"@type\":\"WebPage\",\"@id\":\"https:\/\/www.elpex.se\/de\/produkt\/schultern-40-mm-kopia\/\",\"url\":\"https:\/\/www.elpex.se\/de\/produkt\/schultern-40-mm-kopia\/\",\"name\":\"Schultern (24 mm) - Elpex\",\"isPartOf\":{\"@id\":\"https:\/\/www.elpex.se\/de\/#website\"},\"primaryImageOfPage\":{\"@id\":\"https:\/\/www.elpex.se\/de\/produkt\/schultern-40-mm-kopia\/#primaryimage\"},\"image\":{\"@id\":\"https:\/\/www.elpex.se\/de\/produkt\/schultern-40-mm-kopia\/#primaryimage\"},\"thumbnailUrl\":\"https:\/\/www.elpex.se\/wp-content\/uploads\/2026\/02\/Axle-skate.png\",\"datePublished\":\"2026-02-26T08:18:34+00:00\",\"dateModified\":\"2026-02-26T08:28:45+00:00\",\"description\":\"40-mm-R\u00e4der, passend f\u00fcr Team 610, Team 480, Evolution Y und Evolution X.\",\"breadcrumb\":{\"@id\":\"https:\/\/www.elpex.se\/de\/produkt\/schultern-40-mm-kopia\/#breadcrumb\"},\"inLanguage\":\"de\",\"potentialAction\":[{\"@type\":\"ReadAction\",\"target\":[\"https:\/\/www.elpex.se\/de\/produkt\/schultern-40-mm-kopia\/\"]}]},{\"@type\":\"ImageObject\",\"inLanguage\":\"de\",\"@id\":\"https:\/\/www.elpex.se\/de\/produkt\/schultern-40-mm-kopia\/#primaryimage\",\"url\":\"https:\/\/www.elpex.se\/wp-content\/uploads\/2026\/02\/Axle-skate.png\",\"contentUrl\":\"https:\/\/www.elpex.se\/wp-content\/uploads\/2026\/02\/Axle-skate.png\",\"width\":772,\"height\":772},{\"@type\":\"BreadcrumbList\",\"@id\":\"https:\/\/www.elpex.se\/de\/produkt\/schultern-40-mm-kopia\/#breadcrumb\",\"itemListElement\":[{\"@type\":\"ListItem\",\"position\":1,\"name\":\"Hem\",\"item\":\"https:\/\/www.elpex.se\/de\/\"},{\"@type\":\"ListItem\",\"position\":2,\"name\":\"Rollerskis &amp; Zubeh\u00f6r\",\"item\":\"https:\/\/www.elpex.se\/de\/shop\/\"},{\"@type\":\"ListItem\",\"position\":3,\"name\":\"Schultern (24 mm)\"}]},{\"@type\":\"WebSite\",\"@id\":\"https:\/\/www.elpex.se\/de\/#website\",\"url\":\"https:\/\/www.elpex.se\/de\/\",\"name\":\"Elpex\",\"description\":\"\",\"publisher\":{\"@id\":\"https:\/\/www.elpex.se\/de\/#organization\"},\"potentialAction\":[{\"@type\":\"SearchAction\",\"target\":{\"@type\":\"EntryPoint\",\"urlTemplate\":\"https:\/\/www.elpex.se\/de\/?s={search_term_string}\"},\"query-input\":{\"@type\":\"PropertyValueSpecification\",\"valueRequired\":true,\"valueName\":\"search_term_string\"}}],\"inLanguage\":\"de\"},{\"@type\":\"Organization\",\"@id\":\"https:\/\/www.elpex.se\/de\/#organization\",\"name\":\"Elpex\",\"url\":\"https:\/\/www.elpex.se\/de\/\",\"logo\":{\"@type\":\"ImageObject\",\"inLanguage\":\"de\",\"@id\":\"https:\/\/www.elpex.se\/de\/#\/schema\/logo\/image\/\",\"url\":\"https:\/\/www.elpex.se\/wp-content\/uploads\/2024\/11\/Elpex-logo_svart.svg\",\"contentUrl\":\"https:\/\/www.elpex.se\/wp-content\/uploads\/2024\/11\/Elpex-logo_svart.svg\",\"caption\":\"Elpex\"},\"image\":{\"@id\":\"https:\/\/www.elpex.se\/de\/#\/schema\/logo\/image\/\"},\"sameAs\":[\"https:\/\/www.facebook.com\/www.elpex.se\/?locale=sv_SE\",\"https:\/\/www.instagram.com\/elpexrollerskis\/\"]}]}<\/script>\n<!-- \/ Yoast SEO plugin. -->","yoast_head_json":{"title":"Schultern (24 mm) - Elpex","description":"40-mm-R\u00e4der, passend f\u00fcr Team 610, Team 480, Evolution Y und Evolution X.","robots":{"index":"index","follow":"follow","max-snippet":"max-snippet:-1","max-image-preview":"max-image-preview:large","max-video-preview":"max-video-preview:-1"},"canonical":"https:\/\/www.elpex.se\/de\/produkt\/schultern-40-mm-kopia\/","og_locale":"de_DE","og_type":"article","og_title":"Schultern (24 mm) - Elpex","og_description":"40-mm-R\u00e4der, passend f\u00fcr Team 610, Team 480, Evolution Y und Evolution X.","og_url":"https:\/\/www.elpex.se\/de\/produkt\/schultern-40-mm-kopia\/","og_site_name":"Elpex","article_publisher":"https:\/\/www.facebook.com\/www.elpex.se\/?locale=sv_SE","article_modified_time":"2026-02-26T08:28:45+00:00","og_image":[{"width":772,"height":772,"url":"https:\/\/www.elpex.se\/wp-content\/uploads\/2026\/02\/Axle-skate.png","type":"image\/png"}],"twitter_card":"summary_large_image","twitter_misc":{"Gesch\u00e4tzte Lesezeit":"1\u00a0Minute"},"schema":{"@context":"https:\/\/schema.org","@graph":[{"@type":"WebPage","@id":"https:\/\/www.elpex.se\/de\/produkt\/schultern-40-mm-kopia\/","url":"https:\/\/www.elpex.se\/de\/produkt\/schultern-40-mm-kopia\/","name":"Schultern (24 mm) - Elpex","isPartOf":{"@id":"https:\/\/www.elpex.se\/de\/#website"},"primaryImageOfPage":{"@id":"https:\/\/www.elpex.se\/de\/produkt\/schultern-40-mm-kopia\/#primaryimage"},"image":{"@id":"https:\/\/www.elpex.se\/de\/produkt\/schultern-40-mm-kopia\/#primaryimage"},"thumbnailUrl":"https:\/\/www.elpex.se\/wp-content\/uploads\/2026\/02\/Axle-skate.png","datePublished":"2026-02-26T08:18:34+00:00","dateModified":"2026-02-26T08:28:45+00:00","description":"40-mm-R\u00e4der, passend f\u00fcr Team 610, Team 480, Evolution Y und Evolution X.","breadcrumb":{"@id":"https:\/\/www.elpex.se\/de\/produkt\/schultern-40-mm-kopia\/#breadcrumb"},"inLanguage":"de","potentialAction":[{"@type":"ReadAction","target":["https:\/\/www.elpex.se\/de\/produkt\/schultern-40-mm-kopia\/"]}]},{"@type":"ImageObject","inLanguage":"de","@id":"https:\/\/www.elpex.se\/de\/produkt\/schultern-40-mm-kopia\/#primaryimage","url":"https:\/\/www.elpex.se\/wp-content\/uploads\/2026\/02\/Axle-skate.png","contentUrl":"https:\/\/www.elpex.se\/wp-content\/uploads\/2026\/02\/Axle-skate.png","width":772,"height":772},{"@type":"BreadcrumbList","@id":"https:\/\/www.elpex.se\/de\/produkt\/schultern-40-mm-kopia\/#breadcrumb","itemListElement":[{"@type":"ListItem","position":1,"name":"Hem","item":"https:\/\/www.elpex.se\/de\/"},{"@type":"ListItem","position":2,"name":"Rollerskis &amp; Zubeh\u00f6r","item":"https:\/\/www.elpex.se\/de\/shop\/"},{"@type":"ListItem","position":3,"name":"Schultern (24 mm)"}]},{"@type":"WebSite","@id":"https:\/\/www.elpex.se\/de\/#website","url":"https:\/\/www.elpex.se\/de\/","name":"Elpex","description":"","publisher":{"@id":"https:\/\/www.elpex.se\/de\/#organization"},"potentialAction":[{"@type":"SearchAction","target":{"@type":"EntryPoint","urlTemplate":"https:\/\/www.elpex.se\/de\/?s={search_term_string}"},"query-input":{"@type":"PropertyValueSpecification","valueRequired":true,"valueName":"search_term_string"}}],"inLanguage":"de"},{"@type":"Organization","@id":"https:\/\/www.elpex.se\/de\/#organization","name":"Elpex","url":"https:\/\/www.elpex.se\/de\/","logo":{"@type":"ImageObject","inLanguage":"de","@id":"https:\/\/www.elpex.se\/de\/#\/schema\/logo\/image\/","url":"https:\/\/www.elpex.se\/wp-content\/uploads\/2024\/11\/Elpex-logo_svart.svg","contentUrl":"https:\/\/www.elpex.se\/wp-content\/uploads\/2024\/11\/Elpex-logo_svart.svg","caption":"Elpex"},"image":{"@id":"https:\/\/www.elpex.se\/de\/#\/schema\/logo\/image\/"},"sameAs":["https:\/\/www.facebook.com\/www.elpex.se\/?locale=sv_SE","https:\/\/www.instagram.com\/elpexrollerskis\/"]}]}},"_links":{"self":[{"href":"https:\/\/www.elpex.se\/de\/wp-json\/wp\/v2\/product\/13161","targetHints":{"allow":["GET"]}}],"collection":[{"href":"https:\/\/www.elpex.se\/de\/wp-json\/wp\/v2\/product"}],"about":[{"href":"https:\/\/www.elpex.se\/de\/wp-json\/wp\/v2\/types\/product"}],"wp:featuredmedia":[{"embeddable":true,"href":"https:\/\/www.elpex.se\/de\/wp-json\/wp\/v2\/media\/13220"}],"wp:attachment":[{"href":"https:\/\/www.elpex.se\/de\/wp-json\/wp\/v2\/media?parent=13161"}],"wp:term":[{"taxonomy":"product_brand","embeddable":true,"href":"https:\/\/www.elpex.se\/de\/wp-json\/wp\/v2\/product_brand?post=13161"},{"taxonomy":"product_cat","embeddable":true,"href":"https:\/\/www.elpex.se\/de\/wp-json\/wp\/v2\/product_cat?post=13161"},{"taxonomy":"product_tag","embeddable":true,"href":"https:\/\/www.elpex.se\/de\/wp-json\/wp\/v2\/product_tag?post=13161"}],"curies":[{"name":"wp","href":"https:\/\/api.w.org\/{rel}","templated":true}]}}