{"id":12820,"date":"2026-02-24T11:56:08","date_gmt":"2026-02-24T11:56:08","guid":{"rendered":"https:\/\/www.elpex.se\/?post_type=product&#038;p=12820"},"modified":"2026-04-08T07:13:02","modified_gmt":"2026-04-08T07:13:02","slug":"skate-race-kopia","status":"publish","type":"product","link":"https:\/\/www.elpex.se\/de\/produkt\/skate-race-kopia\/","title":{"rendered":"Skate Stride"},"content":{"rendered":"<p data-pm-slice=\"1 1 []\">Der neue Skate Stride ist eine langerwartete Erg\u00e4nzung unserer Skate-Kollektion. Mit Rahmen, die 5 cm l\u00e4nger sind als unser Standardmodell, bietet er einen weicheren und ski\u00e4hnlicheren Schnitt \u2013 eine perfekte Wahl f\u00fcr ambitionierte Junioren und Elite-Fahrer. Die Profile sorgen f\u00fcr einen niedrigen Schwerpunkt f\u00fcr un\u00fcbertroffene Balance und stabiles Fahren mit genau dem richtigen Flex. PU-R\u00e4der (2) erm\u00f6glichen einen pr\u00e4zisen Schnitt und hervorragende Skieigenschaften, selbst auf nassem Untergrund. Wir bieten auch eine v\u00f6llig neue Radoption an \u2013 unsere Premium-Serie, entwickelt f\u00fcr Elite-Fahrer, die die besten Eigenschaften von Polyurethan und Gummi kombiniert.    <\/p>\n<p data-start=\"185\" data-end=\"254\"><strong data-start=\"185\" data-end=\"202\">Fahrertyp:<\/strong> \u00c4ltere Junioren, Elitefahrer und ambitionierte Freizeitsportler.<\/p>\n<p data-start=\"185\" data-end=\"254\"><strong>Radauswahl:<\/strong><\/p>\n<p data-start=\"497\" data-end=\"547\"><strong>PU-R\u00e4der (Rollwiderstand 2) \u2013 Stabilit\u00e4t unter allen Bedingungen<\/strong><\/p>\n<ul>\n<li data-start=\"548\" data-end=\"869\">Unsere PU-Rollen sorgen f\u00fcr einen pr\u00e4zisen und scharfen Schnitt auf dem Asphalt mit hervorragenden Fahreigenschaften auf trockener und nasser Stra\u00dfe. Der Grip ist hervorragend, ohne schwammig zu wirken \u2013 auch f\u00fcr schwerere Fahrer, die bei hoher Geschwindigkeit Gas geben. Die Rollen werden unter anderem bei Tests im Nationalen Wintersportzentrum eingesetzt, wo Elite- und Nationalmannschaftsfahrer analysiert werden.   Diese R\u00e4der haben eine gl\u00e4nzende Aluminiumfelge.<\/li>\n<\/ul>\n<p data-start=\"871\" data-end=\"921\"><strong>Premium-R\u00e4der (Rollwiderstand 2 und 3) \u2013 f\u00fcr alle, die das Beste wollen<\/strong><\/p>\n<ul>\n<li data-start=\"922\" data-end=\"1045\">Unsere neue Premium-Serie wurde f\u00fcr Elite-Athleten entwickelt und kombiniert die Strapazierf\u00e4higkeit von Polyurethan mit der Flexibilit\u00e4t von Gummi. Eine kompromisslose L\u00f6sung f\u00fcr dich, wenn du maximale Performance verlangst \u2013 unter allen Bedingungen. Mit unseren Premium-Rollen erh\u00e4ltst du einen gleichm\u00e4\u00dfigen Rollwiderstand bei jeder Temperatur, un\u00fcbertroffenen Nassgrip sowie hohe Langlebigkeit.   Diese R\u00e4der haben eine graue Kunststofffelge.<\/li>\n<\/ul>\n<p>&nbsp;<\/p>\n","protected":false},"excerpt":{"rendered":"<p data-pm-slice=\"1 1 []\">Ein Skate-Ski, der dank niedrigem Schwerpunkt unvergleichliche Balance und stabiles Fahren bietet. Die l\u00e4ngeren Rahmen sorgen f\u00fcr einen weicheren, ski\u00e4hnlicheren Schnitt. <\/p>\n","protected":false},"featured_media":12958,"template":"","meta":[],"product_brand":[],"product_cat":[240,194,253],"product_tag":[516],"class_list":{"0":"post-12820","1":"product","2":"type-product","3":"status-publish","4":"has-post-thumbnail","6":"product_cat-beliebte-produkte","7":"product_cat-rollerskier","8":"product_cat-skaten","9":"product_tag-anfanger-3","11":"first","12":"instock","13":"taxable","14":"shipping-taxable","15":"purchasable","16":"product-type-variable"},"composite_virtual":false,"composite_layout":"","composite_add_to_cart_form_location":"","composite_editable_in_cart":false,"composite_sold_individually_context":"","composite_shop_price_calc":"","composite_components":[],"composite_scenarios":[],"yoast_head":"<!-- This site is optimized with the Yoast SEO plugin v27.0 - https:\/\/yoast.com\/product\/yoast-seo-wordpress\/ -->\n<title>Skate Stride - Elpex<\/title>\n<meta name=\"robots\" content=\"index, follow, max-snippet:-1, max-image-preview:large, max-video-preview:-1\" \/>\n<link rel=\"canonical\" href=\"https:\/\/www.elpex.se\/de\/produkt\/skate-race-kopia\/\" \/>\n<meta property=\"og:locale\" content=\"de_DE\" \/>\n<meta property=\"og:type\" content=\"article\" \/>\n<meta property=\"og:title\" content=\"Skate Stride - Elpex\" \/>\n<meta property=\"og:description\" content=\"Ein Skate-Ski, der dank niedrigem Schwerpunkt unvergleichliche Balance und stabiles Fahren bietet. Die l\u00e4ngeren Rahmen sorgen f\u00fcr einen weicheren, ski\u00e4hnlicheren Schnitt.\" \/>\n<meta property=\"og:url\" content=\"https:\/\/www.elpex.se\/de\/produkt\/skate-race-kopia\/\" \/>\n<meta property=\"og:site_name\" content=\"Elpex\" \/>\n<meta property=\"article:publisher\" content=\"https:\/\/www.facebook.com\/www.elpex.se\/?locale=sv_SE\" \/>\n<meta property=\"article:modified_time\" content=\"2026-04-08T07:13:02+00:00\" \/>\n<meta property=\"og:image\" content=\"https:\/\/www.elpex.se\/wp-content\/uploads\/2026\/02\/Skate_Stride_5-kopia.png\" \/>\n\t<meta property=\"og:image:width\" content=\"1680\" \/>\n\t<meta property=\"og:image:height\" content=\"2444\" \/>\n\t<meta property=\"og:image:type\" content=\"image\/png\" \/>\n<meta name=\"twitter:card\" content=\"summary_large_image\" \/>\n<meta name=\"twitter:label1\" content=\"Gesch\u00e4tzte Lesezeit\" \/>\n\t<meta name=\"twitter:data1\" content=\"1\u00a0Minute\" \/>\n<script type=\"application\/ld+json\" class=\"yoast-schema-graph\">{\"@context\":\"https:\/\/schema.org\",\"@graph\":[{\"@type\":\"WebPage\",\"@id\":\"https:\/\/www.elpex.se\/de\/produkt\/skate-race-kopia\/\",\"url\":\"https:\/\/www.elpex.se\/de\/produkt\/skate-race-kopia\/\",\"name\":\"Skate Stride - Elpex\",\"isPartOf\":{\"@id\":\"https:\/\/www.elpex.se\/de\/#website\"},\"primaryImageOfPage\":{\"@id\":\"https:\/\/www.elpex.se\/de\/produkt\/skate-race-kopia\/#primaryimage\"},\"image\":{\"@id\":\"https:\/\/www.elpex.se\/de\/produkt\/skate-race-kopia\/#primaryimage\"},\"thumbnailUrl\":\"https:\/\/www.elpex.se\/wp-content\/uploads\/2026\/02\/Skate_Stride_5-kopia.png\",\"datePublished\":\"2026-02-24T11:56:08+00:00\",\"dateModified\":\"2026-04-08T07:13:02+00:00\",\"breadcrumb\":{\"@id\":\"https:\/\/www.elpex.se\/de\/produkt\/skate-race-kopia\/#breadcrumb\"},\"inLanguage\":\"de\",\"potentialAction\":[{\"@type\":\"ReadAction\",\"target\":[\"https:\/\/www.elpex.se\/de\/produkt\/skate-race-kopia\/\"]}]},{\"@type\":\"ImageObject\",\"inLanguage\":\"de\",\"@id\":\"https:\/\/www.elpex.se\/de\/produkt\/skate-race-kopia\/#primaryimage\",\"url\":\"https:\/\/www.elpex.se\/wp-content\/uploads\/2026\/02\/Skate_Stride_5-kopia.png\",\"contentUrl\":\"https:\/\/www.elpex.se\/wp-content\/uploads\/2026\/02\/Skate_Stride_5-kopia.png\",\"width\":1680,\"height\":2444},{\"@type\":\"BreadcrumbList\",\"@id\":\"https:\/\/www.elpex.se\/de\/produkt\/skate-race-kopia\/#breadcrumb\",\"itemListElement\":[{\"@type\":\"ListItem\",\"position\":1,\"name\":\"Hem\",\"item\":\"https:\/\/www.elpex.se\/de\/\"},{\"@type\":\"ListItem\",\"position\":2,\"name\":\"Rollerskis &amp; Zubeh\u00f6r\",\"item\":\"https:\/\/www.elpex.se\/de\/shop\/\"},{\"@type\":\"ListItem\",\"position\":3,\"name\":\"Skate Stride\"}]},{\"@type\":\"WebSite\",\"@id\":\"https:\/\/www.elpex.se\/de\/#website\",\"url\":\"https:\/\/www.elpex.se\/de\/\",\"name\":\"Elpex\",\"description\":\"\",\"publisher\":{\"@id\":\"https:\/\/www.elpex.se\/de\/#organization\"},\"potentialAction\":[{\"@type\":\"SearchAction\",\"target\":{\"@type\":\"EntryPoint\",\"urlTemplate\":\"https:\/\/www.elpex.se\/de\/?s={search_term_string}\"},\"query-input\":{\"@type\":\"PropertyValueSpecification\",\"valueRequired\":true,\"valueName\":\"search_term_string\"}}],\"inLanguage\":\"de\"},{\"@type\":\"Organization\",\"@id\":\"https:\/\/www.elpex.se\/de\/#organization\",\"name\":\"Elpex\",\"url\":\"https:\/\/www.elpex.se\/de\/\",\"logo\":{\"@type\":\"ImageObject\",\"inLanguage\":\"de\",\"@id\":\"https:\/\/www.elpex.se\/de\/#\/schema\/logo\/image\/\",\"url\":\"https:\/\/www.elpex.se\/wp-content\/uploads\/2024\/11\/Elpex-logo_svart.svg\",\"contentUrl\":\"https:\/\/www.elpex.se\/wp-content\/uploads\/2024\/11\/Elpex-logo_svart.svg\",\"caption\":\"Elpex\"},\"image\":{\"@id\":\"https:\/\/www.elpex.se\/de\/#\/schema\/logo\/image\/\"},\"sameAs\":[\"https:\/\/www.facebook.com\/www.elpex.se\/?locale=sv_SE\",\"https:\/\/www.instagram.com\/elpexrollerskis\/\"]}]}<\/script>\n<!-- \/ Yoast SEO plugin. -->","yoast_head_json":{"title":"Skate Stride - Elpex","robots":{"index":"index","follow":"follow","max-snippet":"max-snippet:-1","max-image-preview":"max-image-preview:large","max-video-preview":"max-video-preview:-1"},"canonical":"https:\/\/www.elpex.se\/de\/produkt\/skate-race-kopia\/","og_locale":"de_DE","og_type":"article","og_title":"Skate Stride - Elpex","og_description":"Ein Skate-Ski, der dank niedrigem Schwerpunkt unvergleichliche Balance und stabiles Fahren bietet. Die l\u00e4ngeren Rahmen sorgen f\u00fcr einen weicheren, ski\u00e4hnlicheren Schnitt.","og_url":"https:\/\/www.elpex.se\/de\/produkt\/skate-race-kopia\/","og_site_name":"Elpex","article_publisher":"https:\/\/www.facebook.com\/www.elpex.se\/?locale=sv_SE","article_modified_time":"2026-04-08T07:13:02+00:00","og_image":[{"width":1680,"height":2444,"url":"https:\/\/www.elpex.se\/wp-content\/uploads\/2026\/02\/Skate_Stride_5-kopia.png","type":"image\/png"}],"twitter_card":"summary_large_image","twitter_misc":{"Gesch\u00e4tzte Lesezeit":"1\u00a0Minute"},"schema":{"@context":"https:\/\/schema.org","@graph":[{"@type":"WebPage","@id":"https:\/\/www.elpex.se\/de\/produkt\/skate-race-kopia\/","url":"https:\/\/www.elpex.se\/de\/produkt\/skate-race-kopia\/","name":"Skate Stride - Elpex","isPartOf":{"@id":"https:\/\/www.elpex.se\/de\/#website"},"primaryImageOfPage":{"@id":"https:\/\/www.elpex.se\/de\/produkt\/skate-race-kopia\/#primaryimage"},"image":{"@id":"https:\/\/www.elpex.se\/de\/produkt\/skate-race-kopia\/#primaryimage"},"thumbnailUrl":"https:\/\/www.elpex.se\/wp-content\/uploads\/2026\/02\/Skate_Stride_5-kopia.png","datePublished":"2026-02-24T11:56:08+00:00","dateModified":"2026-04-08T07:13:02+00:00","breadcrumb":{"@id":"https:\/\/www.elpex.se\/de\/produkt\/skate-race-kopia\/#breadcrumb"},"inLanguage":"de","potentialAction":[{"@type":"ReadAction","target":["https:\/\/www.elpex.se\/de\/produkt\/skate-race-kopia\/"]}]},{"@type":"ImageObject","inLanguage":"de","@id":"https:\/\/www.elpex.se\/de\/produkt\/skate-race-kopia\/#primaryimage","url":"https:\/\/www.elpex.se\/wp-content\/uploads\/2026\/02\/Skate_Stride_5-kopia.png","contentUrl":"https:\/\/www.elpex.se\/wp-content\/uploads\/2026\/02\/Skate_Stride_5-kopia.png","width":1680,"height":2444},{"@type":"BreadcrumbList","@id":"https:\/\/www.elpex.se\/de\/produkt\/skate-race-kopia\/#breadcrumb","itemListElement":[{"@type":"ListItem","position":1,"name":"Hem","item":"https:\/\/www.elpex.se\/de\/"},{"@type":"ListItem","position":2,"name":"Rollerskis &amp; Zubeh\u00f6r","item":"https:\/\/www.elpex.se\/de\/shop\/"},{"@type":"ListItem","position":3,"name":"Skate Stride"}]},{"@type":"WebSite","@id":"https:\/\/www.elpex.se\/de\/#website","url":"https:\/\/www.elpex.se\/de\/","name":"Elpex","description":"","publisher":{"@id":"https:\/\/www.elpex.se\/de\/#organization"},"potentialAction":[{"@type":"SearchAction","target":{"@type":"EntryPoint","urlTemplate":"https:\/\/www.elpex.se\/de\/?s={search_term_string}"},"query-input":{"@type":"PropertyValueSpecification","valueRequired":true,"valueName":"search_term_string"}}],"inLanguage":"de"},{"@type":"Organization","@id":"https:\/\/www.elpex.se\/de\/#organization","name":"Elpex","url":"https:\/\/www.elpex.se\/de\/","logo":{"@type":"ImageObject","inLanguage":"de","@id":"https:\/\/www.elpex.se\/de\/#\/schema\/logo\/image\/","url":"https:\/\/www.elpex.se\/wp-content\/uploads\/2024\/11\/Elpex-logo_svart.svg","contentUrl":"https:\/\/www.elpex.se\/wp-content\/uploads\/2024\/11\/Elpex-logo_svart.svg","caption":"Elpex"},"image":{"@id":"https:\/\/www.elpex.se\/de\/#\/schema\/logo\/image\/"},"sameAs":["https:\/\/www.facebook.com\/www.elpex.se\/?locale=sv_SE","https:\/\/www.instagram.com\/elpexrollerskis\/"]}]}},"_links":{"self":[{"href":"https:\/\/www.elpex.se\/de\/wp-json\/wp\/v2\/product\/12820","targetHints":{"allow":["GET"]}}],"collection":[{"href":"https:\/\/www.elpex.se\/de\/wp-json\/wp\/v2\/product"}],"about":[{"href":"https:\/\/www.elpex.se\/de\/wp-json\/wp\/v2\/types\/product"}],"wp:featuredmedia":[{"embeddable":true,"href":"https:\/\/www.elpex.se\/de\/wp-json\/wp\/v2\/media\/12958"}],"wp:attachment":[{"href":"https:\/\/www.elpex.se\/de\/wp-json\/wp\/v2\/media?parent=12820"}],"wp:term":[{"taxonomy":"product_brand","embeddable":true,"href":"https:\/\/www.elpex.se\/de\/wp-json\/wp\/v2\/product_brand?post=12820"},{"taxonomy":"product_cat","embeddable":true,"href":"https:\/\/www.elpex.se\/de\/wp-json\/wp\/v2\/product_cat?post=12820"},{"taxonomy":"product_tag","embeddable":true,"href":"https:\/\/www.elpex.se\/de\/wp-json\/wp\/v2\/product_tag?post=12820"}],"curies":[{"name":"wp","href":"https:\/\/api.w.org\/{rel}","templated":true}]}}