{"id":11109,"date":"2025-07-24T06:57:17","date_gmt":"2025-07-24T06:57:17","guid":{"rendered":"https:\/\/www.elpex.se\/?post_type=product&#038;p=11109"},"modified":"2026-02-24T15:23:39","modified_gmt":"2026-02-24T15:23:39","slug":"classic-team-kopia","status":"publish","type":"product","link":"https:\/\/www.elpex.se\/de\/produkt\/classic-team-kopia\/","title":{"rendered":"Das Comeback"},"content":{"rendered":"<p data-start=\"168\" data-end=\"534\">Als unsere Fabrik niederbrannte, glaubten viele, das sei das Ende. Aber f\u00fcr uns war es der Beginn von etwas Neuem. Elpex stellt seit Jahrzehnten Rollski her, immer mit dem gleichen Antrieb: Produkte f\u00fcr Sportler und Freizeitsportler zu entwickeln, die das Beste wollen. Nach dem Brand kam es nie in Frage, aufzugeben. Im Gegenteil. Wir haben beschlossen, st\u00e4rker als je zuvor zur\u00fcckzukommen.     <\/p>\n<p data-start=\"536\" data-end=\"825\">\u201eThe Comeback\u201c ist eine limitierte Version unseres klassischen Modells Classic Team (ehemals Team 610) mit 40 mm Radbreite. \u201eThe Comeback\u201c wurde als Symbol f\u00fcr den Wiederaufbau und den Willen, weiter voranzukommen, entwickelt. Die Farbgebung in Gelb und Rot repr\u00e4sentiert das Feuer, das unsere Fabrik zerst\u00f6rte, aber auch die innere Glut, die uns antreibt, neu anzufangen. Auf jedem Ski ist <strong data-start=\"144\" data-end=\"166\">\u201eRaised in flames\u201c<\/strong> aufgedruckt \u2013 eine Erinnerung daran, dass dieses Modell aus Widrigkeiten entstanden ist. Es ist unsere Hommage an die St\u00e4rke, neu anzufangen und trotz allem weiterzumachen.    <\/p>\n<p data-start=\"827\" data-end=\"1075\">Das Modell wird in einer stark limitierten Auflage von 100 Paaren gefertigt. Jedes Exemplar ist individuell nummeriert, was jedes Paar einzigartig macht. Mit dem Kauf von &#8222;The Comeback&#8220; unterst\u00fctzen Sie nicht nur Elpex&#8216; Weg zur\u00fcck, sondern werden auch Teil unserer Geschichte.  <\/p>\n<p data-start=\"1159\" data-end=\"1329\">Wir wissen, dass Elpex nicht nur eine Marke ist. Es ist ein Handwerk, ein Gef\u00fchl und ein Versprechen von Qualit\u00e4t. Es ist auch eine Gemeinschaft. Deshalb bedeutet Ihre Unterst\u00fctzung mehr, als Sie denken.   <\/p>\n<p data-pm-slice=\"1 1 []\"><strong>\u00dcber Classic Team:<\/strong> Classic Team ist unser rennsportlichster Rollski mit seinen 40-mm-R\u00e4dern, die ein geringeres Gewicht und eine einfachere Handhabung erm\u00f6glichen. Der gleiche federnde Rahmen wie beim Classic Wasa.  Geeignet f\u00fcr \u00e4ltere Junioren, Elite-Skifahrer und Sportler mit hohen Ambitionen.<\/p>\n<p data-pm-slice=\"1 1 []\">\n","protected":false},"excerpt":{"rendered":"<p data-pm-slice=\"1 1 []\">Limitierte Edition unseres rennorientiertesten Rollskis. Schmalere Rollen sorgen f\u00fcr weniger Gewicht und ein agileres Handling. Gefertigt in unserer neuen Produktion nach dem Brand.  <\/p>\n","protected":false},"featured_media":11279,"template":"","meta":[],"product_brand":[],"product_cat":[428,196,194],"product_tag":[261],"class_list":{"0":"post-11109","1":"product","2":"type-product","3":"status-publish","4":"has-post-thumbnail","6":"product_cat-raised-in-flames","7":"product_cat-klassisch","8":"product_cat-rollerskier","9":"product_tag-anfanger","11":"first","12":"outofstock","13":"taxable","14":"shipping-taxable","15":"purchasable","16":"product-type-variable"},"composite_virtual":false,"composite_layout":"","composite_add_to_cart_form_location":"","composite_editable_in_cart":false,"composite_sold_individually_context":"","composite_shop_price_calc":"","composite_components":[],"composite_scenarios":[],"yoast_head":"<!-- This site is optimized with the Yoast SEO plugin v27.4 - https:\/\/yoast.com\/product\/yoast-seo-wordpress\/ -->\n<title>Das Comeback - Elpex<\/title>\n<meta name=\"robots\" content=\"index, follow, max-snippet:-1, max-image-preview:large, max-video-preview:-1\" \/>\n<link rel=\"canonical\" href=\"https:\/\/www.elpex.se\/de\/produkt\/classic-team-kopia\/\" \/>\n<meta property=\"og:locale\" content=\"de_DE\" \/>\n<meta property=\"og:type\" content=\"article\" \/>\n<meta property=\"og:title\" content=\"Das Comeback - Elpex\" \/>\n<meta property=\"og:description\" content=\"Limitierte Edition unseres rennorientiertesten Rollskis. Schmalere Rollen sorgen f\u00fcr weniger Gewicht und ein agileres Handling. Gefertigt in unserer neuen Produktion nach dem Brand.\" \/>\n<meta property=\"og:url\" content=\"https:\/\/www.elpex.se\/de\/produkt\/classic-team-kopia\/\" \/>\n<meta property=\"og:site_name\" content=\"Elpex\" \/>\n<meta property=\"article:publisher\" content=\"https:\/\/www.facebook.com\/www.elpex.se\/?locale=sv_SE\" \/>\n<meta property=\"article:modified_time\" content=\"2026-02-24T15:23:39+00:00\" \/>\n<meta property=\"og:image\" content=\"https:\/\/www.elpex.se\/wp-content\/uploads\/2025\/07\/The-comeback_standing_light-bg-kopia-scaled.jpg.webp\" \/>\n\t<meta property=\"og:image:width\" content=\"1440\" \/>\n\t<meta property=\"og:image:height\" content=\"2560\" \/>\n\t<meta property=\"og:image:type\" content=\"image\/jpeg\" \/>\n<meta name=\"twitter:card\" content=\"summary_large_image\" \/>\n<meta name=\"twitter:label1\" content=\"Gesch\u00e4tzte Lesezeit\" \/>\n\t<meta name=\"twitter:data1\" content=\"1\u00a0Minute\" \/>\n<script type=\"application\/ld+json\" class=\"yoast-schema-graph\">{\"@context\":\"https:\\\/\\\/schema.org\",\"@graph\":[{\"@type\":\"WebPage\",\"@id\":\"https:\\\/\\\/www.elpex.se\\\/de\\\/produkt\\\/classic-team-kopia\\\/\",\"url\":\"https:\\\/\\\/www.elpex.se\\\/de\\\/produkt\\\/classic-team-kopia\\\/\",\"name\":\"Das Comeback - Elpex\",\"isPartOf\":{\"@id\":\"https:\\\/\\\/www.elpex.se\\\/de\\\/#website\"},\"primaryImageOfPage\":{\"@id\":\"https:\\\/\\\/www.elpex.se\\\/de\\\/produkt\\\/classic-team-kopia\\\/#primaryimage\"},\"image\":{\"@id\":\"https:\\\/\\\/www.elpex.se\\\/de\\\/produkt\\\/classic-team-kopia\\\/#primaryimage\"},\"thumbnailUrl\":\"https:\\\/\\\/www.elpex.se\\\/wp-content\\\/uploads\\\/2025\\\/07\\\/The-comeback_standing_light-bg-kopia-scaled.jpg.webp\",\"datePublished\":\"2025-07-24T06:57:17+00:00\",\"dateModified\":\"2026-02-24T15:23:39+00:00\",\"breadcrumb\":{\"@id\":\"https:\\\/\\\/www.elpex.se\\\/de\\\/produkt\\\/classic-team-kopia\\\/#breadcrumb\"},\"inLanguage\":\"de\",\"potentialAction\":[{\"@type\":\"ReadAction\",\"target\":[\"https:\\\/\\\/www.elpex.se\\\/de\\\/produkt\\\/classic-team-kopia\\\/\"]}]},{\"@type\":\"ImageObject\",\"inLanguage\":\"de\",\"@id\":\"https:\\\/\\\/www.elpex.se\\\/de\\\/produkt\\\/classic-team-kopia\\\/#primaryimage\",\"url\":\"https:\\\/\\\/www.elpex.se\\\/wp-content\\\/uploads\\\/2025\\\/07\\\/The-comeback_standing_light-bg-kopia-scaled.jpg.webp\",\"contentUrl\":\"https:\\\/\\\/www.elpex.se\\\/wp-content\\\/uploads\\\/2025\\\/07\\\/The-comeback_standing_light-bg-kopia-scaled.jpg.webp\",\"width\":1440,\"height\":2560},{\"@type\":\"BreadcrumbList\",\"@id\":\"https:\\\/\\\/www.elpex.se\\\/de\\\/produkt\\\/classic-team-kopia\\\/#breadcrumb\",\"itemListElement\":[{\"@type\":\"ListItem\",\"position\":1,\"name\":\"Hem\",\"item\":\"https:\\\/\\\/www.elpex.se\\\/de\\\/\"},{\"@type\":\"ListItem\",\"position\":2,\"name\":\"Rollerskis &amp; Zubeh\u00f6r\",\"item\":\"https:\\\/\\\/www.elpex.se\\\/de\\\/shop\\\/\"},{\"@type\":\"ListItem\",\"position\":3,\"name\":\"Das Comeback\"}]},{\"@type\":\"WebSite\",\"@id\":\"https:\\\/\\\/www.elpex.se\\\/de\\\/#website\",\"url\":\"https:\\\/\\\/www.elpex.se\\\/de\\\/\",\"name\":\"Elpex\",\"description\":\"\",\"publisher\":{\"@id\":\"https:\\\/\\\/www.elpex.se\\\/de\\\/#organization\"},\"potentialAction\":[{\"@type\":\"SearchAction\",\"target\":{\"@type\":\"EntryPoint\",\"urlTemplate\":\"https:\\\/\\\/www.elpex.se\\\/de\\\/?s={search_term_string}\"},\"query-input\":{\"@type\":\"PropertyValueSpecification\",\"valueRequired\":true,\"valueName\":\"search_term_string\"}}],\"inLanguage\":\"de\"},{\"@type\":\"Organization\",\"@id\":\"https:\\\/\\\/www.elpex.se\\\/de\\\/#organization\",\"name\":\"Elpex\",\"url\":\"https:\\\/\\\/www.elpex.se\\\/de\\\/\",\"logo\":{\"@type\":\"ImageObject\",\"inLanguage\":\"de\",\"@id\":\"https:\\\/\\\/www.elpex.se\\\/de\\\/#\\\/schema\\\/logo\\\/image\\\/\",\"url\":\"https:\\\/\\\/www.elpex.se\\\/wp-content\\\/uploads\\\/2024\\\/11\\\/Elpex-logo_svart.svg\",\"contentUrl\":\"https:\\\/\\\/www.elpex.se\\\/wp-content\\\/uploads\\\/2024\\\/11\\\/Elpex-logo_svart.svg\",\"caption\":\"Elpex\"},\"image\":{\"@id\":\"https:\\\/\\\/www.elpex.se\\\/de\\\/#\\\/schema\\\/logo\\\/image\\\/\"},\"sameAs\":[\"https:\\\/\\\/www.facebook.com\\\/www.elpex.se\\\/?locale=sv_SE\",\"https:\\\/\\\/www.instagram.com\\\/elpexrollerskis\\\/\"]}]}<\/script>\n<!-- \/ Yoast SEO plugin. -->","yoast_head_json":{"title":"Das Comeback - Elpex","robots":{"index":"index","follow":"follow","max-snippet":"max-snippet:-1","max-image-preview":"max-image-preview:large","max-video-preview":"max-video-preview:-1"},"canonical":"https:\/\/www.elpex.se\/de\/produkt\/classic-team-kopia\/","og_locale":"de_DE","og_type":"article","og_title":"Das Comeback - Elpex","og_description":"Limitierte Edition unseres rennorientiertesten Rollskis. Schmalere Rollen sorgen f\u00fcr weniger Gewicht und ein agileres Handling. Gefertigt in unserer neuen Produktion nach dem Brand.","og_url":"https:\/\/www.elpex.se\/de\/produkt\/classic-team-kopia\/","og_site_name":"Elpex","article_publisher":"https:\/\/www.facebook.com\/www.elpex.se\/?locale=sv_SE","article_modified_time":"2026-02-24T15:23:39+00:00","og_image":[{"width":1440,"height":2560,"url":"https:\/\/www.elpex.se\/wp-content\/uploads\/2025\/07\/The-comeback_standing_light-bg-kopia-scaled.jpg.webp","type":"image\/jpeg"}],"twitter_card":"summary_large_image","twitter_misc":{"Gesch\u00e4tzte Lesezeit":"1\u00a0Minute"},"schema":{"@context":"https:\/\/schema.org","@graph":[{"@type":"WebPage","@id":"https:\/\/www.elpex.se\/de\/produkt\/classic-team-kopia\/","url":"https:\/\/www.elpex.se\/de\/produkt\/classic-team-kopia\/","name":"Das Comeback - Elpex","isPartOf":{"@id":"https:\/\/www.elpex.se\/de\/#website"},"primaryImageOfPage":{"@id":"https:\/\/www.elpex.se\/de\/produkt\/classic-team-kopia\/#primaryimage"},"image":{"@id":"https:\/\/www.elpex.se\/de\/produkt\/classic-team-kopia\/#primaryimage"},"thumbnailUrl":"https:\/\/www.elpex.se\/wp-content\/uploads\/2025\/07\/The-comeback_standing_light-bg-kopia-scaled.jpg.webp","datePublished":"2025-07-24T06:57:17+00:00","dateModified":"2026-02-24T15:23:39+00:00","breadcrumb":{"@id":"https:\/\/www.elpex.se\/de\/produkt\/classic-team-kopia\/#breadcrumb"},"inLanguage":"de","potentialAction":[{"@type":"ReadAction","target":["https:\/\/www.elpex.se\/de\/produkt\/classic-team-kopia\/"]}]},{"@type":"ImageObject","inLanguage":"de","@id":"https:\/\/www.elpex.se\/de\/produkt\/classic-team-kopia\/#primaryimage","url":"https:\/\/www.elpex.se\/wp-content\/uploads\/2025\/07\/The-comeback_standing_light-bg-kopia-scaled.jpg.webp","contentUrl":"https:\/\/www.elpex.se\/wp-content\/uploads\/2025\/07\/The-comeback_standing_light-bg-kopia-scaled.jpg.webp","width":1440,"height":2560},{"@type":"BreadcrumbList","@id":"https:\/\/www.elpex.se\/de\/produkt\/classic-team-kopia\/#breadcrumb","itemListElement":[{"@type":"ListItem","position":1,"name":"Hem","item":"https:\/\/www.elpex.se\/de\/"},{"@type":"ListItem","position":2,"name":"Rollerskis &amp; Zubeh\u00f6r","item":"https:\/\/www.elpex.se\/de\/shop\/"},{"@type":"ListItem","position":3,"name":"Das Comeback"}]},{"@type":"WebSite","@id":"https:\/\/www.elpex.se\/de\/#website","url":"https:\/\/www.elpex.se\/de\/","name":"Elpex","description":"","publisher":{"@id":"https:\/\/www.elpex.se\/de\/#organization"},"potentialAction":[{"@type":"SearchAction","target":{"@type":"EntryPoint","urlTemplate":"https:\/\/www.elpex.se\/de\/?s={search_term_string}"},"query-input":{"@type":"PropertyValueSpecification","valueRequired":true,"valueName":"search_term_string"}}],"inLanguage":"de"},{"@type":"Organization","@id":"https:\/\/www.elpex.se\/de\/#organization","name":"Elpex","url":"https:\/\/www.elpex.se\/de\/","logo":{"@type":"ImageObject","inLanguage":"de","@id":"https:\/\/www.elpex.se\/de\/#\/schema\/logo\/image\/","url":"https:\/\/www.elpex.se\/wp-content\/uploads\/2024\/11\/Elpex-logo_svart.svg","contentUrl":"https:\/\/www.elpex.se\/wp-content\/uploads\/2024\/11\/Elpex-logo_svart.svg","caption":"Elpex"},"image":{"@id":"https:\/\/www.elpex.se\/de\/#\/schema\/logo\/image\/"},"sameAs":["https:\/\/www.facebook.com\/www.elpex.se\/?locale=sv_SE","https:\/\/www.instagram.com\/elpexrollerskis\/"]}]}},"_links":{"self":[{"href":"https:\/\/www.elpex.se\/de\/wp-json\/wp\/v2\/product\/11109","targetHints":{"allow":["GET"]}}],"collection":[{"href":"https:\/\/www.elpex.se\/de\/wp-json\/wp\/v2\/product"}],"about":[{"href":"https:\/\/www.elpex.se\/de\/wp-json\/wp\/v2\/types\/product"}],"wp:featuredmedia":[{"embeddable":true,"href":"https:\/\/www.elpex.se\/de\/wp-json\/wp\/v2\/media\/11279"}],"wp:attachment":[{"href":"https:\/\/www.elpex.se\/de\/wp-json\/wp\/v2\/media?parent=11109"}],"wp:term":[{"taxonomy":"product_brand","embeddable":true,"href":"https:\/\/www.elpex.se\/de\/wp-json\/wp\/v2\/product_brand?post=11109"},{"taxonomy":"product_cat","embeddable":true,"href":"https:\/\/www.elpex.se\/de\/wp-json\/wp\/v2\/product_cat?post=11109"},{"taxonomy":"product_tag","embeddable":true,"href":"https:\/\/www.elpex.se\/de\/wp-json\/wp\/v2\/product_tag?post=11109"}],"curies":[{"name":"wp","href":"https:\/\/api.w.org\/{rel}","templated":true}]}}