{"id":13945,"date":"2026-03-06T09:58:26","date_gmt":"2026-03-06T09:58:26","guid":{"rendered":"https:\/\/www.elpex.se\/karte-der-rollski-strecken-in-schweden\/"},"modified":"2026-03-06T14:14:07","modified_gmt":"2026-03-06T14:14:07","slug":"karte-der-rollski-strecken-in-schweden","status":"publish","type":"page","link":"https:\/\/www.elpex.se\/de\/ratgeber\/karte-der-rollski-strecken-in-schweden\/","title":{"rendered":"Rollski-Strecken in Schweden"},"content":{"rendered":"\n<p>Hier findest du eine Karte mit vielen Rollski-Strecken und asphaltierten Trainingsschleifen in Schweden. Klicke auf eine Anlage in der Liste, um die Karte heranzuzoomen und die ungef\u00e4hre Lage zu sehen. Die L\u00e4ngenangaben basieren auf verf\u00fcgbaren Anlagendaten und Zusammenstellungen von schwedischen Skimedien, dem SSF und offiziellen Anlagenseiten.  <\/p>\n\n<div class=\"elpex-map-wrap\">\n  <div class=\"elpex-map-header\">\n    <h2>Rollski-Strecken in Schweden<\/h2>\n    <p>\n Finde Rollskibahnen in Schweden und klicke auf eine Anlage in der Liste, um sie auf der Karte anzuzeigen.\n    <\/p>\n  <\/div>\n\n  <div class=\"elpex-map-toolbar\">\n    <button id=\"findNearestTrack\" type=\"button\" class=\"elpex-find-btn\">Finde die n\u00e4chste Bahn<\/button>\n    <span id=\"nearestTrackStatus\" class=\"elpex-nearest-status\"><\/span>\n  <\/div>\n\n  <div class=\"elpex-map-layout\">\n    <div class=\"elpex-map-sidebar\">\n      <input type=\"text\" id=\"rollerskiFilter\" placeholder=\"Suche Ort oder Anlage\" class=\"elpex-map-search\"\/>\n      <div id=\"rollerskiList\" class=\"elpex-map-list\"><\/div>\n    <\/div>\n\n    <div id=\"rollerskiMap\" class=\"elpex-map-canvas\"><\/div>\n  <\/div>\n\n  <div class=\"elpex-map-note\">\n Die L\u00e4ngenangaben sind ungef\u00e4hr und k\u00f6nnen sich \u00e4ndern, wenn Strecken umgebaut oder verl\u00e4ngert werden. Bitte informiere dich vor deinem Besuch \u00fcber aktuelle Informationen vor Ort.\n  <\/div>\n<\/div>\n\n<p><strong>Tipps vor der Fahrt:<\/strong><br\/>\u00dcberpr\u00fcfe immer den aktuellen Status, die \u00d6ffnungszeiten, die Beleuchtung und eventuelle Geb\u00fchren bei der lokalen Anlage, bevor du dorthin f\u00e4hrst. L\u00e4nge und Streckenf\u00fchrung k\u00f6nnen sich \u00e4ndern, wenn Strecken umgebaut oder erweitert werden. <\/p>\n","protected":false},"excerpt":{"rendered":"<p>Hier findest du eine Karte mit vielen Rollski-Strecken und asphaltierten Trainingsschleifen in Schweden. Klicke auf eine Anlage in der Liste, um die Karte heranzuzoomen und die ungef\u00e4hre Lage zu sehen. Die L\u00e4ngenangaben basieren auf verf\u00fcgbaren Anlagendaten und Zusammenstellungen von schwedischen Skimedien, dem SSF und offiziellen [&hellip;]<\/p>\n","protected":false},"author":5,"featured_media":0,"parent":12327,"menu_order":0,"comment_status":"closed","ping_status":"closed","template":"","meta":{"footnotes":""},"class_list":["post-13945","page","type-page","status-publish","hentry"],"yoast_head":"<!-- This site is optimized with the Yoast SEO plugin v27.4 - https:\/\/yoast.com\/product\/yoast-seo-wordpress\/ -->\n<title>Rollski-Strecken in Schweden - Elpex<\/title>\n<meta name=\"robots\" content=\"index, follow, max-snippet:-1, max-image-preview:large, max-video-preview:-1\" \/>\n<link rel=\"canonical\" href=\"https:\/\/www.elpex.se\/de\/ratgeber\/karte-der-rollski-strecken-in-schweden\/\" \/>\n<meta property=\"og:locale\" content=\"de_DE\" \/>\n<meta property=\"og:type\" content=\"article\" \/>\n<meta property=\"og:title\" content=\"Rollski-Strecken in Schweden - Elpex\" \/>\n<meta property=\"og:description\" content=\"Hier findest du eine Karte mit vielen Rollski-Strecken und asphaltierten Trainingsschleifen in Schweden. Klicke auf eine Anlage in der Liste, um die Karte heranzuzoomen und die ungef\u00e4hre Lage zu sehen. Die L\u00e4ngenangaben basieren auf verf\u00fcgbaren Anlagendaten und Zusammenstellungen von schwedischen Skimedien, dem SSF und offiziellen [&hellip;]\" \/>\n<meta property=\"og:url\" content=\"https:\/\/www.elpex.se\/de\/ratgeber\/karte-der-rollski-strecken-in-schweden\/\" \/>\n<meta property=\"og:site_name\" content=\"Elpex\" \/>\n<meta property=\"article:publisher\" content=\"https:\/\/www.facebook.com\/www.elpex.se\/?locale=sv_SE\" \/>\n<meta property=\"article:modified_time\" content=\"2026-03-06T14:14:07+00:00\" \/>\n<meta name=\"twitter:card\" content=\"summary_large_image\" \/>\n<meta name=\"twitter:label1\" content=\"Gesch\u00e4tzte Lesezeit\" \/>\n\t<meta name=\"twitter:data1\" content=\"1\u00a0Minute\" \/>\n<script type=\"application\/ld+json\" class=\"yoast-schema-graph\">{\"@context\":\"https:\\\/\\\/schema.org\",\"@graph\":[{\"@type\":\"WebPage\",\"@id\":\"https:\\\/\\\/www.elpex.se\\\/de\\\/ratgeber\\\/karte-der-rollski-strecken-in-schweden\\\/\",\"url\":\"https:\\\/\\\/www.elpex.se\\\/de\\\/ratgeber\\\/karte-der-rollski-strecken-in-schweden\\\/\",\"name\":\"Rollski-Strecken in Schweden - Elpex\",\"isPartOf\":{\"@id\":\"https:\\\/\\\/www.elpex.se\\\/de\\\/#website\"},\"datePublished\":\"2026-03-06T09:58:26+00:00\",\"dateModified\":\"2026-03-06T14:14:07+00:00\",\"breadcrumb\":{\"@id\":\"https:\\\/\\\/www.elpex.se\\\/de\\\/ratgeber\\\/karte-der-rollski-strecken-in-schweden\\\/#breadcrumb\"},\"inLanguage\":\"de\",\"potentialAction\":[{\"@type\":\"ReadAction\",\"target\":[\"https:\\\/\\\/www.elpex.se\\\/de\\\/ratgeber\\\/karte-der-rollski-strecken-in-schweden\\\/\"]}]},{\"@type\":\"BreadcrumbList\",\"@id\":\"https:\\\/\\\/www.elpex.se\\\/de\\\/ratgeber\\\/karte-der-rollski-strecken-in-schweden\\\/#breadcrumb\",\"itemListElement\":[{\"@type\":\"ListItem\",\"position\":1,\"name\":\"Hem\",\"item\":\"https:\\\/\\\/www.elpex.se\\\/de\\\/\"},{\"@type\":\"ListItem\",\"position\":2,\"name\":\"Tipps &amp; Guides\",\"item\":\"https:\\\/\\\/www.elpex.se\\\/de\\\/ratgeber\\\/\"},{\"@type\":\"ListItem\",\"position\":3,\"name\":\"Rollski-Strecken in Schweden\"}]},{\"@type\":\"WebSite\",\"@id\":\"https:\\\/\\\/www.elpex.se\\\/de\\\/#website\",\"url\":\"https:\\\/\\\/www.elpex.se\\\/de\\\/\",\"name\":\"Elpex\",\"description\":\"\",\"publisher\":{\"@id\":\"https:\\\/\\\/www.elpex.se\\\/de\\\/#organization\"},\"potentialAction\":[{\"@type\":\"SearchAction\",\"target\":{\"@type\":\"EntryPoint\",\"urlTemplate\":\"https:\\\/\\\/www.elpex.se\\\/de\\\/?s={search_term_string}\"},\"query-input\":{\"@type\":\"PropertyValueSpecification\",\"valueRequired\":true,\"valueName\":\"search_term_string\"}}],\"inLanguage\":\"de\"},{\"@type\":\"Organization\",\"@id\":\"https:\\\/\\\/www.elpex.se\\\/de\\\/#organization\",\"name\":\"Elpex\",\"url\":\"https:\\\/\\\/www.elpex.se\\\/de\\\/\",\"logo\":{\"@type\":\"ImageObject\",\"inLanguage\":\"de\",\"@id\":\"https:\\\/\\\/www.elpex.se\\\/de\\\/#\\\/schema\\\/logo\\\/image\\\/\",\"url\":\"https:\\\/\\\/www.elpex.se\\\/wp-content\\\/uploads\\\/2024\\\/11\\\/Elpex-logo_svart.svg\",\"contentUrl\":\"https:\\\/\\\/www.elpex.se\\\/wp-content\\\/uploads\\\/2024\\\/11\\\/Elpex-logo_svart.svg\",\"caption\":\"Elpex\"},\"image\":{\"@id\":\"https:\\\/\\\/www.elpex.se\\\/de\\\/#\\\/schema\\\/logo\\\/image\\\/\"},\"sameAs\":[\"https:\\\/\\\/www.facebook.com\\\/www.elpex.se\\\/?locale=sv_SE\",\"https:\\\/\\\/www.instagram.com\\\/elpexrollerskis\\\/\"]}]}<\/script>\n<!-- \/ Yoast SEO plugin. -->","yoast_head_json":{"title":"Rollski-Strecken in Schweden - Elpex","robots":{"index":"index","follow":"follow","max-snippet":"max-snippet:-1","max-image-preview":"max-image-preview:large","max-video-preview":"max-video-preview:-1"},"canonical":"https:\/\/www.elpex.se\/de\/ratgeber\/karte-der-rollski-strecken-in-schweden\/","og_locale":"de_DE","og_type":"article","og_title":"Rollski-Strecken in Schweden - Elpex","og_description":"Hier findest du eine Karte mit vielen Rollski-Strecken und asphaltierten Trainingsschleifen in Schweden. Klicke auf eine Anlage in der Liste, um die Karte heranzuzoomen und die ungef\u00e4hre Lage zu sehen. Die L\u00e4ngenangaben basieren auf verf\u00fcgbaren Anlagendaten und Zusammenstellungen von schwedischen Skimedien, dem SSF und offiziellen [&hellip;]","og_url":"https:\/\/www.elpex.se\/de\/ratgeber\/karte-der-rollski-strecken-in-schweden\/","og_site_name":"Elpex","article_publisher":"https:\/\/www.facebook.com\/www.elpex.se\/?locale=sv_SE","article_modified_time":"2026-03-06T14:14:07+00:00","twitter_card":"summary_large_image","twitter_misc":{"Gesch\u00e4tzte Lesezeit":"1\u00a0Minute"},"schema":{"@context":"https:\/\/schema.org","@graph":[{"@type":"WebPage","@id":"https:\/\/www.elpex.se\/de\/ratgeber\/karte-der-rollski-strecken-in-schweden\/","url":"https:\/\/www.elpex.se\/de\/ratgeber\/karte-der-rollski-strecken-in-schweden\/","name":"Rollski-Strecken in Schweden - Elpex","isPartOf":{"@id":"https:\/\/www.elpex.se\/de\/#website"},"datePublished":"2026-03-06T09:58:26+00:00","dateModified":"2026-03-06T14:14:07+00:00","breadcrumb":{"@id":"https:\/\/www.elpex.se\/de\/ratgeber\/karte-der-rollski-strecken-in-schweden\/#breadcrumb"},"inLanguage":"de","potentialAction":[{"@type":"ReadAction","target":["https:\/\/www.elpex.se\/de\/ratgeber\/karte-der-rollski-strecken-in-schweden\/"]}]},{"@type":"BreadcrumbList","@id":"https:\/\/www.elpex.se\/de\/ratgeber\/karte-der-rollski-strecken-in-schweden\/#breadcrumb","itemListElement":[{"@type":"ListItem","position":1,"name":"Hem","item":"https:\/\/www.elpex.se\/de\/"},{"@type":"ListItem","position":2,"name":"Tipps &amp; Guides","item":"https:\/\/www.elpex.se\/de\/ratgeber\/"},{"@type":"ListItem","position":3,"name":"Rollski-Strecken in Schweden"}]},{"@type":"WebSite","@id":"https:\/\/www.elpex.se\/de\/#website","url":"https:\/\/www.elpex.se\/de\/","name":"Elpex","description":"","publisher":{"@id":"https:\/\/www.elpex.se\/de\/#organization"},"potentialAction":[{"@type":"SearchAction","target":{"@type":"EntryPoint","urlTemplate":"https:\/\/www.elpex.se\/de\/?s={search_term_string}"},"query-input":{"@type":"PropertyValueSpecification","valueRequired":true,"valueName":"search_term_string"}}],"inLanguage":"de"},{"@type":"Organization","@id":"https:\/\/www.elpex.se\/de\/#organization","name":"Elpex","url":"https:\/\/www.elpex.se\/de\/","logo":{"@type":"ImageObject","inLanguage":"de","@id":"https:\/\/www.elpex.se\/de\/#\/schema\/logo\/image\/","url":"https:\/\/www.elpex.se\/wp-content\/uploads\/2024\/11\/Elpex-logo_svart.svg","contentUrl":"https:\/\/www.elpex.se\/wp-content\/uploads\/2024\/11\/Elpex-logo_svart.svg","caption":"Elpex"},"image":{"@id":"https:\/\/www.elpex.se\/de\/#\/schema\/logo\/image\/"},"sameAs":["https:\/\/www.facebook.com\/www.elpex.se\/?locale=sv_SE","https:\/\/www.instagram.com\/elpexrollerskis\/"]}]}},"_links":{"self":[{"href":"https:\/\/www.elpex.se\/de\/wp-json\/wp\/v2\/pages\/13945","targetHints":{"allow":["GET"]}}],"collection":[{"href":"https:\/\/www.elpex.se\/de\/wp-json\/wp\/v2\/pages"}],"about":[{"href":"https:\/\/www.elpex.se\/de\/wp-json\/wp\/v2\/types\/page"}],"author":[{"embeddable":true,"href":"https:\/\/www.elpex.se\/de\/wp-json\/wp\/v2\/users\/5"}],"replies":[{"embeddable":true,"href":"https:\/\/www.elpex.se\/de\/wp-json\/wp\/v2\/comments?post=13945"}],"version-history":[{"count":8,"href":"https:\/\/www.elpex.se\/de\/wp-json\/wp\/v2\/pages\/13945\/revisions"}],"predecessor-version":[{"id":14312,"href":"https:\/\/www.elpex.se\/de\/wp-json\/wp\/v2\/pages\/13945\/revisions\/14312"}],"up":[{"embeddable":true,"href":"https:\/\/www.elpex.se\/de\/wp-json\/wp\/v2\/pages\/12327"}],"wp:attachment":[{"href":"https:\/\/www.elpex.se\/de\/wp-json\/wp\/v2\/media?parent=13945"}],"curies":[{"name":"wp","href":"https:\/\/api.w.org\/{rel}","templated":true}]}}