{"id":13596,"date":"2026-03-06T08:47:06","date_gmt":"2026-03-06T08:47:06","guid":{"rendered":"https:\/\/www.elpex.se\/rollski-stocklaenge-so-waehlst-du-die-richtige\/"},"modified":"2026-03-06T08:50:42","modified_gmt":"2026-03-06T08:50:42","slug":"rollski-stocklaenge-so-waehlst-du-die-richtige","status":"publish","type":"page","link":"https:\/\/www.elpex.se\/de\/ratgeber\/rollski-stocklaenge-so-waehlst-du-die-richtige\/","title":{"rendered":"Stockl\u00e4nge \u2013 so w\u00e4hlst du die richtige"},"content":{"rendered":"\n<p>Die Wahl der richtigen Stockl\u00e4nge ist wichtig, um eine gute Technik, eine effiziente Kraft\u00fcbertragung und ein nat\u00fcrliches Fahrgef\u00fchl zu erzielen. Zu kurze St\u00f6cke f\u00fchren zu Kraftverlust beim Doppelstockschub, w\u00e4hrend zu lange St\u00f6cke es erschweren k\u00f6nnen, einen guten Rhythmus und eine gute Technik zu finden. <\/p>\n\n<p>In diesem Leitfaden erkl\u00e4ren wir dir, wie du die richtige Stockl\u00e4nge f\u00fcr Rollski berechnest, wie St\u00f6cke gemessen werden und welche L\u00e4ngen f\u00fcr Klassisch, Doppelstockschub und Skating am besten geeignet sind.<\/p>\n\n<h2 class=\"wp-block-heading\">So wird die Stockl\u00e4nge heute gemessen<\/h2>\n\n<p>Es ist wichtig zu wissen, wie die Stockl\u00e4nge gemessen wird, da verschiedene Hersteller historisch unterschiedliche Methoden verwendet haben.<\/p>\n\n<p><strong>Die Stockl\u00e4nge bezieht sich auf die L\u00e4nge bis zur Befestigung der Handschlaufe (so messen die meisten Marken heute).<\/strong><\/p>\n\n<p>Fr\u00fcher ma\u00dfen viele den gesamten Stock von der Spitze bis zum Griffende. Da einige Modelle unterschiedliche Abst\u00e4nde von der Schlaufenbefestigung bis zum Griffende haben, k\u00f6nnen zwei St\u00f6cke mit der gleichen angegebenen L\u00e4nge in der Praxis unterschiedlich lang sein. <\/p>\n\n<p>Wenn man heute von Stockl\u00e4nge spricht, geht man daher normalerweise von Folgendem aus:<\/p>\n\n<p><strong>Spitze \u2192 Befestigung der Handschlaufe<\/strong><\/p>\n\n<p>Dies ist auch das Ma\u00df, das in den Wettkampfregeln verwendet wird.<\/p>\n\n<h2 class=\"wp-block-heading\">Maximale L\u00e4nge beim klassischen Skilanglauf<\/h2>\n\n<p>Seit 2016 gibt es eine Regel, die die Stockl\u00e4nge beim klassischen Skilanglauf begrenzt.<\/p>\n\n<p>Die maximale L\u00e4nge betr\u00e4gt:<\/p>\n\n<p><strong>83 % der K\u00f6rpergr\u00f6\u00dfe mit Skischuhen, gemessen bis zur Befestigung der Handschlaufe.<\/strong><\/p>\n\n<p>Rechnet man mit der K\u00f6rpergr\u00f6\u00dfe ohne Skischuhe, entspricht das ungef\u00e4hr:<\/p>\n\n<p><strong>ca. 84 % der K\u00f6rpergr\u00f6\u00dfe.<\/strong><\/p>\n\n<p>Dies bedeutet, dass viele L\u00e4ufer \u2013 sowohl Elite als auch Freizeitsportler \u2013 St\u00f6cke um diese L\u00e4nge verwenden, da sie oft eine gute Kraft beim Doppelstockschub bietet, ohne den Diagonalstil wesentlich zu beeintr\u00e4chtigen.<\/p>\n\n<h2 class=\"wp-block-heading\">Empfohlene Stockl\u00e4nge<\/h2>\n\n<p>Die folgenden Faustregeln funktionieren f\u00fcr die meisten L\u00e4ufer gut:<\/p>\n\n<figure class=\"wp-block-table\"><table class=\"has-fixed-layout\"><thead><tr><th>Fahrstil<\/th><th>Empfohlene Stockl\u00e4nge<\/th><\/tr><\/thead><tbody><tr><td>Klassisch<\/td><td>K\u00f6rpergr\u00f6\u00dfe \u00d7 <strong>0,84<\/strong><\/td><\/tr><tr><td>Doppelstockschub \/ DP<\/td><td>K\u00f6rpergr\u00f6\u00dfe \u00d7 <strong>0,85<\/strong><\/td><\/tr><tr><td>skaten<\/td><td>K\u00f6rpergr\u00f6\u00dfe \u00d7 <strong>0,90<\/strong><\/td><\/tr><\/tbody><\/table><\/figure>\n\n<h2 class=\"wp-block-heading\">Stockl\u00e4ngentabelle<\/h2>\n\n<figure class=\"wp-block-table\"><table class=\"has-fixed-layout\"><thead><tr><th>K\u00f6rpergr\u00f6\u00dfe<\/th><th>Klassisch<\/th><th>Doppelstockschub \/ DP<\/th><th>skaten<\/th><\/tr><\/thead><tbody><tr><td>150 cm<\/td><td>126 cm<\/td><td>128 cm<\/td><td>135 cm<\/td><\/tr><tr><td>155 cm<\/td><td>130 cm<\/td><td>132 cm<\/td><td>140 cm<\/td><\/tr><tr><td>160 cm<\/td><td>134 cm<\/td><td>136 cm<\/td><td>144 cm<\/td><\/tr><tr><td>165 cm<\/td><td>139 cm<\/td><td>140 cm<\/td><td>149 cm<\/td><\/tr><tr><td>170 cm<\/td><td>143 cm<\/td><td>145 cm<\/td><td>153 cm<\/td><\/tr><tr><td>175 cm<\/td><td>147 cm<\/td><td>149 cm<\/td><td>158 cm<\/td><\/tr><tr><td>180 cm<\/td><td>151 cm<\/td><td>153 cm<\/td><td>162 cm<\/td><\/tr><tr><td>185 cm<\/td><td>155 cm<\/td><td>157 cm<\/td><td>167 cm<\/td><\/tr><tr><td>190 cm<\/td><td>160 cm<\/td><td>162 cm<\/td><td>171 cm<\/td><\/tr><tr><td>195 cm<\/td><td>164 cm<\/td><td>166 cm<\/td><td>176 cm<\/td><\/tr><\/tbody><\/table><\/figure>\n\n<div style=\"height:30px\" aria-hidden=\"true\" class=\"wp-block-spacer\"><\/div>\n\n<link href=\"https:\/\/fonts.googleapis.com\/css2?family=Martian+Mono:wght@400;600;700&#038;display=swap\" rel=\"stylesheet\"\/>\n\n<div class=\"polecalc-wrapper\">\n\n<h3>Stockl\u00e4ngenrechner<\/h3>\n\n<p class=\"polecalc-info\">\nDie Stockl\u00e4nge bezieht sich auf die L\u00e4nge bis zur Befestigung der Handschlaufe (so messen die meisten Marken heute).\n<\/p>\n\n<label>K\u00f6rpergr\u00f6\u00dfe (cm)<\/label>\n<input type=\"number\" id=\"poleHeight\" placeholder=\"z.B. 180\"\/>\n\n<button onclick=\"calcPoles()\">Berechnen<\/button>\n\n<div id=\"poleResult\"><\/div>\n\n<\/div>\n\n<style>\n\n.polecalc-wrapper{\nmax-width:520px;\npadding:28px;\nborder:1px solid #ddd;\nborder-radius:10px;\nbackground:#ffffff;\nfont-family:\"Martian Mono\", monospace;\n}\n\n.polecalc-wrapper h3{\nmargin-top:0;\nfont-weight:700;\nfont-size:22px;\n}\n\n.polecalc-info{\nfont-size:13px;\ncolor:#666;\nmargin-bottom:18px;\nline-height:1.5;\n}\n\n.polecalc-wrapper label{\ndisplay:block;\nfont-size:13px;\nmargin-bottom:6px;\n}\n\n.polecalc-wrapper input{\nwidth:100%;\npadding:12px;\nborder:1px solid #ccc;\nborder-radius:6px;\nfont-family:\"Martian Mono\", monospace;\nmargin-bottom:12px;\n}\n\n.polecalc-wrapper button{\nwidth:100%;\npadding:12px;\nbackground:#000;\ncolor:#fff;\nborder:none;\nborder-radius:6px;\ncursor:pointer;\nfont-family:\"Martian Mono\", monospace;\nfont-weight:600;\n}\n\n.polecalc-wrapper button:hover{\nopacity:0.9;\n}\n\n#poleResult{\nmargin-top:18px;\nfont-size:14px;\nline-height:1.6;\n}\n\n.pole-row{\ndisplay:flex;\njustify-content:space-between;\npadding:6px 0;\nborder-bottom:1px solid #eee;\n}\n\n.pole-row:last-child{\nborder-bottom:none;\n}\n\n.pole-value{\nfont-weight:700;\n}\n\n.fis-note{\nmargin-top:14px;\nfont-size:12px;\ncolor:#666;\nline-height:1.5;\n}\n\n<\/style>\n\n<script>\n\nfunction calcPoles(){\n\nconst height = parseFloat(document.getElementById(\"poleHeight\").value);\nconst result = document.getElementById(\"poleResult\");\n\nif(!height || height < 120 || height > 230){\nresult.innerHTML=\"Ange en rimlig kroppsl\u00e4ngd i cm.\";\nreturn;\n}\n\nconst classic = Math.round(height*0.84);\nconst dp = Math.round(height*0.85);\nconst skate = Math.round(height*0.90);\nconst fisMax = Math.round(height*0.84);\n\nresult.innerHTML =\n\n'<div class=\"pole-row\"><span>Klassiskt<\/span><span class=\"pole-value\">'+classic+' cm<\/span><\/div>'+\n'<div class=\"pole-row\"><span>Stakning \/ DP<\/span><span class=\"pole-value\">'+dp+' cm<\/span><\/div>'+\n'<div class=\"pole-row\"><span>Skate<\/span><span class=\"pole-value\">'+skate+' cm<\/span><\/div>'+\n'<div class=\"pole-row\"><span>FIS maxl\u00e4ngd (klassisk)<\/span><span class=\"pole-value\">'+fisMax+' cm<\/span><\/div>'+\n\n'<div class=\"fis-note\">Maxl\u00e4ngd enligt FIS: 83 % av kroppsl\u00e4ngden med skidskor p\u00e5, m\u00e4tt upp till inf\u00e4stningen av handremmen. I praktiken motsvarar det ungef\u00e4r 84 % av kroppsl\u00e4ngden utan skor.<\/div>';\n\n}\n\n<\/script>\n\n<p>Beachte, dass St\u00f6cke oft in Schritten von 2,5 oder 5 cm verkauft werden, daher w\u00e4hlst du normalerweise die n\u00e4chstgelegene L\u00e4nge.<\/p>\n\n<h2 class=\"wp-block-heading\">Stockl\u00e4nge f\u00fcr Rollski<\/h2>\n\n<p>Beim Rollskifahren kannst du in den meisten F\u00e4llen <strong>die gleiche Stockl\u00e4nge wie im Winter<\/strong> verwenden.<\/p>\n\n<p>Zwar stehst du auf Rollski etwas h\u00f6her, aber im Schnee sinken die Teller oft einige Zentimeter ein. Der Effekt ist daher in der Praxis ziemlich \u00e4hnlich. <\/p>\n\n<p>In den Wettkampfregeln f\u00fcr Rollski sind St\u00f6cke zudem etwas l\u00e4nger erlaubt:<\/p>\n\n<p><strong>Die maximale L\u00e4nge betr\u00e4gt 83 % der K\u00f6rpergr\u00f6\u00dfe mit Skischuhen + 2 cm.<\/strong><\/p>\n\n<p>Dies liegt daran, dass einige Rollskispitzen etwas h\u00f6her bauen als Schneeteller.<\/p>\n\n<h2 class=\"wp-block-heading\">Tipps f\u00fcr besseren Stockhalt auf Rollski<\/h2>\n\n<p>Auf Asphalt nutzen sich die Stockspitzen schnell ab. Stumpfe Spitzen k\u00f6nnen dazu f\u00fchren, dass die St\u00f6cke rutschen, besonders bei starkem Doppelstockschub. <\/p>\n\n<p>Daher ist es wichtig:<\/p>\n\n<ul class=\"wp-block-list\">\n<li>die Spitzen regelm\u00e4\u00dfig zu kontrollieren<\/li>\n\n\n\n<li>sie bei Bedarf zu schleifen<\/li>\n\n\n\n<li>Spitzen zu verwenden, die f\u00fcr Rollski geeignet sind<\/li>\n<\/ul>\n\n<p>Mit scharfen Spitzen hast du besseren Halt auf dem Asphalt und ein sk\u00e4hnlicheres Gef\u00fchl beim Training.<\/p>\n","protected":false},"excerpt":{"rendered":"<p>Die Wahl der richtigen Stockl\u00e4nge ist wichtig, um eine gute Technik, eine effiziente Kraft\u00fcbertragung und ein nat\u00fcrliches Fahrgef\u00fchl zu erzielen. Zu kurze St\u00f6cke f\u00fchren zu Kraftverlust beim Doppelstockschub, w\u00e4hrend zu lange St\u00f6cke es erschweren k\u00f6nnen, einen guten Rhythmus und eine gute Technik zu finden. In [&hellip;]<\/p>\n","protected":false},"author":5,"featured_media":0,"parent":12327,"menu_order":0,"comment_status":"closed","ping_status":"closed","template":"","meta":{"footnotes":""},"class_list":["post-13596","page","type-page","status-publish","hentry"],"yoast_head":"<!-- This site is optimized with the Yoast SEO plugin v27.4 - https:\/\/yoast.com\/product\/yoast-seo-wordpress\/ -->\n<title>Stockl\u00e4nge \u2013 so w\u00e4hlst du die richtige - Elpex<\/title>\n<meta name=\"robots\" content=\"index, follow, max-snippet:-1, max-image-preview:large, max-video-preview:-1\" \/>\n<link rel=\"canonical\" href=\"https:\/\/www.elpex.se\/de\/ratgeber\/rollski-stocklaenge-so-waehlst-du-die-richtige\/\" \/>\n<meta property=\"og:locale\" content=\"de_DE\" \/>\n<meta property=\"og:type\" content=\"article\" \/>\n<meta property=\"og:title\" content=\"Stockl\u00e4nge \u2013 so w\u00e4hlst du die richtige - Elpex\" \/>\n<meta property=\"og:description\" content=\"Die Wahl der richtigen Stockl\u00e4nge ist wichtig, um eine gute Technik, eine effiziente Kraft\u00fcbertragung und ein nat\u00fcrliches Fahrgef\u00fchl zu erzielen. Zu kurze St\u00f6cke f\u00fchren zu Kraftverlust beim Doppelstockschub, w\u00e4hrend zu lange St\u00f6cke es erschweren k\u00f6nnen, einen guten Rhythmus und eine gute Technik zu finden. In [&hellip;]\" \/>\n<meta property=\"og:url\" content=\"https:\/\/www.elpex.se\/de\/ratgeber\/rollski-stocklaenge-so-waehlst-du-die-richtige\/\" \/>\n<meta property=\"og:site_name\" content=\"Elpex\" \/>\n<meta property=\"article:publisher\" content=\"https:\/\/www.facebook.com\/www.elpex.se\/?locale=sv_SE\" \/>\n<meta property=\"article:modified_time\" content=\"2026-03-06T08:50:42+00:00\" \/>\n<meta name=\"twitter:card\" content=\"summary_large_image\" \/>\n<meta name=\"twitter:label1\" content=\"Gesch\u00e4tzte Lesezeit\" \/>\n\t<meta name=\"twitter:data1\" content=\"3\u00a0Minuten\" \/>\n<script type=\"application\/ld+json\" class=\"yoast-schema-graph\">{\"@context\":\"https:\\\/\\\/schema.org\",\"@graph\":[{\"@type\":\"WebPage\",\"@id\":\"https:\\\/\\\/www.elpex.se\\\/de\\\/ratgeber\\\/rollski-stocklaenge-so-waehlst-du-die-richtige\\\/\",\"url\":\"https:\\\/\\\/www.elpex.se\\\/de\\\/ratgeber\\\/rollski-stocklaenge-so-waehlst-du-die-richtige\\\/\",\"name\":\"Stockl\u00e4nge \u2013 so w\u00e4hlst du die richtige - Elpex\",\"isPartOf\":{\"@id\":\"https:\\\/\\\/www.elpex.se\\\/de\\\/#website\"},\"datePublished\":\"2026-03-06T08:47:06+00:00\",\"dateModified\":\"2026-03-06T08:50:42+00:00\",\"breadcrumb\":{\"@id\":\"https:\\\/\\\/www.elpex.se\\\/de\\\/ratgeber\\\/rollski-stocklaenge-so-waehlst-du-die-richtige\\\/#breadcrumb\"},\"inLanguage\":\"de\",\"potentialAction\":[{\"@type\":\"ReadAction\",\"target\":[\"https:\\\/\\\/www.elpex.se\\\/de\\\/ratgeber\\\/rollski-stocklaenge-so-waehlst-du-die-richtige\\\/\"]}]},{\"@type\":\"BreadcrumbList\",\"@id\":\"https:\\\/\\\/www.elpex.se\\\/de\\\/ratgeber\\\/rollski-stocklaenge-so-waehlst-du-die-richtige\\\/#breadcrumb\",\"itemListElement\":[{\"@type\":\"ListItem\",\"position\":1,\"name\":\"Hem\",\"item\":\"https:\\\/\\\/www.elpex.se\\\/de\\\/\"},{\"@type\":\"ListItem\",\"position\":2,\"name\":\"Stockl\u00e4nge \u2013 so w\u00e4hlst du die richtige\"}]},{\"@type\":\"WebSite\",\"@id\":\"https:\\\/\\\/www.elpex.se\\\/de\\\/#website\",\"url\":\"https:\\\/\\\/www.elpex.se\\\/de\\\/\",\"name\":\"Elpex\",\"description\":\"\",\"publisher\":{\"@id\":\"https:\\\/\\\/www.elpex.se\\\/de\\\/#organization\"},\"potentialAction\":[{\"@type\":\"SearchAction\",\"target\":{\"@type\":\"EntryPoint\",\"urlTemplate\":\"https:\\\/\\\/www.elpex.se\\\/de\\\/?s={search_term_string}\"},\"query-input\":{\"@type\":\"PropertyValueSpecification\",\"valueRequired\":true,\"valueName\":\"search_term_string\"}}],\"inLanguage\":\"de\"},{\"@type\":\"Organization\",\"@id\":\"https:\\\/\\\/www.elpex.se\\\/de\\\/#organization\",\"name\":\"Elpex\",\"url\":\"https:\\\/\\\/www.elpex.se\\\/de\\\/\",\"logo\":{\"@type\":\"ImageObject\",\"inLanguage\":\"de\",\"@id\":\"https:\\\/\\\/www.elpex.se\\\/de\\\/#\\\/schema\\\/logo\\\/image\\\/\",\"url\":\"https:\\\/\\\/www.elpex.se\\\/wp-content\\\/uploads\\\/2024\\\/11\\\/Elpex-logo_svart.svg\",\"contentUrl\":\"https:\\\/\\\/www.elpex.se\\\/wp-content\\\/uploads\\\/2024\\\/11\\\/Elpex-logo_svart.svg\",\"caption\":\"Elpex\"},\"image\":{\"@id\":\"https:\\\/\\\/www.elpex.se\\\/de\\\/#\\\/schema\\\/logo\\\/image\\\/\"},\"sameAs\":[\"https:\\\/\\\/www.facebook.com\\\/www.elpex.se\\\/?locale=sv_SE\",\"https:\\\/\\\/www.instagram.com\\\/elpexrollerskis\\\/\"]}]}<\/script>\n<!-- \/ Yoast SEO plugin. -->","yoast_head_json":{"title":"Stockl\u00e4nge \u2013 so w\u00e4hlst du die richtige - Elpex","robots":{"index":"index","follow":"follow","max-snippet":"max-snippet:-1","max-image-preview":"max-image-preview:large","max-video-preview":"max-video-preview:-1"},"canonical":"https:\/\/www.elpex.se\/de\/ratgeber\/rollski-stocklaenge-so-waehlst-du-die-richtige\/","og_locale":"de_DE","og_type":"article","og_title":"Stockl\u00e4nge \u2013 so w\u00e4hlst du die richtige - Elpex","og_description":"Die Wahl der richtigen Stockl\u00e4nge ist wichtig, um eine gute Technik, eine effiziente Kraft\u00fcbertragung und ein nat\u00fcrliches Fahrgef\u00fchl zu erzielen. Zu kurze St\u00f6cke f\u00fchren zu Kraftverlust beim Doppelstockschub, w\u00e4hrend zu lange St\u00f6cke es erschweren k\u00f6nnen, einen guten Rhythmus und eine gute Technik zu finden. In [&hellip;]","og_url":"https:\/\/www.elpex.se\/de\/ratgeber\/rollski-stocklaenge-so-waehlst-du-die-richtige\/","og_site_name":"Elpex","article_publisher":"https:\/\/www.facebook.com\/www.elpex.se\/?locale=sv_SE","article_modified_time":"2026-03-06T08:50:42+00:00","twitter_card":"summary_large_image","twitter_misc":{"Gesch\u00e4tzte Lesezeit":"3\u00a0Minuten"},"schema":{"@context":"https:\/\/schema.org","@graph":[{"@type":"WebPage","@id":"https:\/\/www.elpex.se\/de\/ratgeber\/rollski-stocklaenge-so-waehlst-du-die-richtige\/","url":"https:\/\/www.elpex.se\/de\/ratgeber\/rollski-stocklaenge-so-waehlst-du-die-richtige\/","name":"Stockl\u00e4nge \u2013 so w\u00e4hlst du die richtige - Elpex","isPartOf":{"@id":"https:\/\/www.elpex.se\/de\/#website"},"datePublished":"2026-03-06T08:47:06+00:00","dateModified":"2026-03-06T08:50:42+00:00","breadcrumb":{"@id":"https:\/\/www.elpex.se\/de\/ratgeber\/rollski-stocklaenge-so-waehlst-du-die-richtige\/#breadcrumb"},"inLanguage":"de","potentialAction":[{"@type":"ReadAction","target":["https:\/\/www.elpex.se\/de\/ratgeber\/rollski-stocklaenge-so-waehlst-du-die-richtige\/"]}]},{"@type":"BreadcrumbList","@id":"https:\/\/www.elpex.se\/de\/ratgeber\/rollski-stocklaenge-so-waehlst-du-die-richtige\/#breadcrumb","itemListElement":[{"@type":"ListItem","position":1,"name":"Hem","item":"https:\/\/www.elpex.se\/de\/"},{"@type":"ListItem","position":2,"name":"Stockl\u00e4nge \u2013 so w\u00e4hlst du die richtige"}]},{"@type":"WebSite","@id":"https:\/\/www.elpex.se\/de\/#website","url":"https:\/\/www.elpex.se\/de\/","name":"Elpex","description":"","publisher":{"@id":"https:\/\/www.elpex.se\/de\/#organization"},"potentialAction":[{"@type":"SearchAction","target":{"@type":"EntryPoint","urlTemplate":"https:\/\/www.elpex.se\/de\/?s={search_term_string}"},"query-input":{"@type":"PropertyValueSpecification","valueRequired":true,"valueName":"search_term_string"}}],"inLanguage":"de"},{"@type":"Organization","@id":"https:\/\/www.elpex.se\/de\/#organization","name":"Elpex","url":"https:\/\/www.elpex.se\/de\/","logo":{"@type":"ImageObject","inLanguage":"de","@id":"https:\/\/www.elpex.se\/de\/#\/schema\/logo\/image\/","url":"https:\/\/www.elpex.se\/wp-content\/uploads\/2024\/11\/Elpex-logo_svart.svg","contentUrl":"https:\/\/www.elpex.se\/wp-content\/uploads\/2024\/11\/Elpex-logo_svart.svg","caption":"Elpex"},"image":{"@id":"https:\/\/www.elpex.se\/de\/#\/schema\/logo\/image\/"},"sameAs":["https:\/\/www.facebook.com\/www.elpex.se\/?locale=sv_SE","https:\/\/www.instagram.com\/elpexrollerskis\/"]}]}},"_links":{"self":[{"href":"https:\/\/www.elpex.se\/de\/wp-json\/wp\/v2\/pages\/13596","targetHints":{"allow":["GET"]}}],"collection":[{"href":"https:\/\/www.elpex.se\/de\/wp-json\/wp\/v2\/pages"}],"about":[{"href":"https:\/\/www.elpex.se\/de\/wp-json\/wp\/v2\/types\/page"}],"author":[{"embeddable":true,"href":"https:\/\/www.elpex.se\/de\/wp-json\/wp\/v2\/users\/5"}],"replies":[{"embeddable":true,"href":"https:\/\/www.elpex.se\/de\/wp-json\/wp\/v2\/comments?post=13596"}],"version-history":[{"count":2,"href":"https:\/\/www.elpex.se\/de\/wp-json\/wp\/v2\/pages\/13596\/revisions"}],"predecessor-version":[{"id":13607,"href":"https:\/\/www.elpex.se\/de\/wp-json\/wp\/v2\/pages\/13596\/revisions\/13607"}],"up":[{"embeddable":true,"href":"https:\/\/www.elpex.se\/de\/wp-json\/wp\/v2\/pages\/12327"}],"wp:attachment":[{"href":"https:\/\/www.elpex.se\/de\/wp-json\/wp\/v2\/media?parent=13596"}],"curies":[{"name":"wp","href":"https:\/\/api.w.org\/{rel}","templated":true}]}}