{"id":8189,"date":"2025-03-16T19:46:09","date_gmt":"2025-03-16T19:46:09","guid":{"rendered":"https:\/\/www.elpex.se\/?post_type=product&#038;p=8189"},"modified":"2026-03-04T07:37:01","modified_gmt":"2026-03-04T07:37:01","slug":"skate-off-road-kopia","status":"publish","type":"product","link":"https:\/\/www.elpex.se\/cs\/produkt\/skate-off-road-kopia\/","title":{"rendered":"Skate Off Road"},"content":{"rendered":"<p data-start=\"0\" data-end=\"237\">Kdy\u017e je p\u0159\u00edstup k kvalitn\u00edmu asfaltu omezen\u00fd, je <strong data-start=\"47\" data-end=\"65\">Skate Off Road<\/strong> jasnou volbou \u2013 vyvinut\u00e1 pro zvl\u00e1dnut\u00ed nezpevn\u011bn\u00fdch povrch\u016f jako lesn\u00ed a \u0161t\u011brkov\u00e9 cesty. Skate kole\u010dkov\u00e1 ly\u017ee bez zp\u011btn\u00e9ho chodu, perfektn\u00ed pro \u0161t\u011brkov\u00e9 cesty a tvrd\u00e9 b\u011b\u017eeck\u00e9 trat\u011b. <\/p>\n<p data-start=\"239\" data-end=\"406\">Skate Off Road je vybavena 130mm gumov\u00fdmi koly, kter\u00e1 spolu s n\u00edzkou sv\u011btlost\u00ed poskytuj\u00ed velmi komfortn\u00ed j\u00edzdu a stabiln\u00ed kontrolu. Dostupn\u00e1 pouze s valiv\u00fdm odporem 2. <\/p>\n<p data-start=\"408\" data-end=\"446\"><strong data-start=\"408\" data-end=\"425\">Typ jezdce:<\/strong> V\u0161echny typy jezdc\u016f.<\/p>\n<p data-start=\"448\" data-end=\"467\"><strong data-start=\"448\" data-end=\"465\">Novinky 2026:<\/strong><\/p>\n<ul>\n<li data-start=\"470\" data-end=\"497\">Nov\u00e9, vylep\u0161en\u00e9 profily<\/li>\n<li data-start=\"470\" data-end=\"497\">Nov\u00e1, vylep\u0161en\u00e1 hlin\u00edkov\u00e1 kola<\/li>\n<li data-start=\"500\" data-end=\"525\">Zes\u00edlen\u00e9 blatn\u00edky<\/li>\n<li data-start=\"528\" data-end=\"578\">Tmav\u00fd zinkoniklov\u00fd povlak na \u0161roubech a svorn\u00edc\u00edch<\/li>\n<li data-start=\"581\" data-end=\"607\">Vylep\u0161en\u00fd s\u00edtotisk na r\u00e1mech<\/li>\n<\/ul>\n","protected":false},"excerpt":{"rendered":"<p>Kole\u010dkov\u00e9 ly\u017ee pro j\u00edzdu na brusl\u00edch! Skv\u011ble se hod\u00ed na \u0161t\u011brkov\u00e9 cesty a elektrick\u00e9 stezky. <\/p>\n","protected":false},"featured_media":8201,"template":"","meta":[],"product_brand":[],"product_cat":[141,230,256],"product_tag":[144],"class_list":{"0":"post-8189","1":"product","2":"type-product","3":"status-publish","4":"has-post-thumbnail","6":"product_cat-rullaluistimet","7":"product_cat-maastossa","8":"product_cat-luistella","9":"product_tag-elite","11":"first","12":"outofstock","13":"taxable","14":"shipping-taxable","15":"purchasable","16":"product-type-simple"},"composite_virtual":false,"composite_layout":"","composite_add_to_cart_form_location":"","composite_editable_in_cart":false,"composite_sold_individually_context":"","composite_shop_price_calc":"","composite_components":[],"composite_scenarios":[],"yoast_head":"<!-- This site is optimized with the Yoast SEO plugin v27.4 - https:\/\/yoast.com\/product\/yoast-seo-wordpress\/ -->\n<title>Skate Off Road - Elpex<\/title>\n<meta name=\"robots\" content=\"index, follow, max-snippet:-1, max-image-preview:large, max-video-preview:-1\" \/>\n<link rel=\"canonical\" href=\"https:\/\/www.elpex.se\/cs\/produkt\/skate-off-road-kopia\/\" \/>\n<meta property=\"og:locale\" content=\"cs_CZ\" \/>\n<meta property=\"og:type\" content=\"article\" \/>\n<meta property=\"og:title\" content=\"Skate Off Road - Elpex\" \/>\n<meta property=\"og:description\" content=\"Kole\u010dkov\u00e9 ly\u017ee pro j\u00edzdu na brusl\u00edch! Skv\u011ble se hod\u00ed na \u0161t\u011brkov\u00e9 cesty a elektrick\u00e9 stezky.\" \/>\n<meta property=\"og:url\" content=\"https:\/\/www.elpex.se\/cs\/produkt\/skate-off-road-kopia\/\" \/>\n<meta property=\"og:site_name\" content=\"Elpex\" \/>\n<meta property=\"article:publisher\" content=\"https:\/\/www.facebook.com\/www.elpex.se\/?locale=sv_SE\" \/>\n<meta property=\"article:modified_time\" content=\"2026-03-04T07:37:01+00:00\" \/>\n<meta property=\"og:image\" content=\"https:\/\/www.elpex.se\/wp-content\/uploads\/2025\/03\/Skate_off-road_6.png\" \/>\n\t<meta property=\"og:image:width\" content=\"1080\" \/>\n\t<meta property=\"og:image:height\" content=\"1450\" \/>\n\t<meta property=\"og:image:type\" content=\"image\/png\" \/>\n<meta name=\"twitter:card\" content=\"summary_large_image\" \/>\n<meta name=\"twitter:label1\" content=\"Odhadovan\u00e1 doba \u010dten\u00ed\" \/>\n\t<meta name=\"twitter:data1\" content=\"1 minuta\" \/>\n<script type=\"application\/ld+json\" class=\"yoast-schema-graph\">{\"@context\":\"https:\\\/\\\/schema.org\",\"@graph\":[{\"@type\":\"WebPage\",\"@id\":\"https:\\\/\\\/www.elpex.se\\\/cs\\\/produkt\\\/skate-off-road-kopia\\\/\",\"url\":\"https:\\\/\\\/www.elpex.se\\\/cs\\\/produkt\\\/skate-off-road-kopia\\\/\",\"name\":\"Skate Off Road - Elpex\",\"isPartOf\":{\"@id\":\"https:\\\/\\\/www.elpex.se\\\/cs\\\/#website\"},\"primaryImageOfPage\":{\"@id\":\"https:\\\/\\\/www.elpex.se\\\/cs\\\/produkt\\\/skate-off-road-kopia\\\/#primaryimage\"},\"image\":{\"@id\":\"https:\\\/\\\/www.elpex.se\\\/cs\\\/produkt\\\/skate-off-road-kopia\\\/#primaryimage\"},\"thumbnailUrl\":\"https:\\\/\\\/www.elpex.se\\\/wp-content\\\/uploads\\\/2025\\\/03\\\/Skate_off-road_6.png\",\"datePublished\":\"2025-03-16T19:46:09+00:00\",\"dateModified\":\"2026-03-04T07:37:01+00:00\",\"breadcrumb\":{\"@id\":\"https:\\\/\\\/www.elpex.se\\\/cs\\\/produkt\\\/skate-off-road-kopia\\\/#breadcrumb\"},\"inLanguage\":\"cs\",\"potentialAction\":[{\"@type\":\"ReadAction\",\"target\":[\"https:\\\/\\\/www.elpex.se\\\/cs\\\/produkt\\\/skate-off-road-kopia\\\/\"]}]},{\"@type\":\"ImageObject\",\"inLanguage\":\"cs\",\"@id\":\"https:\\\/\\\/www.elpex.se\\\/cs\\\/produkt\\\/skate-off-road-kopia\\\/#primaryimage\",\"url\":\"https:\\\/\\\/www.elpex.se\\\/wp-content\\\/uploads\\\/2025\\\/03\\\/Skate_off-road_6.png\",\"contentUrl\":\"https:\\\/\\\/www.elpex.se\\\/wp-content\\\/uploads\\\/2025\\\/03\\\/Skate_off-road_6.png\",\"width\":1080,\"height\":1450},{\"@type\":\"BreadcrumbList\",\"@id\":\"https:\\\/\\\/www.elpex.se\\\/cs\\\/produkt\\\/skate-off-road-kopia\\\/#breadcrumb\",\"itemListElement\":[{\"@type\":\"ListItem\",\"position\":1,\"name\":\"Hem\",\"item\":\"https:\\\/\\\/www.elpex.se\\\/cs\\\/\"},{\"@type\":\"ListItem\",\"position\":2,\"name\":\"Kole\u010dkov\u00e9 ly\u017ee a p\u0159\u00edslu\u0161enstv\u00ed\",\"item\":\"https:\\\/\\\/www.elpex.se\\\/cs\\\/shop\\\/\"},{\"@type\":\"ListItem\",\"position\":3,\"name\":\"Skate Off Road\"}]},{\"@type\":\"WebSite\",\"@id\":\"https:\\\/\\\/www.elpex.se\\\/cs\\\/#website\",\"url\":\"https:\\\/\\\/www.elpex.se\\\/cs\\\/\",\"name\":\"Elpex\",\"description\":\"\",\"publisher\":{\"@id\":\"https:\\\/\\\/www.elpex.se\\\/cs\\\/#organization\"},\"potentialAction\":[{\"@type\":\"SearchAction\",\"target\":{\"@type\":\"EntryPoint\",\"urlTemplate\":\"https:\\\/\\\/www.elpex.se\\\/cs\\\/?s={search_term_string}\"},\"query-input\":{\"@type\":\"PropertyValueSpecification\",\"valueRequired\":true,\"valueName\":\"search_term_string\"}}],\"inLanguage\":\"cs\"},{\"@type\":\"Organization\",\"@id\":\"https:\\\/\\\/www.elpex.se\\\/cs\\\/#organization\",\"name\":\"Elpex\",\"url\":\"https:\\\/\\\/www.elpex.se\\\/cs\\\/\",\"logo\":{\"@type\":\"ImageObject\",\"inLanguage\":\"cs\",\"@id\":\"https:\\\/\\\/www.elpex.se\\\/cs\\\/#\\\/schema\\\/logo\\\/image\\\/\",\"url\":\"https:\\\/\\\/www.elpex.se\\\/wp-content\\\/uploads\\\/2024\\\/11\\\/Elpex-logo_svart.svg\",\"contentUrl\":\"https:\\\/\\\/www.elpex.se\\\/wp-content\\\/uploads\\\/2024\\\/11\\\/Elpex-logo_svart.svg\",\"caption\":\"Elpex\"},\"image\":{\"@id\":\"https:\\\/\\\/www.elpex.se\\\/cs\\\/#\\\/schema\\\/logo\\\/image\\\/\"},\"sameAs\":[\"https:\\\/\\\/www.facebook.com\\\/www.elpex.se\\\/?locale=sv_SE\",\"https:\\\/\\\/www.instagram.com\\\/elpexrollerskis\\\/\"]}]}<\/script>\n<!-- \/ Yoast SEO plugin. -->","yoast_head_json":{"title":"Skate Off Road - Elpex","robots":{"index":"index","follow":"follow","max-snippet":"max-snippet:-1","max-image-preview":"max-image-preview:large","max-video-preview":"max-video-preview:-1"},"canonical":"https:\/\/www.elpex.se\/cs\/produkt\/skate-off-road-kopia\/","og_locale":"cs_CZ","og_type":"article","og_title":"Skate Off Road - Elpex","og_description":"Kole\u010dkov\u00e9 ly\u017ee pro j\u00edzdu na brusl\u00edch! Skv\u011ble se hod\u00ed na \u0161t\u011brkov\u00e9 cesty a elektrick\u00e9 stezky.","og_url":"https:\/\/www.elpex.se\/cs\/produkt\/skate-off-road-kopia\/","og_site_name":"Elpex","article_publisher":"https:\/\/www.facebook.com\/www.elpex.se\/?locale=sv_SE","article_modified_time":"2026-03-04T07:37:01+00:00","og_image":[{"width":1080,"height":1450,"url":"https:\/\/www.elpex.se\/wp-content\/uploads\/2025\/03\/Skate_off-road_6.png","type":"image\/png"}],"twitter_card":"summary_large_image","twitter_misc":{"Odhadovan\u00e1 doba \u010dten\u00ed":"1 minuta"},"schema":{"@context":"https:\/\/schema.org","@graph":[{"@type":"WebPage","@id":"https:\/\/www.elpex.se\/cs\/produkt\/skate-off-road-kopia\/","url":"https:\/\/www.elpex.se\/cs\/produkt\/skate-off-road-kopia\/","name":"Skate Off Road - Elpex","isPartOf":{"@id":"https:\/\/www.elpex.se\/cs\/#website"},"primaryImageOfPage":{"@id":"https:\/\/www.elpex.se\/cs\/produkt\/skate-off-road-kopia\/#primaryimage"},"image":{"@id":"https:\/\/www.elpex.se\/cs\/produkt\/skate-off-road-kopia\/#primaryimage"},"thumbnailUrl":"https:\/\/www.elpex.se\/wp-content\/uploads\/2025\/03\/Skate_off-road_6.png","datePublished":"2025-03-16T19:46:09+00:00","dateModified":"2026-03-04T07:37:01+00:00","breadcrumb":{"@id":"https:\/\/www.elpex.se\/cs\/produkt\/skate-off-road-kopia\/#breadcrumb"},"inLanguage":"cs","potentialAction":[{"@type":"ReadAction","target":["https:\/\/www.elpex.se\/cs\/produkt\/skate-off-road-kopia\/"]}]},{"@type":"ImageObject","inLanguage":"cs","@id":"https:\/\/www.elpex.se\/cs\/produkt\/skate-off-road-kopia\/#primaryimage","url":"https:\/\/www.elpex.se\/wp-content\/uploads\/2025\/03\/Skate_off-road_6.png","contentUrl":"https:\/\/www.elpex.se\/wp-content\/uploads\/2025\/03\/Skate_off-road_6.png","width":1080,"height":1450},{"@type":"BreadcrumbList","@id":"https:\/\/www.elpex.se\/cs\/produkt\/skate-off-road-kopia\/#breadcrumb","itemListElement":[{"@type":"ListItem","position":1,"name":"Hem","item":"https:\/\/www.elpex.se\/cs\/"},{"@type":"ListItem","position":2,"name":"Kole\u010dkov\u00e9 ly\u017ee a p\u0159\u00edslu\u0161enstv\u00ed","item":"https:\/\/www.elpex.se\/cs\/shop\/"},{"@type":"ListItem","position":3,"name":"Skate Off Road"}]},{"@type":"WebSite","@id":"https:\/\/www.elpex.se\/cs\/#website","url":"https:\/\/www.elpex.se\/cs\/","name":"Elpex","description":"","publisher":{"@id":"https:\/\/www.elpex.se\/cs\/#organization"},"potentialAction":[{"@type":"SearchAction","target":{"@type":"EntryPoint","urlTemplate":"https:\/\/www.elpex.se\/cs\/?s={search_term_string}"},"query-input":{"@type":"PropertyValueSpecification","valueRequired":true,"valueName":"search_term_string"}}],"inLanguage":"cs"},{"@type":"Organization","@id":"https:\/\/www.elpex.se\/cs\/#organization","name":"Elpex","url":"https:\/\/www.elpex.se\/cs\/","logo":{"@type":"ImageObject","inLanguage":"cs","@id":"https:\/\/www.elpex.se\/cs\/#\/schema\/logo\/image\/","url":"https:\/\/www.elpex.se\/wp-content\/uploads\/2024\/11\/Elpex-logo_svart.svg","contentUrl":"https:\/\/www.elpex.se\/wp-content\/uploads\/2024\/11\/Elpex-logo_svart.svg","caption":"Elpex"},"image":{"@id":"https:\/\/www.elpex.se\/cs\/#\/schema\/logo\/image\/"},"sameAs":["https:\/\/www.facebook.com\/www.elpex.se\/?locale=sv_SE","https:\/\/www.instagram.com\/elpexrollerskis\/"]}]}},"_links":{"self":[{"href":"https:\/\/www.elpex.se\/cs\/wp-json\/wp\/v2\/product\/8189","targetHints":{"allow":["GET"]}}],"collection":[{"href":"https:\/\/www.elpex.se\/cs\/wp-json\/wp\/v2\/product"}],"about":[{"href":"https:\/\/www.elpex.se\/cs\/wp-json\/wp\/v2\/types\/product"}],"wp:featuredmedia":[{"embeddable":true,"href":"https:\/\/www.elpex.se\/cs\/wp-json\/wp\/v2\/media\/8201"}],"wp:attachment":[{"href":"https:\/\/www.elpex.se\/cs\/wp-json\/wp\/v2\/media?parent=8189"}],"wp:term":[{"taxonomy":"product_brand","embeddable":true,"href":"https:\/\/www.elpex.se\/cs\/wp-json\/wp\/v2\/product_brand?post=8189"},{"taxonomy":"product_cat","embeddable":true,"href":"https:\/\/www.elpex.se\/cs\/wp-json\/wp\/v2\/product_cat?post=8189"},{"taxonomy":"product_tag","embeddable":true,"href":"https:\/\/www.elpex.se\/cs\/wp-json\/wp\/v2\/product_tag?post=8189"}],"curies":[{"name":"wp","href":"https:\/\/api.w.org\/{rel}","templated":true}]}}