{"id":6993,"date":"2024-11-05T14:36:03","date_gmt":"2024-11-05T14:36:03","guid":{"rendered":"https:\/\/www.elpex.se\/produkt\/klasicky-tym\/"},"modified":"2026-02-24T15:20:23","modified_gmt":"2026-02-24T15:20:23","slug":"klasicky-tym","status":"publish","type":"product","link":"https:\/\/www.elpex.se\/cs\/produkt\/klasicky-tym\/","title":{"rendered":"Classic Team"},"content":{"rendered":"<p data-start=\"0\" data-end=\"183\">Nejz\u00e1vodn\u011bji zam\u011b\u0159en\u00e1 kole\u010dkov\u00e1 ly\u017ee Elpex a volba elity! U\u017e\u0161\u00ed kole\u010dka znamenaj\u00ed ni\u017e\u0161\u00ed hmotnost a agiln\u011bj\u0161\u00ed ovl\u00e1d\u00e1n\u00ed, co\u017e je ide\u00e1ln\u00ed nap\u0159\u00edklad na drah\u00e1ch pro kole\u010dkov\u00e9 ly\u017ee a rychl\u00e9 intervalov\u00e9 tr\u00e9ninky. Stejn\u00e1 pru\u017en\u00e1 konstrukce jako u Classic Wasa.  <\/p>\n<p data-start=\"185\" data-end=\"254\"><strong data-start=\"185\" data-end=\"202\">Typ ly\u017ea\u0159e:<\/strong> Star\u0161\u00ed junio\u0159i, elitn\u00ed ly\u017ea\u0159i a ambici\u00f3zn\u00ed rekrea\u010dn\u00ed sportovci.<\/p>\n<p data-start=\"256\" data-end=\"275\"><strong data-start=\"256\" data-end=\"273\">Novinky pro rok 2026:<\/strong><\/p>\n<ul>\n<li data-start=\"278\" data-end=\"328\">Tmav\u00fd zinkoniklov\u00fd povlak na \u0161roubech a svorn\u00edc\u00edch<\/li>\n<li data-start=\"331\" data-end=\"357\">Vylep\u0161en\u00e1 odolnost s\u00edtotisku na d\u0159\u00edku<\/li>\n<\/ul>\n","protected":false},"excerpt":{"rendered":"<p data-pm-slice=\"1 1 []\">Na\u0161e nejz\u00e1vodn\u011bj\u0161\u00ed kole\u010dkov\u00e9 ly\u017ee. U\u017e\u0161\u00ed kole\u010dka pro ni\u017e\u0161\u00ed hmotnost a hlad\u0161\u00ed ovl\u00e1d\u00e1n\u00ed. Stejn\u00fd skl\u00e1dac\u00ed r\u00e1m jako na Classic Wasa.  <\/p>\n","protected":false},"featured_media":14354,"template":"","meta":[],"product_brand":[],"product_cat":[224,223,245],"product_tag":[],"class_list":{"0":"post-6993","1":"product","2":"type-product","3":"status-publish","4":"has-post-thumbnail","6":"product_cat-classic-cs","7":"product_cat-koleckove-lyze","8":"product_cat-oblibene-produkty","10":"first","11":"instock","12":"taxable","13":"shipping-taxable","14":"purchasable","15":"product-type-variable"},"composite_virtual":false,"composite_layout":"","composite_add_to_cart_form_location":"","composite_editable_in_cart":false,"composite_sold_individually_context":"","composite_shop_price_calc":"","composite_components":[],"composite_scenarios":[],"yoast_head":"<!-- This site is optimized with the Yoast SEO plugin v27.4 - https:\/\/yoast.com\/product\/yoast-seo-wordpress\/ -->\n<title>Classic Team - Elpex<\/title>\n<meta name=\"robots\" content=\"index, follow, max-snippet:-1, max-image-preview:large, max-video-preview:-1\" \/>\n<link rel=\"canonical\" href=\"https:\/\/www.elpex.se\/cs\/produkt\/klasicky-tym\/\" \/>\n<meta property=\"og:locale\" content=\"cs_CZ\" \/>\n<meta property=\"og:type\" content=\"article\" \/>\n<meta property=\"og:title\" content=\"Classic Team - Elpex\" \/>\n<meta property=\"og:description\" content=\"Na\u0161e nejz\u00e1vodn\u011bj\u0161\u00ed kole\u010dkov\u00e9 ly\u017ee. U\u017e\u0161\u00ed kole\u010dka pro ni\u017e\u0161\u00ed hmotnost a hlad\u0161\u00ed ovl\u00e1d\u00e1n\u00ed. Stejn\u00fd skl\u00e1dac\u00ed r\u00e1m jako na Classic Wasa.\" \/>\n<meta property=\"og:url\" content=\"https:\/\/www.elpex.se\/cs\/produkt\/klasicky-tym\/\" \/>\n<meta property=\"og:site_name\" content=\"Elpex\" \/>\n<meta property=\"article:publisher\" content=\"https:\/\/www.facebook.com\/www.elpex.se\/?locale=sv_SE\" \/>\n<meta property=\"article:modified_time\" content=\"2026-02-24T15:20:23+00:00\" \/>\n<meta property=\"og:image\" content=\"https:\/\/www.elpex.se\/wp-content\/uploads\/2024\/11\/Classic-Team_standing.png\" \/>\n\t<meta property=\"og:image:width\" content=\"1080\" \/>\n\t<meta property=\"og:image:height\" content=\"1350\" \/>\n\t<meta property=\"og:image:type\" content=\"image\/png\" \/>\n<meta name=\"twitter:card\" content=\"summary_large_image\" \/>\n<script type=\"application\/ld+json\" class=\"yoast-schema-graph\">{\"@context\":\"https:\\\/\\\/schema.org\",\"@graph\":[{\"@type\":\"WebPage\",\"@id\":\"https:\\\/\\\/www.elpex.se\\\/cs\\\/produkt\\\/klasicky-tym\\\/\",\"url\":\"https:\\\/\\\/www.elpex.se\\\/cs\\\/produkt\\\/klasicky-tym\\\/\",\"name\":\"Classic Team - Elpex\",\"isPartOf\":{\"@id\":\"https:\\\/\\\/www.elpex.se\\\/cs\\\/#website\"},\"primaryImageOfPage\":{\"@id\":\"https:\\\/\\\/www.elpex.se\\\/cs\\\/produkt\\\/klasicky-tym\\\/#primaryimage\"},\"image\":{\"@id\":\"https:\\\/\\\/www.elpex.se\\\/cs\\\/produkt\\\/klasicky-tym\\\/#primaryimage\"},\"thumbnailUrl\":\"https:\\\/\\\/www.elpex.se\\\/wp-content\\\/uploads\\\/2024\\\/11\\\/Classic-Team_standing.png\",\"datePublished\":\"2024-11-05T14:36:03+00:00\",\"dateModified\":\"2026-02-24T15:20:23+00:00\",\"breadcrumb\":{\"@id\":\"https:\\\/\\\/www.elpex.se\\\/cs\\\/produkt\\\/klasicky-tym\\\/#breadcrumb\"},\"inLanguage\":\"cs\",\"potentialAction\":[{\"@type\":\"ReadAction\",\"target\":[\"https:\\\/\\\/www.elpex.se\\\/cs\\\/produkt\\\/klasicky-tym\\\/\"]}]},{\"@type\":\"ImageObject\",\"inLanguage\":\"cs\",\"@id\":\"https:\\\/\\\/www.elpex.se\\\/cs\\\/produkt\\\/klasicky-tym\\\/#primaryimage\",\"url\":\"https:\\\/\\\/www.elpex.se\\\/wp-content\\\/uploads\\\/2024\\\/11\\\/Classic-Team_standing.png\",\"contentUrl\":\"https:\\\/\\\/www.elpex.se\\\/wp-content\\\/uploads\\\/2024\\\/11\\\/Classic-Team_standing.png\",\"width\":1080,\"height\":1350},{\"@type\":\"BreadcrumbList\",\"@id\":\"https:\\\/\\\/www.elpex.se\\\/cs\\\/produkt\\\/klasicky-tym\\\/#breadcrumb\",\"itemListElement\":[{\"@type\":\"ListItem\",\"position\":1,\"name\":\"Hem\",\"item\":\"https:\\\/\\\/www.elpex.se\\\/cs\\\/\"},{\"@type\":\"ListItem\",\"position\":2,\"name\":\"Kole\u010dkov\u00e9 ly\u017ee a p\u0159\u00edslu\u0161enstv\u00ed\",\"item\":\"https:\\\/\\\/www.elpex.se\\\/cs\\\/shop\\\/\"},{\"@type\":\"ListItem\",\"position\":3,\"name\":\"Classic Team\"}]},{\"@type\":\"WebSite\",\"@id\":\"https:\\\/\\\/www.elpex.se\\\/cs\\\/#website\",\"url\":\"https:\\\/\\\/www.elpex.se\\\/cs\\\/\",\"name\":\"Elpex\",\"description\":\"\",\"publisher\":{\"@id\":\"https:\\\/\\\/www.elpex.se\\\/cs\\\/#organization\"},\"potentialAction\":[{\"@type\":\"SearchAction\",\"target\":{\"@type\":\"EntryPoint\",\"urlTemplate\":\"https:\\\/\\\/www.elpex.se\\\/cs\\\/?s={search_term_string}\"},\"query-input\":{\"@type\":\"PropertyValueSpecification\",\"valueRequired\":true,\"valueName\":\"search_term_string\"}}],\"inLanguage\":\"cs\"},{\"@type\":\"Organization\",\"@id\":\"https:\\\/\\\/www.elpex.se\\\/cs\\\/#organization\",\"name\":\"Elpex\",\"url\":\"https:\\\/\\\/www.elpex.se\\\/cs\\\/\",\"logo\":{\"@type\":\"ImageObject\",\"inLanguage\":\"cs\",\"@id\":\"https:\\\/\\\/www.elpex.se\\\/cs\\\/#\\\/schema\\\/logo\\\/image\\\/\",\"url\":\"https:\\\/\\\/www.elpex.se\\\/wp-content\\\/uploads\\\/2024\\\/11\\\/Elpex-logo_svart.svg\",\"contentUrl\":\"https:\\\/\\\/www.elpex.se\\\/wp-content\\\/uploads\\\/2024\\\/11\\\/Elpex-logo_svart.svg\",\"caption\":\"Elpex\"},\"image\":{\"@id\":\"https:\\\/\\\/www.elpex.se\\\/cs\\\/#\\\/schema\\\/logo\\\/image\\\/\"},\"sameAs\":[\"https:\\\/\\\/www.facebook.com\\\/www.elpex.se\\\/?locale=sv_SE\",\"https:\\\/\\\/www.instagram.com\\\/elpexrollerskis\\\/\"]}]}<\/script>\n<!-- \/ Yoast SEO plugin. -->","yoast_head_json":{"title":"Classic Team - Elpex","robots":{"index":"index","follow":"follow","max-snippet":"max-snippet:-1","max-image-preview":"max-image-preview:large","max-video-preview":"max-video-preview:-1"},"canonical":"https:\/\/www.elpex.se\/cs\/produkt\/klasicky-tym\/","og_locale":"cs_CZ","og_type":"article","og_title":"Classic Team - Elpex","og_description":"Na\u0161e nejz\u00e1vodn\u011bj\u0161\u00ed kole\u010dkov\u00e9 ly\u017ee. U\u017e\u0161\u00ed kole\u010dka pro ni\u017e\u0161\u00ed hmotnost a hlad\u0161\u00ed ovl\u00e1d\u00e1n\u00ed. Stejn\u00fd skl\u00e1dac\u00ed r\u00e1m jako na Classic Wasa.","og_url":"https:\/\/www.elpex.se\/cs\/produkt\/klasicky-tym\/","og_site_name":"Elpex","article_publisher":"https:\/\/www.facebook.com\/www.elpex.se\/?locale=sv_SE","article_modified_time":"2026-02-24T15:20:23+00:00","og_image":[{"width":1080,"height":1350,"url":"https:\/\/www.elpex.se\/wp-content\/uploads\/2024\/11\/Classic-Team_standing.png","type":"image\/png"}],"twitter_card":"summary_large_image","schema":{"@context":"https:\/\/schema.org","@graph":[{"@type":"WebPage","@id":"https:\/\/www.elpex.se\/cs\/produkt\/klasicky-tym\/","url":"https:\/\/www.elpex.se\/cs\/produkt\/klasicky-tym\/","name":"Classic Team - Elpex","isPartOf":{"@id":"https:\/\/www.elpex.se\/cs\/#website"},"primaryImageOfPage":{"@id":"https:\/\/www.elpex.se\/cs\/produkt\/klasicky-tym\/#primaryimage"},"image":{"@id":"https:\/\/www.elpex.se\/cs\/produkt\/klasicky-tym\/#primaryimage"},"thumbnailUrl":"https:\/\/www.elpex.se\/wp-content\/uploads\/2024\/11\/Classic-Team_standing.png","datePublished":"2024-11-05T14:36:03+00:00","dateModified":"2026-02-24T15:20:23+00:00","breadcrumb":{"@id":"https:\/\/www.elpex.se\/cs\/produkt\/klasicky-tym\/#breadcrumb"},"inLanguage":"cs","potentialAction":[{"@type":"ReadAction","target":["https:\/\/www.elpex.se\/cs\/produkt\/klasicky-tym\/"]}]},{"@type":"ImageObject","inLanguage":"cs","@id":"https:\/\/www.elpex.se\/cs\/produkt\/klasicky-tym\/#primaryimage","url":"https:\/\/www.elpex.se\/wp-content\/uploads\/2024\/11\/Classic-Team_standing.png","contentUrl":"https:\/\/www.elpex.se\/wp-content\/uploads\/2024\/11\/Classic-Team_standing.png","width":1080,"height":1350},{"@type":"BreadcrumbList","@id":"https:\/\/www.elpex.se\/cs\/produkt\/klasicky-tym\/#breadcrumb","itemListElement":[{"@type":"ListItem","position":1,"name":"Hem","item":"https:\/\/www.elpex.se\/cs\/"},{"@type":"ListItem","position":2,"name":"Kole\u010dkov\u00e9 ly\u017ee a p\u0159\u00edslu\u0161enstv\u00ed","item":"https:\/\/www.elpex.se\/cs\/shop\/"},{"@type":"ListItem","position":3,"name":"Classic Team"}]},{"@type":"WebSite","@id":"https:\/\/www.elpex.se\/cs\/#website","url":"https:\/\/www.elpex.se\/cs\/","name":"Elpex","description":"","publisher":{"@id":"https:\/\/www.elpex.se\/cs\/#organization"},"potentialAction":[{"@type":"SearchAction","target":{"@type":"EntryPoint","urlTemplate":"https:\/\/www.elpex.se\/cs\/?s={search_term_string}"},"query-input":{"@type":"PropertyValueSpecification","valueRequired":true,"valueName":"search_term_string"}}],"inLanguage":"cs"},{"@type":"Organization","@id":"https:\/\/www.elpex.se\/cs\/#organization","name":"Elpex","url":"https:\/\/www.elpex.se\/cs\/","logo":{"@type":"ImageObject","inLanguage":"cs","@id":"https:\/\/www.elpex.se\/cs\/#\/schema\/logo\/image\/","url":"https:\/\/www.elpex.se\/wp-content\/uploads\/2024\/11\/Elpex-logo_svart.svg","contentUrl":"https:\/\/www.elpex.se\/wp-content\/uploads\/2024\/11\/Elpex-logo_svart.svg","caption":"Elpex"},"image":{"@id":"https:\/\/www.elpex.se\/cs\/#\/schema\/logo\/image\/"},"sameAs":["https:\/\/www.facebook.com\/www.elpex.se\/?locale=sv_SE","https:\/\/www.instagram.com\/elpexrollerskis\/"]}]}},"_links":{"self":[{"href":"https:\/\/www.elpex.se\/cs\/wp-json\/wp\/v2\/product\/6993","targetHints":{"allow":["GET"]}}],"collection":[{"href":"https:\/\/www.elpex.se\/cs\/wp-json\/wp\/v2\/product"}],"about":[{"href":"https:\/\/www.elpex.se\/cs\/wp-json\/wp\/v2\/types\/product"}],"wp:featuredmedia":[{"embeddable":true,"href":"https:\/\/www.elpex.se\/cs\/wp-json\/wp\/v2\/media\/14354"}],"wp:attachment":[{"href":"https:\/\/www.elpex.se\/cs\/wp-json\/wp\/v2\/media?parent=6993"}],"wp:term":[{"taxonomy":"product_brand","embeddable":true,"href":"https:\/\/www.elpex.se\/cs\/wp-json\/wp\/v2\/product_brand?post=6993"},{"taxonomy":"product_cat","embeddable":true,"href":"https:\/\/www.elpex.se\/cs\/wp-json\/wp\/v2\/product_cat?post=6993"},{"taxonomy":"product_tag","embeddable":true,"href":"https:\/\/www.elpex.se\/cs\/wp-json\/wp\/v2\/product_tag?post=6993"}],"curies":[{"name":"wp","href":"https:\/\/api.w.org\/{rel}","templated":true}]}}