{"id":6925,"date":"2024-11-05T14:22:41","date_gmt":"2024-11-05T14:22:41","guid":{"rendered":"https:\/\/www.elpex.se\/produkt\/classic-junior\/"},"modified":"2026-02-24T15:38:32","modified_gmt":"2026-02-24T15:38:32","slug":"classic-junior","status":"publish","type":"product","link":"https:\/\/www.elpex.se\/cs\/produkt\/classic-junior\/","title":{"rendered":"Classic Junior"},"content":{"rendered":"<p data-start=\"0\" data-end=\"244\">Krat\u0161\u00ed hlin\u00edkov\u00fd r\u00e1m je to jedin\u00e9, co tuhle ly\u017ei odli\u0161uje od jej\u00edho \u201ev\u011bt\u0161\u00edho br\u00e1chy\u201c Classic Race. Lehk\u00e9 a poddajn\u00e9 kole\u010dkov\u00e9 ly\u017ee se stejnou vysokou kvalitou \u2013 ide\u00e1ln\u00ed pro za\u010d\u00e1tky s kole\u010dkov\u00fdm ly\u017eov\u00e1n\u00edm. Vhodn\u00e9 pro d\u011bti a juniory do 16 let.  <\/p>\n<p data-start=\"246\" data-end=\"297\"><strong data-start=\"246\" data-end=\"263\">Typ ly\u017ea\u0159e:<\/strong> D\u011bti a junio\u0159i do 16 let.<\/p>\n<p data-start=\"299\" data-end=\"318\"><strong data-start=\"299\" data-end=\"316\">Novinky 2026:<\/strong><\/p>\n<ul>\n<li data-start=\"321\" data-end=\"371\">Tmav\u00fd zinkoniklov\u00fd povlak na \u0161roubech a svorn\u00edc\u00edch<\/li>\n<li data-start=\"331\" data-end=\"357\">Vylep\u0161en\u00e1 odolnost s\u00edtotisku na d\u0159\u00edku<\/li>\n<\/ul>\n","protected":false},"excerpt":{"rendered":"<p data-pm-slice=\"1 1 []\">Krat\u0161\u00ed hlin\u00edkov\u00fd r\u00e1m je jedin\u00e1 v\u011bc, kter\u00e1 tuto ly\u017ei odli\u0161uje od jej\u00edho &#8222;velk\u00e9ho bratra&#8220; Classic Race. Hladk\u00e9 a lehk\u00e9 ly\u017ee stejn\u00e9 vysok\u00e9 kvality. Ide\u00e1ln\u00ed kole\u010dkov\u00e9 ly\u017ee pro sezn\u00e1men\u00ed s kole\u010dkov\u00fdm ly\u017eov\u00e1n\u00edm!  <\/p>\n","protected":false},"featured_media":7671,"template":"","meta":[],"product_brand":[],"product_cat":[224,223],"product_tag":[491],"class_list":{"0":"post-6925","1":"product","2":"type-product","3":"status-publish","4":"has-post-thumbnail","6":"product_cat-classic-cs","7":"product_cat-koleckove-lyze","8":"product_tag-pro-zacatecniky","10":"first","11":"instock","12":"taxable","13":"shipping-taxable","14":"purchasable","15":"product-type-variable","16":"has-default-attributes"},"composite_virtual":false,"composite_layout":"","composite_add_to_cart_form_location":"","composite_editable_in_cart":false,"composite_sold_individually_context":"","composite_shop_price_calc":"","composite_components":[],"composite_scenarios":[],"yoast_head":"<!-- This site is optimized with the Yoast SEO plugin v27.4 - https:\/\/yoast.com\/product\/yoast-seo-wordpress\/ -->\n<title>Classic Junior - Elpex<\/title>\n<meta name=\"robots\" content=\"index, follow, max-snippet:-1, max-image-preview:large, max-video-preview:-1\" \/>\n<link rel=\"canonical\" href=\"https:\/\/www.elpex.se\/cs\/produkt\/classic-junior\/\" \/>\n<meta property=\"og:locale\" content=\"cs_CZ\" \/>\n<meta property=\"og:type\" content=\"article\" \/>\n<meta property=\"og:title\" content=\"Classic Junior - Elpex\" \/>\n<meta property=\"og:description\" content=\"Krat\u0161\u00ed hlin\u00edkov\u00fd r\u00e1m je jedin\u00e1 v\u011bc, kter\u00e1 tuto ly\u017ei odli\u0161uje od jej\u00edho &quot;velk\u00e9ho bratra&quot; Classic Race. Hladk\u00e9 a lehk\u00e9 ly\u017ee stejn\u00e9 vysok\u00e9 kvality. Ide\u00e1ln\u00ed kole\u010dkov\u00e9 ly\u017ee pro sezn\u00e1men\u00ed s kole\u010dkov\u00fdm ly\u017eov\u00e1n\u00edm!\" \/>\n<meta property=\"og:url\" content=\"https:\/\/www.elpex.se\/cs\/produkt\/classic-junior\/\" \/>\n<meta property=\"og:site_name\" content=\"Elpex\" \/>\n<meta property=\"article:publisher\" content=\"https:\/\/www.facebook.com\/www.elpex.se\/?locale=sv_SE\" \/>\n<meta property=\"article:modified_time\" content=\"2026-02-24T15:38:32+00:00\" \/>\n<meta property=\"og:image\" content=\"https:\/\/www.elpex.se\/wp-content\/uploads\/2024\/11\/Elpex_Classic-Junior_1-scaled.jpg.webp\" \/>\n\t<meta property=\"og:image:width\" content=\"1907\" \/>\n\t<meta property=\"og:image:height\" content=\"2560\" \/>\n\t<meta property=\"og:image:type\" content=\"image\/jpeg\" \/>\n<meta name=\"twitter:card\" content=\"summary_large_image\" \/>\n<script type=\"application\/ld+json\" class=\"yoast-schema-graph\">{\"@context\":\"https:\\\/\\\/schema.org\",\"@graph\":[{\"@type\":\"WebPage\",\"@id\":\"https:\\\/\\\/www.elpex.se\\\/cs\\\/produkt\\\/classic-junior\\\/\",\"url\":\"https:\\\/\\\/www.elpex.se\\\/cs\\\/produkt\\\/classic-junior\\\/\",\"name\":\"Classic Junior - Elpex\",\"isPartOf\":{\"@id\":\"https:\\\/\\\/www.elpex.se\\\/cs\\\/#website\"},\"primaryImageOfPage\":{\"@id\":\"https:\\\/\\\/www.elpex.se\\\/cs\\\/produkt\\\/classic-junior\\\/#primaryimage\"},\"image\":{\"@id\":\"https:\\\/\\\/www.elpex.se\\\/cs\\\/produkt\\\/classic-junior\\\/#primaryimage\"},\"thumbnailUrl\":\"https:\\\/\\\/www.elpex.se\\\/wp-content\\\/uploads\\\/2024\\\/11\\\/Elpex_Classic-Junior_1-scaled.jpg.webp\",\"datePublished\":\"2024-11-05T14:22:41+00:00\",\"dateModified\":\"2026-02-24T15:38:32+00:00\",\"breadcrumb\":{\"@id\":\"https:\\\/\\\/www.elpex.se\\\/cs\\\/produkt\\\/classic-junior\\\/#breadcrumb\"},\"inLanguage\":\"cs\",\"potentialAction\":[{\"@type\":\"ReadAction\",\"target\":[\"https:\\\/\\\/www.elpex.se\\\/cs\\\/produkt\\\/classic-junior\\\/\"]}]},{\"@type\":\"ImageObject\",\"inLanguage\":\"cs\",\"@id\":\"https:\\\/\\\/www.elpex.se\\\/cs\\\/produkt\\\/classic-junior\\\/#primaryimage\",\"url\":\"https:\\\/\\\/www.elpex.se\\\/wp-content\\\/uploads\\\/2024\\\/11\\\/Elpex_Classic-Junior_1-scaled.jpg.webp\",\"contentUrl\":\"https:\\\/\\\/www.elpex.se\\\/wp-content\\\/uploads\\\/2024\\\/11\\\/Elpex_Classic-Junior_1-scaled.jpg.webp\",\"width\":1907,\"height\":2560},{\"@type\":\"BreadcrumbList\",\"@id\":\"https:\\\/\\\/www.elpex.se\\\/cs\\\/produkt\\\/classic-junior\\\/#breadcrumb\",\"itemListElement\":[{\"@type\":\"ListItem\",\"position\":1,\"name\":\"Hem\",\"item\":\"https:\\\/\\\/www.elpex.se\\\/cs\\\/\"},{\"@type\":\"ListItem\",\"position\":2,\"name\":\"Kole\u010dkov\u00e9 ly\u017ee a p\u0159\u00edslu\u0161enstv\u00ed\",\"item\":\"https:\\\/\\\/www.elpex.se\\\/cs\\\/shop\\\/\"},{\"@type\":\"ListItem\",\"position\":3,\"name\":\"Classic Junior\"}]},{\"@type\":\"WebSite\",\"@id\":\"https:\\\/\\\/www.elpex.se\\\/cs\\\/#website\",\"url\":\"https:\\\/\\\/www.elpex.se\\\/cs\\\/\",\"name\":\"Elpex\",\"description\":\"\",\"publisher\":{\"@id\":\"https:\\\/\\\/www.elpex.se\\\/cs\\\/#organization\"},\"potentialAction\":[{\"@type\":\"SearchAction\",\"target\":{\"@type\":\"EntryPoint\",\"urlTemplate\":\"https:\\\/\\\/www.elpex.se\\\/cs\\\/?s={search_term_string}\"},\"query-input\":{\"@type\":\"PropertyValueSpecification\",\"valueRequired\":true,\"valueName\":\"search_term_string\"}}],\"inLanguage\":\"cs\"},{\"@type\":\"Organization\",\"@id\":\"https:\\\/\\\/www.elpex.se\\\/cs\\\/#organization\",\"name\":\"Elpex\",\"url\":\"https:\\\/\\\/www.elpex.se\\\/cs\\\/\",\"logo\":{\"@type\":\"ImageObject\",\"inLanguage\":\"cs\",\"@id\":\"https:\\\/\\\/www.elpex.se\\\/cs\\\/#\\\/schema\\\/logo\\\/image\\\/\",\"url\":\"https:\\\/\\\/www.elpex.se\\\/wp-content\\\/uploads\\\/2024\\\/11\\\/Elpex-logo_svart.svg\",\"contentUrl\":\"https:\\\/\\\/www.elpex.se\\\/wp-content\\\/uploads\\\/2024\\\/11\\\/Elpex-logo_svart.svg\",\"caption\":\"Elpex\"},\"image\":{\"@id\":\"https:\\\/\\\/www.elpex.se\\\/cs\\\/#\\\/schema\\\/logo\\\/image\\\/\"},\"sameAs\":[\"https:\\\/\\\/www.facebook.com\\\/www.elpex.se\\\/?locale=sv_SE\",\"https:\\\/\\\/www.instagram.com\\\/elpexrollerskis\\\/\"]}]}<\/script>\n<!-- \/ Yoast SEO plugin. -->","yoast_head_json":{"title":"Classic Junior - Elpex","robots":{"index":"index","follow":"follow","max-snippet":"max-snippet:-1","max-image-preview":"max-image-preview:large","max-video-preview":"max-video-preview:-1"},"canonical":"https:\/\/www.elpex.se\/cs\/produkt\/classic-junior\/","og_locale":"cs_CZ","og_type":"article","og_title":"Classic Junior - Elpex","og_description":"Krat\u0161\u00ed hlin\u00edkov\u00fd r\u00e1m je jedin\u00e1 v\u011bc, kter\u00e1 tuto ly\u017ei odli\u0161uje od jej\u00edho \"velk\u00e9ho bratra\" Classic Race. Hladk\u00e9 a lehk\u00e9 ly\u017ee stejn\u00e9 vysok\u00e9 kvality. Ide\u00e1ln\u00ed kole\u010dkov\u00e9 ly\u017ee pro sezn\u00e1men\u00ed s kole\u010dkov\u00fdm ly\u017eov\u00e1n\u00edm!","og_url":"https:\/\/www.elpex.se\/cs\/produkt\/classic-junior\/","og_site_name":"Elpex","article_publisher":"https:\/\/www.facebook.com\/www.elpex.se\/?locale=sv_SE","article_modified_time":"2026-02-24T15:38:32+00:00","og_image":[{"width":1907,"height":2560,"url":"https:\/\/www.elpex.se\/wp-content\/uploads\/2024\/11\/Elpex_Classic-Junior_1-scaled.jpg.webp","type":"image\/jpeg"}],"twitter_card":"summary_large_image","schema":{"@context":"https:\/\/schema.org","@graph":[{"@type":"WebPage","@id":"https:\/\/www.elpex.se\/cs\/produkt\/classic-junior\/","url":"https:\/\/www.elpex.se\/cs\/produkt\/classic-junior\/","name":"Classic Junior - Elpex","isPartOf":{"@id":"https:\/\/www.elpex.se\/cs\/#website"},"primaryImageOfPage":{"@id":"https:\/\/www.elpex.se\/cs\/produkt\/classic-junior\/#primaryimage"},"image":{"@id":"https:\/\/www.elpex.se\/cs\/produkt\/classic-junior\/#primaryimage"},"thumbnailUrl":"https:\/\/www.elpex.se\/wp-content\/uploads\/2024\/11\/Elpex_Classic-Junior_1-scaled.jpg.webp","datePublished":"2024-11-05T14:22:41+00:00","dateModified":"2026-02-24T15:38:32+00:00","breadcrumb":{"@id":"https:\/\/www.elpex.se\/cs\/produkt\/classic-junior\/#breadcrumb"},"inLanguage":"cs","potentialAction":[{"@type":"ReadAction","target":["https:\/\/www.elpex.se\/cs\/produkt\/classic-junior\/"]}]},{"@type":"ImageObject","inLanguage":"cs","@id":"https:\/\/www.elpex.se\/cs\/produkt\/classic-junior\/#primaryimage","url":"https:\/\/www.elpex.se\/wp-content\/uploads\/2024\/11\/Elpex_Classic-Junior_1-scaled.jpg.webp","contentUrl":"https:\/\/www.elpex.se\/wp-content\/uploads\/2024\/11\/Elpex_Classic-Junior_1-scaled.jpg.webp","width":1907,"height":2560},{"@type":"BreadcrumbList","@id":"https:\/\/www.elpex.se\/cs\/produkt\/classic-junior\/#breadcrumb","itemListElement":[{"@type":"ListItem","position":1,"name":"Hem","item":"https:\/\/www.elpex.se\/cs\/"},{"@type":"ListItem","position":2,"name":"Kole\u010dkov\u00e9 ly\u017ee a p\u0159\u00edslu\u0161enstv\u00ed","item":"https:\/\/www.elpex.se\/cs\/shop\/"},{"@type":"ListItem","position":3,"name":"Classic Junior"}]},{"@type":"WebSite","@id":"https:\/\/www.elpex.se\/cs\/#website","url":"https:\/\/www.elpex.se\/cs\/","name":"Elpex","description":"","publisher":{"@id":"https:\/\/www.elpex.se\/cs\/#organization"},"potentialAction":[{"@type":"SearchAction","target":{"@type":"EntryPoint","urlTemplate":"https:\/\/www.elpex.se\/cs\/?s={search_term_string}"},"query-input":{"@type":"PropertyValueSpecification","valueRequired":true,"valueName":"search_term_string"}}],"inLanguage":"cs"},{"@type":"Organization","@id":"https:\/\/www.elpex.se\/cs\/#organization","name":"Elpex","url":"https:\/\/www.elpex.se\/cs\/","logo":{"@type":"ImageObject","inLanguage":"cs","@id":"https:\/\/www.elpex.se\/cs\/#\/schema\/logo\/image\/","url":"https:\/\/www.elpex.se\/wp-content\/uploads\/2024\/11\/Elpex-logo_svart.svg","contentUrl":"https:\/\/www.elpex.se\/wp-content\/uploads\/2024\/11\/Elpex-logo_svart.svg","caption":"Elpex"},"image":{"@id":"https:\/\/www.elpex.se\/cs\/#\/schema\/logo\/image\/"},"sameAs":["https:\/\/www.facebook.com\/www.elpex.se\/?locale=sv_SE","https:\/\/www.instagram.com\/elpexrollerskis\/"]}]}},"_links":{"self":[{"href":"https:\/\/www.elpex.se\/cs\/wp-json\/wp\/v2\/product\/6925","targetHints":{"allow":["GET"]}}],"collection":[{"href":"https:\/\/www.elpex.se\/cs\/wp-json\/wp\/v2\/product"}],"about":[{"href":"https:\/\/www.elpex.se\/cs\/wp-json\/wp\/v2\/types\/product"}],"wp:featuredmedia":[{"embeddable":true,"href":"https:\/\/www.elpex.se\/cs\/wp-json\/wp\/v2\/media\/7671"}],"wp:attachment":[{"href":"https:\/\/www.elpex.se\/cs\/wp-json\/wp\/v2\/media?parent=6925"}],"wp:term":[{"taxonomy":"product_brand","embeddable":true,"href":"https:\/\/www.elpex.se\/cs\/wp-json\/wp\/v2\/product_brand?post=6925"},{"taxonomy":"product_cat","embeddable":true,"href":"https:\/\/www.elpex.se\/cs\/wp-json\/wp\/v2\/product_cat?post=6925"},{"taxonomy":"product_tag","embeddable":true,"href":"https:\/\/www.elpex.se\/cs\/wp-json\/wp\/v2\/product_tag?post=6925"}],"curies":[{"name":"wp","href":"https:\/\/api.w.org\/{rel}","templated":true}]}}