{"id":6866,"date":"2024-10-24T14:09:57","date_gmt":"2024-10-24T14:09:57","guid":{"rendered":"https:\/\/www.elpex.se\/produkt\/klasicke-zarizeni-wasa\/"},"modified":"2026-02-24T15:22:52","modified_gmt":"2026-02-24T15:22:52","slug":"klasicke-zarizeni-wasa","status":"publish","type":"product","link":"https:\/\/www.elpex.se\/cs\/produkt\/klasicke-zarizeni-wasa\/","title":{"rendered":"Classic Wasa"},"content":{"rendered":"<p data-start=\"0\" data-end=\"458\">Origin\u00e1l s ko\u0159eny sahaj\u00edc\u00edmi a\u017e do 80. let! Nejprod\u00e1van\u011bj\u0161\u00ed kole\u010dkov\u00e9 ly\u017ee na sv\u011bt\u011b? Tohle je model, kter\u00fd je v nab\u00eddce nejd\u00e9le \u2013 a m\u00e1 to sv\u016fj d\u016fvod: je velmi, velmi dobr\u00fd. \u0160irok\u00e1 kole\u010dka zaji\u0161\u0165uj\u00ed stabilitu a r\u00e1m nab\u00edz\u00ed ide\u00e1ln\u00ed pru\u017enost. Je to perfektn\u00ed tr\u00e9ninkov\u00e1 kole\u010dkov\u00e1 ly\u017ee pro ka\u017ed\u00e9ho, od za\u010d\u00e1te\u010dn\u00edk\u016f a\u017e po elitn\u00ed ly\u017ea\u0159e. Stabiln\u00ed pocit z j\u00edzdy, kter\u00fd v\u011brn\u011b napodobuje b\u011b\u017eeck\u00e9 ly\u017eov\u00e1n\u00ed, d\u011bl\u00e1 z Elpex Wasa ide\u00e1ln\u00edho partnera na cesty.   <\/p>\n<p data-start=\"460\" data-end=\"506\"><strong data-start=\"460\" data-end=\"477\">Typ ly\u017ea\u0159e:<\/strong> Za\u010d\u00e1te\u010dn\u00edci i zku\u0161en\u00ed ly\u017ea\u0159i.<\/p>\n<p data-start=\"508\" data-end=\"525\"><strong data-start=\"508\" data-end=\"525\">Novinky pro rok 2026:<\/strong><\/p>\n<ul>\n<li data-start=\"529\" data-end=\"576\">Lep\u0161\u00ed se\u0159\u00edzen\u00ed kole\u010dek a usazen\u00ed ve vidlic\u00edch<\/li>\n<li data-start=\"579\" data-end=\"629\">Tmav\u00fd zinkoniklov\u00fd povlak na \u0161roubech a svorn\u00edc\u00edch<\/li>\n<li data-start=\"632\" data-end=\"658\">Vylep\u0161en\u00e1 odolnost s\u00edtotisku na d\u0159\u00edku<\/li>\n<\/ul>\n<p data-pm-slice=\"1 1 []\">\n","protected":false},"excerpt":{"rendered":"<p>Origin\u00e1l s ko\u0159eny sahaj\u00edc\u00edmi a\u017e do 80. let! Nejprod\u00e1van\u011bj\u0161\u00ed kole\u010dkov\u00e9 ly\u017ee na sv\u011bt\u011b? Tento model je v nab\u00eddce nejd\u00e9le z n\u011bjak\u00e9ho d\u016fvodu: je velmi dobr\u00fd. \u0160irok\u00e1 kola zaji\u0161\u0165uj\u00ed stabilitu a r\u00e1m nab\u00edz\u00ed p\u0159im\u011b\u0159enou hmotnost. <\/p>\n","protected":false},"featured_media":14366,"template":"","meta":[],"product_brand":[],"product_cat":[224,223,245],"product_tag":[515],"class_list":{"0":"post-6866","1":"product","2":"type-product","3":"status-publish","4":"has-post-thumbnail","6":"product_cat-classic-cs","7":"product_cat-koleckove-lyze","8":"product_cat-oblibene-produkty","9":"product_tag-zacatecnik","11":"first","12":"instock","13":"taxable","14":"shipping-taxable","15":"purchasable","16":"product-type-variable"},"composite_virtual":false,"composite_layout":"","composite_add_to_cart_form_location":"","composite_editable_in_cart":false,"composite_sold_individually_context":"","composite_shop_price_calc":"","composite_components":[],"composite_scenarios":[],"yoast_head":"<!-- This site is optimized with the Yoast SEO plugin v27.4 - https:\/\/yoast.com\/product\/yoast-seo-wordpress\/ -->\n<title>Classic Wasa - Elpex<\/title>\n<meta name=\"robots\" content=\"index, follow, max-snippet:-1, max-image-preview:large, max-video-preview:-1\" \/>\n<link rel=\"canonical\" href=\"https:\/\/www.elpex.se\/cs\/produkt\/klasicke-zarizeni-wasa\/\" \/>\n<meta property=\"og:locale\" content=\"cs_CZ\" \/>\n<meta property=\"og:type\" content=\"article\" \/>\n<meta property=\"og:title\" content=\"Classic Wasa - Elpex\" \/>\n<meta property=\"og:description\" content=\"Origin\u00e1l s ko\u0159eny sahaj\u00edc\u00edmi a\u017e do 80. let! Nejprod\u00e1van\u011bj\u0161\u00ed kole\u010dkov\u00e9 ly\u017ee na sv\u011bt\u011b? Tento model je v nab\u00eddce nejd\u00e9le z n\u011bjak\u00e9ho d\u016fvodu: je velmi dobr\u00fd. \u0160irok\u00e1 kola zaji\u0161\u0165uj\u00ed stabilitu a r\u00e1m nab\u00edz\u00ed p\u0159im\u011b\u0159enou hmotnost.\" \/>\n<meta property=\"og:url\" content=\"https:\/\/www.elpex.se\/cs\/produkt\/klasicke-zarizeni-wasa\/\" \/>\n<meta property=\"og:site_name\" content=\"Elpex\" \/>\n<meta property=\"article:publisher\" content=\"https:\/\/www.facebook.com\/www.elpex.se\/?locale=sv_SE\" \/>\n<meta property=\"article:modified_time\" content=\"2026-02-24T15:22:52+00:00\" \/>\n<meta property=\"og:image\" content=\"https:\/\/www.elpex.se\/wp-content\/uploads\/2024\/10\/Elpex_Classic-Wasa_2-scaled.jpg.webp\" \/>\n\t<meta property=\"og:image:width\" content=\"1907\" \/>\n\t<meta property=\"og:image:height\" content=\"2560\" \/>\n\t<meta property=\"og:image:type\" content=\"image\/jpeg\" \/>\n<meta name=\"twitter:card\" content=\"summary_large_image\" \/>\n<meta name=\"twitter:label1\" content=\"Odhadovan\u00e1 doba \u010dten\u00ed\" \/>\n\t<meta name=\"twitter:data1\" content=\"1 minuta\" \/>\n<script type=\"application\/ld+json\" class=\"yoast-schema-graph\">{\"@context\":\"https:\\\/\\\/schema.org\",\"@graph\":[{\"@type\":\"WebPage\",\"@id\":\"https:\\\/\\\/www.elpex.se\\\/cs\\\/produkt\\\/klasicke-zarizeni-wasa\\\/\",\"url\":\"https:\\\/\\\/www.elpex.se\\\/cs\\\/produkt\\\/klasicke-zarizeni-wasa\\\/\",\"name\":\"Classic Wasa - Elpex\",\"isPartOf\":{\"@id\":\"https:\\\/\\\/www.elpex.se\\\/cs\\\/#website\"},\"primaryImageOfPage\":{\"@id\":\"https:\\\/\\\/www.elpex.se\\\/cs\\\/produkt\\\/klasicke-zarizeni-wasa\\\/#primaryimage\"},\"image\":{\"@id\":\"https:\\\/\\\/www.elpex.se\\\/cs\\\/produkt\\\/klasicke-zarizeni-wasa\\\/#primaryimage\"},\"thumbnailUrl\":\"https:\\\/\\\/www.elpex.se\\\/wp-content\\\/uploads\\\/2024\\\/10\\\/Classic-Wasa-Camera-18.png\",\"datePublished\":\"2024-10-24T14:09:57+00:00\",\"dateModified\":\"2026-02-24T15:22:52+00:00\",\"breadcrumb\":{\"@id\":\"https:\\\/\\\/www.elpex.se\\\/cs\\\/produkt\\\/klasicke-zarizeni-wasa\\\/#breadcrumb\"},\"inLanguage\":\"cs\",\"potentialAction\":[{\"@type\":\"ReadAction\",\"target\":[\"https:\\\/\\\/www.elpex.se\\\/cs\\\/produkt\\\/klasicke-zarizeni-wasa\\\/\"]}]},{\"@type\":\"ImageObject\",\"inLanguage\":\"cs\",\"@id\":\"https:\\\/\\\/www.elpex.se\\\/cs\\\/produkt\\\/klasicke-zarizeni-wasa\\\/#primaryimage\",\"url\":\"https:\\\/\\\/www.elpex.se\\\/wp-content\\\/uploads\\\/2024\\\/10\\\/Classic-Wasa-Camera-18.png\",\"contentUrl\":\"https:\\\/\\\/www.elpex.se\\\/wp-content\\\/uploads\\\/2024\\\/10\\\/Classic-Wasa-Camera-18.png\",\"width\":1080,\"height\":1350},{\"@type\":\"BreadcrumbList\",\"@id\":\"https:\\\/\\\/www.elpex.se\\\/cs\\\/produkt\\\/klasicke-zarizeni-wasa\\\/#breadcrumb\",\"itemListElement\":[{\"@type\":\"ListItem\",\"position\":1,\"name\":\"Hem\",\"item\":\"https:\\\/\\\/www.elpex.se\\\/cs\\\/\"},{\"@type\":\"ListItem\",\"position\":2,\"name\":\"Kole\u010dkov\u00e9 ly\u017ee a p\u0159\u00edslu\u0161enstv\u00ed\",\"item\":\"https:\\\/\\\/www.elpex.se\\\/cs\\\/shop\\\/\"},{\"@type\":\"ListItem\",\"position\":3,\"name\":\"Classic Wasa\"}]},{\"@type\":\"WebSite\",\"@id\":\"https:\\\/\\\/www.elpex.se\\\/cs\\\/#website\",\"url\":\"https:\\\/\\\/www.elpex.se\\\/cs\\\/\",\"name\":\"Elpex\",\"description\":\"\",\"publisher\":{\"@id\":\"https:\\\/\\\/www.elpex.se\\\/cs\\\/#organization\"},\"potentialAction\":[{\"@type\":\"SearchAction\",\"target\":{\"@type\":\"EntryPoint\",\"urlTemplate\":\"https:\\\/\\\/www.elpex.se\\\/cs\\\/?s={search_term_string}\"},\"query-input\":{\"@type\":\"PropertyValueSpecification\",\"valueRequired\":true,\"valueName\":\"search_term_string\"}}],\"inLanguage\":\"cs\"},{\"@type\":\"Organization\",\"@id\":\"https:\\\/\\\/www.elpex.se\\\/cs\\\/#organization\",\"name\":\"Elpex\",\"url\":\"https:\\\/\\\/www.elpex.se\\\/cs\\\/\",\"logo\":{\"@type\":\"ImageObject\",\"inLanguage\":\"cs\",\"@id\":\"https:\\\/\\\/www.elpex.se\\\/cs\\\/#\\\/schema\\\/logo\\\/image\\\/\",\"url\":\"https:\\\/\\\/www.elpex.se\\\/wp-content\\\/uploads\\\/2024\\\/11\\\/Elpex-logo_svart.svg\",\"contentUrl\":\"https:\\\/\\\/www.elpex.se\\\/wp-content\\\/uploads\\\/2024\\\/11\\\/Elpex-logo_svart.svg\",\"caption\":\"Elpex\"},\"image\":{\"@id\":\"https:\\\/\\\/www.elpex.se\\\/cs\\\/#\\\/schema\\\/logo\\\/image\\\/\"},\"sameAs\":[\"https:\\\/\\\/www.facebook.com\\\/www.elpex.se\\\/?locale=sv_SE\",\"https:\\\/\\\/www.instagram.com\\\/elpexrollerskis\\\/\"]}]}<\/script>\n<!-- \/ Yoast SEO plugin. -->","yoast_head_json":{"title":"Classic Wasa - Elpex","robots":{"index":"index","follow":"follow","max-snippet":"max-snippet:-1","max-image-preview":"max-image-preview:large","max-video-preview":"max-video-preview:-1"},"canonical":"https:\/\/www.elpex.se\/cs\/produkt\/klasicke-zarizeni-wasa\/","og_locale":"cs_CZ","og_type":"article","og_title":"Classic Wasa - Elpex","og_description":"Origin\u00e1l s ko\u0159eny sahaj\u00edc\u00edmi a\u017e do 80. let! Nejprod\u00e1van\u011bj\u0161\u00ed kole\u010dkov\u00e9 ly\u017ee na sv\u011bt\u011b? Tento model je v nab\u00eddce nejd\u00e9le z n\u011bjak\u00e9ho d\u016fvodu: je velmi dobr\u00fd. \u0160irok\u00e1 kola zaji\u0161\u0165uj\u00ed stabilitu a r\u00e1m nab\u00edz\u00ed p\u0159im\u011b\u0159enou hmotnost.","og_url":"https:\/\/www.elpex.se\/cs\/produkt\/klasicke-zarizeni-wasa\/","og_site_name":"Elpex","article_publisher":"https:\/\/www.facebook.com\/www.elpex.se\/?locale=sv_SE","article_modified_time":"2026-02-24T15:22:52+00:00","og_image":[{"width":1907,"height":2560,"url":"https:\/\/www.elpex.se\/wp-content\/uploads\/2024\/10\/Elpex_Classic-Wasa_2-scaled.jpg.webp","type":"image\/jpeg"}],"twitter_card":"summary_large_image","twitter_misc":{"Odhadovan\u00e1 doba \u010dten\u00ed":"1 minuta"},"schema":{"@context":"https:\/\/schema.org","@graph":[{"@type":"WebPage","@id":"https:\/\/www.elpex.se\/cs\/produkt\/klasicke-zarizeni-wasa\/","url":"https:\/\/www.elpex.se\/cs\/produkt\/klasicke-zarizeni-wasa\/","name":"Classic Wasa - Elpex","isPartOf":{"@id":"https:\/\/www.elpex.se\/cs\/#website"},"primaryImageOfPage":{"@id":"https:\/\/www.elpex.se\/cs\/produkt\/klasicke-zarizeni-wasa\/#primaryimage"},"image":{"@id":"https:\/\/www.elpex.se\/cs\/produkt\/klasicke-zarizeni-wasa\/#primaryimage"},"thumbnailUrl":"https:\/\/www.elpex.se\/wp-content\/uploads\/2024\/10\/Classic-Wasa-Camera-18.png","datePublished":"2024-10-24T14:09:57+00:00","dateModified":"2026-02-24T15:22:52+00:00","breadcrumb":{"@id":"https:\/\/www.elpex.se\/cs\/produkt\/klasicke-zarizeni-wasa\/#breadcrumb"},"inLanguage":"cs","potentialAction":[{"@type":"ReadAction","target":["https:\/\/www.elpex.se\/cs\/produkt\/klasicke-zarizeni-wasa\/"]}]},{"@type":"ImageObject","inLanguage":"cs","@id":"https:\/\/www.elpex.se\/cs\/produkt\/klasicke-zarizeni-wasa\/#primaryimage","url":"https:\/\/www.elpex.se\/wp-content\/uploads\/2024\/10\/Classic-Wasa-Camera-18.png","contentUrl":"https:\/\/www.elpex.se\/wp-content\/uploads\/2024\/10\/Classic-Wasa-Camera-18.png","width":1080,"height":1350},{"@type":"BreadcrumbList","@id":"https:\/\/www.elpex.se\/cs\/produkt\/klasicke-zarizeni-wasa\/#breadcrumb","itemListElement":[{"@type":"ListItem","position":1,"name":"Hem","item":"https:\/\/www.elpex.se\/cs\/"},{"@type":"ListItem","position":2,"name":"Kole\u010dkov\u00e9 ly\u017ee a p\u0159\u00edslu\u0161enstv\u00ed","item":"https:\/\/www.elpex.se\/cs\/shop\/"},{"@type":"ListItem","position":3,"name":"Classic Wasa"}]},{"@type":"WebSite","@id":"https:\/\/www.elpex.se\/cs\/#website","url":"https:\/\/www.elpex.se\/cs\/","name":"Elpex","description":"","publisher":{"@id":"https:\/\/www.elpex.se\/cs\/#organization"},"potentialAction":[{"@type":"SearchAction","target":{"@type":"EntryPoint","urlTemplate":"https:\/\/www.elpex.se\/cs\/?s={search_term_string}"},"query-input":{"@type":"PropertyValueSpecification","valueRequired":true,"valueName":"search_term_string"}}],"inLanguage":"cs"},{"@type":"Organization","@id":"https:\/\/www.elpex.se\/cs\/#organization","name":"Elpex","url":"https:\/\/www.elpex.se\/cs\/","logo":{"@type":"ImageObject","inLanguage":"cs","@id":"https:\/\/www.elpex.se\/cs\/#\/schema\/logo\/image\/","url":"https:\/\/www.elpex.se\/wp-content\/uploads\/2024\/11\/Elpex-logo_svart.svg","contentUrl":"https:\/\/www.elpex.se\/wp-content\/uploads\/2024\/11\/Elpex-logo_svart.svg","caption":"Elpex"},"image":{"@id":"https:\/\/www.elpex.se\/cs\/#\/schema\/logo\/image\/"},"sameAs":["https:\/\/www.facebook.com\/www.elpex.se\/?locale=sv_SE","https:\/\/www.instagram.com\/elpexrollerskis\/"]}]}},"_links":{"self":[{"href":"https:\/\/www.elpex.se\/cs\/wp-json\/wp\/v2\/product\/6866","targetHints":{"allow":["GET"]}}],"collection":[{"href":"https:\/\/www.elpex.se\/cs\/wp-json\/wp\/v2\/product"}],"about":[{"href":"https:\/\/www.elpex.se\/cs\/wp-json\/wp\/v2\/types\/product"}],"wp:featuredmedia":[{"embeddable":true,"href":"https:\/\/www.elpex.se\/cs\/wp-json\/wp\/v2\/media\/14366"}],"wp:attachment":[{"href":"https:\/\/www.elpex.se\/cs\/wp-json\/wp\/v2\/media?parent=6866"}],"wp:term":[{"taxonomy":"product_brand","embeddable":true,"href":"https:\/\/www.elpex.se\/cs\/wp-json\/wp\/v2\/product_brand?post=6866"},{"taxonomy":"product_cat","embeddable":true,"href":"https:\/\/www.elpex.se\/cs\/wp-json\/wp\/v2\/product_cat?post=6866"},{"taxonomy":"product_tag","embeddable":true,"href":"https:\/\/www.elpex.se\/cs\/wp-json\/wp\/v2\/product_tag?post=6866"}],"curies":[{"name":"wp","href":"https:\/\/api.w.org\/{rel}","templated":true}]}}