{"id":6212,"date":"2025-01-22T13:03:14","date_gmt":"2025-01-22T13:03:14","guid":{"rendered":"https:\/\/www.elpex.se\/?post_type=product&#038;p=6212"},"modified":"2026-02-26T13:26:41","modified_gmt":"2026-02-26T13:26:41","slug":"predni-kolo-50-mm","status":"publish","type":"product","link":"https:\/\/www.elpex.se\/cs\/produkt\/predni-kolo-50-mm\/","title":{"rendered":"P\u0159edn\u00ed kolo 50 mm"},"content":{"rendered":"<div class=\"component_description_wrapper\">\n<div class=\"component_description\">\n<p><strong>Specifikace:<\/strong><\/p>\n<ul>\n<li>\u0160\u00ed\u0159ka kola: 50 mm<\/li>\n<li>Pr\u016fm\u011br kola: 70 mm<\/li>\n<\/ul>\n<p><strong>Kompatibiln\u00ed s:<\/strong> Classic Wasa, Classic DP (zadn\u00ed), Wasa 610, Evolution Wasa<\/p>\n<p>Za\u010dn\u011bte v\u00fdb\u011brem valiv\u00e9ho odporu.<\/p>\n<ul>\n<li>(2): Standardn\u00ed kolo a valiv\u00fd odpor pou\u017e\u00edvan\u00fd v sout\u011b\u017e\u00edch na kole\u010dkov\u00fdch ly\u017e\u00edch. Vhodn\u00e9 pro za\u010d\u00e1te\u010dn\u00edky, cvi\u010dence, ale i pro ty, kte\u0159\u00ed cht\u011bj\u00ed tr\u00e9novat s leh\u010d\u00edm valiv\u00fdm odporem. <\/li>\n<li>(3): V\u011bt\u0161\u00ed valiv\u00fd odpor. Vhodn\u00e9 pro ty, kte\u0159\u00ed cht\u011bj\u00ed sv\u016fj tr\u00e9nink posunout na vy\u0161\u0161\u00ed \u00farove\u0148 a cht\u011bj\u00ed v\u011bt\u0161\u00ed v\u00fdzvu. <\/li>\n<li>(4): N\u00e1\u0161 nejt\u011b\u017e\u0161\u00ed valiv\u00fd odpor. Je ur\u010dena pro ty, kte\u0159\u00ed hodn\u011b ly\u017eovali s odporem 3, ale maj\u00ed pocit, \u017ee se p\u0159\u00edli\u0161 snadno odvaluj\u00ed. <\/li>\n<\/ul>\n<p>D\u00e1le si m\u016f\u017eete vybrat p\u0159edn\u00ed\/zadn\u00ed kola, kter\u00e1 chcete koupit.<\/p>\n<ul>\n<li>Na\u0161e kompletn\u00ed kola zahrnuj\u00ed n\u00e1pravu, kuli\u010dkov\u00e9 lo\u017eisko a kolo.<\/li>\n<li>Pr\u00e1zdn\u00e1 kola jsou vhodn\u00e1 pro ty, kte\u0159\u00ed cht\u011bj\u00ed vym\u011bnit pouze samotnou gumu v kolech, ale znovu pou\u017e\u00edt osu a kuli\u010dkov\u00e1 lo\u017eiska.<\/li>\n<\/ul>\n<\/div>\n<\/div>\n","protected":false},"excerpt":{"rendered":"<p>Specifikace: \u0160\u00ed\u0159ka kola: 50 mm Pr\u016fm\u011br kola: 70 mm Kompatibiln\u00ed s: Classic Wasa, Classic DP (zadn\u00ed), Wasa 610, Evolution Wasa Za\u010dn\u011bte v\u00fdb\u011brem valiv\u00e9ho odporu. (2): Standardn\u00ed kolo a valiv\u00fd odpor pou\u017e\u00edvan\u00fd v sout\u011b\u017e\u00edch na kole\u010dkov\u00fdch ly\u017e\u00edch. Vhodn\u00e9 pro za\u010d\u00e1te\u010dn\u00edky, cvi\u010dence, ale i pro ty, kte\u0159\u00ed [&hellip;]<\/p>\n","protected":false},"featured_media":11046,"template":"","meta":[],"product_brand":[],"product_cat":[161,435],"product_tag":[],"class_list":{"0":"post-6212","1":"product","2":"type-product","3":"status-publish","4":"has-post-thumbnail","6":"product_cat-kola","7":"product_cat-nahradni-dily","9":"first","10":"instock","11":"taxable","12":"shipping-taxable","13":"purchasable","14":"product-type-variable"},"composite_virtual":false,"composite_layout":"","composite_add_to_cart_form_location":"","composite_editable_in_cart":false,"composite_sold_individually_context":"","composite_shop_price_calc":"","composite_components":[],"composite_scenarios":[],"yoast_head":"<!-- This site is optimized with the Yoast SEO plugin v27.0 - https:\/\/yoast.com\/product\/yoast-seo-wordpress\/ -->\n<title>P\u0159edn\u00ed kolo 50 mm - Elpex<\/title>\n<meta name=\"robots\" content=\"index, follow, max-snippet:-1, max-image-preview:large, max-video-preview:-1\" \/>\n<link rel=\"canonical\" href=\"https:\/\/www.elpex.se\/cs\/produkt\/predni-kolo-50-mm\/\" \/>\n<meta property=\"og:locale\" content=\"cs_CZ\" \/>\n<meta property=\"og:type\" content=\"article\" \/>\n<meta property=\"og:title\" content=\"P\u0159edn\u00ed kolo 50 mm - Elpex\" \/>\n<meta property=\"og:description\" content=\"Specifikace: \u0160\u00ed\u0159ka kola: 50 mm Pr\u016fm\u011br kola: 70 mm Kompatibiln\u00ed s: Classic Wasa, Classic DP (zadn\u00ed), Wasa 610, Evolution Wasa Za\u010dn\u011bte v\u00fdb\u011brem valiv\u00e9ho odporu. (2): Standardn\u00ed kolo a valiv\u00fd odpor pou\u017e\u00edvan\u00fd v sout\u011b\u017e\u00edch na kole\u010dkov\u00fdch ly\u017e\u00edch. Vhodn\u00e9 pro za\u010d\u00e1te\u010dn\u00edky, cvi\u010dence, ale i pro ty, kte\u0159\u00ed [&hellip;]\" \/>\n<meta property=\"og:url\" content=\"https:\/\/www.elpex.se\/cs\/produkt\/predni-kolo-50-mm\/\" \/>\n<meta property=\"og:site_name\" content=\"Elpex\" \/>\n<meta property=\"article:publisher\" content=\"https:\/\/www.facebook.com\/www.elpex.se\/?locale=sv_SE\" \/>\n<meta property=\"article:modified_time\" content=\"2026-02-26T13:26:41+00:00\" \/>\n<meta property=\"og:image\" content=\"https:\/\/www.elpex.se\/wp-content\/uploads\/2025\/01\/07_Dack_med_hjullager_TransparentBG.jpg.webp\" \/>\n\t<meta property=\"og:image:width\" content=\"1920\" \/>\n\t<meta property=\"og:image:height\" content=\"1920\" \/>\n\t<meta property=\"og:image:type\" content=\"image\/jpeg\" \/>\n<meta name=\"twitter:card\" content=\"summary_large_image\" \/>\n<meta name=\"twitter:label1\" content=\"Odhadovan\u00e1 doba \u010dten\u00ed\" \/>\n\t<meta name=\"twitter:data1\" content=\"2 minuty\" \/>\n<script type=\"application\/ld+json\" class=\"yoast-schema-graph\">{\"@context\":\"https:\/\/schema.org\",\"@graph\":[{\"@type\":\"WebPage\",\"@id\":\"https:\/\/www.elpex.se\/cs\/produkt\/predni-kolo-50-mm\/\",\"url\":\"https:\/\/www.elpex.se\/cs\/produkt\/predni-kolo-50-mm\/\",\"name\":\"P\u0159edn\u00ed kolo 50 mm - Elpex\",\"isPartOf\":{\"@id\":\"https:\/\/www.elpex.se\/cs\/#website\"},\"primaryImageOfPage\":{\"@id\":\"https:\/\/www.elpex.se\/cs\/produkt\/predni-kolo-50-mm\/#primaryimage\"},\"image\":{\"@id\":\"https:\/\/www.elpex.se\/cs\/produkt\/predni-kolo-50-mm\/#primaryimage\"},\"thumbnailUrl\":\"https:\/\/www.elpex.se\/wp-content\/uploads\/2025\/01\/07_Dack_med_hjullager_TransparentBG.jpg.webp\",\"datePublished\":\"2025-01-22T13:03:14+00:00\",\"dateModified\":\"2026-02-26T13:26:41+00:00\",\"breadcrumb\":{\"@id\":\"https:\/\/www.elpex.se\/cs\/produkt\/predni-kolo-50-mm\/#breadcrumb\"},\"inLanguage\":\"cs\",\"potentialAction\":[{\"@type\":\"ReadAction\",\"target\":[\"https:\/\/www.elpex.se\/cs\/produkt\/predni-kolo-50-mm\/\"]}]},{\"@type\":\"ImageObject\",\"inLanguage\":\"cs\",\"@id\":\"https:\/\/www.elpex.se\/cs\/produkt\/predni-kolo-50-mm\/#primaryimage\",\"url\":\"https:\/\/www.elpex.se\/wp-content\/uploads\/2025\/01\/07_Dack_med_hjullager_TransparentBG.jpg.webp\",\"contentUrl\":\"https:\/\/www.elpex.se\/wp-content\/uploads\/2025\/01\/07_Dack_med_hjullager_TransparentBG.jpg.webp\",\"width\":1920,\"height\":1920},{\"@type\":\"BreadcrumbList\",\"@id\":\"https:\/\/www.elpex.se\/cs\/produkt\/predni-kolo-50-mm\/#breadcrumb\",\"itemListElement\":[{\"@type\":\"ListItem\",\"position\":1,\"name\":\"Hem\",\"item\":\"https:\/\/www.elpex.se\/cs\/\"},{\"@type\":\"ListItem\",\"position\":2,\"name\":\"Kole\u010dkov\u00e9 ly\u017ee a p\u0159\u00edslu\u0161enstv\u00ed\",\"item\":\"https:\/\/www.elpex.se\/cs\/shop\/\"},{\"@type\":\"ListItem\",\"position\":3,\"name\":\"P\u0159edn\u00ed kolo 50 mm\"}]},{\"@type\":\"WebSite\",\"@id\":\"https:\/\/www.elpex.se\/cs\/#website\",\"url\":\"https:\/\/www.elpex.se\/cs\/\",\"name\":\"Elpex\",\"description\":\"\",\"publisher\":{\"@id\":\"https:\/\/www.elpex.se\/cs\/#organization\"},\"potentialAction\":[{\"@type\":\"SearchAction\",\"target\":{\"@type\":\"EntryPoint\",\"urlTemplate\":\"https:\/\/www.elpex.se\/cs\/?s={search_term_string}\"},\"query-input\":{\"@type\":\"PropertyValueSpecification\",\"valueRequired\":true,\"valueName\":\"search_term_string\"}}],\"inLanguage\":\"cs\"},{\"@type\":\"Organization\",\"@id\":\"https:\/\/www.elpex.se\/cs\/#organization\",\"name\":\"Elpex\",\"url\":\"https:\/\/www.elpex.se\/cs\/\",\"logo\":{\"@type\":\"ImageObject\",\"inLanguage\":\"cs\",\"@id\":\"https:\/\/www.elpex.se\/cs\/#\/schema\/logo\/image\/\",\"url\":\"https:\/\/www.elpex.se\/wp-content\/uploads\/2024\/11\/Elpex-logo_svart.svg\",\"contentUrl\":\"https:\/\/www.elpex.se\/wp-content\/uploads\/2024\/11\/Elpex-logo_svart.svg\",\"caption\":\"Elpex\"},\"image\":{\"@id\":\"https:\/\/www.elpex.se\/cs\/#\/schema\/logo\/image\/\"},\"sameAs\":[\"https:\/\/www.facebook.com\/www.elpex.se\/?locale=sv_SE\",\"https:\/\/www.instagram.com\/elpexrollerskis\/\"]}]}<\/script>\n<!-- \/ Yoast SEO plugin. -->","yoast_head_json":{"title":"P\u0159edn\u00ed kolo 50 mm - Elpex","robots":{"index":"index","follow":"follow","max-snippet":"max-snippet:-1","max-image-preview":"max-image-preview:large","max-video-preview":"max-video-preview:-1"},"canonical":"https:\/\/www.elpex.se\/cs\/produkt\/predni-kolo-50-mm\/","og_locale":"cs_CZ","og_type":"article","og_title":"P\u0159edn\u00ed kolo 50 mm - Elpex","og_description":"Specifikace: \u0160\u00ed\u0159ka kola: 50 mm Pr\u016fm\u011br kola: 70 mm Kompatibiln\u00ed s: Classic Wasa, Classic DP (zadn\u00ed), Wasa 610, Evolution Wasa Za\u010dn\u011bte v\u00fdb\u011brem valiv\u00e9ho odporu. (2): Standardn\u00ed kolo a valiv\u00fd odpor pou\u017e\u00edvan\u00fd v sout\u011b\u017e\u00edch na kole\u010dkov\u00fdch ly\u017e\u00edch. Vhodn\u00e9 pro za\u010d\u00e1te\u010dn\u00edky, cvi\u010dence, ale i pro ty, kte\u0159\u00ed [&hellip;]","og_url":"https:\/\/www.elpex.se\/cs\/produkt\/predni-kolo-50-mm\/","og_site_name":"Elpex","article_publisher":"https:\/\/www.facebook.com\/www.elpex.se\/?locale=sv_SE","article_modified_time":"2026-02-26T13:26:41+00:00","og_image":[{"width":1920,"height":1920,"url":"https:\/\/www.elpex.se\/wp-content\/uploads\/2025\/01\/07_Dack_med_hjullager_TransparentBG.jpg.webp","type":"image\/jpeg"}],"twitter_card":"summary_large_image","twitter_misc":{"Odhadovan\u00e1 doba \u010dten\u00ed":"2 minuty"},"schema":{"@context":"https:\/\/schema.org","@graph":[{"@type":"WebPage","@id":"https:\/\/www.elpex.se\/cs\/produkt\/predni-kolo-50-mm\/","url":"https:\/\/www.elpex.se\/cs\/produkt\/predni-kolo-50-mm\/","name":"P\u0159edn\u00ed kolo 50 mm - Elpex","isPartOf":{"@id":"https:\/\/www.elpex.se\/cs\/#website"},"primaryImageOfPage":{"@id":"https:\/\/www.elpex.se\/cs\/produkt\/predni-kolo-50-mm\/#primaryimage"},"image":{"@id":"https:\/\/www.elpex.se\/cs\/produkt\/predni-kolo-50-mm\/#primaryimage"},"thumbnailUrl":"https:\/\/www.elpex.se\/wp-content\/uploads\/2025\/01\/07_Dack_med_hjullager_TransparentBG.jpg.webp","datePublished":"2025-01-22T13:03:14+00:00","dateModified":"2026-02-26T13:26:41+00:00","breadcrumb":{"@id":"https:\/\/www.elpex.se\/cs\/produkt\/predni-kolo-50-mm\/#breadcrumb"},"inLanguage":"cs","potentialAction":[{"@type":"ReadAction","target":["https:\/\/www.elpex.se\/cs\/produkt\/predni-kolo-50-mm\/"]}]},{"@type":"ImageObject","inLanguage":"cs","@id":"https:\/\/www.elpex.se\/cs\/produkt\/predni-kolo-50-mm\/#primaryimage","url":"https:\/\/www.elpex.se\/wp-content\/uploads\/2025\/01\/07_Dack_med_hjullager_TransparentBG.jpg.webp","contentUrl":"https:\/\/www.elpex.se\/wp-content\/uploads\/2025\/01\/07_Dack_med_hjullager_TransparentBG.jpg.webp","width":1920,"height":1920},{"@type":"BreadcrumbList","@id":"https:\/\/www.elpex.se\/cs\/produkt\/predni-kolo-50-mm\/#breadcrumb","itemListElement":[{"@type":"ListItem","position":1,"name":"Hem","item":"https:\/\/www.elpex.se\/cs\/"},{"@type":"ListItem","position":2,"name":"Kole\u010dkov\u00e9 ly\u017ee a p\u0159\u00edslu\u0161enstv\u00ed","item":"https:\/\/www.elpex.se\/cs\/shop\/"},{"@type":"ListItem","position":3,"name":"P\u0159edn\u00ed kolo 50 mm"}]},{"@type":"WebSite","@id":"https:\/\/www.elpex.se\/cs\/#website","url":"https:\/\/www.elpex.se\/cs\/","name":"Elpex","description":"","publisher":{"@id":"https:\/\/www.elpex.se\/cs\/#organization"},"potentialAction":[{"@type":"SearchAction","target":{"@type":"EntryPoint","urlTemplate":"https:\/\/www.elpex.se\/cs\/?s={search_term_string}"},"query-input":{"@type":"PropertyValueSpecification","valueRequired":true,"valueName":"search_term_string"}}],"inLanguage":"cs"},{"@type":"Organization","@id":"https:\/\/www.elpex.se\/cs\/#organization","name":"Elpex","url":"https:\/\/www.elpex.se\/cs\/","logo":{"@type":"ImageObject","inLanguage":"cs","@id":"https:\/\/www.elpex.se\/cs\/#\/schema\/logo\/image\/","url":"https:\/\/www.elpex.se\/wp-content\/uploads\/2024\/11\/Elpex-logo_svart.svg","contentUrl":"https:\/\/www.elpex.se\/wp-content\/uploads\/2024\/11\/Elpex-logo_svart.svg","caption":"Elpex"},"image":{"@id":"https:\/\/www.elpex.se\/cs\/#\/schema\/logo\/image\/"},"sameAs":["https:\/\/www.facebook.com\/www.elpex.se\/?locale=sv_SE","https:\/\/www.instagram.com\/elpexrollerskis\/"]}]}},"_links":{"self":[{"href":"https:\/\/www.elpex.se\/cs\/wp-json\/wp\/v2\/product\/6212","targetHints":{"allow":["GET"]}}],"collection":[{"href":"https:\/\/www.elpex.se\/cs\/wp-json\/wp\/v2\/product"}],"about":[{"href":"https:\/\/www.elpex.se\/cs\/wp-json\/wp\/v2\/types\/product"}],"wp:featuredmedia":[{"embeddable":true,"href":"https:\/\/www.elpex.se\/cs\/wp-json\/wp\/v2\/media\/11046"}],"wp:attachment":[{"href":"https:\/\/www.elpex.se\/cs\/wp-json\/wp\/v2\/media?parent=6212"}],"wp:term":[{"taxonomy":"product_brand","embeddable":true,"href":"https:\/\/www.elpex.se\/cs\/wp-json\/wp\/v2\/product_brand?post=6212"},{"taxonomy":"product_cat","embeddable":true,"href":"https:\/\/www.elpex.se\/cs\/wp-json\/wp\/v2\/product_cat?post=6212"},{"taxonomy":"product_tag","embeddable":true,"href":"https:\/\/www.elpex.se\/cs\/wp-json\/wp\/v2\/product_tag?post=6212"}],"curies":[{"name":"wp","href":"https:\/\/api.w.org\/{rel}","templated":true}]}}