{"id":4837,"date":"2024-12-12T20:00:25","date_gmt":"2024-12-12T20:00:25","guid":{"rendered":"https:\/\/www.elpex.se\/produkt\/tlumic-narazu-elpex\/"},"modified":"2026-01-14T13:38:28","modified_gmt":"2026-01-14T13:38:28","slug":"tlumic-narazu-elpex","status":"publish","type":"product","link":"https:\/\/www.elpex.se\/cs\/produkt\/tlumic-narazu-elpex\/","title":{"rendered":"Tlumi\u010d n\u00e1raz\u016f Elpex"},"content":{"rendered":"<p>Sada Elpex s tlumen\u00fdmi rukoje\u0165mi! Vhodn\u00e9 pro hole s trubkami o pr\u016fm\u011bru 16 mm, co\u017e je v\u011bt\u0161ina na trhu. <\/p>\n<p>Sada obsahuje:<\/p>\n<ul>\n<li>Dv\u011b rukojeti<\/li>\n<li>Dva popruhy<\/li>\n<li>Dva tlumic\u00ed mechanismy<\/li>\n<li>Lepidlo<\/li>\n<li>N\u00e1vod k mont\u00e1\u017ei<\/li>\n<\/ul>\n","protected":false},"excerpt":{"rendered":"<p>Sada Elpex s tlumen\u00fdmi rukoje\u0165mi! Vhodn\u00e9 pro hole s trubkami o pr\u016fm\u011bru 16 mm, co\u017e je v\u011bt\u0161ina na trhu. Sada obsahuje: Dv\u011b rukojeti Dva popruhy Dva tlumic\u00ed mechanismy Lepidlo N\u00e1vod k mont\u00e1\u017ei<\/p>\n","protected":false},"featured_media":0,"template":"","meta":[],"product_brand":[],"product_cat":[192],"product_tag":[],"class_list":{"0":"post-4837","1":"product","2":"type-product","3":"status-publish","5":"product_cat-prislusenstvi","7":"first","8":"outofstock","9":"taxable","10":"shipping-taxable","11":"purchasable","12":"product-type-simple"},"composite_virtual":false,"composite_layout":"","composite_add_to_cart_form_location":"","composite_editable_in_cart":false,"composite_sold_individually_context":"","composite_shop_price_calc":"","composite_components":[],"composite_scenarios":[],"yoast_head":"<!-- This site is optimized with the Yoast SEO plugin v27.4 - https:\/\/yoast.com\/product\/yoast-seo-wordpress\/ -->\n<title>Tlumi\u010d n\u00e1raz\u016f Elpex - Elpex<\/title>\n<meta name=\"robots\" content=\"index, follow, max-snippet:-1, max-image-preview:large, max-video-preview:-1\" \/>\n<link rel=\"canonical\" href=\"https:\/\/www.elpex.se\/cs\/produkt\/tlumic-narazu-elpex\/\" \/>\n<meta property=\"og:locale\" content=\"cs_CZ\" \/>\n<meta property=\"og:type\" content=\"article\" \/>\n<meta property=\"og:title\" content=\"Tlumi\u010d n\u00e1raz\u016f Elpex - Elpex\" \/>\n<meta property=\"og:description\" content=\"Sada Elpex s tlumen\u00fdmi rukoje\u0165mi! Vhodn\u00e9 pro hole s trubkami o pr\u016fm\u011bru 16 mm, co\u017e je v\u011bt\u0161ina na trhu. Sada obsahuje: Dv\u011b rukojeti Dva popruhy Dva tlumic\u00ed mechanismy Lepidlo N\u00e1vod k mont\u00e1\u017ei\" \/>\n<meta property=\"og:url\" content=\"https:\/\/www.elpex.se\/cs\/produkt\/tlumic-narazu-elpex\/\" \/>\n<meta property=\"og:site_name\" content=\"Elpex\" \/>\n<meta property=\"article:publisher\" content=\"https:\/\/www.facebook.com\/www.elpex.se\/?locale=sv_SE\" \/>\n<meta property=\"article:modified_time\" content=\"2026-01-14T13:38:28+00:00\" \/>\n<meta name=\"twitter:card\" content=\"summary_large_image\" \/>\n<script type=\"application\/ld+json\" class=\"yoast-schema-graph\">{\"@context\":\"https:\\\/\\\/schema.org\",\"@graph\":[{\"@type\":\"WebPage\",\"@id\":\"https:\\\/\\\/www.elpex.se\\\/cs\\\/produkt\\\/tlumic-narazu-elpex\\\/\",\"url\":\"https:\\\/\\\/www.elpex.se\\\/cs\\\/produkt\\\/tlumic-narazu-elpex\\\/\",\"name\":\"Tlumi\u010d n\u00e1raz\u016f Elpex - Elpex\",\"isPartOf\":{\"@id\":\"https:\\\/\\\/www.elpex.se\\\/cs\\\/#website\"},\"datePublished\":\"2024-12-12T20:00:25+00:00\",\"dateModified\":\"2026-01-14T13:38:28+00:00\",\"breadcrumb\":{\"@id\":\"https:\\\/\\\/www.elpex.se\\\/cs\\\/produkt\\\/tlumic-narazu-elpex\\\/#breadcrumb\"},\"inLanguage\":\"cs\",\"potentialAction\":[{\"@type\":\"ReadAction\",\"target\":[\"https:\\\/\\\/www.elpex.se\\\/cs\\\/produkt\\\/tlumic-narazu-elpex\\\/\"]}]},{\"@type\":\"BreadcrumbList\",\"@id\":\"https:\\\/\\\/www.elpex.se\\\/cs\\\/produkt\\\/tlumic-narazu-elpex\\\/#breadcrumb\",\"itemListElement\":[{\"@type\":\"ListItem\",\"position\":1,\"name\":\"Hem\",\"item\":\"https:\\\/\\\/www.elpex.se\\\/cs\\\/\"},{\"@type\":\"ListItem\",\"position\":2,\"name\":\"Kole\u010dkov\u00e9 ly\u017ee a p\u0159\u00edslu\u0161enstv\u00ed\",\"item\":\"https:\\\/\\\/www.elpex.se\\\/cs\\\/shop\\\/\"},{\"@type\":\"ListItem\",\"position\":3,\"name\":\"Tlumi\u010d n\u00e1raz\u016f Elpex\"}]},{\"@type\":\"WebSite\",\"@id\":\"https:\\\/\\\/www.elpex.se\\\/cs\\\/#website\",\"url\":\"https:\\\/\\\/www.elpex.se\\\/cs\\\/\",\"name\":\"Elpex\",\"description\":\"\",\"publisher\":{\"@id\":\"https:\\\/\\\/www.elpex.se\\\/cs\\\/#organization\"},\"potentialAction\":[{\"@type\":\"SearchAction\",\"target\":{\"@type\":\"EntryPoint\",\"urlTemplate\":\"https:\\\/\\\/www.elpex.se\\\/cs\\\/?s={search_term_string}\"},\"query-input\":{\"@type\":\"PropertyValueSpecification\",\"valueRequired\":true,\"valueName\":\"search_term_string\"}}],\"inLanguage\":\"cs\"},{\"@type\":\"Organization\",\"@id\":\"https:\\\/\\\/www.elpex.se\\\/cs\\\/#organization\",\"name\":\"Elpex\",\"url\":\"https:\\\/\\\/www.elpex.se\\\/cs\\\/\",\"logo\":{\"@type\":\"ImageObject\",\"inLanguage\":\"cs\",\"@id\":\"https:\\\/\\\/www.elpex.se\\\/cs\\\/#\\\/schema\\\/logo\\\/image\\\/\",\"url\":\"https:\\\/\\\/www.elpex.se\\\/wp-content\\\/uploads\\\/2024\\\/11\\\/Elpex-logo_svart.svg\",\"contentUrl\":\"https:\\\/\\\/www.elpex.se\\\/wp-content\\\/uploads\\\/2024\\\/11\\\/Elpex-logo_svart.svg\",\"caption\":\"Elpex\"},\"image\":{\"@id\":\"https:\\\/\\\/www.elpex.se\\\/cs\\\/#\\\/schema\\\/logo\\\/image\\\/\"},\"sameAs\":[\"https:\\\/\\\/www.facebook.com\\\/www.elpex.se\\\/?locale=sv_SE\",\"https:\\\/\\\/www.instagram.com\\\/elpexrollerskis\\\/\"]}]}<\/script>\n<!-- \/ Yoast SEO plugin. -->","yoast_head_json":{"title":"Tlumi\u010d n\u00e1raz\u016f Elpex - Elpex","robots":{"index":"index","follow":"follow","max-snippet":"max-snippet:-1","max-image-preview":"max-image-preview:large","max-video-preview":"max-video-preview:-1"},"canonical":"https:\/\/www.elpex.se\/cs\/produkt\/tlumic-narazu-elpex\/","og_locale":"cs_CZ","og_type":"article","og_title":"Tlumi\u010d n\u00e1raz\u016f Elpex - Elpex","og_description":"Sada Elpex s tlumen\u00fdmi rukoje\u0165mi! Vhodn\u00e9 pro hole s trubkami o pr\u016fm\u011bru 16 mm, co\u017e je v\u011bt\u0161ina na trhu. Sada obsahuje: Dv\u011b rukojeti Dva popruhy Dva tlumic\u00ed mechanismy Lepidlo N\u00e1vod k mont\u00e1\u017ei","og_url":"https:\/\/www.elpex.se\/cs\/produkt\/tlumic-narazu-elpex\/","og_site_name":"Elpex","article_publisher":"https:\/\/www.facebook.com\/www.elpex.se\/?locale=sv_SE","article_modified_time":"2026-01-14T13:38:28+00:00","twitter_card":"summary_large_image","schema":{"@context":"https:\/\/schema.org","@graph":[{"@type":"WebPage","@id":"https:\/\/www.elpex.se\/cs\/produkt\/tlumic-narazu-elpex\/","url":"https:\/\/www.elpex.se\/cs\/produkt\/tlumic-narazu-elpex\/","name":"Tlumi\u010d n\u00e1raz\u016f Elpex - Elpex","isPartOf":{"@id":"https:\/\/www.elpex.se\/cs\/#website"},"datePublished":"2024-12-12T20:00:25+00:00","dateModified":"2026-01-14T13:38:28+00:00","breadcrumb":{"@id":"https:\/\/www.elpex.se\/cs\/produkt\/tlumic-narazu-elpex\/#breadcrumb"},"inLanguage":"cs","potentialAction":[{"@type":"ReadAction","target":["https:\/\/www.elpex.se\/cs\/produkt\/tlumic-narazu-elpex\/"]}]},{"@type":"BreadcrumbList","@id":"https:\/\/www.elpex.se\/cs\/produkt\/tlumic-narazu-elpex\/#breadcrumb","itemListElement":[{"@type":"ListItem","position":1,"name":"Hem","item":"https:\/\/www.elpex.se\/cs\/"},{"@type":"ListItem","position":2,"name":"Kole\u010dkov\u00e9 ly\u017ee a p\u0159\u00edslu\u0161enstv\u00ed","item":"https:\/\/www.elpex.se\/cs\/shop\/"},{"@type":"ListItem","position":3,"name":"Tlumi\u010d n\u00e1raz\u016f Elpex"}]},{"@type":"WebSite","@id":"https:\/\/www.elpex.se\/cs\/#website","url":"https:\/\/www.elpex.se\/cs\/","name":"Elpex","description":"","publisher":{"@id":"https:\/\/www.elpex.se\/cs\/#organization"},"potentialAction":[{"@type":"SearchAction","target":{"@type":"EntryPoint","urlTemplate":"https:\/\/www.elpex.se\/cs\/?s={search_term_string}"},"query-input":{"@type":"PropertyValueSpecification","valueRequired":true,"valueName":"search_term_string"}}],"inLanguage":"cs"},{"@type":"Organization","@id":"https:\/\/www.elpex.se\/cs\/#organization","name":"Elpex","url":"https:\/\/www.elpex.se\/cs\/","logo":{"@type":"ImageObject","inLanguage":"cs","@id":"https:\/\/www.elpex.se\/cs\/#\/schema\/logo\/image\/","url":"https:\/\/www.elpex.se\/wp-content\/uploads\/2024\/11\/Elpex-logo_svart.svg","contentUrl":"https:\/\/www.elpex.se\/wp-content\/uploads\/2024\/11\/Elpex-logo_svart.svg","caption":"Elpex"},"image":{"@id":"https:\/\/www.elpex.se\/cs\/#\/schema\/logo\/image\/"},"sameAs":["https:\/\/www.facebook.com\/www.elpex.se\/?locale=sv_SE","https:\/\/www.instagram.com\/elpexrollerskis\/"]}]}},"_links":{"self":[{"href":"https:\/\/www.elpex.se\/cs\/wp-json\/wp\/v2\/product\/4837","targetHints":{"allow":["GET"]}}],"collection":[{"href":"https:\/\/www.elpex.se\/cs\/wp-json\/wp\/v2\/product"}],"about":[{"href":"https:\/\/www.elpex.se\/cs\/wp-json\/wp\/v2\/types\/product"}],"wp:attachment":[{"href":"https:\/\/www.elpex.se\/cs\/wp-json\/wp\/v2\/media?parent=4837"}],"wp:term":[{"taxonomy":"product_brand","embeddable":true,"href":"https:\/\/www.elpex.se\/cs\/wp-json\/wp\/v2\/product_brand?post=4837"},{"taxonomy":"product_cat","embeddable":true,"href":"https:\/\/www.elpex.se\/cs\/wp-json\/wp\/v2\/product_cat?post=4837"},{"taxonomy":"product_tag","embeddable":true,"href":"https:\/\/www.elpex.se\/cs\/wp-json\/wp\/v2\/product_tag?post=4837"}],"curies":[{"name":"wp","href":"https:\/\/api.w.org\/{rel}","templated":true}]}}