{"id":3747,"date":"2024-11-26T10:10:10","date_gmt":"2024-11-26T10:10:10","guid":{"rendered":"https:\/\/www.elpex.se\/produkt\/kolecko-24-mm\/"},"modified":"2026-02-26T08:51:43","modified_gmt":"2026-02-26T08:51:43","slug":"kolecko-24-mm","status":"publish","type":"product","link":"https:\/\/www.elpex.se\/cs\/produkt\/kolecko-24-mm\/","title":{"rendered":"Kole\u010dko 24 mm"},"content":{"rendered":"<p><strong>Specifikace:<\/strong><\/p>\n<ul>\n<li>\u0160\u00ed\u0159ka kole\u010dka: 24 mm<\/li>\n<li>Pr\u016fm\u011br kole\u010dka: 100 mm<\/li>\n<\/ul>\n<p><strong>Valiv\u00fd odpor:<\/strong><\/p>\n<ul>\n<li aria-level=\"1\"><b>(PU2):<\/b> Odoln\u00e9 polyuretanov\u00e9 kolo s \u00farovn\u00ed valiv\u00e9ho odporu 2. Poskytuje pevn\u00fd grip a stabiln\u00ed v\u00fdkon na such\u00e9m i mokr\u00e9m asfaltu bez pocitu houbovitosti. Spolehliv\u00e1 volba pro tr\u00e9nink i z\u00e1vody.  <\/li>\n<li aria-level=\"1\"><b>(Premium 2):<\/b> Na\u0161e gumov\u00e1 kole\u010dka s pr\u00e9miovou sm\u011bs\u00ed nab\u00edz\u00ed rovnom\u011brn\u00fd valiv\u00fd odpor (\u00farove\u0148 2), skv\u011blou p\u0159ilnavost na mokru a vysokou odolnost proti opot\u0159eben\u00ed. Pro jezdce, kte\u0159\u00ed cht\u011bj\u00ed stejn\u00fd pocit v ka\u017ed\u00e9 teplot\u011b. <\/li>\n<li><b>(Premium 3):<\/b> Postaven\u00e9 na stejn\u00e9 pr\u00e9miov\u00e9 technologii jako Premium 2, ale s vy\u0161\u0161\u00edm valiv\u00fdm odporem. Pro tebe, pokud chce\u0161 posunout tr\u00e9nink na dal\u0161\u00ed \u00farove\u0148 a m\u00edt v\u011bt\u0161\u00ed v\u00fdzvu \u2013 ide\u00e1ln\u00ed pro silov\u00fd tr\u00e9nink a n\u00e1ro\u010dn\u011bj\u0161\u00ed j\u00edzdy. <\/li>\n<\/ul>\n<p><strong>Varianty:<\/strong><\/p>\n<ul>\n<li>Samotn\u00e9 kolo: Pouze kolo. S osou a p\u0159\u00edslu\u0161enstv\u00edm z n\u011bj vytvo\u0159\u00ed\u0161 kompletn\u00ed p\u0159edn\u00ed kolo. <\/li>\n<li>Kompletn\u00ed kolo: Kolo se v\u0161emi komponenty (nap\u0159. osou, distan\u010dn\u00ed vlo\u017ekou a lo\u017eisky), kter\u00e9 jsou pot\u0159eba k mont\u00e1\u017ei a j\u00edzd\u011b.<\/li>\n<\/ul>\n<p><strong>Kompatibiln\u00ed s:<\/strong><\/p>\n<ul>\n<li>Skate Race<\/li>\n<li>Skate Stride<\/li>\n<li>Skate Junior<\/li>\n<\/ul>\n","protected":false},"excerpt":{"rendered":"<p>Skate kole\u010dka, kter\u00e1 pasuj\u00ed na Skate Race, Skate Stride a Skate Junior.<\/p>\n","protected":false},"featured_media":3749,"template":"","meta":[],"product_brand":[],"product_cat":[161,435],"product_tag":[],"class_list":{"0":"post-3747","1":"product","2":"type-product","3":"status-publish","4":"has-post-thumbnail","6":"product_cat-kola","7":"product_cat-nahradni-dily","9":"first","10":"instock","11":"taxable","12":"shipping-taxable","13":"purchasable","14":"product-type-variable","15":"has-default-attributes"},"composite_virtual":false,"composite_layout":"","composite_add_to_cart_form_location":"","composite_editable_in_cart":false,"composite_sold_individually_context":"","composite_shop_price_calc":"","composite_components":[],"composite_scenarios":[],"yoast_head":"<!-- This site is optimized with the Yoast SEO plugin v27.0 - https:\/\/yoast.com\/product\/yoast-seo-wordpress\/ -->\n<title>Kole\u010dko 24 mm - Elpex<\/title>\n<meta name=\"description\" content=\"24mm kole\u010dka vhodn\u00e1 pro Skate Race a F1 Pro\" \/>\n<meta name=\"robots\" content=\"index, follow, max-snippet:-1, max-image-preview:large, max-video-preview:-1\" \/>\n<link rel=\"canonical\" href=\"https:\/\/www.elpex.se\/cs\/produkt\/kolecko-24-mm\/\" \/>\n<meta property=\"og:locale\" content=\"cs_CZ\" \/>\n<meta property=\"og:type\" content=\"article\" \/>\n<meta property=\"og:title\" content=\"Kole\u010dko 24 mm - Elpex\" \/>\n<meta property=\"og:description\" content=\"24mm kole\u010dka vhodn\u00e1 pro Skate Race a F1 Pro\" \/>\n<meta property=\"og:url\" content=\"https:\/\/www.elpex.se\/cs\/produkt\/kolecko-24-mm\/\" \/>\n<meta property=\"og:site_name\" content=\"Elpex\" \/>\n<meta property=\"article:publisher\" content=\"https:\/\/www.facebook.com\/www.elpex.se\/?locale=sv_SE\" \/>\n<meta property=\"article:modified_time\" content=\"2026-02-26T08:51:43+00:00\" \/>\n<meta property=\"og:image\" content=\"https:\/\/www.elpex.se\/wp-content\/uploads\/2024\/11\/F1-pro-skate-race-hjul-wheel.jpg.webp\" \/>\n\t<meta property=\"og:image:width\" content=\"1772\" \/>\n\t<meta property=\"og:image:height\" content=\"1329\" \/>\n\t<meta property=\"og:image:type\" content=\"image\/jpeg\" \/>\n<meta name=\"twitter:card\" content=\"summary_large_image\" \/>\n<meta name=\"twitter:label1\" content=\"Odhadovan\u00e1 doba \u010dten\u00ed\" \/>\n\t<meta name=\"twitter:data1\" content=\"1 minuta\" \/>\n<script type=\"application\/ld+json\" class=\"yoast-schema-graph\">{\"@context\":\"https:\/\/schema.org\",\"@graph\":[{\"@type\":\"WebPage\",\"@id\":\"https:\/\/www.elpex.se\/cs\/produkt\/kolecko-24-mm\/\",\"url\":\"https:\/\/www.elpex.se\/cs\/produkt\/kolecko-24-mm\/\",\"name\":\"Kole\u010dko 24 mm - Elpex\",\"isPartOf\":{\"@id\":\"https:\/\/www.elpex.se\/cs\/#website\"},\"primaryImageOfPage\":{\"@id\":\"https:\/\/www.elpex.se\/cs\/produkt\/kolecko-24-mm\/#primaryimage\"},\"image\":{\"@id\":\"https:\/\/www.elpex.se\/cs\/produkt\/kolecko-24-mm\/#primaryimage\"},\"thumbnailUrl\":\"https:\/\/www.elpex.se\/wp-content\/uploads\/2024\/11\/F1-pro-skate-race-hjul-wheel.jpg.webp\",\"datePublished\":\"2024-11-26T10:10:10+00:00\",\"dateModified\":\"2026-02-26T08:51:43+00:00\",\"description\":\"24mm kole\u010dka vhodn\u00e1 pro Skate Race a F1 Pro\",\"breadcrumb\":{\"@id\":\"https:\/\/www.elpex.se\/cs\/produkt\/kolecko-24-mm\/#breadcrumb\"},\"inLanguage\":\"cs\",\"potentialAction\":[{\"@type\":\"ReadAction\",\"target\":[\"https:\/\/www.elpex.se\/cs\/produkt\/kolecko-24-mm\/\"]}]},{\"@type\":\"ImageObject\",\"inLanguage\":\"cs\",\"@id\":\"https:\/\/www.elpex.se\/cs\/produkt\/kolecko-24-mm\/#primaryimage\",\"url\":\"https:\/\/www.elpex.se\/wp-content\/uploads\/2024\/11\/F1-pro-skate-race-hjul-wheel.jpg.webp\",\"contentUrl\":\"https:\/\/www.elpex.se\/wp-content\/uploads\/2024\/11\/F1-pro-skate-race-hjul-wheel.jpg.webp\",\"width\":1772,\"height\":1329},{\"@type\":\"BreadcrumbList\",\"@id\":\"https:\/\/www.elpex.se\/cs\/produkt\/kolecko-24-mm\/#breadcrumb\",\"itemListElement\":[{\"@type\":\"ListItem\",\"position\":1,\"name\":\"Hem\",\"item\":\"https:\/\/www.elpex.se\/cs\/\"},{\"@type\":\"ListItem\",\"position\":2,\"name\":\"Kole\u010dkov\u00e9 ly\u017ee a p\u0159\u00edslu\u0161enstv\u00ed\",\"item\":\"https:\/\/www.elpex.se\/cs\/shop\/\"},{\"@type\":\"ListItem\",\"position\":3,\"name\":\"Kole\u010dko 24 mm\"}]},{\"@type\":\"WebSite\",\"@id\":\"https:\/\/www.elpex.se\/cs\/#website\",\"url\":\"https:\/\/www.elpex.se\/cs\/\",\"name\":\"Elpex\",\"description\":\"\",\"publisher\":{\"@id\":\"https:\/\/www.elpex.se\/cs\/#organization\"},\"potentialAction\":[{\"@type\":\"SearchAction\",\"target\":{\"@type\":\"EntryPoint\",\"urlTemplate\":\"https:\/\/www.elpex.se\/cs\/?s={search_term_string}\"},\"query-input\":{\"@type\":\"PropertyValueSpecification\",\"valueRequired\":true,\"valueName\":\"search_term_string\"}}],\"inLanguage\":\"cs\"},{\"@type\":\"Organization\",\"@id\":\"https:\/\/www.elpex.se\/cs\/#organization\",\"name\":\"Elpex\",\"url\":\"https:\/\/www.elpex.se\/cs\/\",\"logo\":{\"@type\":\"ImageObject\",\"inLanguage\":\"cs\",\"@id\":\"https:\/\/www.elpex.se\/cs\/#\/schema\/logo\/image\/\",\"url\":\"https:\/\/www.elpex.se\/wp-content\/uploads\/2024\/11\/Elpex-logo_svart.svg\",\"contentUrl\":\"https:\/\/www.elpex.se\/wp-content\/uploads\/2024\/11\/Elpex-logo_svart.svg\",\"caption\":\"Elpex\"},\"image\":{\"@id\":\"https:\/\/www.elpex.se\/cs\/#\/schema\/logo\/image\/\"},\"sameAs\":[\"https:\/\/www.facebook.com\/www.elpex.se\/?locale=sv_SE\",\"https:\/\/www.instagram.com\/elpexrollerskis\/\"]}]}<\/script>\n<!-- \/ Yoast SEO plugin. -->","yoast_head_json":{"title":"Kole\u010dko 24 mm - Elpex","description":"24mm kole\u010dka vhodn\u00e1 pro Skate Race a F1 Pro","robots":{"index":"index","follow":"follow","max-snippet":"max-snippet:-1","max-image-preview":"max-image-preview:large","max-video-preview":"max-video-preview:-1"},"canonical":"https:\/\/www.elpex.se\/cs\/produkt\/kolecko-24-mm\/","og_locale":"cs_CZ","og_type":"article","og_title":"Kole\u010dko 24 mm - Elpex","og_description":"24mm kole\u010dka vhodn\u00e1 pro Skate Race a F1 Pro","og_url":"https:\/\/www.elpex.se\/cs\/produkt\/kolecko-24-mm\/","og_site_name":"Elpex","article_publisher":"https:\/\/www.facebook.com\/www.elpex.se\/?locale=sv_SE","article_modified_time":"2026-02-26T08:51:43+00:00","og_image":[{"width":1772,"height":1329,"url":"https:\/\/www.elpex.se\/wp-content\/uploads\/2024\/11\/F1-pro-skate-race-hjul-wheel.jpg.webp","type":"image\/jpeg"}],"twitter_card":"summary_large_image","twitter_misc":{"Odhadovan\u00e1 doba \u010dten\u00ed":"1 minuta"},"schema":{"@context":"https:\/\/schema.org","@graph":[{"@type":"WebPage","@id":"https:\/\/www.elpex.se\/cs\/produkt\/kolecko-24-mm\/","url":"https:\/\/www.elpex.se\/cs\/produkt\/kolecko-24-mm\/","name":"Kole\u010dko 24 mm - Elpex","isPartOf":{"@id":"https:\/\/www.elpex.se\/cs\/#website"},"primaryImageOfPage":{"@id":"https:\/\/www.elpex.se\/cs\/produkt\/kolecko-24-mm\/#primaryimage"},"image":{"@id":"https:\/\/www.elpex.se\/cs\/produkt\/kolecko-24-mm\/#primaryimage"},"thumbnailUrl":"https:\/\/www.elpex.se\/wp-content\/uploads\/2024\/11\/F1-pro-skate-race-hjul-wheel.jpg.webp","datePublished":"2024-11-26T10:10:10+00:00","dateModified":"2026-02-26T08:51:43+00:00","description":"24mm kole\u010dka vhodn\u00e1 pro Skate Race a F1 Pro","breadcrumb":{"@id":"https:\/\/www.elpex.se\/cs\/produkt\/kolecko-24-mm\/#breadcrumb"},"inLanguage":"cs","potentialAction":[{"@type":"ReadAction","target":["https:\/\/www.elpex.se\/cs\/produkt\/kolecko-24-mm\/"]}]},{"@type":"ImageObject","inLanguage":"cs","@id":"https:\/\/www.elpex.se\/cs\/produkt\/kolecko-24-mm\/#primaryimage","url":"https:\/\/www.elpex.se\/wp-content\/uploads\/2024\/11\/F1-pro-skate-race-hjul-wheel.jpg.webp","contentUrl":"https:\/\/www.elpex.se\/wp-content\/uploads\/2024\/11\/F1-pro-skate-race-hjul-wheel.jpg.webp","width":1772,"height":1329},{"@type":"BreadcrumbList","@id":"https:\/\/www.elpex.se\/cs\/produkt\/kolecko-24-mm\/#breadcrumb","itemListElement":[{"@type":"ListItem","position":1,"name":"Hem","item":"https:\/\/www.elpex.se\/cs\/"},{"@type":"ListItem","position":2,"name":"Kole\u010dkov\u00e9 ly\u017ee a p\u0159\u00edslu\u0161enstv\u00ed","item":"https:\/\/www.elpex.se\/cs\/shop\/"},{"@type":"ListItem","position":3,"name":"Kole\u010dko 24 mm"}]},{"@type":"WebSite","@id":"https:\/\/www.elpex.se\/cs\/#website","url":"https:\/\/www.elpex.se\/cs\/","name":"Elpex","description":"","publisher":{"@id":"https:\/\/www.elpex.se\/cs\/#organization"},"potentialAction":[{"@type":"SearchAction","target":{"@type":"EntryPoint","urlTemplate":"https:\/\/www.elpex.se\/cs\/?s={search_term_string}"},"query-input":{"@type":"PropertyValueSpecification","valueRequired":true,"valueName":"search_term_string"}}],"inLanguage":"cs"},{"@type":"Organization","@id":"https:\/\/www.elpex.se\/cs\/#organization","name":"Elpex","url":"https:\/\/www.elpex.se\/cs\/","logo":{"@type":"ImageObject","inLanguage":"cs","@id":"https:\/\/www.elpex.se\/cs\/#\/schema\/logo\/image\/","url":"https:\/\/www.elpex.se\/wp-content\/uploads\/2024\/11\/Elpex-logo_svart.svg","contentUrl":"https:\/\/www.elpex.se\/wp-content\/uploads\/2024\/11\/Elpex-logo_svart.svg","caption":"Elpex"},"image":{"@id":"https:\/\/www.elpex.se\/cs\/#\/schema\/logo\/image\/"},"sameAs":["https:\/\/www.facebook.com\/www.elpex.se\/?locale=sv_SE","https:\/\/www.instagram.com\/elpexrollerskis\/"]}]}},"_links":{"self":[{"href":"https:\/\/www.elpex.se\/cs\/wp-json\/wp\/v2\/product\/3747","targetHints":{"allow":["GET"]}}],"collection":[{"href":"https:\/\/www.elpex.se\/cs\/wp-json\/wp\/v2\/product"}],"about":[{"href":"https:\/\/www.elpex.se\/cs\/wp-json\/wp\/v2\/types\/product"}],"wp:featuredmedia":[{"embeddable":true,"href":"https:\/\/www.elpex.se\/cs\/wp-json\/wp\/v2\/media\/3749"}],"wp:attachment":[{"href":"https:\/\/www.elpex.se\/cs\/wp-json\/wp\/v2\/media?parent=3747"}],"wp:term":[{"taxonomy":"product_brand","embeddable":true,"href":"https:\/\/www.elpex.se\/cs\/wp-json\/wp\/v2\/product_brand?post=3747"},{"taxonomy":"product_cat","embeddable":true,"href":"https:\/\/www.elpex.se\/cs\/wp-json\/wp\/v2\/product_cat?post=3747"},{"taxonomy":"product_tag","embeddable":true,"href":"https:\/\/www.elpex.se\/cs\/wp-json\/wp\/v2\/product_tag?post=3747"}],"curies":[{"name":"wp","href":"https:\/\/api.w.org\/{rel}","templated":true}]}}