{"id":3148,"date":"2024-12-12T15:23:34","date_gmt":"2024-12-12T15:23:34","guid":{"rendered":"https:\/\/www.elpex.se\/produkt\/salomon-prolink-race-skate\/"},"modified":"2026-01-14T13:39:07","modified_gmt":"2026-01-14T13:39:07","slug":"salomon-prolink-race-skate","status":"publish","type":"product","link":"https:\/\/www.elpex.se\/cs\/produkt\/salomon-prolink-race-skate\/","title":{"rendered":"Salomon Prolink Race Skate"},"content":{"rendered":"<p>V\u00e1z\u00e1n\u00ed Prolink Race Skate se montuje na optim\u00e1ln\u00ed m\u00edsto, abyste z kole\u010dkov\u00fdch ly\u017e\u00ed vyt\u011b\u017eili maximum. N\u00edzk\u00e9 rozhran\u00ed mezi ly\u017e\u00ed a v\u00e1z\u00e1n\u00edm p\u0159en\u00e1\u0161\u00ed s\u00edlu p\u0159\u00edmo na kole\u010dkovou ly\u017ei pro maxim\u00e1ln\u00ed p\u0159enos s\u00edly a cit. Kompatibiln\u00ed s botami Prolink\u00ae, NNN\u00ae a Turnamic\u00ae.  <\/p>\n<p><strong>Hmotnost:<\/strong> 230 g\/p\u00e1r<\/p>\n<p>&nbsp;<\/p>\n","protected":false},"excerpt":{"rendered":"<p>V\u00e1z\u00e1n\u00ed Prolink Race Skate se montuje na optim\u00e1ln\u00ed m\u00edsto, abyste z kole\u010dkov\u00fdch ly\u017e\u00ed vyt\u011b\u017eili maximum. N\u00edzk\u00e9 rozhran\u00ed mezi ly\u017e\u00ed a v\u00e1z\u00e1n\u00edm p\u0159en\u00e1\u0161\u00ed s\u00edlu p\u0159\u00edmo na kole\u010dkovou ly\u017ei pro maxim\u00e1ln\u00ed p\u0159enos s\u00edly a cit. Kompatibiln\u00ed s botami Prolink\u00ae, NNN\u00ae a Turnamic\u00ae. Hmotnost: 230 g\/p\u00e1r &nbsp;<\/p>\n","protected":false},"featured_media":3144,"template":"","meta":[],"product_brand":[],"product_cat":[193,192],"product_tag":[],"class_list":{"0":"post-3148","1":"product","2":"type-product","3":"status-publish","4":"has-post-thumbnail","6":"product_cat-dluhopisy","7":"product_cat-prislusenstvi","9":"first","10":"instock","11":"taxable","12":"shipping-taxable","13":"purchasable","14":"product-type-simple"},"composite_virtual":false,"composite_layout":"","composite_add_to_cart_form_location":"","composite_editable_in_cart":false,"composite_sold_individually_context":"","composite_shop_price_calc":"","composite_components":[],"composite_scenarios":[],"yoast_head":"<!-- This site is optimized with the Yoast SEO plugin v27.4 - https:\/\/yoast.com\/product\/yoast-seo-wordpress\/ -->\n<title>Salomon Prolink Race Skate - Elpex<\/title>\n<meta name=\"robots\" content=\"index, follow, max-snippet:-1, max-image-preview:large, max-video-preview:-1\" \/>\n<link rel=\"canonical\" href=\"https:\/\/www.elpex.se\/cs\/produkt\/salomon-prolink-race-skate\/\" \/>\n<meta property=\"og:locale\" content=\"cs_CZ\" \/>\n<meta property=\"og:type\" content=\"article\" \/>\n<meta property=\"og:title\" content=\"Salomon Prolink Race Skate - Elpex\" \/>\n<meta property=\"og:description\" content=\"V\u00e1z\u00e1n\u00ed Prolink Race Skate se montuje na optim\u00e1ln\u00ed m\u00edsto, abyste z kole\u010dkov\u00fdch ly\u017e\u00ed vyt\u011b\u017eili maximum. N\u00edzk\u00e9 rozhran\u00ed mezi ly\u017e\u00ed a v\u00e1z\u00e1n\u00edm p\u0159en\u00e1\u0161\u00ed s\u00edlu p\u0159\u00edmo na kole\u010dkovou ly\u017ei pro maxim\u00e1ln\u00ed p\u0159enos s\u00edly a cit. Kompatibiln\u00ed s botami Prolink\u00ae, NNN\u00ae a Turnamic\u00ae. Hmotnost: 230 g\/p\u00e1r &nbsp;\" \/>\n<meta property=\"og:url\" content=\"https:\/\/www.elpex.se\/cs\/produkt\/salomon-prolink-race-skate\/\" \/>\n<meta property=\"og:site_name\" content=\"Elpex\" \/>\n<meta property=\"article:publisher\" content=\"https:\/\/www.facebook.com\/www.elpex.se\/?locale=sv_SE\" \/>\n<meta property=\"article:modified_time\" content=\"2026-01-14T13:39:07+00:00\" \/>\n<meta property=\"og:image\" content=\"https:\/\/www.elpex.se\/wp-content\/uploads\/2024\/12\/Salomon-Prolink-1.jpg.webp\" \/>\n\t<meta property=\"og:image:width\" content=\"800\" \/>\n\t<meta property=\"og:image:height\" content=\"800\" \/>\n\t<meta property=\"og:image:type\" content=\"image\/jpeg\" \/>\n<meta name=\"twitter:card\" content=\"summary_large_image\" \/>\n<script type=\"application\/ld+json\" class=\"yoast-schema-graph\">{\"@context\":\"https:\\\/\\\/schema.org\",\"@graph\":[{\"@type\":\"WebPage\",\"@id\":\"https:\\\/\\\/www.elpex.se\\\/cs\\\/produkt\\\/salomon-prolink-race-skate\\\/\",\"url\":\"https:\\\/\\\/www.elpex.se\\\/cs\\\/produkt\\\/salomon-prolink-race-skate\\\/\",\"name\":\"Salomon Prolink Race Skate - Elpex\",\"isPartOf\":{\"@id\":\"https:\\\/\\\/www.elpex.se\\\/cs\\\/#website\"},\"primaryImageOfPage\":{\"@id\":\"https:\\\/\\\/www.elpex.se\\\/cs\\\/produkt\\\/salomon-prolink-race-skate\\\/#primaryimage\"},\"image\":{\"@id\":\"https:\\\/\\\/www.elpex.se\\\/cs\\\/produkt\\\/salomon-prolink-race-skate\\\/#primaryimage\"},\"thumbnailUrl\":\"https:\\\/\\\/www.elpex.se\\\/wp-content\\\/uploads\\\/2024\\\/12\\\/Salomon-Prolink-1.jpg.webp\",\"datePublished\":\"2024-12-12T15:23:34+00:00\",\"dateModified\":\"2026-01-14T13:39:07+00:00\",\"breadcrumb\":{\"@id\":\"https:\\\/\\\/www.elpex.se\\\/cs\\\/produkt\\\/salomon-prolink-race-skate\\\/#breadcrumb\"},\"inLanguage\":\"cs\",\"potentialAction\":[{\"@type\":\"ReadAction\",\"target\":[\"https:\\\/\\\/www.elpex.se\\\/cs\\\/produkt\\\/salomon-prolink-race-skate\\\/\"]}]},{\"@type\":\"ImageObject\",\"inLanguage\":\"cs\",\"@id\":\"https:\\\/\\\/www.elpex.se\\\/cs\\\/produkt\\\/salomon-prolink-race-skate\\\/#primaryimage\",\"url\":\"https:\\\/\\\/www.elpex.se\\\/wp-content\\\/uploads\\\/2024\\\/12\\\/Salomon-Prolink-1.jpg.webp\",\"contentUrl\":\"https:\\\/\\\/www.elpex.se\\\/wp-content\\\/uploads\\\/2024\\\/12\\\/Salomon-Prolink-1.jpg.webp\",\"width\":800,\"height\":800},{\"@type\":\"BreadcrumbList\",\"@id\":\"https:\\\/\\\/www.elpex.se\\\/cs\\\/produkt\\\/salomon-prolink-race-skate\\\/#breadcrumb\",\"itemListElement\":[{\"@type\":\"ListItem\",\"position\":1,\"name\":\"Hem\",\"item\":\"https:\\\/\\\/www.elpex.se\\\/cs\\\/\"},{\"@type\":\"ListItem\",\"position\":2,\"name\":\"Kole\u010dkov\u00e9 ly\u017ee a p\u0159\u00edslu\u0161enstv\u00ed\",\"item\":\"https:\\\/\\\/www.elpex.se\\\/cs\\\/shop\\\/\"},{\"@type\":\"ListItem\",\"position\":3,\"name\":\"Salomon Prolink Race Skate\"}]},{\"@type\":\"WebSite\",\"@id\":\"https:\\\/\\\/www.elpex.se\\\/cs\\\/#website\",\"url\":\"https:\\\/\\\/www.elpex.se\\\/cs\\\/\",\"name\":\"Elpex\",\"description\":\"\",\"publisher\":{\"@id\":\"https:\\\/\\\/www.elpex.se\\\/cs\\\/#organization\"},\"potentialAction\":[{\"@type\":\"SearchAction\",\"target\":{\"@type\":\"EntryPoint\",\"urlTemplate\":\"https:\\\/\\\/www.elpex.se\\\/cs\\\/?s={search_term_string}\"},\"query-input\":{\"@type\":\"PropertyValueSpecification\",\"valueRequired\":true,\"valueName\":\"search_term_string\"}}],\"inLanguage\":\"cs\"},{\"@type\":\"Organization\",\"@id\":\"https:\\\/\\\/www.elpex.se\\\/cs\\\/#organization\",\"name\":\"Elpex\",\"url\":\"https:\\\/\\\/www.elpex.se\\\/cs\\\/\",\"logo\":{\"@type\":\"ImageObject\",\"inLanguage\":\"cs\",\"@id\":\"https:\\\/\\\/www.elpex.se\\\/cs\\\/#\\\/schema\\\/logo\\\/image\\\/\",\"url\":\"https:\\\/\\\/www.elpex.se\\\/wp-content\\\/uploads\\\/2024\\\/11\\\/Elpex-logo_svart.svg\",\"contentUrl\":\"https:\\\/\\\/www.elpex.se\\\/wp-content\\\/uploads\\\/2024\\\/11\\\/Elpex-logo_svart.svg\",\"caption\":\"Elpex\"},\"image\":{\"@id\":\"https:\\\/\\\/www.elpex.se\\\/cs\\\/#\\\/schema\\\/logo\\\/image\\\/\"},\"sameAs\":[\"https:\\\/\\\/www.facebook.com\\\/www.elpex.se\\\/?locale=sv_SE\",\"https:\\\/\\\/www.instagram.com\\\/elpexrollerskis\\\/\"]}]}<\/script>\n<!-- \/ Yoast SEO plugin. -->","yoast_head_json":{"title":"Salomon Prolink Race Skate - Elpex","robots":{"index":"index","follow":"follow","max-snippet":"max-snippet:-1","max-image-preview":"max-image-preview:large","max-video-preview":"max-video-preview:-1"},"canonical":"https:\/\/www.elpex.se\/cs\/produkt\/salomon-prolink-race-skate\/","og_locale":"cs_CZ","og_type":"article","og_title":"Salomon Prolink Race Skate - Elpex","og_description":"V\u00e1z\u00e1n\u00ed Prolink Race Skate se montuje na optim\u00e1ln\u00ed m\u00edsto, abyste z kole\u010dkov\u00fdch ly\u017e\u00ed vyt\u011b\u017eili maximum. N\u00edzk\u00e9 rozhran\u00ed mezi ly\u017e\u00ed a v\u00e1z\u00e1n\u00edm p\u0159en\u00e1\u0161\u00ed s\u00edlu p\u0159\u00edmo na kole\u010dkovou ly\u017ei pro maxim\u00e1ln\u00ed p\u0159enos s\u00edly a cit. Kompatibiln\u00ed s botami Prolink\u00ae, NNN\u00ae a Turnamic\u00ae. Hmotnost: 230 g\/p\u00e1r &nbsp;","og_url":"https:\/\/www.elpex.se\/cs\/produkt\/salomon-prolink-race-skate\/","og_site_name":"Elpex","article_publisher":"https:\/\/www.facebook.com\/www.elpex.se\/?locale=sv_SE","article_modified_time":"2026-01-14T13:39:07+00:00","og_image":[{"width":800,"height":800,"url":"https:\/\/www.elpex.se\/wp-content\/uploads\/2024\/12\/Salomon-Prolink-1.jpg.webp","type":"image\/jpeg"}],"twitter_card":"summary_large_image","schema":{"@context":"https:\/\/schema.org","@graph":[{"@type":"WebPage","@id":"https:\/\/www.elpex.se\/cs\/produkt\/salomon-prolink-race-skate\/","url":"https:\/\/www.elpex.se\/cs\/produkt\/salomon-prolink-race-skate\/","name":"Salomon Prolink Race Skate - Elpex","isPartOf":{"@id":"https:\/\/www.elpex.se\/cs\/#website"},"primaryImageOfPage":{"@id":"https:\/\/www.elpex.se\/cs\/produkt\/salomon-prolink-race-skate\/#primaryimage"},"image":{"@id":"https:\/\/www.elpex.se\/cs\/produkt\/salomon-prolink-race-skate\/#primaryimage"},"thumbnailUrl":"https:\/\/www.elpex.se\/wp-content\/uploads\/2024\/12\/Salomon-Prolink-1.jpg.webp","datePublished":"2024-12-12T15:23:34+00:00","dateModified":"2026-01-14T13:39:07+00:00","breadcrumb":{"@id":"https:\/\/www.elpex.se\/cs\/produkt\/salomon-prolink-race-skate\/#breadcrumb"},"inLanguage":"cs","potentialAction":[{"@type":"ReadAction","target":["https:\/\/www.elpex.se\/cs\/produkt\/salomon-prolink-race-skate\/"]}]},{"@type":"ImageObject","inLanguage":"cs","@id":"https:\/\/www.elpex.se\/cs\/produkt\/salomon-prolink-race-skate\/#primaryimage","url":"https:\/\/www.elpex.se\/wp-content\/uploads\/2024\/12\/Salomon-Prolink-1.jpg.webp","contentUrl":"https:\/\/www.elpex.se\/wp-content\/uploads\/2024\/12\/Salomon-Prolink-1.jpg.webp","width":800,"height":800},{"@type":"BreadcrumbList","@id":"https:\/\/www.elpex.se\/cs\/produkt\/salomon-prolink-race-skate\/#breadcrumb","itemListElement":[{"@type":"ListItem","position":1,"name":"Hem","item":"https:\/\/www.elpex.se\/cs\/"},{"@type":"ListItem","position":2,"name":"Kole\u010dkov\u00e9 ly\u017ee a p\u0159\u00edslu\u0161enstv\u00ed","item":"https:\/\/www.elpex.se\/cs\/shop\/"},{"@type":"ListItem","position":3,"name":"Salomon Prolink Race Skate"}]},{"@type":"WebSite","@id":"https:\/\/www.elpex.se\/cs\/#website","url":"https:\/\/www.elpex.se\/cs\/","name":"Elpex","description":"","publisher":{"@id":"https:\/\/www.elpex.se\/cs\/#organization"},"potentialAction":[{"@type":"SearchAction","target":{"@type":"EntryPoint","urlTemplate":"https:\/\/www.elpex.se\/cs\/?s={search_term_string}"},"query-input":{"@type":"PropertyValueSpecification","valueRequired":true,"valueName":"search_term_string"}}],"inLanguage":"cs"},{"@type":"Organization","@id":"https:\/\/www.elpex.se\/cs\/#organization","name":"Elpex","url":"https:\/\/www.elpex.se\/cs\/","logo":{"@type":"ImageObject","inLanguage":"cs","@id":"https:\/\/www.elpex.se\/cs\/#\/schema\/logo\/image\/","url":"https:\/\/www.elpex.se\/wp-content\/uploads\/2024\/11\/Elpex-logo_svart.svg","contentUrl":"https:\/\/www.elpex.se\/wp-content\/uploads\/2024\/11\/Elpex-logo_svart.svg","caption":"Elpex"},"image":{"@id":"https:\/\/www.elpex.se\/cs\/#\/schema\/logo\/image\/"},"sameAs":["https:\/\/www.facebook.com\/www.elpex.se\/?locale=sv_SE","https:\/\/www.instagram.com\/elpexrollerskis\/"]}]}},"_links":{"self":[{"href":"https:\/\/www.elpex.se\/cs\/wp-json\/wp\/v2\/product\/3148","targetHints":{"allow":["GET"]}}],"collection":[{"href":"https:\/\/www.elpex.se\/cs\/wp-json\/wp\/v2\/product"}],"about":[{"href":"https:\/\/www.elpex.se\/cs\/wp-json\/wp\/v2\/types\/product"}],"wp:featuredmedia":[{"embeddable":true,"href":"https:\/\/www.elpex.se\/cs\/wp-json\/wp\/v2\/media\/3144"}],"wp:attachment":[{"href":"https:\/\/www.elpex.se\/cs\/wp-json\/wp\/v2\/media?parent=3148"}],"wp:term":[{"taxonomy":"product_brand","embeddable":true,"href":"https:\/\/www.elpex.se\/cs\/wp-json\/wp\/v2\/product_brand?post=3148"},{"taxonomy":"product_cat","embeddable":true,"href":"https:\/\/www.elpex.se\/cs\/wp-json\/wp\/v2\/product_cat?post=3148"},{"taxonomy":"product_tag","embeddable":true,"href":"https:\/\/www.elpex.se\/cs\/wp-json\/wp\/v2\/product_tag?post=3148"}],"curies":[{"name":"wp","href":"https:\/\/api.w.org\/{rel}","templated":true}]}}