{"id":2592,"date":"2024-12-18T09:36:16","date_gmt":"2024-12-18T09:36:16","guid":{"rendered":"https:\/\/www.elpex.se\/produkt\/rottefella-rollerski-classic-nis\/"},"modified":"2025-04-11T14:17:53","modified_gmt":"2025-04-11T14:17:53","slug":"rottefella-rollerski-classic-nis","status":"publish","type":"product","link":"https:\/\/www.elpex.se\/cs\/produkt\/rottefella-rollerski-classic-nis\/","title":{"rendered":"Rottefella NIS classic"},"content":{"rendered":"<p><strong>Rottefella Rollerski Classic<\/strong> <strong>NIS<\/strong> je speci\u00e1ln\u011b vyvinut\u00e1 pro kole\u010dkov\u00e9 ly\u017ee. \u0160ir\u0161\u00ed t\u011blo v\u00e1z\u00e1n\u00ed a pata zvy\u0161uj\u00ed stabilitu a bezpe\u010dnost. V\u00e1z\u00e1n\u00ed je lehk\u00e9, co\u017e zaji\u0161\u0165uje optim\u00e1ln\u00ed p\u0159enos s\u00edly. Jeho sou\u010d\u00e1st\u00ed je bezpe\u010dnostn\u00ed pojistka, kter\u00e1 mechanicky blokuje otev\u00edrac\u00ed\/zav\u00edrac\u00ed mechanismus.   <\/p>\n<p><strong>POZOR!<\/strong>  Toto v\u00e1z\u00e1n\u00ed lze posunout po desce NIS v syst\u00e9mu Elpex Team 610 NIS a pot\u00e9 p\u0159i\u0161roubovat bezpe\u010dnostn\u00edm \u0161roubem! Ide\u00e1ln\u00ed, pokud chcete upravit polohu v\u00e1z\u00e1n\u00ed. <\/p>\n<p>V\u00e1z\u00e1n\u00ed je vybaveno tvrd\u00fdm flexem, kter\u00fd lze snadno vym\u011bnit za m\u011bk\u010d\u00ed. Flex je pru\u017en\u00fd pol\u0161t\u00e1\u0159, kter\u00fd klade odpor p\u0159i ohybu. Pom\u00e1h\u00e1 v\u00e1m ovl\u00e1dat ly\u017ee a zaji\u0161\u0165uje p\u0159irozen\u011bj\u0161\u00ed cyklus odrazu a n\u00e1vratu.  <\/p>\n<p><strong>D\u00e9lka:<\/strong> 200 mm<br \/>\n<strong>\u0160\u00ed\u0159ka:<\/strong> 56 mm<br \/>\n<strong>Velikost obuvi:<\/strong> 36-52<\/p>\n","protected":false},"excerpt":{"rendered":"<p>Rottefella Rollerski Classic NIS je speci\u00e1ln\u011b vyvinut\u00e1 pro kole\u010dkov\u00e9 ly\u017ee. \u0160ir\u0161\u00ed t\u011blo v\u00e1z\u00e1n\u00ed a pata zvy\u0161uj\u00ed stabilitu a bezpe\u010dnost. V\u00e1z\u00e1n\u00ed je lehk\u00e9, co\u017e zaji\u0161\u0165uje optim\u00e1ln\u00ed p\u0159enos s\u00edly. Jeho sou\u010d\u00e1st\u00ed je bezpe\u010dnostn\u00ed pojistka, kter\u00e1 mechanicky blokuje otev\u00edrac\u00ed\/zav\u00edrac\u00ed mechanismus. POZOR! Toto v\u00e1z\u00e1n\u00ed lze posunout po desce NIS [&hellip;]<\/p>\n","protected":false},"featured_media":2597,"template":"","meta":[],"product_brand":[],"product_cat":[193,192],"product_tag":[],"class_list":{"0":"post-2592","1":"product","2":"type-product","3":"status-publish","4":"has-post-thumbnail","6":"product_cat-dluhopisy","7":"product_cat-prislusenstvi","9":"first","10":"instock","11":"taxable","12":"shipping-taxable","13":"purchasable","14":"product-type-simple"},"composite_virtual":false,"composite_layout":"","composite_add_to_cart_form_location":"","composite_editable_in_cart":false,"composite_sold_individually_context":"","composite_shop_price_calc":"","composite_components":[],"composite_scenarios":[],"yoast_head":"<!-- This site is optimized with the Yoast SEO plugin v27.4 - https:\/\/yoast.com\/product\/yoast-seo-wordpress\/ -->\n<title>Rottefella NIS classic - Elpex<\/title>\n<meta name=\"robots\" content=\"index, follow, max-snippet:-1, max-image-preview:large, max-video-preview:-1\" \/>\n<link rel=\"canonical\" href=\"https:\/\/www.elpex.se\/cs\/produkt\/rottefella-rollerski-classic-nis\/\" \/>\n<meta property=\"og:locale\" content=\"cs_CZ\" \/>\n<meta property=\"og:type\" content=\"article\" \/>\n<meta property=\"og:title\" content=\"Rottefella NIS classic - Elpex\" \/>\n<meta property=\"og:description\" content=\"Rottefella Rollerski Classic NIS je speci\u00e1ln\u011b vyvinut\u00e1 pro kole\u010dkov\u00e9 ly\u017ee. \u0160ir\u0161\u00ed t\u011blo v\u00e1z\u00e1n\u00ed a pata zvy\u0161uj\u00ed stabilitu a bezpe\u010dnost. V\u00e1z\u00e1n\u00ed je lehk\u00e9, co\u017e zaji\u0161\u0165uje optim\u00e1ln\u00ed p\u0159enos s\u00edly. Jeho sou\u010d\u00e1st\u00ed je bezpe\u010dnostn\u00ed pojistka, kter\u00e1 mechanicky blokuje otev\u00edrac\u00ed\/zav\u00edrac\u00ed mechanismus. POZOR! Toto v\u00e1z\u00e1n\u00ed lze posunout po desce NIS [&hellip;]\" \/>\n<meta property=\"og:url\" content=\"https:\/\/www.elpex.se\/cs\/produkt\/rottefella-rollerski-classic-nis\/\" \/>\n<meta property=\"og:site_name\" content=\"Elpex\" \/>\n<meta property=\"article:publisher\" content=\"https:\/\/www.facebook.com\/www.elpex.se\/?locale=sv_SE\" \/>\n<meta property=\"article:modified_time\" content=\"2025-04-11T14:17:53+00:00\" \/>\n<meta property=\"og:image\" content=\"https:\/\/www.elpex.se\/wp-content\/uploads\/2024\/12\/rottefella-rollerski-classic-locked.jpg.webp\" \/>\n\t<meta property=\"og:image:width\" content=\"1000\" \/>\n\t<meta property=\"og:image:height\" content=\"1000\" \/>\n\t<meta property=\"og:image:type\" content=\"image\/jpeg\" \/>\n<meta name=\"twitter:card\" content=\"summary_large_image\" \/>\n<meta name=\"twitter:label1\" content=\"Odhadovan\u00e1 doba \u010dten\u00ed\" \/>\n\t<meta name=\"twitter:data1\" content=\"1 minuta\" \/>\n<script type=\"application\/ld+json\" class=\"yoast-schema-graph\">{\"@context\":\"https:\\\/\\\/schema.org\",\"@graph\":[{\"@type\":\"WebPage\",\"@id\":\"https:\\\/\\\/www.elpex.se\\\/cs\\\/produkt\\\/rottefella-rollerski-classic-nis\\\/\",\"url\":\"https:\\\/\\\/www.elpex.se\\\/cs\\\/produkt\\\/rottefella-rollerski-classic-nis\\\/\",\"name\":\"Rottefella NIS classic - Elpex\",\"isPartOf\":{\"@id\":\"https:\\\/\\\/www.elpex.se\\\/cs\\\/#website\"},\"primaryImageOfPage\":{\"@id\":\"https:\\\/\\\/www.elpex.se\\\/cs\\\/produkt\\\/rottefella-rollerski-classic-nis\\\/#primaryimage\"},\"image\":{\"@id\":\"https:\\\/\\\/www.elpex.se\\\/cs\\\/produkt\\\/rottefella-rollerski-classic-nis\\\/#primaryimage\"},\"thumbnailUrl\":\"https:\\\/\\\/www.elpex.se\\\/wp-content\\\/uploads\\\/2024\\\/12\\\/rottefella-rollerski-classic-locked.jpg.webp\",\"datePublished\":\"2024-12-18T09:36:16+00:00\",\"dateModified\":\"2025-04-11T14:17:53+00:00\",\"breadcrumb\":{\"@id\":\"https:\\\/\\\/www.elpex.se\\\/cs\\\/produkt\\\/rottefella-rollerski-classic-nis\\\/#breadcrumb\"},\"inLanguage\":\"cs\",\"potentialAction\":[{\"@type\":\"ReadAction\",\"target\":[\"https:\\\/\\\/www.elpex.se\\\/cs\\\/produkt\\\/rottefella-rollerski-classic-nis\\\/\"]}]},{\"@type\":\"ImageObject\",\"inLanguage\":\"cs\",\"@id\":\"https:\\\/\\\/www.elpex.se\\\/cs\\\/produkt\\\/rottefella-rollerski-classic-nis\\\/#primaryimage\",\"url\":\"https:\\\/\\\/www.elpex.se\\\/wp-content\\\/uploads\\\/2024\\\/12\\\/rottefella-rollerski-classic-locked.jpg.webp\",\"contentUrl\":\"https:\\\/\\\/www.elpex.se\\\/wp-content\\\/uploads\\\/2024\\\/12\\\/rottefella-rollerski-classic-locked.jpg.webp\",\"width\":1000,\"height\":1000},{\"@type\":\"BreadcrumbList\",\"@id\":\"https:\\\/\\\/www.elpex.se\\\/cs\\\/produkt\\\/rottefella-rollerski-classic-nis\\\/#breadcrumb\",\"itemListElement\":[{\"@type\":\"ListItem\",\"position\":1,\"name\":\"Hem\",\"item\":\"https:\\\/\\\/www.elpex.se\\\/cs\\\/\"},{\"@type\":\"ListItem\",\"position\":2,\"name\":\"Kole\u010dkov\u00e9 ly\u017ee a p\u0159\u00edslu\u0161enstv\u00ed\",\"item\":\"https:\\\/\\\/www.elpex.se\\\/cs\\\/shop\\\/\"},{\"@type\":\"ListItem\",\"position\":3,\"name\":\"Rottefella NIS classic\"}]},{\"@type\":\"WebSite\",\"@id\":\"https:\\\/\\\/www.elpex.se\\\/cs\\\/#website\",\"url\":\"https:\\\/\\\/www.elpex.se\\\/cs\\\/\",\"name\":\"Elpex\",\"description\":\"\",\"publisher\":{\"@id\":\"https:\\\/\\\/www.elpex.se\\\/cs\\\/#organization\"},\"potentialAction\":[{\"@type\":\"SearchAction\",\"target\":{\"@type\":\"EntryPoint\",\"urlTemplate\":\"https:\\\/\\\/www.elpex.se\\\/cs\\\/?s={search_term_string}\"},\"query-input\":{\"@type\":\"PropertyValueSpecification\",\"valueRequired\":true,\"valueName\":\"search_term_string\"}}],\"inLanguage\":\"cs\"},{\"@type\":\"Organization\",\"@id\":\"https:\\\/\\\/www.elpex.se\\\/cs\\\/#organization\",\"name\":\"Elpex\",\"url\":\"https:\\\/\\\/www.elpex.se\\\/cs\\\/\",\"logo\":{\"@type\":\"ImageObject\",\"inLanguage\":\"cs\",\"@id\":\"https:\\\/\\\/www.elpex.se\\\/cs\\\/#\\\/schema\\\/logo\\\/image\\\/\",\"url\":\"https:\\\/\\\/www.elpex.se\\\/wp-content\\\/uploads\\\/2024\\\/11\\\/Elpex-logo_svart.svg\",\"contentUrl\":\"https:\\\/\\\/www.elpex.se\\\/wp-content\\\/uploads\\\/2024\\\/11\\\/Elpex-logo_svart.svg\",\"caption\":\"Elpex\"},\"image\":{\"@id\":\"https:\\\/\\\/www.elpex.se\\\/cs\\\/#\\\/schema\\\/logo\\\/image\\\/\"},\"sameAs\":[\"https:\\\/\\\/www.facebook.com\\\/www.elpex.se\\\/?locale=sv_SE\",\"https:\\\/\\\/www.instagram.com\\\/elpexrollerskis\\\/\"]}]}<\/script>\n<!-- \/ Yoast SEO plugin. -->","yoast_head_json":{"title":"Rottefella NIS classic - Elpex","robots":{"index":"index","follow":"follow","max-snippet":"max-snippet:-1","max-image-preview":"max-image-preview:large","max-video-preview":"max-video-preview:-1"},"canonical":"https:\/\/www.elpex.se\/cs\/produkt\/rottefella-rollerski-classic-nis\/","og_locale":"cs_CZ","og_type":"article","og_title":"Rottefella NIS classic - Elpex","og_description":"Rottefella Rollerski Classic NIS je speci\u00e1ln\u011b vyvinut\u00e1 pro kole\u010dkov\u00e9 ly\u017ee. \u0160ir\u0161\u00ed t\u011blo v\u00e1z\u00e1n\u00ed a pata zvy\u0161uj\u00ed stabilitu a bezpe\u010dnost. V\u00e1z\u00e1n\u00ed je lehk\u00e9, co\u017e zaji\u0161\u0165uje optim\u00e1ln\u00ed p\u0159enos s\u00edly. Jeho sou\u010d\u00e1st\u00ed je bezpe\u010dnostn\u00ed pojistka, kter\u00e1 mechanicky blokuje otev\u00edrac\u00ed\/zav\u00edrac\u00ed mechanismus. POZOR! Toto v\u00e1z\u00e1n\u00ed lze posunout po desce NIS [&hellip;]","og_url":"https:\/\/www.elpex.se\/cs\/produkt\/rottefella-rollerski-classic-nis\/","og_site_name":"Elpex","article_publisher":"https:\/\/www.facebook.com\/www.elpex.se\/?locale=sv_SE","article_modified_time":"2025-04-11T14:17:53+00:00","og_image":[{"width":1000,"height":1000,"url":"https:\/\/www.elpex.se\/wp-content\/uploads\/2024\/12\/rottefella-rollerski-classic-locked.jpg.webp","type":"image\/jpeg"}],"twitter_card":"summary_large_image","twitter_misc":{"Odhadovan\u00e1 doba \u010dten\u00ed":"1 minuta"},"schema":{"@context":"https:\/\/schema.org","@graph":[{"@type":"WebPage","@id":"https:\/\/www.elpex.se\/cs\/produkt\/rottefella-rollerski-classic-nis\/","url":"https:\/\/www.elpex.se\/cs\/produkt\/rottefella-rollerski-classic-nis\/","name":"Rottefella NIS classic - Elpex","isPartOf":{"@id":"https:\/\/www.elpex.se\/cs\/#website"},"primaryImageOfPage":{"@id":"https:\/\/www.elpex.se\/cs\/produkt\/rottefella-rollerski-classic-nis\/#primaryimage"},"image":{"@id":"https:\/\/www.elpex.se\/cs\/produkt\/rottefella-rollerski-classic-nis\/#primaryimage"},"thumbnailUrl":"https:\/\/www.elpex.se\/wp-content\/uploads\/2024\/12\/rottefella-rollerski-classic-locked.jpg.webp","datePublished":"2024-12-18T09:36:16+00:00","dateModified":"2025-04-11T14:17:53+00:00","breadcrumb":{"@id":"https:\/\/www.elpex.se\/cs\/produkt\/rottefella-rollerski-classic-nis\/#breadcrumb"},"inLanguage":"cs","potentialAction":[{"@type":"ReadAction","target":["https:\/\/www.elpex.se\/cs\/produkt\/rottefella-rollerski-classic-nis\/"]}]},{"@type":"ImageObject","inLanguage":"cs","@id":"https:\/\/www.elpex.se\/cs\/produkt\/rottefella-rollerski-classic-nis\/#primaryimage","url":"https:\/\/www.elpex.se\/wp-content\/uploads\/2024\/12\/rottefella-rollerski-classic-locked.jpg.webp","contentUrl":"https:\/\/www.elpex.se\/wp-content\/uploads\/2024\/12\/rottefella-rollerski-classic-locked.jpg.webp","width":1000,"height":1000},{"@type":"BreadcrumbList","@id":"https:\/\/www.elpex.se\/cs\/produkt\/rottefella-rollerski-classic-nis\/#breadcrumb","itemListElement":[{"@type":"ListItem","position":1,"name":"Hem","item":"https:\/\/www.elpex.se\/cs\/"},{"@type":"ListItem","position":2,"name":"Kole\u010dkov\u00e9 ly\u017ee a p\u0159\u00edslu\u0161enstv\u00ed","item":"https:\/\/www.elpex.se\/cs\/shop\/"},{"@type":"ListItem","position":3,"name":"Rottefella NIS classic"}]},{"@type":"WebSite","@id":"https:\/\/www.elpex.se\/cs\/#website","url":"https:\/\/www.elpex.se\/cs\/","name":"Elpex","description":"","publisher":{"@id":"https:\/\/www.elpex.se\/cs\/#organization"},"potentialAction":[{"@type":"SearchAction","target":{"@type":"EntryPoint","urlTemplate":"https:\/\/www.elpex.se\/cs\/?s={search_term_string}"},"query-input":{"@type":"PropertyValueSpecification","valueRequired":true,"valueName":"search_term_string"}}],"inLanguage":"cs"},{"@type":"Organization","@id":"https:\/\/www.elpex.se\/cs\/#organization","name":"Elpex","url":"https:\/\/www.elpex.se\/cs\/","logo":{"@type":"ImageObject","inLanguage":"cs","@id":"https:\/\/www.elpex.se\/cs\/#\/schema\/logo\/image\/","url":"https:\/\/www.elpex.se\/wp-content\/uploads\/2024\/11\/Elpex-logo_svart.svg","contentUrl":"https:\/\/www.elpex.se\/wp-content\/uploads\/2024\/11\/Elpex-logo_svart.svg","caption":"Elpex"},"image":{"@id":"https:\/\/www.elpex.se\/cs\/#\/schema\/logo\/image\/"},"sameAs":["https:\/\/www.facebook.com\/www.elpex.se\/?locale=sv_SE","https:\/\/www.instagram.com\/elpexrollerskis\/"]}]}},"_links":{"self":[{"href":"https:\/\/www.elpex.se\/cs\/wp-json\/wp\/v2\/product\/2592","targetHints":{"allow":["GET"]}}],"collection":[{"href":"https:\/\/www.elpex.se\/cs\/wp-json\/wp\/v2\/product"}],"about":[{"href":"https:\/\/www.elpex.se\/cs\/wp-json\/wp\/v2\/types\/product"}],"wp:featuredmedia":[{"embeddable":true,"href":"https:\/\/www.elpex.se\/cs\/wp-json\/wp\/v2\/media\/2597"}],"wp:attachment":[{"href":"https:\/\/www.elpex.se\/cs\/wp-json\/wp\/v2\/media?parent=2592"}],"wp:term":[{"taxonomy":"product_brand","embeddable":true,"href":"https:\/\/www.elpex.se\/cs\/wp-json\/wp\/v2\/product_brand?post=2592"},{"taxonomy":"product_cat","embeddable":true,"href":"https:\/\/www.elpex.se\/cs\/wp-json\/wp\/v2\/product_cat?post=2592"},{"taxonomy":"product_tag","embeddable":true,"href":"https:\/\/www.elpex.se\/cs\/wp-json\/wp\/v2\/product_tag?post=2592"}],"curies":[{"name":"wp","href":"https:\/\/api.w.org\/{rel}","templated":true}]}}