{"id":14622,"date":"2026-04-13T12:11:08","date_gmt":"2026-04-13T12:11:08","guid":{"rendered":"https:\/\/www.elpex.se\/?post_type=product&#038;p=14622"},"modified":"2026-04-13T12:43:53","modified_gmt":"2026-04-13T12:43:53","slug":"oakley-aro3-endurance-mips-matna-cerna-kopia","status":"publish","type":"product","link":"https:\/\/www.elpex.se\/cs\/produkt\/oakley-aro3-endurance-mips-matna-cerna-kopia\/","title":{"rendered":"Oakley Aro5 Race MIPS \u2013 Matte Blackout"},"content":{"rendered":"<p data-start=\"0\" data-end=\"509\">ARO5 Race je vyvinuta pro maxim\u00e1ln\u00ed v\u00fdkon a ventilaci p\u0159i tr\u00e9ninku i z\u00e1vodech na kole\u010dkov\u00fdch ly\u017e\u00edch. S d\u016frazem na rychlost a efektivitu m\u00e1 helma aerodynamick\u00fd a skv\u011ble odv\u011btran\u00fd design, kter\u00fd zvy\u0161uje proud\u011bn\u00ed vzduchu celkem 19 ventila\u010dn\u00edmi otvory. Je leh\u010d\u00ed ne\u017e jej\u00ed p\u0159edch\u016fdce ARO5 a poskytuje v\u00fdhodu pot\u0159ebnou k udr\u017een\u00ed vysok\u00e9ho tempa, a\u0165 u\u017e jede\u0161 intervaly, nebo z\u00e1vod\u00ed\u0161. D\u00edky vylep\u0161en\u00e9 integraci br\u00fdl\u00ed, vysok\u00e9mu pohodl\u00ed a pokro\u010dil\u00e9 ochran\u011b je ARO5 Race p\u0159ipravena na rychl\u00e9 j\u00edzdy na kole\u010dkov\u00fdch ly\u017e\u00edch.   <\/p>\n<p data-start=\"511\" data-end=\"540\"><strong data-start=\"511\" data-end=\"538\">Dal\u0161\u00ed informace<\/strong><\/p>\n<ul data-start=\"541\" data-end=\"2151\" data-is-last-node=\"\" data-is-only-node=\"\">\n<li data-section-id=\"1dwnra8\" data-start=\"541\" data-end=\"811\"><strong data-start=\"543\" data-end=\"556\">Usazen\u00ed:<\/strong> Syst\u00e9m nastaven\u00ed BOA 360\u00b0 s oto\u010dn\u00fdm kole\u010dkem zaji\u0161\u0165uje bezpe\u010dn\u00e9 a p\u0159esn\u00e9 usazen\u00ed. Aktualizovan\u00fd tvar sko\u0159epiny umo\u017e\u0148uje, aby helma sed\u011bla n\u00ed\u017ee na hlav\u011b pro lep\u0161\u00ed rovnov\u00e1hu a p\u0159irozen\u011b kop\u00edrovala kontury hlavy, co\u017e zaji\u0161\u0165uje stabilitu i p\u0159i vysok\u00e9 rychlosti na kole\u010dkov\u00fdch ly\u017e\u00edch. <\/li>\n<li data-section-id=\"18paprw\" data-start=\"812\" data-end=\"975\"><strong data-start=\"814\" data-end=\"827\">N\u00edzk\u00e1 hmotnost:<\/strong> ARO5 Race je leh\u010d\u00ed ne\u017e jej\u00ed p\u0159edch\u016fdce d\u00edky nov\u011b vyvinut\u00e9 sko\u0159epin\u011b a optimalizovan\u00e9 konstrukci, co\u017e sni\u017euje z\u00e1t\u011b\u017e b\u011bhem del\u0161\u00edch j\u00edzd.<\/li>\n<li data-section-id=\"1495yib\" data-start=\"976\" data-end=\"1177\"><strong data-start=\"978\" data-end=\"988\">Ochrana:<\/strong> Mips\u00ae Air je integrovan\u00fd bezpe\u010dnostn\u00ed syst\u00e9m s n\u00edzk\u00fdm t\u0159en\u00edm, kter\u00fd sni\u017euje rota\u010dn\u00ed s\u00edly p\u0159i p\u00e1du a p\u0159isp\u00edv\u00e1 k vy\u0161\u0161\u00ed ochran\u011b hlavy, co\u017e je d\u016fle\u017eit\u00e9 zejm\u00e9na p\u0159i j\u00edzd\u011b na kole\u010dkov\u00fdch ly\u017e\u00edch po asfaltu.<\/li>\n<li data-section-id=\"1lbcweq\" data-start=\"1178\" data-end=\"1381\"><strong data-start=\"1180\" data-end=\"1196\">Ventilace:<\/strong> Nov\u00e9 ventila\u010dn\u00ed otvory vp\u0159edu a naho\u0159e v\u00fdrazn\u011b zvy\u0161uj\u00ed proud\u011bn\u00ed vzduchu. Celkem 19 otvor\u016f na horn\u00ed stran\u011b, boc\u00edch a zadn\u00ed \u010d\u00e1sti helmy zaji\u0161\u0165uje efektivn\u00ed chlazen\u00ed i b\u011bhem n\u00e1ro\u010dn\u00fdch interval\u016f. <\/li>\n<li data-section-id=\"fjo2dd\" data-start=\"1382\" data-end=\"1533\"><strong data-start=\"1384\" data-end=\"1394\">V\u00fdstelka:<\/strong> V\u00fdstelka Ionic+\u2122 m\u00e1 antimikrobi\u00e1ln\u00ed vlastnosti, kter\u00e9 se aktivuj\u00ed potem a pom\u00e1haj\u00ed udr\u017eovat helmu sv\u011b\u017e\u00ed a potla\u010dovat nep\u0159\u00edjemn\u00fd z\u00e1pach.<\/li>\n<li data-section-id=\"1i6286r\" data-start=\"1534\" data-end=\"1786\"><strong data-start=\"1536\" data-end=\"1558\">Ulo\u017een\u00ed br\u00fdl\u00ed:<\/strong> P\u0159edn\u00ed ventila\u010dn\u00ed otvory umo\u017e\u0148uj\u00ed snadn\u00e9 a rychl\u00e9 uchycen\u00ed br\u00fdl\u00ed do helmy. Gripy Unobtainium\u00ae dr\u017e\u00ed no\u017ei\u010dky br\u00fdl\u00ed na m\u00edst\u011b, zat\u00edmco v\u00fd\u0159ezy na vnit\u0159n\u00ed stran\u011b helmy sni\u017euj\u00ed tlak na hlavu v p\u0159\u00edpad\u011b n\u00e1razu. <\/li>\n<li data-section-id=\"4qxscx\" data-start=\"1787\" data-end=\"1981\"><strong data-start=\"1789\" data-end=\"1800\">Design:<\/strong> ARO5 Race m\u00e1 \u0161t\u00edtek s povrchovou \u00fapravou Iridium\u00ae, kter\u00e1 odr\u00e1\u017e\u00ed barvy \u010do\u010dek Prizm\u2122 v br\u00fdl\u00edch Oakley. Ka\u017ed\u00e1 barevn\u00e1 varianta je jedine\u010dn\u00e1 a navazuje na d\u011bdictv\u00ed zna\u010dky Oakley v oblasti sportovn\u00ed optiky. <\/li>\n<li data-section-id=\"nwp7xu\" data-start=\"1982\" data-end=\"2024\"><strong data-start=\"1984\" data-end=\"1994\">Sou\u010d\u00e1st\u00ed balen\u00ed:<\/strong> Ta\u0161ka na helmu a n\u00e1lepka Oakley<\/li>\n<li data-section-id=\"s1n7tj\" data-start=\"2025\" data-end=\"2099\"><strong data-start=\"2027\" data-end=\"2041\">Velikosti:<\/strong> Small (52\u201356 cm) \/ Medium (54\u201358 cm) \/ Large (56\u201360 cm)<\/li>\n<li data-section-id=\"197em18\" data-start=\"2100\" data-end=\"2151\" data-is-last-node=\"\"><strong data-start=\"2102\" data-end=\"2121\">Certifikace:<\/strong> CPSC 1203, EN1078 a ANZ2063<\/li>\n<\/ul>\n","protected":false},"excerpt":{"rendered":"<p>ARO5 Race je vyvinuta pro maxim\u00e1ln\u00ed v\u00fdkon a ventilaci p\u0159i tr\u00e9ninku i z\u00e1vodech na kole\u010dkov\u00fdch ly\u017e\u00edch. S d\u016frazem na rychlost a efektivitu m\u00e1 helma aerodynamick\u00fd a skv\u011ble odv\u011btran\u00fd design, kter\u00fd zvy\u0161uje proud\u011bn\u00ed vzduchu celkem 19 ventila\u010dn\u00edmi otvory. Je leh\u010d\u00ed ne\u017e jej\u00ed p\u0159edch\u016fdce ARO5 a poskytuje [&hellip;]<\/p>\n","protected":false},"featured_media":14700,"template":"","meta":[],"product_brand":[],"product_cat":[531,192],"product_tag":[],"class_list":{"0":"post-14622","1":"product","2":"type-product","3":"status-publish","4":"has-post-thumbnail","6":"product_cat-helmy","7":"product_cat-prislusenstvi","9":"first","10":"instock","11":"taxable","12":"shipping-taxable","13":"purchasable","14":"product-type-variable"},"composite_virtual":false,"composite_layout":"","composite_add_to_cart_form_location":"","composite_editable_in_cart":false,"composite_sold_individually_context":"","composite_shop_price_calc":"","composite_components":[],"composite_scenarios":[],"yoast_head":"<!-- This site is optimized with the Yoast SEO plugin v27.4 - https:\/\/yoast.com\/product\/yoast-seo-wordpress\/ -->\n<title>Oakley Aro5 Race MIPS \u2013 Matte Blackout - Elpex<\/title>\n<meta name=\"robots\" content=\"index, follow, max-snippet:-1, max-image-preview:large, max-video-preview:-1\" \/>\n<link rel=\"canonical\" href=\"https:\/\/www.elpex.se\/cs\/produkt\/oakley-aro3-endurance-mips-matna-cerna-kopia\/\" \/>\n<meta property=\"og:locale\" content=\"cs_CZ\" \/>\n<meta property=\"og:type\" content=\"article\" \/>\n<meta property=\"og:title\" content=\"Oakley Aro5 Race MIPS \u2013 Matte Blackout - Elpex\" \/>\n<meta property=\"og:description\" content=\"ARO5 Race je vyvinuta pro maxim\u00e1ln\u00ed v\u00fdkon a ventilaci p\u0159i tr\u00e9ninku i z\u00e1vodech na kole\u010dkov\u00fdch ly\u017e\u00edch. S d\u016frazem na rychlost a efektivitu m\u00e1 helma aerodynamick\u00fd a skv\u011ble odv\u011btran\u00fd design, kter\u00fd zvy\u0161uje proud\u011bn\u00ed vzduchu celkem 19 ventila\u010dn\u00edmi otvory. Je leh\u010d\u00ed ne\u017e jej\u00ed p\u0159edch\u016fdce ARO5 a poskytuje [&hellip;]\" \/>\n<meta property=\"og:url\" content=\"https:\/\/www.elpex.se\/cs\/produkt\/oakley-aro3-endurance-mips-matna-cerna-kopia\/\" \/>\n<meta property=\"og:site_name\" content=\"Elpex\" \/>\n<meta property=\"article:publisher\" content=\"https:\/\/www.facebook.com\/www.elpex.se\/?locale=sv_SE\" \/>\n<meta property=\"article:modified_time\" content=\"2026-04-13T12:43:53+00:00\" \/>\n<meta property=\"og:image\" content=\"https:\/\/www.elpex.se\/wp-content\/uploads\/2026\/04\/Oakley-Aro5-matte-black-1.png\" \/>\n\t<meta property=\"og:image:width\" content=\"834\" \/>\n\t<meta property=\"og:image:height\" content=\"834\" \/>\n\t<meta property=\"og:image:type\" content=\"image\/png\" \/>\n<meta name=\"twitter:card\" content=\"summary_large_image\" \/>\n<meta name=\"twitter:label1\" content=\"Odhadovan\u00e1 doba \u010dten\u00ed\" \/>\n\t<meta name=\"twitter:data1\" content=\"2 minuty\" \/>\n<script type=\"application\/ld+json\" class=\"yoast-schema-graph\">{\"@context\":\"https:\\\/\\\/schema.org\",\"@graph\":[{\"@type\":\"WebPage\",\"@id\":\"https:\\\/\\\/www.elpex.se\\\/cs\\\/produkt\\\/oakley-aro3-endurance-mips-matna-cerna-kopia\\\/\",\"url\":\"https:\\\/\\\/www.elpex.se\\\/cs\\\/produkt\\\/oakley-aro3-endurance-mips-matna-cerna-kopia\\\/\",\"name\":\"Oakley Aro5 Race MIPS \u2013 Matte Blackout - Elpex\",\"isPartOf\":{\"@id\":\"https:\\\/\\\/www.elpex.se\\\/cs\\\/#website\"},\"primaryImageOfPage\":{\"@id\":\"https:\\\/\\\/www.elpex.se\\\/cs\\\/produkt\\\/oakley-aro3-endurance-mips-matna-cerna-kopia\\\/#primaryimage\"},\"image\":{\"@id\":\"https:\\\/\\\/www.elpex.se\\\/cs\\\/produkt\\\/oakley-aro3-endurance-mips-matna-cerna-kopia\\\/#primaryimage\"},\"thumbnailUrl\":\"https:\\\/\\\/www.elpex.se\\\/wp-content\\\/uploads\\\/2026\\\/04\\\/Oakley-Aro5-matte-black-1.png\",\"datePublished\":\"2026-04-13T12:11:08+00:00\",\"dateModified\":\"2026-04-13T12:43:53+00:00\",\"breadcrumb\":{\"@id\":\"https:\\\/\\\/www.elpex.se\\\/cs\\\/produkt\\\/oakley-aro3-endurance-mips-matna-cerna-kopia\\\/#breadcrumb\"},\"inLanguage\":\"cs\",\"potentialAction\":[{\"@type\":\"ReadAction\",\"target\":[\"https:\\\/\\\/www.elpex.se\\\/cs\\\/produkt\\\/oakley-aro3-endurance-mips-matna-cerna-kopia\\\/\"]}]},{\"@type\":\"ImageObject\",\"inLanguage\":\"cs\",\"@id\":\"https:\\\/\\\/www.elpex.se\\\/cs\\\/produkt\\\/oakley-aro3-endurance-mips-matna-cerna-kopia\\\/#primaryimage\",\"url\":\"https:\\\/\\\/www.elpex.se\\\/wp-content\\\/uploads\\\/2026\\\/04\\\/Oakley-Aro5-matte-black-1.png\",\"contentUrl\":\"https:\\\/\\\/www.elpex.se\\\/wp-content\\\/uploads\\\/2026\\\/04\\\/Oakley-Aro5-matte-black-1.png\",\"width\":834,\"height\":834},{\"@type\":\"BreadcrumbList\",\"@id\":\"https:\\\/\\\/www.elpex.se\\\/cs\\\/produkt\\\/oakley-aro3-endurance-mips-matna-cerna-kopia\\\/#breadcrumb\",\"itemListElement\":[{\"@type\":\"ListItem\",\"position\":1,\"name\":\"Hem\",\"item\":\"https:\\\/\\\/www.elpex.se\\\/cs\\\/\"},{\"@type\":\"ListItem\",\"position\":2,\"name\":\"Kole\u010dkov\u00e9 ly\u017ee a p\u0159\u00edslu\u0161enstv\u00ed\",\"item\":\"https:\\\/\\\/www.elpex.se\\\/cs\\\/shop\\\/\"},{\"@type\":\"ListItem\",\"position\":3,\"name\":\"Oakley Aro5 Race MIPS \u2013 Matte Blackout\"}]},{\"@type\":\"WebSite\",\"@id\":\"https:\\\/\\\/www.elpex.se\\\/cs\\\/#website\",\"url\":\"https:\\\/\\\/www.elpex.se\\\/cs\\\/\",\"name\":\"Elpex\",\"description\":\"\",\"publisher\":{\"@id\":\"https:\\\/\\\/www.elpex.se\\\/cs\\\/#organization\"},\"potentialAction\":[{\"@type\":\"SearchAction\",\"target\":{\"@type\":\"EntryPoint\",\"urlTemplate\":\"https:\\\/\\\/www.elpex.se\\\/cs\\\/?s={search_term_string}\"},\"query-input\":{\"@type\":\"PropertyValueSpecification\",\"valueRequired\":true,\"valueName\":\"search_term_string\"}}],\"inLanguage\":\"cs\"},{\"@type\":\"Organization\",\"@id\":\"https:\\\/\\\/www.elpex.se\\\/cs\\\/#organization\",\"name\":\"Elpex\",\"url\":\"https:\\\/\\\/www.elpex.se\\\/cs\\\/\",\"logo\":{\"@type\":\"ImageObject\",\"inLanguage\":\"cs\",\"@id\":\"https:\\\/\\\/www.elpex.se\\\/cs\\\/#\\\/schema\\\/logo\\\/image\\\/\",\"url\":\"https:\\\/\\\/www.elpex.se\\\/wp-content\\\/uploads\\\/2024\\\/11\\\/Elpex-logo_svart.svg\",\"contentUrl\":\"https:\\\/\\\/www.elpex.se\\\/wp-content\\\/uploads\\\/2024\\\/11\\\/Elpex-logo_svart.svg\",\"caption\":\"Elpex\"},\"image\":{\"@id\":\"https:\\\/\\\/www.elpex.se\\\/cs\\\/#\\\/schema\\\/logo\\\/image\\\/\"},\"sameAs\":[\"https:\\\/\\\/www.facebook.com\\\/www.elpex.se\\\/?locale=sv_SE\",\"https:\\\/\\\/www.instagram.com\\\/elpexrollerskis\\\/\"]}]}<\/script>\n<!-- \/ Yoast SEO plugin. -->","yoast_head_json":{"title":"Oakley Aro5 Race MIPS \u2013 Matte Blackout - Elpex","robots":{"index":"index","follow":"follow","max-snippet":"max-snippet:-1","max-image-preview":"max-image-preview:large","max-video-preview":"max-video-preview:-1"},"canonical":"https:\/\/www.elpex.se\/cs\/produkt\/oakley-aro3-endurance-mips-matna-cerna-kopia\/","og_locale":"cs_CZ","og_type":"article","og_title":"Oakley Aro5 Race MIPS \u2013 Matte Blackout - Elpex","og_description":"ARO5 Race je vyvinuta pro maxim\u00e1ln\u00ed v\u00fdkon a ventilaci p\u0159i tr\u00e9ninku i z\u00e1vodech na kole\u010dkov\u00fdch ly\u017e\u00edch. S d\u016frazem na rychlost a efektivitu m\u00e1 helma aerodynamick\u00fd a skv\u011ble odv\u011btran\u00fd design, kter\u00fd zvy\u0161uje proud\u011bn\u00ed vzduchu celkem 19 ventila\u010dn\u00edmi otvory. Je leh\u010d\u00ed ne\u017e jej\u00ed p\u0159edch\u016fdce ARO5 a poskytuje [&hellip;]","og_url":"https:\/\/www.elpex.se\/cs\/produkt\/oakley-aro3-endurance-mips-matna-cerna-kopia\/","og_site_name":"Elpex","article_publisher":"https:\/\/www.facebook.com\/www.elpex.se\/?locale=sv_SE","article_modified_time":"2026-04-13T12:43:53+00:00","og_image":[{"width":834,"height":834,"url":"https:\/\/www.elpex.se\/wp-content\/uploads\/2026\/04\/Oakley-Aro5-matte-black-1.png","type":"image\/png"}],"twitter_card":"summary_large_image","twitter_misc":{"Odhadovan\u00e1 doba \u010dten\u00ed":"2 minuty"},"schema":{"@context":"https:\/\/schema.org","@graph":[{"@type":"WebPage","@id":"https:\/\/www.elpex.se\/cs\/produkt\/oakley-aro3-endurance-mips-matna-cerna-kopia\/","url":"https:\/\/www.elpex.se\/cs\/produkt\/oakley-aro3-endurance-mips-matna-cerna-kopia\/","name":"Oakley Aro5 Race MIPS \u2013 Matte Blackout - Elpex","isPartOf":{"@id":"https:\/\/www.elpex.se\/cs\/#website"},"primaryImageOfPage":{"@id":"https:\/\/www.elpex.se\/cs\/produkt\/oakley-aro3-endurance-mips-matna-cerna-kopia\/#primaryimage"},"image":{"@id":"https:\/\/www.elpex.se\/cs\/produkt\/oakley-aro3-endurance-mips-matna-cerna-kopia\/#primaryimage"},"thumbnailUrl":"https:\/\/www.elpex.se\/wp-content\/uploads\/2026\/04\/Oakley-Aro5-matte-black-1.png","datePublished":"2026-04-13T12:11:08+00:00","dateModified":"2026-04-13T12:43:53+00:00","breadcrumb":{"@id":"https:\/\/www.elpex.se\/cs\/produkt\/oakley-aro3-endurance-mips-matna-cerna-kopia\/#breadcrumb"},"inLanguage":"cs","potentialAction":[{"@type":"ReadAction","target":["https:\/\/www.elpex.se\/cs\/produkt\/oakley-aro3-endurance-mips-matna-cerna-kopia\/"]}]},{"@type":"ImageObject","inLanguage":"cs","@id":"https:\/\/www.elpex.se\/cs\/produkt\/oakley-aro3-endurance-mips-matna-cerna-kopia\/#primaryimage","url":"https:\/\/www.elpex.se\/wp-content\/uploads\/2026\/04\/Oakley-Aro5-matte-black-1.png","contentUrl":"https:\/\/www.elpex.se\/wp-content\/uploads\/2026\/04\/Oakley-Aro5-matte-black-1.png","width":834,"height":834},{"@type":"BreadcrumbList","@id":"https:\/\/www.elpex.se\/cs\/produkt\/oakley-aro3-endurance-mips-matna-cerna-kopia\/#breadcrumb","itemListElement":[{"@type":"ListItem","position":1,"name":"Hem","item":"https:\/\/www.elpex.se\/cs\/"},{"@type":"ListItem","position":2,"name":"Kole\u010dkov\u00e9 ly\u017ee a p\u0159\u00edslu\u0161enstv\u00ed","item":"https:\/\/www.elpex.se\/cs\/shop\/"},{"@type":"ListItem","position":3,"name":"Oakley Aro5 Race MIPS \u2013 Matte Blackout"}]},{"@type":"WebSite","@id":"https:\/\/www.elpex.se\/cs\/#website","url":"https:\/\/www.elpex.se\/cs\/","name":"Elpex","description":"","publisher":{"@id":"https:\/\/www.elpex.se\/cs\/#organization"},"potentialAction":[{"@type":"SearchAction","target":{"@type":"EntryPoint","urlTemplate":"https:\/\/www.elpex.se\/cs\/?s={search_term_string}"},"query-input":{"@type":"PropertyValueSpecification","valueRequired":true,"valueName":"search_term_string"}}],"inLanguage":"cs"},{"@type":"Organization","@id":"https:\/\/www.elpex.se\/cs\/#organization","name":"Elpex","url":"https:\/\/www.elpex.se\/cs\/","logo":{"@type":"ImageObject","inLanguage":"cs","@id":"https:\/\/www.elpex.se\/cs\/#\/schema\/logo\/image\/","url":"https:\/\/www.elpex.se\/wp-content\/uploads\/2024\/11\/Elpex-logo_svart.svg","contentUrl":"https:\/\/www.elpex.se\/wp-content\/uploads\/2024\/11\/Elpex-logo_svart.svg","caption":"Elpex"},"image":{"@id":"https:\/\/www.elpex.se\/cs\/#\/schema\/logo\/image\/"},"sameAs":["https:\/\/www.facebook.com\/www.elpex.se\/?locale=sv_SE","https:\/\/www.instagram.com\/elpexrollerskis\/"]}]}},"_links":{"self":[{"href":"https:\/\/www.elpex.se\/cs\/wp-json\/wp\/v2\/product\/14622","targetHints":{"allow":["GET"]}}],"collection":[{"href":"https:\/\/www.elpex.se\/cs\/wp-json\/wp\/v2\/product"}],"about":[{"href":"https:\/\/www.elpex.se\/cs\/wp-json\/wp\/v2\/types\/product"}],"wp:featuredmedia":[{"embeddable":true,"href":"https:\/\/www.elpex.se\/cs\/wp-json\/wp\/v2\/media\/14700"}],"wp:attachment":[{"href":"https:\/\/www.elpex.se\/cs\/wp-json\/wp\/v2\/media?parent=14622"}],"wp:term":[{"taxonomy":"product_brand","embeddable":true,"href":"https:\/\/www.elpex.se\/cs\/wp-json\/wp\/v2\/product_brand?post=14622"},{"taxonomy":"product_cat","embeddable":true,"href":"https:\/\/www.elpex.se\/cs\/wp-json\/wp\/v2\/product_cat?post=14622"},{"taxonomy":"product_tag","embeddable":true,"href":"https:\/\/www.elpex.se\/cs\/wp-json\/wp\/v2\/product_tag?post=14622"}],"curies":[{"name":"wp","href":"https:\/\/api.w.org\/{rel}","templated":true}]}}