{"id":12817,"date":"2026-02-24T11:56:08","date_gmt":"2026-02-24T11:56:08","guid":{"rendered":"https:\/\/www.elpex.se\/?post_type=product&#038;p=12817"},"modified":"2026-04-08T07:12:59","modified_gmt":"2026-04-08T07:12:59","slug":"skate-race-kopia","status":"publish","type":"product","link":"https:\/\/www.elpex.se\/cs\/produkt\/skate-race-kopia\/","title":{"rendered":"Skate Stride"},"content":{"rendered":"<p data-pm-slice=\"1 1 []\">Nov\u00e9 Skate Stride jsou dlouho o\u010dek\u00e1van\u00fdm p\u0159\u00edr\u016fstkem do na\u0161\u00ed skate kolekce. S r\u00e1my o 5 cm del\u0161\u00edmi ne\u017e n\u00e1\u0161 standardn\u00ed model poskytuj\u00ed m\u011bk\u010d\u00ed a v\u00edce ly\u017ea\u0159sk\u00fd \u0159ez &#8211; perfektn\u00ed volba jak pro ambici\u00f3zn\u00ed juniory, tak pro elitn\u00ed z\u00e1vodn\u00edky. Profily zaji\u0161\u0165uj\u00ed n\u00edzk\u00e9 t\u011b\u017ei\u0161t\u011b pro bezkonkuren\u010dn\u00ed rovnov\u00e1hu a stabiln\u00ed j\u00edzdu s p\u0159esn\u011b spr\u00e1vn\u00fdm flexem. PU kole\u010dka (2) poskytuj\u00ed v\u00fdrazn\u00fd \u0159ez a vynikaj\u00edc\u00ed ly\u017ea\u0159sk\u00e9 vlastnosti i na mokr\u00e9m povrchu. Nab\u00edz\u00edme tak\u00e9 zcela novou variantu kole\u010dek &#8211; na\u0161i pr\u00e9miovou \u0159adu vyvinutou pro elitn\u00ed z\u00e1vodn\u00edky, kter\u00e1 kombinuje nejlep\u0161\u00ed vlastnosti polyuretanu a gumy.    <\/p>\n<p data-start=\"185\" data-end=\"254\"><strong data-start=\"185\" data-end=\"202\">Typ ly\u017ea\u0159e:<\/strong> Star\u0161\u00ed junio\u0159i, elitn\u00ed ly\u017ea\u0159i a ambici\u00f3zn\u00ed rekrea\u010dn\u00ed sportovci.<\/p>\n<p data-start=\"185\" data-end=\"254\"><strong>V\u00fdb\u011br kole\u010dek:<\/strong><\/p>\n<p data-start=\"497\" data-end=\"547\"><strong>PU kole\u010dka (valiv\u00fd odpor 2) \u2013 stabilita za v\u0161ech podm\u00ednek<\/strong><\/p>\n<ul>\n<li data-start=\"548\" data-end=\"869\">Na\u0161e PU kole\u010dka poskytuj\u00ed v\u00fdrazn\u00fd a ostr\u00fd \u0159ez do asfaltu s vynikaj\u00edc\u00edmi j\u00edzdn\u00edmi vlastnostmi na such\u00e9 i mokr\u00e9 cest\u011b. P\u0159ilnavost je skv\u011bl\u00e1, ani\u017e by p\u016fsobila houbovit\u011b \u2013 i pro t\u011b\u017e\u0161\u00ed jezdce, kte\u0159\u00ed tla\u010d\u00ed na vysok\u00e9 rychlosti. Kole\u010dka se pou\u017e\u00edvaj\u00ed mimo jin\u00e9 p\u0159i testech v N\u00e1rodn\u00edm centru zimn\u00edch sport\u016f, kde se analyzuj\u00ed elitn\u00ed z\u00e1vodn\u00edci a reprezentanti.   Tato kole\u010dka maj\u00ed leskl\u00fd hlin\u00edkov\u00fd r\u00e1fek.<\/li>\n<\/ul>\n<p data-start=\"871\" data-end=\"921\"><strong>Pr\u00e9miov\u00e1 kole\u010dka (valiv\u00fd odpor 2 a 3) \u2013 pro tebe, pokud chce\u0161 to nejlep\u0161\u00ed<\/strong><\/p>\n<ul>\n<li data-start=\"922\" data-end=\"1045\">Na\u0161e nov\u00e1 pr\u00e9miov\u00e1 \u0159ada je vyvinut\u00e1 pro elitn\u00ed jezdce a kombinuje odolnost polyuretanu s pru\u017enost\u00ed gumy. Nekompromisn\u00ed \u0159e\u0161en\u00ed pro tebe, pokud chce\u0161 maxim\u00e1ln\u00ed v\u00fdkon \u2013 za v\u0161ech podm\u00ednek. S na\u0161imi pr\u00e9miov\u00fdmi koly z\u00edsk\u00e1\u0161 rovnom\u011brn\u00fd valiv\u00fd odpor bez ohledu na teplotu, bezkonkuren\u010dn\u00ed p\u0159ilnavost na mokru a vysokou odolnost proti opot\u0159eben\u00ed v \u010dase.   Tato kole\u010dka maj\u00ed \u0161ed\u00fd plastov\u00fd r\u00e1fek.<\/li>\n<\/ul>\n<p>&nbsp;<\/p>\n","protected":false},"excerpt":{"rendered":"<p data-pm-slice=\"1 1 []\">Brusla\u0159sk\u00e9 kole\u010dkov\u00e9 ly\u017ee, kter\u00e9 d\u00edky n\u00edzk\u00e9mu t\u011b\u017ei\u0161ti poskytuj\u00ed bezkonkuren\u010dn\u00ed rovnov\u00e1hu a stabiln\u00ed j\u00edzdu. Del\u0161\u00ed r\u00e1my zaji\u0161\u0165uj\u00ed m\u011bk\u010d\u00ed a ly\u017ea\u0159\u0161t\u011bj\u0161\u00ed odraz. <\/p>\n","protected":false},"featured_media":12948,"template":"","meta":[],"product_brand":[],"product_cat":[141,143,256],"product_tag":[514],"class_list":{"0":"post-12817","1":"product","2":"type-product","3":"status-publish","4":"has-post-thumbnail","6":"product_cat-rullaluistimet","7":"product_cat-suosittuja-tuotteita","8":"product_cat-luistella","9":"product_tag-aloittelija","11":"first","12":"instock","13":"taxable","14":"shipping-taxable","15":"purchasable","16":"product-type-variable"},"composite_virtual":false,"composite_layout":"","composite_add_to_cart_form_location":"","composite_editable_in_cart":false,"composite_sold_individually_context":"","composite_shop_price_calc":"","composite_components":[],"composite_scenarios":[],"yoast_head":"<!-- This site is optimized with the Yoast SEO plugin v27.4 - https:\/\/yoast.com\/product\/yoast-seo-wordpress\/ -->\n<title>Skate Stride - Elpex<\/title>\n<meta name=\"robots\" content=\"index, follow, max-snippet:-1, max-image-preview:large, max-video-preview:-1\" \/>\n<link rel=\"canonical\" href=\"https:\/\/www.elpex.se\/cs\/produkt\/skate-race-kopia\/\" \/>\n<meta property=\"og:locale\" content=\"cs_CZ\" \/>\n<meta property=\"og:type\" content=\"article\" \/>\n<meta property=\"og:title\" content=\"Skate Stride - Elpex\" \/>\n<meta property=\"og:description\" content=\"Brusla\u0159sk\u00e9 kole\u010dkov\u00e9 ly\u017ee, kter\u00e9 d\u00edky n\u00edzk\u00e9mu t\u011b\u017ei\u0161ti poskytuj\u00ed bezkonkuren\u010dn\u00ed rovnov\u00e1hu a stabiln\u00ed j\u00edzdu. Del\u0161\u00ed r\u00e1my zaji\u0161\u0165uj\u00ed m\u011bk\u010d\u00ed a ly\u017ea\u0159\u0161t\u011bj\u0161\u00ed odraz.\" \/>\n<meta property=\"og:url\" content=\"https:\/\/www.elpex.se\/cs\/produkt\/skate-race-kopia\/\" \/>\n<meta property=\"og:site_name\" content=\"Elpex\" \/>\n<meta property=\"article:publisher\" content=\"https:\/\/www.facebook.com\/www.elpex.se\/?locale=sv_SE\" \/>\n<meta property=\"article:modified_time\" content=\"2026-04-08T07:12:59+00:00\" \/>\n<meta property=\"og:image\" content=\"https:\/\/www.elpex.se\/wp-content\/uploads\/2026\/02\/Skate_Stride_5-kopia.png\" \/>\n\t<meta property=\"og:image:width\" content=\"1680\" \/>\n\t<meta property=\"og:image:height\" content=\"2444\" \/>\n\t<meta property=\"og:image:type\" content=\"image\/png\" \/>\n<meta name=\"twitter:card\" content=\"summary_large_image\" \/>\n<meta name=\"twitter:label1\" content=\"Odhadovan\u00e1 doba \u010dten\u00ed\" \/>\n\t<meta name=\"twitter:data1\" content=\"2 minuty\" \/>\n<script type=\"application\/ld+json\" class=\"yoast-schema-graph\">{\"@context\":\"https:\\\/\\\/schema.org\",\"@graph\":[{\"@type\":\"WebPage\",\"@id\":\"https:\\\/\\\/www.elpex.se\\\/cs\\\/produkt\\\/skate-race-kopia\\\/\",\"url\":\"https:\\\/\\\/www.elpex.se\\\/cs\\\/produkt\\\/skate-race-kopia\\\/\",\"name\":\"Skate Stride - Elpex\",\"isPartOf\":{\"@id\":\"https:\\\/\\\/www.elpex.se\\\/cs\\\/#website\"},\"primaryImageOfPage\":{\"@id\":\"https:\\\/\\\/www.elpex.se\\\/cs\\\/produkt\\\/skate-race-kopia\\\/#primaryimage\"},\"image\":{\"@id\":\"https:\\\/\\\/www.elpex.se\\\/cs\\\/produkt\\\/skate-race-kopia\\\/#primaryimage\"},\"thumbnailUrl\":\"https:\\\/\\\/www.elpex.se\\\/wp-content\\\/uploads\\\/2026\\\/02\\\/Skate_Stride_5-kopia.png\",\"datePublished\":\"2026-02-24T11:56:08+00:00\",\"dateModified\":\"2026-04-08T07:12:59+00:00\",\"breadcrumb\":{\"@id\":\"https:\\\/\\\/www.elpex.se\\\/cs\\\/produkt\\\/skate-race-kopia\\\/#breadcrumb\"},\"inLanguage\":\"cs\",\"potentialAction\":[{\"@type\":\"ReadAction\",\"target\":[\"https:\\\/\\\/www.elpex.se\\\/cs\\\/produkt\\\/skate-race-kopia\\\/\"]}]},{\"@type\":\"ImageObject\",\"inLanguage\":\"cs\",\"@id\":\"https:\\\/\\\/www.elpex.se\\\/cs\\\/produkt\\\/skate-race-kopia\\\/#primaryimage\",\"url\":\"https:\\\/\\\/www.elpex.se\\\/wp-content\\\/uploads\\\/2026\\\/02\\\/Skate_Stride_5-kopia.png\",\"contentUrl\":\"https:\\\/\\\/www.elpex.se\\\/wp-content\\\/uploads\\\/2026\\\/02\\\/Skate_Stride_5-kopia.png\",\"width\":1680,\"height\":2444},{\"@type\":\"BreadcrumbList\",\"@id\":\"https:\\\/\\\/www.elpex.se\\\/cs\\\/produkt\\\/skate-race-kopia\\\/#breadcrumb\",\"itemListElement\":[{\"@type\":\"ListItem\",\"position\":1,\"name\":\"Hem\",\"item\":\"https:\\\/\\\/www.elpex.se\\\/cs\\\/\"},{\"@type\":\"ListItem\",\"position\":2,\"name\":\"Kole\u010dkov\u00e9 ly\u017ee a p\u0159\u00edslu\u0161enstv\u00ed\",\"item\":\"https:\\\/\\\/www.elpex.se\\\/cs\\\/shop\\\/\"},{\"@type\":\"ListItem\",\"position\":3,\"name\":\"Skate Stride\"}]},{\"@type\":\"WebSite\",\"@id\":\"https:\\\/\\\/www.elpex.se\\\/cs\\\/#website\",\"url\":\"https:\\\/\\\/www.elpex.se\\\/cs\\\/\",\"name\":\"Elpex\",\"description\":\"\",\"publisher\":{\"@id\":\"https:\\\/\\\/www.elpex.se\\\/cs\\\/#organization\"},\"potentialAction\":[{\"@type\":\"SearchAction\",\"target\":{\"@type\":\"EntryPoint\",\"urlTemplate\":\"https:\\\/\\\/www.elpex.se\\\/cs\\\/?s={search_term_string}\"},\"query-input\":{\"@type\":\"PropertyValueSpecification\",\"valueRequired\":true,\"valueName\":\"search_term_string\"}}],\"inLanguage\":\"cs\"},{\"@type\":\"Organization\",\"@id\":\"https:\\\/\\\/www.elpex.se\\\/cs\\\/#organization\",\"name\":\"Elpex\",\"url\":\"https:\\\/\\\/www.elpex.se\\\/cs\\\/\",\"logo\":{\"@type\":\"ImageObject\",\"inLanguage\":\"cs\",\"@id\":\"https:\\\/\\\/www.elpex.se\\\/cs\\\/#\\\/schema\\\/logo\\\/image\\\/\",\"url\":\"https:\\\/\\\/www.elpex.se\\\/wp-content\\\/uploads\\\/2024\\\/11\\\/Elpex-logo_svart.svg\",\"contentUrl\":\"https:\\\/\\\/www.elpex.se\\\/wp-content\\\/uploads\\\/2024\\\/11\\\/Elpex-logo_svart.svg\",\"caption\":\"Elpex\"},\"image\":{\"@id\":\"https:\\\/\\\/www.elpex.se\\\/cs\\\/#\\\/schema\\\/logo\\\/image\\\/\"},\"sameAs\":[\"https:\\\/\\\/www.facebook.com\\\/www.elpex.se\\\/?locale=sv_SE\",\"https:\\\/\\\/www.instagram.com\\\/elpexrollerskis\\\/\"]}]}<\/script>\n<!-- \/ Yoast SEO plugin. -->","yoast_head_json":{"title":"Skate Stride - Elpex","robots":{"index":"index","follow":"follow","max-snippet":"max-snippet:-1","max-image-preview":"max-image-preview:large","max-video-preview":"max-video-preview:-1"},"canonical":"https:\/\/www.elpex.se\/cs\/produkt\/skate-race-kopia\/","og_locale":"cs_CZ","og_type":"article","og_title":"Skate Stride - Elpex","og_description":"Brusla\u0159sk\u00e9 kole\u010dkov\u00e9 ly\u017ee, kter\u00e9 d\u00edky n\u00edzk\u00e9mu t\u011b\u017ei\u0161ti poskytuj\u00ed bezkonkuren\u010dn\u00ed rovnov\u00e1hu a stabiln\u00ed j\u00edzdu. Del\u0161\u00ed r\u00e1my zaji\u0161\u0165uj\u00ed m\u011bk\u010d\u00ed a ly\u017ea\u0159\u0161t\u011bj\u0161\u00ed odraz.","og_url":"https:\/\/www.elpex.se\/cs\/produkt\/skate-race-kopia\/","og_site_name":"Elpex","article_publisher":"https:\/\/www.facebook.com\/www.elpex.se\/?locale=sv_SE","article_modified_time":"2026-04-08T07:12:59+00:00","og_image":[{"width":1680,"height":2444,"url":"https:\/\/www.elpex.se\/wp-content\/uploads\/2026\/02\/Skate_Stride_5-kopia.png","type":"image\/png"}],"twitter_card":"summary_large_image","twitter_misc":{"Odhadovan\u00e1 doba \u010dten\u00ed":"2 minuty"},"schema":{"@context":"https:\/\/schema.org","@graph":[{"@type":"WebPage","@id":"https:\/\/www.elpex.se\/cs\/produkt\/skate-race-kopia\/","url":"https:\/\/www.elpex.se\/cs\/produkt\/skate-race-kopia\/","name":"Skate Stride - Elpex","isPartOf":{"@id":"https:\/\/www.elpex.se\/cs\/#website"},"primaryImageOfPage":{"@id":"https:\/\/www.elpex.se\/cs\/produkt\/skate-race-kopia\/#primaryimage"},"image":{"@id":"https:\/\/www.elpex.se\/cs\/produkt\/skate-race-kopia\/#primaryimage"},"thumbnailUrl":"https:\/\/www.elpex.se\/wp-content\/uploads\/2026\/02\/Skate_Stride_5-kopia.png","datePublished":"2026-02-24T11:56:08+00:00","dateModified":"2026-04-08T07:12:59+00:00","breadcrumb":{"@id":"https:\/\/www.elpex.se\/cs\/produkt\/skate-race-kopia\/#breadcrumb"},"inLanguage":"cs","potentialAction":[{"@type":"ReadAction","target":["https:\/\/www.elpex.se\/cs\/produkt\/skate-race-kopia\/"]}]},{"@type":"ImageObject","inLanguage":"cs","@id":"https:\/\/www.elpex.se\/cs\/produkt\/skate-race-kopia\/#primaryimage","url":"https:\/\/www.elpex.se\/wp-content\/uploads\/2026\/02\/Skate_Stride_5-kopia.png","contentUrl":"https:\/\/www.elpex.se\/wp-content\/uploads\/2026\/02\/Skate_Stride_5-kopia.png","width":1680,"height":2444},{"@type":"BreadcrumbList","@id":"https:\/\/www.elpex.se\/cs\/produkt\/skate-race-kopia\/#breadcrumb","itemListElement":[{"@type":"ListItem","position":1,"name":"Hem","item":"https:\/\/www.elpex.se\/cs\/"},{"@type":"ListItem","position":2,"name":"Kole\u010dkov\u00e9 ly\u017ee a p\u0159\u00edslu\u0161enstv\u00ed","item":"https:\/\/www.elpex.se\/cs\/shop\/"},{"@type":"ListItem","position":3,"name":"Skate Stride"}]},{"@type":"WebSite","@id":"https:\/\/www.elpex.se\/cs\/#website","url":"https:\/\/www.elpex.se\/cs\/","name":"Elpex","description":"","publisher":{"@id":"https:\/\/www.elpex.se\/cs\/#organization"},"potentialAction":[{"@type":"SearchAction","target":{"@type":"EntryPoint","urlTemplate":"https:\/\/www.elpex.se\/cs\/?s={search_term_string}"},"query-input":{"@type":"PropertyValueSpecification","valueRequired":true,"valueName":"search_term_string"}}],"inLanguage":"cs"},{"@type":"Organization","@id":"https:\/\/www.elpex.se\/cs\/#organization","name":"Elpex","url":"https:\/\/www.elpex.se\/cs\/","logo":{"@type":"ImageObject","inLanguage":"cs","@id":"https:\/\/www.elpex.se\/cs\/#\/schema\/logo\/image\/","url":"https:\/\/www.elpex.se\/wp-content\/uploads\/2024\/11\/Elpex-logo_svart.svg","contentUrl":"https:\/\/www.elpex.se\/wp-content\/uploads\/2024\/11\/Elpex-logo_svart.svg","caption":"Elpex"},"image":{"@id":"https:\/\/www.elpex.se\/cs\/#\/schema\/logo\/image\/"},"sameAs":["https:\/\/www.facebook.com\/www.elpex.se\/?locale=sv_SE","https:\/\/www.instagram.com\/elpexrollerskis\/"]}]}},"_links":{"self":[{"href":"https:\/\/www.elpex.se\/cs\/wp-json\/wp\/v2\/product\/12817","targetHints":{"allow":["GET"]}}],"collection":[{"href":"https:\/\/www.elpex.se\/cs\/wp-json\/wp\/v2\/product"}],"about":[{"href":"https:\/\/www.elpex.se\/cs\/wp-json\/wp\/v2\/types\/product"}],"wp:featuredmedia":[{"embeddable":true,"href":"https:\/\/www.elpex.se\/cs\/wp-json\/wp\/v2\/media\/12948"}],"wp:attachment":[{"href":"https:\/\/www.elpex.se\/cs\/wp-json\/wp\/v2\/media?parent=12817"}],"wp:term":[{"taxonomy":"product_brand","embeddable":true,"href":"https:\/\/www.elpex.se\/cs\/wp-json\/wp\/v2\/product_brand?post=12817"},{"taxonomy":"product_cat","embeddable":true,"href":"https:\/\/www.elpex.se\/cs\/wp-json\/wp\/v2\/product_cat?post=12817"},{"taxonomy":"product_tag","embeddable":true,"href":"https:\/\/www.elpex.se\/cs\/wp-json\/wp\/v2\/product_tag?post=12817"}],"curies":[{"name":"wp","href":"https:\/\/api.w.org\/{rel}","templated":true}]}}