{"id":11104,"date":"2025-07-24T06:57:17","date_gmt":"2025-07-24T06:57:17","guid":{"rendered":"https:\/\/www.elpex.se\/?post_type=product&#038;p=11104"},"modified":"2026-02-24T15:23:17","modified_gmt":"2026-02-24T15:23:17","slug":"classic-team-kopia","status":"publish","type":"product","link":"https:\/\/www.elpex.se\/cs\/produkt\/classic-team-kopia\/","title":{"rendered":"N\u00e1vrat"},"content":{"rendered":"<p data-start=\"168\" data-end=\"534\">Kdy\u017e na\u0161e tov\u00e1rna sho\u0159ela, mnoz\u00ed si mysleli, \u017ee je to konec. Pro n\u00e1s to ale byl za\u010d\u00e1tek n\u011b\u010deho nov\u00e9ho. Elpex vyr\u00e1b\u00ed kole\u010dkov\u00e9 ly\u017ee u\u017e des\u00edtky let, v\u017edy se stejnou hnac\u00ed silou: vyv\u00edjet produkty pro sportovce a rekrea\u010dn\u00ed sportovce, kte\u0159\u00ed cht\u011bj\u00ed to nejlep\u0161\u00ed. Po po\u017e\u00e1ru nikdy nep\u0159ipadalo v \u00favahu, \u017ee bychom se vzdali. Naopak. Rozhodli jsme se vr\u00e1tit siln\u011bj\u0161\u00ed ne\u017e kdy d\u0159\u00edv.     <\/p>\n<p data-start=\"536\" data-end=\"825\">&#8222;N\u00e1vrat&#8220; je limitovan\u00e1 edice na\u0161eho klasick\u00e9ho modelu Classic Team (d\u0159\u00edve Team 610) s \u0161\u00ed\u0159kou kole\u010dek 40 mm. &#8222;N\u00e1vrat&#8220; byl vytvo\u0159en jako symbol obnovy a v\u016fle pokra\u010dovat vp\u0159ed. Barevn\u00e9 proveden\u00ed ve \u017elut\u00e9 a \u010derven\u00e9 barv\u011b p\u0159edstavuje ohe\u0148, kter\u00fd zni\u010dil na\u0161i tov\u00e1rnu, ale tak\u00e9 vnit\u0159n\u00ed ohe\u0148, kter\u00fd n\u00e1s poh\u00e1n\u00ed k nov\u00fdm za\u010d\u00e1tk\u016fm. Na ka\u017ed\u00e9 ly\u017ei je vyti\u0161t\u011bno <strong data-start=\"144\" data-end=\"166\">&#8222;Raised in flames&#8220;<\/strong> \u2013 p\u0159ipom\u00ednka toho, \u017ee tento model se zrodil z nep\u0159\u00edzn\u011b osudu. Je to na\u0161e pocta s\u00edle za\u010d\u00edt znovu a pokra\u010dovat vp\u0159ed, navzdory v\u0161emu.    <\/p>\n<p data-start=\"827\" data-end=\"1075\">Tento model bude vyroben v siln\u011b limitovan\u00e9 edici 100 p\u00e1r\u016f. Ka\u017ed\u00fd kus je individu\u00e1ln\u011b \u010d\u00edslov\u00e1n, d\u00edky \u010demu\u017e je ka\u017ed\u00fd p\u00e1r jedine\u010dn\u00fd. Koup\u00ed &#8222;The Comeback&#8220; nejen\u017ee podpo\u0159\u00edte cestu Elpex zp\u011bt, ale stanete se tak\u00e9 sou\u010d\u00e1st\u00ed na\u0161\u00ed historie.  <\/p>\n<p data-start=\"1159\" data-end=\"1329\">V\u00edme, \u017ee Elpex nen\u00ed jen zna\u010dka. Je to \u0159emeslo, pocit a slib kvality. Je to tak\u00e9 komunita. Proto va\u0161e podpora znamen\u00e1 v\u00edc, ne\u017e si mysl\u00edte.   <\/p>\n<p data-pm-slice=\"1 1 []\"><strong>O Classic Team:<\/strong> Classic Team je na\u0161e z\u00e1vodn\u011b inspirovan\u00e1 kole\u010dkov\u00e1 ly\u017ee se 40mm kole\u010dky, kter\u00e1 zaji\u0161\u0165uj\u00ed ni\u017e\u0161\u00ed hmotnost a snadn\u011bj\u0161\u00ed manipulaci. Stejn\u00fd pru\u017en\u00fd r\u00e1m jako u Classic Wasa.  Vhodn\u00e9 pro star\u0161\u00ed juniory, elitn\u00ed ly\u017ea\u0159e a sportovce s vysok\u00fdmi ambicemi.<\/p>\n<p data-pm-slice=\"1 1 []\">\n","protected":false},"excerpt":{"rendered":"<p data-pm-slice=\"1 1 []\">Limitovan\u00e1 edice na\u0161ich nejz\u00e1vodn\u011bj\u0161\u00edch kole\u010dkov\u00fdch ly\u017e\u00ed. U\u017e\u0161\u00ed kole\u010dka pro ni\u017e\u0161\u00ed hmotnost a plynulej\u0161\u00ed ovl\u00e1d\u00e1n\u00ed. Vyrobeno v na\u0161\u00ed nov\u00e9 v\u00fdrob\u011b po po\u017e\u00e1ru.  <\/p>\n","protected":false},"featured_media":11274,"template":"","meta":[],"product_brand":[],"product_cat":[414,211,209],"product_tag":[266],"class_list":{"0":"post-11104","1":"product","2":"type-product","3":"status-publish","4":"has-post-thumbnail","6":"product_cat-raised-in-flames","7":"product_cat-klassikaline","8":"product_cat-rullsuusad","9":"product_tag-algajad","11":"first","12":"outofstock","13":"taxable","14":"shipping-taxable","15":"purchasable","16":"product-type-variable"},"composite_virtual":false,"composite_layout":"","composite_add_to_cart_form_location":"","composite_editable_in_cart":false,"composite_sold_individually_context":"","composite_shop_price_calc":"","composite_components":[],"composite_scenarios":[],"yoast_head":"<!-- This site is optimized with the Yoast SEO plugin v27.4 - https:\/\/yoast.com\/product\/yoast-seo-wordpress\/ -->\n<title>N\u00e1vrat - Elpex<\/title>\n<meta name=\"robots\" content=\"index, follow, max-snippet:-1, max-image-preview:large, max-video-preview:-1\" \/>\n<link rel=\"canonical\" href=\"https:\/\/www.elpex.se\/cs\/produkt\/classic-team-kopia\/\" \/>\n<meta property=\"og:locale\" content=\"cs_CZ\" \/>\n<meta property=\"og:type\" content=\"article\" \/>\n<meta property=\"og:title\" content=\"N\u00e1vrat - Elpex\" \/>\n<meta property=\"og:description\" content=\"Limitovan\u00e1 edice na\u0161ich nejz\u00e1vodn\u011bj\u0161\u00edch kole\u010dkov\u00fdch ly\u017e\u00ed. U\u017e\u0161\u00ed kole\u010dka pro ni\u017e\u0161\u00ed hmotnost a plynulej\u0161\u00ed ovl\u00e1d\u00e1n\u00ed. Vyrobeno v na\u0161\u00ed nov\u00e9 v\u00fdrob\u011b po po\u017e\u00e1ru.\" \/>\n<meta property=\"og:url\" content=\"https:\/\/www.elpex.se\/cs\/produkt\/classic-team-kopia\/\" \/>\n<meta property=\"og:site_name\" content=\"Elpex\" \/>\n<meta property=\"article:publisher\" content=\"https:\/\/www.facebook.com\/www.elpex.se\/?locale=sv_SE\" \/>\n<meta property=\"article:modified_time\" content=\"2026-02-24T15:23:17+00:00\" \/>\n<meta property=\"og:image\" content=\"https:\/\/www.elpex.se\/wp-content\/uploads\/2025\/07\/The-comeback_standing_light-bg-kopia-scaled.jpg.webp\" \/>\n\t<meta property=\"og:image:width\" content=\"1440\" \/>\n\t<meta property=\"og:image:height\" content=\"2560\" \/>\n\t<meta property=\"og:image:type\" content=\"image\/jpeg\" \/>\n<meta name=\"twitter:card\" content=\"summary_large_image\" \/>\n<meta name=\"twitter:label1\" content=\"Odhadovan\u00e1 doba \u010dten\u00ed\" \/>\n\t<meta name=\"twitter:data1\" content=\"2 minuty\" \/>\n<script type=\"application\/ld+json\" class=\"yoast-schema-graph\">{\"@context\":\"https:\\\/\\\/schema.org\",\"@graph\":[{\"@type\":\"WebPage\",\"@id\":\"https:\\\/\\\/www.elpex.se\\\/cs\\\/produkt\\\/classic-team-kopia\\\/\",\"url\":\"https:\\\/\\\/www.elpex.se\\\/cs\\\/produkt\\\/classic-team-kopia\\\/\",\"name\":\"N\u00e1vrat - Elpex\",\"isPartOf\":{\"@id\":\"https:\\\/\\\/www.elpex.se\\\/cs\\\/#website\"},\"primaryImageOfPage\":{\"@id\":\"https:\\\/\\\/www.elpex.se\\\/cs\\\/produkt\\\/classic-team-kopia\\\/#primaryimage\"},\"image\":{\"@id\":\"https:\\\/\\\/www.elpex.se\\\/cs\\\/produkt\\\/classic-team-kopia\\\/#primaryimage\"},\"thumbnailUrl\":\"https:\\\/\\\/www.elpex.se\\\/wp-content\\\/uploads\\\/2025\\\/07\\\/The-comeback_standing_light-bg-kopia-scaled.jpg.webp\",\"datePublished\":\"2025-07-24T06:57:17+00:00\",\"dateModified\":\"2026-02-24T15:23:17+00:00\",\"breadcrumb\":{\"@id\":\"https:\\\/\\\/www.elpex.se\\\/cs\\\/produkt\\\/classic-team-kopia\\\/#breadcrumb\"},\"inLanguage\":\"cs\",\"potentialAction\":[{\"@type\":\"ReadAction\",\"target\":[\"https:\\\/\\\/www.elpex.se\\\/cs\\\/produkt\\\/classic-team-kopia\\\/\"]}]},{\"@type\":\"ImageObject\",\"inLanguage\":\"cs\",\"@id\":\"https:\\\/\\\/www.elpex.se\\\/cs\\\/produkt\\\/classic-team-kopia\\\/#primaryimage\",\"url\":\"https:\\\/\\\/www.elpex.se\\\/wp-content\\\/uploads\\\/2025\\\/07\\\/The-comeback_standing_light-bg-kopia-scaled.jpg.webp\",\"contentUrl\":\"https:\\\/\\\/www.elpex.se\\\/wp-content\\\/uploads\\\/2025\\\/07\\\/The-comeback_standing_light-bg-kopia-scaled.jpg.webp\",\"width\":1440,\"height\":2560},{\"@type\":\"BreadcrumbList\",\"@id\":\"https:\\\/\\\/www.elpex.se\\\/cs\\\/produkt\\\/classic-team-kopia\\\/#breadcrumb\",\"itemListElement\":[{\"@type\":\"ListItem\",\"position\":1,\"name\":\"Hem\",\"item\":\"https:\\\/\\\/www.elpex.se\\\/cs\\\/\"},{\"@type\":\"ListItem\",\"position\":2,\"name\":\"Kole\u010dkov\u00e9 ly\u017ee a p\u0159\u00edslu\u0161enstv\u00ed\",\"item\":\"https:\\\/\\\/www.elpex.se\\\/cs\\\/shop\\\/\"},{\"@type\":\"ListItem\",\"position\":3,\"name\":\"N\u00e1vrat\"}]},{\"@type\":\"WebSite\",\"@id\":\"https:\\\/\\\/www.elpex.se\\\/cs\\\/#website\",\"url\":\"https:\\\/\\\/www.elpex.se\\\/cs\\\/\",\"name\":\"Elpex\",\"description\":\"\",\"publisher\":{\"@id\":\"https:\\\/\\\/www.elpex.se\\\/cs\\\/#organization\"},\"potentialAction\":[{\"@type\":\"SearchAction\",\"target\":{\"@type\":\"EntryPoint\",\"urlTemplate\":\"https:\\\/\\\/www.elpex.se\\\/cs\\\/?s={search_term_string}\"},\"query-input\":{\"@type\":\"PropertyValueSpecification\",\"valueRequired\":true,\"valueName\":\"search_term_string\"}}],\"inLanguage\":\"cs\"},{\"@type\":\"Organization\",\"@id\":\"https:\\\/\\\/www.elpex.se\\\/cs\\\/#organization\",\"name\":\"Elpex\",\"url\":\"https:\\\/\\\/www.elpex.se\\\/cs\\\/\",\"logo\":{\"@type\":\"ImageObject\",\"inLanguage\":\"cs\",\"@id\":\"https:\\\/\\\/www.elpex.se\\\/cs\\\/#\\\/schema\\\/logo\\\/image\\\/\",\"url\":\"https:\\\/\\\/www.elpex.se\\\/wp-content\\\/uploads\\\/2024\\\/11\\\/Elpex-logo_svart.svg\",\"contentUrl\":\"https:\\\/\\\/www.elpex.se\\\/wp-content\\\/uploads\\\/2024\\\/11\\\/Elpex-logo_svart.svg\",\"caption\":\"Elpex\"},\"image\":{\"@id\":\"https:\\\/\\\/www.elpex.se\\\/cs\\\/#\\\/schema\\\/logo\\\/image\\\/\"},\"sameAs\":[\"https:\\\/\\\/www.facebook.com\\\/www.elpex.se\\\/?locale=sv_SE\",\"https:\\\/\\\/www.instagram.com\\\/elpexrollerskis\\\/\"]}]}<\/script>\n<!-- \/ Yoast SEO plugin. -->","yoast_head_json":{"title":"N\u00e1vrat - Elpex","robots":{"index":"index","follow":"follow","max-snippet":"max-snippet:-1","max-image-preview":"max-image-preview:large","max-video-preview":"max-video-preview:-1"},"canonical":"https:\/\/www.elpex.se\/cs\/produkt\/classic-team-kopia\/","og_locale":"cs_CZ","og_type":"article","og_title":"N\u00e1vrat - Elpex","og_description":"Limitovan\u00e1 edice na\u0161ich nejz\u00e1vodn\u011bj\u0161\u00edch kole\u010dkov\u00fdch ly\u017e\u00ed. U\u017e\u0161\u00ed kole\u010dka pro ni\u017e\u0161\u00ed hmotnost a plynulej\u0161\u00ed ovl\u00e1d\u00e1n\u00ed. Vyrobeno v na\u0161\u00ed nov\u00e9 v\u00fdrob\u011b po po\u017e\u00e1ru.","og_url":"https:\/\/www.elpex.se\/cs\/produkt\/classic-team-kopia\/","og_site_name":"Elpex","article_publisher":"https:\/\/www.facebook.com\/www.elpex.se\/?locale=sv_SE","article_modified_time":"2026-02-24T15:23:17+00:00","og_image":[{"width":1440,"height":2560,"url":"https:\/\/www.elpex.se\/wp-content\/uploads\/2025\/07\/The-comeback_standing_light-bg-kopia-scaled.jpg.webp","type":"image\/jpeg"}],"twitter_card":"summary_large_image","twitter_misc":{"Odhadovan\u00e1 doba \u010dten\u00ed":"2 minuty"},"schema":{"@context":"https:\/\/schema.org","@graph":[{"@type":"WebPage","@id":"https:\/\/www.elpex.se\/cs\/produkt\/classic-team-kopia\/","url":"https:\/\/www.elpex.se\/cs\/produkt\/classic-team-kopia\/","name":"N\u00e1vrat - Elpex","isPartOf":{"@id":"https:\/\/www.elpex.se\/cs\/#website"},"primaryImageOfPage":{"@id":"https:\/\/www.elpex.se\/cs\/produkt\/classic-team-kopia\/#primaryimage"},"image":{"@id":"https:\/\/www.elpex.se\/cs\/produkt\/classic-team-kopia\/#primaryimage"},"thumbnailUrl":"https:\/\/www.elpex.se\/wp-content\/uploads\/2025\/07\/The-comeback_standing_light-bg-kopia-scaled.jpg.webp","datePublished":"2025-07-24T06:57:17+00:00","dateModified":"2026-02-24T15:23:17+00:00","breadcrumb":{"@id":"https:\/\/www.elpex.se\/cs\/produkt\/classic-team-kopia\/#breadcrumb"},"inLanguage":"cs","potentialAction":[{"@type":"ReadAction","target":["https:\/\/www.elpex.se\/cs\/produkt\/classic-team-kopia\/"]}]},{"@type":"ImageObject","inLanguage":"cs","@id":"https:\/\/www.elpex.se\/cs\/produkt\/classic-team-kopia\/#primaryimage","url":"https:\/\/www.elpex.se\/wp-content\/uploads\/2025\/07\/The-comeback_standing_light-bg-kopia-scaled.jpg.webp","contentUrl":"https:\/\/www.elpex.se\/wp-content\/uploads\/2025\/07\/The-comeback_standing_light-bg-kopia-scaled.jpg.webp","width":1440,"height":2560},{"@type":"BreadcrumbList","@id":"https:\/\/www.elpex.se\/cs\/produkt\/classic-team-kopia\/#breadcrumb","itemListElement":[{"@type":"ListItem","position":1,"name":"Hem","item":"https:\/\/www.elpex.se\/cs\/"},{"@type":"ListItem","position":2,"name":"Kole\u010dkov\u00e9 ly\u017ee a p\u0159\u00edslu\u0161enstv\u00ed","item":"https:\/\/www.elpex.se\/cs\/shop\/"},{"@type":"ListItem","position":3,"name":"N\u00e1vrat"}]},{"@type":"WebSite","@id":"https:\/\/www.elpex.se\/cs\/#website","url":"https:\/\/www.elpex.se\/cs\/","name":"Elpex","description":"","publisher":{"@id":"https:\/\/www.elpex.se\/cs\/#organization"},"potentialAction":[{"@type":"SearchAction","target":{"@type":"EntryPoint","urlTemplate":"https:\/\/www.elpex.se\/cs\/?s={search_term_string}"},"query-input":{"@type":"PropertyValueSpecification","valueRequired":true,"valueName":"search_term_string"}}],"inLanguage":"cs"},{"@type":"Organization","@id":"https:\/\/www.elpex.se\/cs\/#organization","name":"Elpex","url":"https:\/\/www.elpex.se\/cs\/","logo":{"@type":"ImageObject","inLanguage":"cs","@id":"https:\/\/www.elpex.se\/cs\/#\/schema\/logo\/image\/","url":"https:\/\/www.elpex.se\/wp-content\/uploads\/2024\/11\/Elpex-logo_svart.svg","contentUrl":"https:\/\/www.elpex.se\/wp-content\/uploads\/2024\/11\/Elpex-logo_svart.svg","caption":"Elpex"},"image":{"@id":"https:\/\/www.elpex.se\/cs\/#\/schema\/logo\/image\/"},"sameAs":["https:\/\/www.facebook.com\/www.elpex.se\/?locale=sv_SE","https:\/\/www.instagram.com\/elpexrollerskis\/"]}]}},"_links":{"self":[{"href":"https:\/\/www.elpex.se\/cs\/wp-json\/wp\/v2\/product\/11104","targetHints":{"allow":["GET"]}}],"collection":[{"href":"https:\/\/www.elpex.se\/cs\/wp-json\/wp\/v2\/product"}],"about":[{"href":"https:\/\/www.elpex.se\/cs\/wp-json\/wp\/v2\/types\/product"}],"wp:featuredmedia":[{"embeddable":true,"href":"https:\/\/www.elpex.se\/cs\/wp-json\/wp\/v2\/media\/11274"}],"wp:attachment":[{"href":"https:\/\/www.elpex.se\/cs\/wp-json\/wp\/v2\/media?parent=11104"}],"wp:term":[{"taxonomy":"product_brand","embeddable":true,"href":"https:\/\/www.elpex.se\/cs\/wp-json\/wp\/v2\/product_brand?post=11104"},{"taxonomy":"product_cat","embeddable":true,"href":"https:\/\/www.elpex.se\/cs\/wp-json\/wp\/v2\/product_cat?post=11104"},{"taxonomy":"product_tag","embeddable":true,"href":"https:\/\/www.elpex.se\/cs\/wp-json\/wp\/v2\/product_tag?post=11104"}],"curies":[{"name":"wp","href":"https:\/\/api.w.org\/{rel}","templated":true}]}}