{"id":3368,"date":"2024-11-18T13:54:08","date_gmt":"2024-11-18T13:54:08","guid":{"rendered":"https:\/\/www.elpex.se\/o-spolecnosti-elpex\/"},"modified":"2025-01-13T10:48:16","modified_gmt":"2025-01-13T10:48:16","slug":"o-spolecnosti-elpex","status":"publish","type":"page","link":"https:\/\/www.elpex.se\/cs\/o-spolecnosti-elpex\/","title":{"rendered":"O spole\u010dnosti Elpex"},"content":{"rendered":"\n<div id=\"athemes-blocks-block-12a69067\" class=\"wp-block-athemes-athemes-blocks-block-container athemes-blocks-block athemes-blocks-block-12a69067 athemes-blocks-block-container alignfull\"><div class=\"athemes-blocks-block-container-wrapper athemes-blocks-block-container-bg-cover athemes-blocks-block-container-bg-effect-scroll\"><img class=\"athemes-blocks-background-image\" width=\"1920\" height=\"1080\" srcset=\"https:\/\/www.elpex.se\/wp-content\/uploads\/2024\/11\/A\u030akare_16-9-7-150x150.png 150w, https:\/\/www.elpex.se\/wp-content\/uploads\/2024\/11\/A\u030akare_16-9-7-300x169.png 300w, https:\/\/www.elpex.se\/wp-content\/uploads\/2024\/11\/A\u030akare_16-9-7-1024x576.png 1024w, https:\/\/www.elpex.se\/wp-content\/uploads\/2024\/11\/A\u030akare_16-9-7.png 1920w, \" sizes=\"auto, (max-width: 1920px) 100vw, 1920px\" alt=\"\" loading=\"lazy\"\/><div class=\"athemes-blocks-block-container-wrapper-content\">\n<h1 class=\"wp-block-heading has-text-align-center has-color-7-color has-text-color has-link-color wp-elements-1e99f8242db73e0f0ed61afe670c9319\">Vyrostl v severn\u00edm \u0160v\u00e9dsku<\/h1>\n<\/div><\/div><\/div>\n\n<div id=\"athemes-blocks-block-10a9acb5\" class=\"wp-block-athemes-athemes-blocks-block-container athemes-blocks-block athemes-blocks-block-10a9acb5 athemes-blocks-block-container alignfull\"><div class=\"athemes-blocks-block-container-wrapper athemes-blocks-block-container-bg-cover athemes-blocks-block-container-bg-effect-scroll\"><div class=\"athemes-blocks-block-container-wrapper-content\">\n<div class=\"wp-block-columns is-layout-flex wp-container-core-columns-is-layout-d09bfce3 wp-block-columns-is-layout-flex\" style=\"margin-top:var(--wp--preset--spacing--20);margin-bottom:var(--wp--preset--spacing--20)\">\n<div class=\"wp-block-column is-layout-flow wp-container-core-column-is-layout-f5bb311e wp-block-column-is-layout-flow\">\n<figure class=\"wp-block-image size-large is-style-default\" style=\"margin-top:var(--wp--preset--spacing--50);margin-right:var(--wp--preset--spacing--20);margin-bottom:var(--wp--preset--spacing--50);margin-left:var(--wp--preset--spacing--20)\"><img decoding=\"async\" width=\"1281\" height=\"1708\" src=\"https:\/\/www.elpex.se\/wp-content\/uploads\/2024\/11\/3U2A7744-edited.jpg\" alt=\"\" class=\"wp-image-917\" style=\"aspect-ratio:1;object-fit:cover\"\/><\/figure>\n<\/div>\n\n\n\n<div class=\"wp-block-column is-vertically-aligned-center is-layout-flow wp-container-core-column-is-layout-8a368f38 wp-block-column-is-layout-flow\">\n<h2 class=\"wp-block-heading\" style=\"margin-top:var(--wp--preset--spacing--40);margin-right:var(--wp--preset--spacing--20);margin-bottom:var(--wp--preset--spacing--40);margin-left:var(--wp--preset--spacing--20)\">N\u00e1\u0161 p\u0159\u00edb\u011bh<\/h2>\n\n\n\n<div style=\"height:9px\" aria-hidden=\"true\" class=\"wp-block-spacer\"><\/div>\n\n\n\n<p style=\"margin-top:var(--wp--preset--spacing--40);margin-right:var(--wp--preset--spacing--20);margin-bottom:var(--wp--preset--spacing--40);margin-left:var(--wp--preset--spacing--20)\">Kl\u00ed\u010dov\u00fdmi slovy spole\u010dnosti jsou v\u00fdvoj, inovace a kvalita. Spolupr\u00e1ce se \u0161v\u00e9dskou ly\u017ea\u0159skou elitou a sousedn\u00edmi spole\u010dnostmi u\u010dinila ze spole\u010dnosti Elpex to, \u010d\u00edm je dnes. Jako nov\u00ed majitel\u00e9 budeme i nad\u00e1le dod\u00e1vat v\u00fdrobky v kvalit\u011b, kterou je Elpex zn\u00e1m\u00fd, za konkurenceschopn\u00e9 ceny a z\u00e1rove\u0148 aktivn\u011b pracovat na sni\u017eov\u00e1n\u00ed dopadu na \u017eivotn\u00ed prost\u0159ed\u00ed.  <\/p>\n\n\n\n<p style=\"margin-top:var(--wp--preset--spacing--40);margin-right:var(--wp--preset--spacing--20);margin-bottom:var(--wp--preset--spacing--40);margin-left:var(--wp--preset--spacing--20)\">Sna\u017e\u00edme se vyr\u00e1b\u011bt co nejv\u00edce na\u0161ich sou\u010d\u00e1st\u00ed ve \u0160v\u00e9dsku, abychom zajistili kvalitu a sn\u00ed\u017eili dopad na \u017eivotn\u00ed prost\u0159ed\u00ed. Nap\u0159\u00edklad na\u0161e kola, profily, blatn\u00edky, n\u00e1pravy a kuli\u010dkov\u00e1 lo\u017eiska se vyr\u00e1b\u011bj\u00ed ve \u0160v\u00e9dsku.  <br\/><br\/><strong>Sm\u011b\u0159ujeme k nov\u00fdm c\u00edl\u016fm.<\/strong><br\/><\/p>\n<\/div>\n<\/div>\n<\/div><\/div><\/div>\n\n<div id=\"athemes-blocks-block-71d2aa02\" class=\"wp-block-athemes-athemes-blocks-block-container athemes-blocks-block athemes-blocks-block-71d2aa02 athemes-blocks-block-container alignfull\"><div class=\"athemes-blocks-block-container-wrapper athemes-blocks-block-container-bg-cover athemes-blocks-block-container-bg-effect-scroll\"><div class=\"athemes-blocks-block-container-wrapper-content\">\n<div style=\"height:40px\" aria-hidden=\"true\" class=\"wp-block-spacer\"><\/div>\n\n\n\n<h2 class=\"wp-block-heading has-text-color has-link-color wp-elements-f31664ab10641d84ebc1b1d2a33602d0\" style=\"color:#e0ffa5\">Elpex je jednou z p\u0159edn\u00edch sv\u011btov\u00fdch zna\u010dek ve v\u00fdrob\u011b kole\u010dkov\u00fdch ly\u017e\u00ed. Model Classic Wasa je nejprod\u00e1van\u011bj\u0161\u00ed klasickou kole\u010dkovou ly\u017e\u00ed od roku 1987. <\/h2>\n\n\n\n<div style=\"height:30px\" aria-hidden=\"true\" class=\"wp-block-spacer\"><\/div>\n<\/div><\/div><\/div>\n\n<div id=\"athemes-blocks-block-3d5fd8c9\" class=\"wp-block-athemes-athemes-blocks-block-container athemes-blocks-block athemes-blocks-block-3d5fd8c9 athemes-blocks-block-container alignfull\"><div class=\"athemes-blocks-block-container-wrapper athemes-blocks-block-container-bg-cover athemes-blocks-block-container-bg-effect-scroll\"><div class=\"athemes-blocks-block-container-wrapper-content\">\n<div style=\"height:10px\" aria-hidden=\"true\" class=\"wp-block-spacer\"><\/div>\n\n\n\n<div class=\"wp-block-columns is-layout-flex wp-container-core-columns-is-layout-28f84493 wp-block-columns-is-layout-flex\">\n<div class=\"wp-block-column is-layout-flow wp-block-column-is-layout-flow\">\n<h3 class=\"wp-block-heading has-text-align-left\">V\u00fdvoj<\/h3>\n\n\n\n<p class=\"has-text-align-left\">T\u00fdm Elpex tvo\u0159\u00ed aktivn\u00ed a b\u00fdval\u00ed elitn\u00ed ly\u017ea\u0159i. V\u00edme, jak maj\u00ed vypadat kole\u010dkov\u00e9 ly\u017ee, a chceme v\u00e1m, kte\u0159\u00ed na Elpexu jezd\u00edte, nab\u00eddnout to absolutn\u011b nejlep\u0161\u00ed. V \u00d6jebynu neust\u00e1le prob\u00edhaj\u00ed v\u00fdvojov\u00e9 pr\u00e1ce na zlep\u0161en\u00ed.  <\/p>\n<\/div>\n\n\n\n<div class=\"wp-block-column is-layout-flow wp-block-column-is-layout-flow\">\n<h3 class=\"wp-block-heading\">Inovace<\/h3>\n\n\n\n<p>Polyuretanov\u00e1 kola, tlumic\u00ed ty\u010de, vidlice tlum\u00edc\u00ed vibrace, kompozitn\u00ed r\u00e1my. Seznam inovac\u00ed spole\u010dnosti Elpex je dlouh\u00fd. <\/p>\n<\/div>\n\n\n\n<div class=\"wp-block-column is-layout-flow wp-block-column-is-layout-flow\">\n<h3 class=\"wp-block-heading\">Kvalita<\/h3>\n\n\n\n<p>Sna\u017e\u00edme se zajistit, aby kvalita kole\u010dkov\u00fdch ly\u017e\u00ed byla na nejvy\u0161\u0161\u00ed \u00farovni.  <\/p>\n<\/div>\n<\/div>\n\n\n\n<div style=\"height:0px\" aria-hidden=\"true\" class=\"wp-block-spacer\"><\/div>\n<\/div><\/div><\/div>\n\n<div id=\"athemes-blocks-block-0122d19c\" class=\"wp-block-athemes-athemes-blocks-block-container athemes-blocks-block athemes-blocks-block-0122d19c athemes-blocks-block-container alignfull\"><div class=\"athemes-blocks-block-container-wrapper athemes-blocks-block-container-bg-cover athemes-blocks-block-container-bg-effect-scroll\"><div class=\"athemes-blocks-block-container-wrapper-content\">\n<div class=\"wp-block-columns is-layout-flex wp-container-core-columns-is-layout-d35cc9d5 wp-block-columns-is-layout-flex\" style=\"margin-top:var(--wp--preset--spacing--50);margin-bottom:var(--wp--preset--spacing--50)\">\n<div class=\"wp-block-column is-vertically-aligned-center is-layout-flow wp-block-column-is-layout-flow\">\n<div class=\"wp-block-group\" style=\"margin-top:var(--wp--preset--spacing--50);margin-bottom:var(--wp--preset--spacing--50)\"><div class=\"wp-block-group__inner-container is-layout-constrained wp-block-group-is-layout-constrained\">\n<p class=\"has-text-align-left\" style=\"font-size:18px\">Elpex nen\u00ed jen in\u017een\u00fdrstv\u00ed u silnice. Je to kole\u010dkov\u00e1 ly\u017ee, kter\u00e1 se v ka\u017ed\u00e9m detailu vyzna\u010duje sv\u00fdm seversk\u00fdm p\u016fvodem. Ly\u017ee, kter\u00e1 v\u017edy odvede svou pr\u00e1ci. Je to ly\u017ee, kter\u00e1 poskytuje podm\u00ednky pro dosa\u017een\u00ed c\u00edle bez ohledu na to, jak vysoko je nastaven. Elpex je pro ty, kte\u0159\u00ed cht\u011bj\u00ed dos\u00e1hnout elity, ale i pro ty, kte\u0159\u00ed se p\u0159i cvi\u010dn\u00e9m kole spokoj\u00ed jen s t\u00edm nejlep\u0161\u00edm. Elpex je sen o prvn\u00edm sn\u011bhu a k\u0159upav\u011b b\u00edl\u00fdch ly\u017ea\u0159sk\u00fdch stop\u00e1ch, ale tak\u00e9 to, co je nejbl\u00ed\u017ee tomu pocitu, kter\u00fd v\u0161ichni milujeme. Jsou to kole\u010dkov\u00e9 ly\u017ee, kter\u00e9 v\u00e1s udr\u017e\u00ed na cest\u011b za va\u0161imi sny a dlouhodob\u00fdmi c\u00edli.        <\/p>\n\n\n\n<p class=\"has-extra-large-font-size\"><strong><em>Elpex &#8211; odchov\u00e1n v severn\u00edm \u0160v\u00e9dsku<\/em><\/strong><\/p>\n<\/div><\/div>\n<\/div>\n\n\n\n<div class=\"wp-block-column is-layout-flow wp-block-column-is-layout-flow\">\n<figure class=\"wp-block-image size-large wp-duotone-unset-1\"><img decoding=\"async\" width=\"768\" height=\"1024\" src=\"https:\/\/www.elpex.se\/wp-content\/uploads\/2024\/11\/3U2A7744-edited-768x1024.jpg\" alt=\"\" class=\"wp-image-917\" style=\"aspect-ratio:1;object-fit:cover\"\/><\/figure>\n<\/div>\n<\/div>\n<\/div><\/div><\/div>\n","protected":false},"excerpt":{"rendered":"","protected":false},"author":4,"featured_media":0,"parent":0,"menu_order":0,"comment_status":"closed","ping_status":"closed","template":"","meta":{"footnotes":""},"class_list":["post-3368","page","type-page","status-publish","hentry"],"yoast_head":"<!-- This site is optimized with the Yoast SEO plugin v27.4 - https:\/\/yoast.com\/product\/yoast-seo-wordpress\/ -->\n<title>O spole\u010dnosti Elpex - Elpex<\/title>\n<meta name=\"robots\" content=\"index, follow, max-snippet:-1, max-image-preview:large, max-video-preview:-1\" \/>\n<link rel=\"canonical\" href=\"https:\/\/www.elpex.se\/cs\/o-spolecnosti-elpex\/\" \/>\n<meta property=\"og:locale\" content=\"cs_CZ\" \/>\n<meta property=\"og:type\" content=\"article\" \/>\n<meta property=\"og:title\" content=\"O spole\u010dnosti Elpex - Elpex\" \/>\n<meta property=\"og:url\" content=\"https:\/\/www.elpex.se\/cs\/o-spolecnosti-elpex\/\" \/>\n<meta property=\"og:site_name\" content=\"Elpex\" \/>\n<meta property=\"article:publisher\" content=\"https:\/\/www.facebook.com\/www.elpex.se\/?locale=sv_SE\" \/>\n<meta property=\"article:modified_time\" content=\"2025-01-13T10:48:16+00:00\" \/>\n<meta property=\"og:image\" content=\"https:\/\/www.elpex.se\/wp-content\/uploads\/2024\/11\/3U2A7744-edited.jpg\" \/>\n<meta name=\"twitter:card\" content=\"summary_large_image\" \/>\n<meta name=\"twitter:label1\" content=\"Odhadovan\u00e1 doba \u010dten\u00ed\" \/>\n\t<meta name=\"twitter:data1\" content=\"2 minuty\" \/>\n<script type=\"application\/ld+json\" class=\"yoast-schema-graph\">{\"@context\":\"https:\\\/\\\/schema.org\",\"@graph\":[{\"@type\":\"WebPage\",\"@id\":\"https:\\\/\\\/www.elpex.se\\\/cs\\\/o-spolecnosti-elpex\\\/\",\"url\":\"https:\\\/\\\/www.elpex.se\\\/cs\\\/o-spolecnosti-elpex\\\/\",\"name\":\"O spole\u010dnosti Elpex - Elpex\",\"isPartOf\":{\"@id\":\"https:\\\/\\\/www.elpex.se\\\/cs\\\/#website\"},\"primaryImageOfPage\":{\"@id\":\"https:\\\/\\\/www.elpex.se\\\/cs\\\/o-spolecnosti-elpex\\\/#primaryimage\"},\"image\":{\"@id\":\"https:\\\/\\\/www.elpex.se\\\/cs\\\/o-spolecnosti-elpex\\\/#primaryimage\"},\"thumbnailUrl\":\"https:\\\/\\\/www.elpex.se\\\/wp-content\\\/uploads\\\/2024\\\/11\\\/3U2A7744-edited.jpg\",\"datePublished\":\"2024-11-18T13:54:08+00:00\",\"dateModified\":\"2025-01-13T10:48:16+00:00\",\"breadcrumb\":{\"@id\":\"https:\\\/\\\/www.elpex.se\\\/cs\\\/o-spolecnosti-elpex\\\/#breadcrumb\"},\"inLanguage\":\"cs\",\"potentialAction\":[{\"@type\":\"ReadAction\",\"target\":[\"https:\\\/\\\/www.elpex.se\\\/cs\\\/o-spolecnosti-elpex\\\/\"]}]},{\"@type\":\"ImageObject\",\"inLanguage\":\"cs\",\"@id\":\"https:\\\/\\\/www.elpex.se\\\/cs\\\/o-spolecnosti-elpex\\\/#primaryimage\",\"url\":\"https:\\\/\\\/www.elpex.se\\\/wp-content\\\/uploads\\\/2024\\\/11\\\/3U2A7744-edited.jpg\",\"contentUrl\":\"https:\\\/\\\/www.elpex.se\\\/wp-content\\\/uploads\\\/2024\\\/11\\\/3U2A7744-edited.jpg\"},{\"@type\":\"BreadcrumbList\",\"@id\":\"https:\\\/\\\/www.elpex.se\\\/cs\\\/o-spolecnosti-elpex\\\/#breadcrumb\",\"itemListElement\":[{\"@type\":\"ListItem\",\"position\":1,\"name\":\"Hem\",\"item\":\"https:\\\/\\\/www.elpex.se\\\/cs\\\/\"},{\"@type\":\"ListItem\",\"position\":2,\"name\":\"O spole\u010dnosti Elpex\"}]},{\"@type\":\"WebSite\",\"@id\":\"https:\\\/\\\/www.elpex.se\\\/cs\\\/#website\",\"url\":\"https:\\\/\\\/www.elpex.se\\\/cs\\\/\",\"name\":\"Elpex\",\"description\":\"\",\"publisher\":{\"@id\":\"https:\\\/\\\/www.elpex.se\\\/cs\\\/#organization\"},\"potentialAction\":[{\"@type\":\"SearchAction\",\"target\":{\"@type\":\"EntryPoint\",\"urlTemplate\":\"https:\\\/\\\/www.elpex.se\\\/cs\\\/?s={search_term_string}\"},\"query-input\":{\"@type\":\"PropertyValueSpecification\",\"valueRequired\":true,\"valueName\":\"search_term_string\"}}],\"inLanguage\":\"cs\"},{\"@type\":\"Organization\",\"@id\":\"https:\\\/\\\/www.elpex.se\\\/cs\\\/#organization\",\"name\":\"Elpex\",\"url\":\"https:\\\/\\\/www.elpex.se\\\/cs\\\/\",\"logo\":{\"@type\":\"ImageObject\",\"inLanguage\":\"cs\",\"@id\":\"https:\\\/\\\/www.elpex.se\\\/cs\\\/#\\\/schema\\\/logo\\\/image\\\/\",\"url\":\"https:\\\/\\\/www.elpex.se\\\/wp-content\\\/uploads\\\/2024\\\/11\\\/Elpex-logo_svart.svg\",\"contentUrl\":\"https:\\\/\\\/www.elpex.se\\\/wp-content\\\/uploads\\\/2024\\\/11\\\/Elpex-logo_svart.svg\",\"caption\":\"Elpex\"},\"image\":{\"@id\":\"https:\\\/\\\/www.elpex.se\\\/cs\\\/#\\\/schema\\\/logo\\\/image\\\/\"},\"sameAs\":[\"https:\\\/\\\/www.facebook.com\\\/www.elpex.se\\\/?locale=sv_SE\",\"https:\\\/\\\/www.instagram.com\\\/elpexrollerskis\\\/\"]}]}<\/script>\n<!-- \/ Yoast SEO plugin. -->","yoast_head_json":{"title":"O spole\u010dnosti Elpex - Elpex","robots":{"index":"index","follow":"follow","max-snippet":"max-snippet:-1","max-image-preview":"max-image-preview:large","max-video-preview":"max-video-preview:-1"},"canonical":"https:\/\/www.elpex.se\/cs\/o-spolecnosti-elpex\/","og_locale":"cs_CZ","og_type":"article","og_title":"O spole\u010dnosti Elpex - Elpex","og_url":"https:\/\/www.elpex.se\/cs\/o-spolecnosti-elpex\/","og_site_name":"Elpex","article_publisher":"https:\/\/www.facebook.com\/www.elpex.se\/?locale=sv_SE","article_modified_time":"2025-01-13T10:48:16+00:00","og_image":[{"url":"https:\/\/www.elpex.se\/wp-content\/uploads\/2024\/11\/3U2A7744-edited.jpg","type":"","width":"","height":""}],"twitter_card":"summary_large_image","twitter_misc":{"Odhadovan\u00e1 doba \u010dten\u00ed":"2 minuty"},"schema":{"@context":"https:\/\/schema.org","@graph":[{"@type":"WebPage","@id":"https:\/\/www.elpex.se\/cs\/o-spolecnosti-elpex\/","url":"https:\/\/www.elpex.se\/cs\/o-spolecnosti-elpex\/","name":"O spole\u010dnosti Elpex - Elpex","isPartOf":{"@id":"https:\/\/www.elpex.se\/cs\/#website"},"primaryImageOfPage":{"@id":"https:\/\/www.elpex.se\/cs\/o-spolecnosti-elpex\/#primaryimage"},"image":{"@id":"https:\/\/www.elpex.se\/cs\/o-spolecnosti-elpex\/#primaryimage"},"thumbnailUrl":"https:\/\/www.elpex.se\/wp-content\/uploads\/2024\/11\/3U2A7744-edited.jpg","datePublished":"2024-11-18T13:54:08+00:00","dateModified":"2025-01-13T10:48:16+00:00","breadcrumb":{"@id":"https:\/\/www.elpex.se\/cs\/o-spolecnosti-elpex\/#breadcrumb"},"inLanguage":"cs","potentialAction":[{"@type":"ReadAction","target":["https:\/\/www.elpex.se\/cs\/o-spolecnosti-elpex\/"]}]},{"@type":"ImageObject","inLanguage":"cs","@id":"https:\/\/www.elpex.se\/cs\/o-spolecnosti-elpex\/#primaryimage","url":"https:\/\/www.elpex.se\/wp-content\/uploads\/2024\/11\/3U2A7744-edited.jpg","contentUrl":"https:\/\/www.elpex.se\/wp-content\/uploads\/2024\/11\/3U2A7744-edited.jpg"},{"@type":"BreadcrumbList","@id":"https:\/\/www.elpex.se\/cs\/o-spolecnosti-elpex\/#breadcrumb","itemListElement":[{"@type":"ListItem","position":1,"name":"Hem","item":"https:\/\/www.elpex.se\/cs\/"},{"@type":"ListItem","position":2,"name":"O spole\u010dnosti Elpex"}]},{"@type":"WebSite","@id":"https:\/\/www.elpex.se\/cs\/#website","url":"https:\/\/www.elpex.se\/cs\/","name":"Elpex","description":"","publisher":{"@id":"https:\/\/www.elpex.se\/cs\/#organization"},"potentialAction":[{"@type":"SearchAction","target":{"@type":"EntryPoint","urlTemplate":"https:\/\/www.elpex.se\/cs\/?s={search_term_string}"},"query-input":{"@type":"PropertyValueSpecification","valueRequired":true,"valueName":"search_term_string"}}],"inLanguage":"cs"},{"@type":"Organization","@id":"https:\/\/www.elpex.se\/cs\/#organization","name":"Elpex","url":"https:\/\/www.elpex.se\/cs\/","logo":{"@type":"ImageObject","inLanguage":"cs","@id":"https:\/\/www.elpex.se\/cs\/#\/schema\/logo\/image\/","url":"https:\/\/www.elpex.se\/wp-content\/uploads\/2024\/11\/Elpex-logo_svart.svg","contentUrl":"https:\/\/www.elpex.se\/wp-content\/uploads\/2024\/11\/Elpex-logo_svart.svg","caption":"Elpex"},"image":{"@id":"https:\/\/www.elpex.se\/cs\/#\/schema\/logo\/image\/"},"sameAs":["https:\/\/www.facebook.com\/www.elpex.se\/?locale=sv_SE","https:\/\/www.instagram.com\/elpexrollerskis\/"]}]}},"_links":{"self":[{"href":"https:\/\/www.elpex.se\/cs\/wp-json\/wp\/v2\/pages\/3368","targetHints":{"allow":["GET"]}}],"collection":[{"href":"https:\/\/www.elpex.se\/cs\/wp-json\/wp\/v2\/pages"}],"about":[{"href":"https:\/\/www.elpex.se\/cs\/wp-json\/wp\/v2\/types\/page"}],"author":[{"embeddable":true,"href":"https:\/\/www.elpex.se\/cs\/wp-json\/wp\/v2\/users\/4"}],"replies":[{"embeddable":true,"href":"https:\/\/www.elpex.se\/cs\/wp-json\/wp\/v2\/comments?post=3368"}],"version-history":[{"count":1,"href":"https:\/\/www.elpex.se\/cs\/wp-json\/wp\/v2\/pages\/3368\/revisions"}],"predecessor-version":[{"id":3370,"href":"https:\/\/www.elpex.se\/cs\/wp-json\/wp\/v2\/pages\/3368\/revisions\/3370"}],"wp:attachment":[{"href":"https:\/\/www.elpex.se\/cs\/wp-json\/wp\/v2\/media?parent=3368"}],"curies":[{"name":"wp","href":"https:\/\/api.w.org\/{rel}","templated":true}]}}