{"id":14227,"date":"2026-03-06T14:05:34","date_gmt":"2026-03-06T14:05:34","guid":{"rendered":"https:\/\/www.elpex.se\/bezne-chyby-na-koleckovych-lyzich\/"},"modified":"2026-03-06T14:06:37","modified_gmt":"2026-03-06T14:06:37","slug":"bezne-chyby-na-koleckovych-lyzich","status":"publish","type":"page","link":"https:\/\/www.elpex.se\/cs\/pruvodci\/bezne-chyby-na-koleckovych-lyzich\/","title":{"rendered":"B\u011b\u017en\u00e9 chyby na kole\u010dkov\u00fdch ly\u017e\u00edch"},"content":{"rendered":"\n<h2 class=\"wp-block-heading\">9 v\u011bc\u00ed, kter\u00e9 spousta lid\u00ed d\u011bl\u00e1 \u0161patn\u011b (a jak se jim vyhnout)<\/h2>\n\n<p>Kole\u010dkov\u00e9 ly\u017ee jsou jedn\u00edm z nejlep\u0161\u00edch zp\u016fsob\u016f, jak tr\u00e9novat b\u011b\u017eeck\u00e9 ly\u017eov\u00e1n\u00ed bez sn\u011bhu. Z\u00e1rove\u0148 ale mnoho za\u010d\u00e1te\u010dn\u00edk\u016f \u2013 a i zku\u0161en\u00fdch ly\u017ea\u0159\u016f \u2013 d\u011bl\u00e1 n\u011bkolik b\u011b\u017en\u00fdch chyb, kter\u00e9 ovliv\u0148uj\u00ed techniku, bezpe\u010dnost i kvalitu tr\u00e9ninku. <\/p>\n\n<p>Tady si projdeme <strong>b\u011b\u017en\u00e9 chyby p\u0159i j\u00edzd\u011b na kole\u010dkov\u00fdch ly\u017e\u00edch a jak se jim vyhnout<\/strong>, abys m\u011bl(a) lep\u0161\u00ed tr\u00e9nink a v\u00edc \u201ely\u017ea\u0159sk\u00e9ho\u201c pocitu.<\/p>\n\n<hr class=\"wp-block-separator has-alpha-channel-opacity\"\/>\n\n<h2 class=\"wp-block-heading\">1. Vol\u00ed\u0161 p\u0159\u00edli\u0161 lehk\u00fd valiv\u00fd odpor<\/h2>\n\n<p>\u010cast\u00e1 chyba p\u0159i n\u00e1kupu kole\u010dkov\u00fdch ly\u017e\u00ed je zvolit <strong>p\u0159\u00edli\u0161 lehk\u00fd valiv\u00fd odpor<\/strong>.<\/p>\n\n<p>M\u016f\u017ee to p\u016fsobit rychle a z\u00e1bavn\u011b, ale p\u0159\u00edli\u0161 lehk\u00fd odpor zp\u016fsob\u00ed, \u017ee:<\/p>\n\n<ul class=\"wp-block-list\">\n<li>technika se zhor\u0161\u00ed ve sjezdech<\/li>\n\n\n\n<li>tr\u00e9nink je m\u00e9n\u011b podobn\u00fd b\u011b\u017ek\u00e1m<\/li>\n\n\n\n<li>zat\u00ed\u017een\u00ed je p\u0159\u00edli\u0161 n\u00edzk\u00e9.<\/li>\n<\/ul>\n\n<p><strong>Tip:<\/strong><br\/>V\u011bt\u0161in\u011b rekrea\u010dn\u00edch sportovc\u016f se tr\u00e9nuje nejl\u00e9pe s <strong>valiv\u00fdm odporem 3<\/strong>, proto\u017ee d\u00e1v\u00e1 \u201ely\u017ea\u0159\u0161t\u011bj\u0161\u00ed\u201c pocit ne\u017e leh\u010d\u00ed kole\u010dka.<\/p>\n\n<hr class=\"wp-block-separator has-alpha-channel-opacity\"\/>\n\n<h2 class=\"wp-block-heading\">2. Pou\u017e\u00edv\u00e1\u0161 p\u0159\u00edli\u0161 dlouh\u00e9 hole<\/h2>\n\n<p>\u0160patn\u00e1 d\u00e9lka hol\u00ed je u j\u00edzdy na kole\u010dkov\u00fdch ly\u017e\u00edch \u010dast\u00e1, hlavn\u011b u za\u010d\u00e1te\u010dn\u00edk\u016f.<\/p>\n\n<p>P\u0159\u00edli\u0161 dlouh\u00e9 hole m\u016f\u017eou zp\u016fsobit:<\/p>\n\n<ul class=\"wp-block-list\">\n<li>hor\u0161\u00ed p\u0159enos s\u00edly<\/li>\n\n\n\n<li>hor\u0161\u00ed techniku<\/li>\n\n\n\n<li>v\u011bt\u0161\u00ed z\u00e1t\u011b\u017e na ramena a pa\u017ee.<\/li>\n<\/ul>\n\n<p><strong>Tip:<\/strong><br\/>Pou\u017e\u00edvej zhruba stejnou d\u00e9lku hol\u00ed jako v zim\u011b, p\u0159\u00edpadn\u011b n\u011bkdy <strong>o 1\u20132 cm krat\u0161\u00ed hole<\/strong> pro lep\u0161\u00ed kontrolu.<\/p>\n\n<hr class=\"wp-block-separator has-alpha-channel-opacity\"\/>\n\n<h2 class=\"wp-block-heading\">3. Opot\u0159eben\u00e9 hroty hol\u00ed<\/h2>\n\n<p>Hroty hol\u00ed jsou z\u00e1sadn\u00ed pro z\u00e1b\u011br na asfaltu.<\/p>\n\n<p>Kdy\u017e se hroty opot\u0159ebuj\u00ed:<\/p>\n\n<ul class=\"wp-block-list\">\n<li>hole za\u010dnou prokluzovat<\/li>\n\n\n\n<li>odpich ztr\u00e1c\u00ed s\u00edlu<\/li>\n\n\n\n<li>technika je nestabiln\u00ed.<\/li>\n<\/ul>\n\n<p><strong>Tip:<\/strong><br\/>Hroty pravideln\u011b kontroluj a <strong>p\u0159ebru\u0161 je <a href=\"https:\/\/www.elpex.se\/cs\/produkt\/diamantovy-pilnik\/\">diamantov\u00fdm piln\u00edkem<\/a><\/strong> nebo je vym\u011b\u0148, kdy\u017e jsou opot\u0159eben\u00e9.<\/p>\n\n<hr class=\"wp-block-separator has-alpha-channel-opacity\"\/>\n\n<h2 class=\"wp-block-heading\">4. Jezd\u00ed\u0161 bez bezpe\u010dnostn\u00ed v\u00fdbavy<\/h2>\n\n<p>J\u00edzda na kole\u010dkov\u00fdch ly\u017e\u00edch se \u010dasto odehr\u00e1v\u00e1 na asfaltu a n\u011bkdy i bl\u00edzko provozu. Jezdit bez ochrany je jedna z nejv\u011bt\u0161\u00edch chyb, kter\u00e9 m\u016f\u017ee\u0161 ud\u011blat. <\/p>\n\n<p><strong>V\u017edy pou\u017e\u00edvej:<\/strong><\/p>\n\n<ul class=\"wp-block-list\">\n<li>helmu<\/li>\n\n\n\n<li>rukavice<\/li>\n\n\n\n<li>reflexn\u00ed prvky podle pot\u0159eby.<\/li>\n<\/ul>\n\n<p>Rukavice nav\u00edc chr\u00e1n\u00ed ruce p\u0159i p\u00e1du.<\/p>\n\n<hr class=\"wp-block-separator has-alpha-channel-opacity\"\/>\n\n<h2 class=\"wp-block-heading\">5. Na za\u010d\u00e1tku p\u0159\u00edli\u0161 n\u00e1ro\u010dn\u00fd ter\u00e9n<\/h2>\n\n<p>Mnoho za\u010d\u00e1te\u010dn\u00edk\u016f za\u010dne jezdit v ter\u00e9nu, kter\u00fd je <strong>p\u0159\u00edli\u0161 kopcovit\u00fd<\/strong>.<\/p>\n\n<p>Sjezdy na kole\u010dkov\u00fdch ly\u017e\u00edch vy\u017eaduj\u00ed techniku a rovnov\u00e1hu a ze za\u010d\u00e1tku m\u016f\u017eou b\u00fdt t\u011b\u017ek\u00e9.<\/p>\n\n<p><strong>Tip:<\/strong><br\/>Za\u010dni na:<\/p>\n\n<ul class=\"wp-block-list\">\n<li>cyklostezky<\/li>\n\n\n\n<li>trat\u00edch pro kole\u010dkov\u00e9 ly\u017ee<\/li>\n\n\n\n<li>rovn\u00fdch cest\u00e1ch.<\/li>\n<\/ul>\n\n<p>Jakmile si bude\u0161 jist\u011bj\u0161\u00ed, m\u016f\u017ee\u0161 postupn\u011b za\u010d\u00edt jezdit v kopcovit\u011bj\u0161\u00edm ter\u00e9nu.<\/p>\n\n<hr class=\"wp-block-separator has-alpha-channel-opacity\"\/>\n\n<h2 class=\"wp-block-heading\">6. P\u0159\u00edli\u0161 m\u00e1lo zam\u011b\u0159en\u00ed na techniku<\/h2>\n\n<p>\u010cast\u00e1 chyba v tr\u00e9ninku na kole\u010dkov\u00fdch ly\u017e\u00edch je jen jezdit a nemyslet na techniku.<\/p>\n\n<p>Kole\u010dkov\u00e9 ly\u017ee jsou vlastn\u011b jedn\u00edm z nejlep\u0161\u00edch n\u00e1stroj\u016f pro rozvoj techniky v b\u011b\u017eeck\u00e9m ly\u017eov\u00e1n\u00ed.<\/p>\n\n<p><strong>Zam\u011b\u0159 se na:<\/strong><\/p>\n\n<ul class=\"wp-block-list\">\n<li>rovnov\u00e1hu<\/li>\n\n\n\n<li>p\u0159en\u00e1\u0161en\u00ed v\u00e1hy<\/li>\n\n\n\n<li>na\u010dasov\u00e1n\u00ed zap\u00edchnut\u00ed hol\u00ed<\/li>\n\n\n\n<li>uvoln\u011bn\u00e9 pa\u017ee.<\/li>\n<\/ul>\n\n<hr class=\"wp-block-separator has-alpha-channel-opacity\"\/>\n\n<h2 class=\"wp-block-heading\">7. Mnoho lid\u00ed se neodv\u00e1\u017e\u00ed zkusit skate<\/h2>\n\n<p>Mnoho lid\u00ed, kte\u0159\u00ed za\u010d\u00ednaj\u00ed s kole\u010dkov\u00fdmi ly\u017eemi, zvol\u00ed klasiku a nikdy se po\u0159\u00e1dn\u011b neodv\u00e1\u017e\u00ed zkusit skate.<\/p>\n\n<p>Je to \u0161koda, proto\u017ee skate:<\/p>\n\n<ul class=\"wp-block-list\">\n<li>je z\u00e1bavn\u00fd<\/li>\n\n\n\n<li>d\u00e1v\u00e1 skv\u011bl\u00fd kondi\u010dn\u00ed tr\u00e9nink<\/li>\n\n\n\n<li>rozv\u00edj\u00ed rovnov\u00e1hu a techniku.<\/li>\n<\/ul>\n\n<p><strong>Tip:<\/strong><br\/>Za\u010dni na \u0161irok\u00e9 cyklostezce nebo na trati pro kole\u010dkov\u00e9 ly\u017ee. V\u011bt\u0161ina lid\u00ed se z\u00e1klady skatu nau\u010d\u00ed mnohem rychleji, ne\u017e si mysl\u00ed. <\/p>\n\n<hr class=\"wp-block-separator has-alpha-channel-opacity\"\/>\n\n<h2 class=\"wp-block-heading\">8. Mysl\u00ed\u0161 si, \u017ee se ned\u00e1 brzdit<\/h2>\n\n<p>Mnoho za\u010d\u00e1te\u010dn\u00edk\u016f si mysl\u00ed, \u017ee <strong>na kole\u010dkov\u00fdch ly\u017e\u00edch nejde brzdit<\/strong>, pokud ly\u017ee nemaj\u00ed brzdu.<\/p>\n\n<p>Ale stejn\u011b jako na sn\u011bhu se d\u00e1 brzdit t\u00edm, \u017ee <strong>pojede\u0161 do pluhu<\/strong>.<\/p>\n\n<p>Brzd\u011bn\u00ed pluhem funguje obzvl\u00e1\u0161\u0165 dob\u0159e:<\/p>\n\n<ul class=\"wp-block-list\">\n<li>v m\u00edrn\u00e9m sjezdu<\/li>\n\n\n\n<li>kdy\u017e chce\u0161 kontrolovat rychlost<\/li>\n\n\n\n<li>kdy\u017e tr\u00e9nuje\u0161 techniku.<\/li>\n<\/ul>\n\n<p><strong>Tip:<\/strong><br\/>Tr\u00e9nuj brzd\u011bn\u00ed pluhem na klidn\u00e9m m\u00edst\u011b, dokud se v technice nebude\u0161 c\u00edtit jist\u011b.<\/p>\n\n<hr class=\"wp-block-separator has-alpha-channel-opacity\"\/>\n\n<h2 class=\"wp-block-heading\">9. Zapom\u00edn\u00e1\u0161 na servis a \u00fadr\u017ebu<\/h2>\n\n<p>Kole\u010dkov\u00e9 ly\u017ee jsou vystaven\u00e9 \u0161p\u00edn\u011b, vod\u011b a vibrac\u00edm. Bez \u00fadr\u017eby m\u016f\u017eou rychle za\u010d\u00edt h\u016f\u0159 jet. <\/p>\n\n<p>Pravideln\u011b kontroluj:<\/p>\n\n<ul class=\"wp-block-list\">\n<li>kole\u010dka<\/li>\n\n\n\n<li>lo\u017eiska<\/li>\n\n\n\n<li>osy kol<\/li>\n\n\n\n<li>hroty hol\u00ed.<\/li>\n<\/ul>\n\n<p>Trocha servisu zajist\u00ed, \u017ee kole\u010dkov\u00e9 ly\u017ee <strong>pojedou l\u00e9pe a vydr\u017e\u00ed d\u00e9le<\/strong>.<\/p>\n\n<hr class=\"wp-block-separator has-alpha-channel-opacity\"\/>\n\n<h2 class=\"wp-block-heading\">Shrnut\u00ed \u2013 jak m\u00edt lep\u0161\u00ed tr\u00e9nink na kole\u010dkov\u00fdch ly\u017e\u00edch<\/h2>\n\n<p>V\u011bt\u0161ina probl\u00e9m\u016f s kole\u010dkov\u00fdmi ly\u017eemi vych\u00e1z\u00ed z n\u011bkolika jednoduch\u00fdch chyb: \u0161patn\u00fd valiv\u00fd odpor, opot\u0159eben\u00e9 hroty hol\u00ed, p\u0159\u00edli\u0161 m\u00e1lo bezpe\u010dnosti nebo p\u0159\u00edli\u0161 m\u00e1lo zam\u011b\u0159en\u00ed na techniku.<\/p>\n\n<p>Kdy\u017e bude\u0161:<\/p>\n\n<ul class=\"wp-block-list\">\n<li>vyb\u00edrat spr\u00e1vn\u00e9 kole\u010dkov\u00e9 ly\u017ee<\/li>\n\n\n\n<li>pou\u017e\u00edvat spr\u00e1vnou v\u00fdbavu<\/li>\n\n\n\n<li>tr\u00e9novat techniku<\/li>\n\n\n\n<li>udr\u017eovat vybaven\u00ed<\/li>\n<\/ul>\n\n<p>m\u016f\u017ee\u0161 m\u00edt <strong>bezpe\u010dn\u011bj\u0161\u00ed a efektivn\u011bj\u0161\u00ed tr\u00e9nink na kole\u010dkov\u00fdch ly\u017e\u00edch a lep\u0161\u00ed ly\u017ea\u0159sk\u00fd pocit p\u0159ed zimou<\/strong>.<\/p>\n","protected":false},"excerpt":{"rendered":"<p>9 v\u011bc\u00ed, kter\u00e9 spousta lid\u00ed d\u011bl\u00e1 \u0161patn\u011b (a jak se jim vyhnout) Kole\u010dkov\u00e9 ly\u017ee jsou jedn\u00edm z nejlep\u0161\u00edch zp\u016fsob\u016f, jak tr\u00e9novat b\u011b\u017eeck\u00e9 ly\u017eov\u00e1n\u00ed bez sn\u011bhu. Z\u00e1rove\u0148 ale mnoho za\u010d\u00e1te\u010dn\u00edk\u016f \u2013 a i zku\u0161en\u00fdch ly\u017ea\u0159\u016f \u2013 d\u011bl\u00e1 n\u011bkolik b\u011b\u017en\u00fdch chyb, kter\u00e9 ovliv\u0148uj\u00ed techniku, bezpe\u010dnost i kvalitu [&hellip;]<\/p>\n","protected":false},"author":5,"featured_media":0,"parent":12317,"menu_order":0,"comment_status":"closed","ping_status":"closed","template":"","meta":{"footnotes":""},"class_list":["post-14227","page","type-page","status-publish","hentry"],"yoast_head":"<!-- This site is optimized with the Yoast SEO plugin v27.4 - https:\/\/yoast.com\/product\/yoast-seo-wordpress\/ -->\n<title>B\u011b\u017en\u00e9 chyby na kole\u010dkov\u00fdch ly\u017e\u00edch - Elpex<\/title>\n<meta name=\"robots\" content=\"index, follow, max-snippet:-1, max-image-preview:large, max-video-preview:-1\" \/>\n<link rel=\"canonical\" href=\"https:\/\/www.elpex.se\/cs\/pruvodci\/bezne-chyby-na-koleckovych-lyzich\/\" \/>\n<meta property=\"og:locale\" content=\"cs_CZ\" \/>\n<meta property=\"og:type\" content=\"article\" \/>\n<meta property=\"og:title\" content=\"B\u011b\u017en\u00e9 chyby na kole\u010dkov\u00fdch ly\u017e\u00edch - Elpex\" \/>\n<meta property=\"og:description\" content=\"9 v\u011bc\u00ed, kter\u00e9 spousta lid\u00ed d\u011bl\u00e1 \u0161patn\u011b (a jak se jim vyhnout) Kole\u010dkov\u00e9 ly\u017ee jsou jedn\u00edm z nejlep\u0161\u00edch zp\u016fsob\u016f, jak tr\u00e9novat b\u011b\u017eeck\u00e9 ly\u017eov\u00e1n\u00ed bez sn\u011bhu. Z\u00e1rove\u0148 ale mnoho za\u010d\u00e1te\u010dn\u00edk\u016f \u2013 a i zku\u0161en\u00fdch ly\u017ea\u0159\u016f \u2013 d\u011bl\u00e1 n\u011bkolik b\u011b\u017en\u00fdch chyb, kter\u00e9 ovliv\u0148uj\u00ed techniku, bezpe\u010dnost i kvalitu [&hellip;]\" \/>\n<meta property=\"og:url\" content=\"https:\/\/www.elpex.se\/cs\/pruvodci\/bezne-chyby-na-koleckovych-lyzich\/\" \/>\n<meta property=\"og:site_name\" content=\"Elpex\" \/>\n<meta property=\"article:publisher\" content=\"https:\/\/www.facebook.com\/www.elpex.se\/?locale=sv_SE\" \/>\n<meta property=\"article:modified_time\" content=\"2026-03-06T14:06:37+00:00\" \/>\n<meta name=\"twitter:card\" content=\"summary_large_image\" \/>\n<meta name=\"twitter:label1\" content=\"Odhadovan\u00e1 doba \u010dten\u00ed\" \/>\n\t<meta name=\"twitter:data1\" content=\"4 minuty\" \/>\n<script type=\"application\/ld+json\" class=\"yoast-schema-graph\">{\"@context\":\"https:\\\/\\\/schema.org\",\"@graph\":[{\"@type\":\"WebPage\",\"@id\":\"https:\\\/\\\/www.elpex.se\\\/cs\\\/pruvodci\\\/bezne-chyby-na-koleckovych-lyzich\\\/\",\"url\":\"https:\\\/\\\/www.elpex.se\\\/cs\\\/pruvodci\\\/bezne-chyby-na-koleckovych-lyzich\\\/\",\"name\":\"B\u011b\u017en\u00e9 chyby na kole\u010dkov\u00fdch ly\u017e\u00edch - Elpex\",\"isPartOf\":{\"@id\":\"https:\\\/\\\/www.elpex.se\\\/cs\\\/#website\"},\"datePublished\":\"2026-03-06T14:05:34+00:00\",\"dateModified\":\"2026-03-06T14:06:37+00:00\",\"breadcrumb\":{\"@id\":\"https:\\\/\\\/www.elpex.se\\\/cs\\\/pruvodci\\\/bezne-chyby-na-koleckovych-lyzich\\\/#breadcrumb\"},\"inLanguage\":\"cs\",\"potentialAction\":[{\"@type\":\"ReadAction\",\"target\":[\"https:\\\/\\\/www.elpex.se\\\/cs\\\/pruvodci\\\/bezne-chyby-na-koleckovych-lyzich\\\/\"]}]},{\"@type\":\"BreadcrumbList\",\"@id\":\"https:\\\/\\\/www.elpex.se\\\/cs\\\/pruvodci\\\/bezne-chyby-na-koleckovych-lyzich\\\/#breadcrumb\",\"itemListElement\":[{\"@type\":\"ListItem\",\"position\":1,\"name\":\"Hem\",\"item\":\"https:\\\/\\\/www.elpex.se\\\/cs\\\/\"},{\"@type\":\"ListItem\",\"position\":2,\"name\":\"B\u011b\u017en\u00e9 chyby na kole\u010dkov\u00fdch ly\u017e\u00edch\"}]},{\"@type\":\"WebSite\",\"@id\":\"https:\\\/\\\/www.elpex.se\\\/cs\\\/#website\",\"url\":\"https:\\\/\\\/www.elpex.se\\\/cs\\\/\",\"name\":\"Elpex\",\"description\":\"\",\"publisher\":{\"@id\":\"https:\\\/\\\/www.elpex.se\\\/cs\\\/#organization\"},\"potentialAction\":[{\"@type\":\"SearchAction\",\"target\":{\"@type\":\"EntryPoint\",\"urlTemplate\":\"https:\\\/\\\/www.elpex.se\\\/cs\\\/?s={search_term_string}\"},\"query-input\":{\"@type\":\"PropertyValueSpecification\",\"valueRequired\":true,\"valueName\":\"search_term_string\"}}],\"inLanguage\":\"cs\"},{\"@type\":\"Organization\",\"@id\":\"https:\\\/\\\/www.elpex.se\\\/cs\\\/#organization\",\"name\":\"Elpex\",\"url\":\"https:\\\/\\\/www.elpex.se\\\/cs\\\/\",\"logo\":{\"@type\":\"ImageObject\",\"inLanguage\":\"cs\",\"@id\":\"https:\\\/\\\/www.elpex.se\\\/cs\\\/#\\\/schema\\\/logo\\\/image\\\/\",\"url\":\"https:\\\/\\\/www.elpex.se\\\/wp-content\\\/uploads\\\/2024\\\/11\\\/Elpex-logo_svart.svg\",\"contentUrl\":\"https:\\\/\\\/www.elpex.se\\\/wp-content\\\/uploads\\\/2024\\\/11\\\/Elpex-logo_svart.svg\",\"caption\":\"Elpex\"},\"image\":{\"@id\":\"https:\\\/\\\/www.elpex.se\\\/cs\\\/#\\\/schema\\\/logo\\\/image\\\/\"},\"sameAs\":[\"https:\\\/\\\/www.facebook.com\\\/www.elpex.se\\\/?locale=sv_SE\",\"https:\\\/\\\/www.instagram.com\\\/elpexrollerskis\\\/\"]}]}<\/script>\n<!-- \/ Yoast SEO plugin. -->","yoast_head_json":{"title":"B\u011b\u017en\u00e9 chyby na kole\u010dkov\u00fdch ly\u017e\u00edch - Elpex","robots":{"index":"index","follow":"follow","max-snippet":"max-snippet:-1","max-image-preview":"max-image-preview:large","max-video-preview":"max-video-preview:-1"},"canonical":"https:\/\/www.elpex.se\/cs\/pruvodci\/bezne-chyby-na-koleckovych-lyzich\/","og_locale":"cs_CZ","og_type":"article","og_title":"B\u011b\u017en\u00e9 chyby na kole\u010dkov\u00fdch ly\u017e\u00edch - Elpex","og_description":"9 v\u011bc\u00ed, kter\u00e9 spousta lid\u00ed d\u011bl\u00e1 \u0161patn\u011b (a jak se jim vyhnout) Kole\u010dkov\u00e9 ly\u017ee jsou jedn\u00edm z nejlep\u0161\u00edch zp\u016fsob\u016f, jak tr\u00e9novat b\u011b\u017eeck\u00e9 ly\u017eov\u00e1n\u00ed bez sn\u011bhu. Z\u00e1rove\u0148 ale mnoho za\u010d\u00e1te\u010dn\u00edk\u016f \u2013 a i zku\u0161en\u00fdch ly\u017ea\u0159\u016f \u2013 d\u011bl\u00e1 n\u011bkolik b\u011b\u017en\u00fdch chyb, kter\u00e9 ovliv\u0148uj\u00ed techniku, bezpe\u010dnost i kvalitu [&hellip;]","og_url":"https:\/\/www.elpex.se\/cs\/pruvodci\/bezne-chyby-na-koleckovych-lyzich\/","og_site_name":"Elpex","article_publisher":"https:\/\/www.facebook.com\/www.elpex.se\/?locale=sv_SE","article_modified_time":"2026-03-06T14:06:37+00:00","twitter_card":"summary_large_image","twitter_misc":{"Odhadovan\u00e1 doba \u010dten\u00ed":"4 minuty"},"schema":{"@context":"https:\/\/schema.org","@graph":[{"@type":"WebPage","@id":"https:\/\/www.elpex.se\/cs\/pruvodci\/bezne-chyby-na-koleckovych-lyzich\/","url":"https:\/\/www.elpex.se\/cs\/pruvodci\/bezne-chyby-na-koleckovych-lyzich\/","name":"B\u011b\u017en\u00e9 chyby na kole\u010dkov\u00fdch ly\u017e\u00edch - Elpex","isPartOf":{"@id":"https:\/\/www.elpex.se\/cs\/#website"},"datePublished":"2026-03-06T14:05:34+00:00","dateModified":"2026-03-06T14:06:37+00:00","breadcrumb":{"@id":"https:\/\/www.elpex.se\/cs\/pruvodci\/bezne-chyby-na-koleckovych-lyzich\/#breadcrumb"},"inLanguage":"cs","potentialAction":[{"@type":"ReadAction","target":["https:\/\/www.elpex.se\/cs\/pruvodci\/bezne-chyby-na-koleckovych-lyzich\/"]}]},{"@type":"BreadcrumbList","@id":"https:\/\/www.elpex.se\/cs\/pruvodci\/bezne-chyby-na-koleckovych-lyzich\/#breadcrumb","itemListElement":[{"@type":"ListItem","position":1,"name":"Hem","item":"https:\/\/www.elpex.se\/cs\/"},{"@type":"ListItem","position":2,"name":"B\u011b\u017en\u00e9 chyby na kole\u010dkov\u00fdch ly\u017e\u00edch"}]},{"@type":"WebSite","@id":"https:\/\/www.elpex.se\/cs\/#website","url":"https:\/\/www.elpex.se\/cs\/","name":"Elpex","description":"","publisher":{"@id":"https:\/\/www.elpex.se\/cs\/#organization"},"potentialAction":[{"@type":"SearchAction","target":{"@type":"EntryPoint","urlTemplate":"https:\/\/www.elpex.se\/cs\/?s={search_term_string}"},"query-input":{"@type":"PropertyValueSpecification","valueRequired":true,"valueName":"search_term_string"}}],"inLanguage":"cs"},{"@type":"Organization","@id":"https:\/\/www.elpex.se\/cs\/#organization","name":"Elpex","url":"https:\/\/www.elpex.se\/cs\/","logo":{"@type":"ImageObject","inLanguage":"cs","@id":"https:\/\/www.elpex.se\/cs\/#\/schema\/logo\/image\/","url":"https:\/\/www.elpex.se\/wp-content\/uploads\/2024\/11\/Elpex-logo_svart.svg","contentUrl":"https:\/\/www.elpex.se\/wp-content\/uploads\/2024\/11\/Elpex-logo_svart.svg","caption":"Elpex"},"image":{"@id":"https:\/\/www.elpex.se\/cs\/#\/schema\/logo\/image\/"},"sameAs":["https:\/\/www.facebook.com\/www.elpex.se\/?locale=sv_SE","https:\/\/www.instagram.com\/elpexrollerskis\/"]}]}},"_links":{"self":[{"href":"https:\/\/www.elpex.se\/cs\/wp-json\/wp\/v2\/pages\/14227","targetHints":{"allow":["GET"]}}],"collection":[{"href":"https:\/\/www.elpex.se\/cs\/wp-json\/wp\/v2\/pages"}],"about":[{"href":"https:\/\/www.elpex.se\/cs\/wp-json\/wp\/v2\/types\/page"}],"author":[{"embeddable":true,"href":"https:\/\/www.elpex.se\/cs\/wp-json\/wp\/v2\/users\/5"}],"replies":[{"embeddable":true,"href":"https:\/\/www.elpex.se\/cs\/wp-json\/wp\/v2\/comments?post=14227"}],"version-history":[{"count":1,"href":"https:\/\/www.elpex.se\/cs\/wp-json\/wp\/v2\/pages\/14227\/revisions"}],"predecessor-version":[{"id":14228,"href":"https:\/\/www.elpex.se\/cs\/wp-json\/wp\/v2\/pages\/14227\/revisions\/14228"}],"up":[{"embeddable":true,"href":"https:\/\/www.elpex.se\/cs\/wp-json\/wp\/v2\/pages\/12317"}],"wp:attachment":[{"href":"https:\/\/www.elpex.se\/cs\/wp-json\/wp\/v2\/media?parent=14227"}],"curies":[{"name":"wp","href":"https:\/\/api.w.org\/{rel}","templated":true}]}}