{"id":13935,"date":"2026-03-06T09:58:26","date_gmt":"2026-03-06T09:58:26","guid":{"rendered":"https:\/\/www.elpex.se\/mapa-trati-pro-koleckove-lyze-ve-svedsku\/"},"modified":"2026-03-06T14:14:03","modified_gmt":"2026-03-06T14:14:03","slug":"mapa-trati-pro-koleckove-lyze-ve-svedsku","status":"publish","type":"page","link":"https:\/\/www.elpex.se\/cs\/pruvodci\/mapa-trati-pro-koleckove-lyze-ve-svedsku\/","title":{"rendered":"Trat\u011b pro kole\u010dkov\u00e9 ly\u017ee ve \u0160v\u00e9dsku"},"content":{"rendered":"\n<p>Zde najdete mapu mnoha \u0161v\u00e9dsk\u00fdch trat\u00ed pro kole\u010dkov\u00e9 ly\u017ee a asfaltov\u00fdch tr\u00e9ninkov\u00fdch okruh\u016f. Klikn\u011bte na are\u00e1l v seznamu pro p\u0159ibl\u00ed\u017een\u00ed mapy a zobrazen\u00ed p\u0159ibli\u017en\u00e9 polohy. D\u00e9lky jsou uvedeny podle dostupn\u00fdch \u00fadaj\u016f o are\u00e1lech a souhrn\u016f ze \u0161v\u00e9dsk\u00fdch ly\u017ea\u0159sk\u00fdch m\u00e9di\u00ed, SSF a ofici\u00e1ln\u00edch str\u00e1nek are\u00e1l\u016f.  <\/p>\n\n<div class=\"elpex-map-wrap\">\n  <div class=\"elpex-map-header\">\n    <h2>Trat\u011b pro kole\u010dkov\u00e9 ly\u017ee ve \u0160v\u00e9dsku<\/h2>\n    <p>\n Najdi dr\u00e1hy pro kole\u010dkov\u00e9 ly\u017ee ve \u0160v\u00e9dsku a klikni na za\u0159\u00edzen\u00ed v seznamu pro zobrazen\u00ed na map\u011b.\n    <\/p>\n  <\/div>\n\n  <div class=\"elpex-map-toolbar\">\n    <button id=\"findNearestTrack\" type=\"button\" class=\"elpex-find-btn\">Najdi nejbli\u017e\u0161\u00ed dr\u00e1hu<\/button>\n    <span id=\"nearestTrackStatus\" class=\"elpex-nearest-status\"><\/span>\n  <\/div>\n\n  <div class=\"elpex-map-layout\">\n    <div class=\"elpex-map-sidebar\">\n      <input type=\"text\" id=\"rollerskiFilter\" placeholder=\"Vyhledej m\u011bsto nebo za\u0159\u00edzen\u00ed\" class=\"elpex-map-search\"\/>\n      <div id=\"rollerskiList\" class=\"elpex-map-list\"><\/div>\n    <\/div>\n\n    <div id=\"rollerskiMap\" class=\"elpex-map-canvas\"><\/div>\n  <\/div>\n\n  <div class=\"elpex-map-note\">\n  D\u00e9lky jsou p\u0159ibli\u017en\u00e9 a mohou se zm\u011bnit, kdy\u017e jsou trat\u011b p\u0159estavov\u00e1ny nebo prodlu\u017eov\u00e1ny. P\u0159ed n\u00e1v\u0161t\u011bvou si pros\u00edm ov\u011b\u0159 aktu\u00e1ln\u00ed informace na m\u00edst\u011b.\n  <\/div>\n<\/div>\n\n<p><strong>Tipy p\u0159ed odjezdem:<\/strong><br\/>P\u0159ed cestou si v\u017edy ov\u011b\u0159 aktu\u00e1ln\u00ed stav, otev\u00edrac\u00ed dobu, osv\u011btlen\u00ed a p\u0159\u00edpadn\u00e9 poplatky u m\u00edstn\u00edho za\u0159\u00edzen\u00ed. D\u00e9lka a trasa se mohou zm\u011bnit, kdy\u017e jsou trat\u011b p\u0159estavov\u00e1ny nebo dopl\u0148ov\u00e1ny. <\/p>\n","protected":false},"excerpt":{"rendered":"<p>Zde najdete mapu mnoha \u0161v\u00e9dsk\u00fdch trat\u00ed pro kole\u010dkov\u00e9 ly\u017ee a asfaltov\u00fdch tr\u00e9ninkov\u00fdch okruh\u016f. Klikn\u011bte na are\u00e1l v seznamu pro p\u0159ibl\u00ed\u017een\u00ed mapy a zobrazen\u00ed p\u0159ibli\u017en\u00e9 polohy. D\u00e9lky jsou uvedeny podle dostupn\u00fdch \u00fadaj\u016f o are\u00e1lech a souhrn\u016f ze \u0161v\u00e9dsk\u00fdch ly\u017ea\u0159sk\u00fdch m\u00e9di\u00ed, SSF a ofici\u00e1ln\u00edch str\u00e1nek are\u00e1l\u016f. Trat\u011b [&hellip;]<\/p>\n","protected":false},"author":5,"featured_media":0,"parent":12317,"menu_order":0,"comment_status":"closed","ping_status":"closed","template":"","meta":{"footnotes":""},"class_list":["post-13935","page","type-page","status-publish","hentry"],"yoast_head":"<!-- This site is optimized with the Yoast SEO plugin v27.4 - https:\/\/yoast.com\/product\/yoast-seo-wordpress\/ -->\n<title>Trat\u011b pro kole\u010dkov\u00e9 ly\u017ee ve \u0160v\u00e9dsku - Elpex<\/title>\n<meta name=\"robots\" content=\"index, follow, max-snippet:-1, max-image-preview:large, max-video-preview:-1\" \/>\n<link rel=\"canonical\" href=\"https:\/\/www.elpex.se\/cs\/pruvodci\/mapa-trati-pro-koleckove-lyze-ve-svedsku\/\" \/>\n<meta property=\"og:locale\" content=\"cs_CZ\" \/>\n<meta property=\"og:type\" content=\"article\" \/>\n<meta property=\"og:title\" content=\"Trat\u011b pro kole\u010dkov\u00e9 ly\u017ee ve \u0160v\u00e9dsku - Elpex\" \/>\n<meta property=\"og:description\" content=\"Zde najdete mapu mnoha \u0161v\u00e9dsk\u00fdch trat\u00ed pro kole\u010dkov\u00e9 ly\u017ee a asfaltov\u00fdch tr\u00e9ninkov\u00fdch okruh\u016f. Klikn\u011bte na are\u00e1l v seznamu pro p\u0159ibl\u00ed\u017een\u00ed mapy a zobrazen\u00ed p\u0159ibli\u017en\u00e9 polohy. D\u00e9lky jsou uvedeny podle dostupn\u00fdch \u00fadaj\u016f o are\u00e1lech a souhrn\u016f ze \u0161v\u00e9dsk\u00fdch ly\u017ea\u0159sk\u00fdch m\u00e9di\u00ed, SSF a ofici\u00e1ln\u00edch str\u00e1nek are\u00e1l\u016f. Trat\u011b [&hellip;]\" \/>\n<meta property=\"og:url\" content=\"https:\/\/www.elpex.se\/cs\/pruvodci\/mapa-trati-pro-koleckove-lyze-ve-svedsku\/\" \/>\n<meta property=\"og:site_name\" content=\"Elpex\" \/>\n<meta property=\"article:publisher\" content=\"https:\/\/www.facebook.com\/www.elpex.se\/?locale=sv_SE\" \/>\n<meta property=\"article:modified_time\" content=\"2026-03-06T14:14:03+00:00\" \/>\n<meta name=\"twitter:card\" content=\"summary_large_image\" \/>\n<meta name=\"twitter:label1\" content=\"Odhadovan\u00e1 doba \u010dten\u00ed\" \/>\n\t<meta name=\"twitter:data1\" content=\"1 minuta\" \/>\n<script type=\"application\/ld+json\" class=\"yoast-schema-graph\">{\"@context\":\"https:\\\/\\\/schema.org\",\"@graph\":[{\"@type\":\"WebPage\",\"@id\":\"https:\\\/\\\/www.elpex.se\\\/cs\\\/pruvodci\\\/mapa-trati-pro-koleckove-lyze-ve-svedsku\\\/\",\"url\":\"https:\\\/\\\/www.elpex.se\\\/cs\\\/pruvodci\\\/mapa-trati-pro-koleckove-lyze-ve-svedsku\\\/\",\"name\":\"Trat\u011b pro kole\u010dkov\u00e9 ly\u017ee ve \u0160v\u00e9dsku - Elpex\",\"isPartOf\":{\"@id\":\"https:\\\/\\\/www.elpex.se\\\/cs\\\/#website\"},\"datePublished\":\"2026-03-06T09:58:26+00:00\",\"dateModified\":\"2026-03-06T14:14:03+00:00\",\"breadcrumb\":{\"@id\":\"https:\\\/\\\/www.elpex.se\\\/cs\\\/pruvodci\\\/mapa-trati-pro-koleckove-lyze-ve-svedsku\\\/#breadcrumb\"},\"inLanguage\":\"cs\",\"potentialAction\":[{\"@type\":\"ReadAction\",\"target\":[\"https:\\\/\\\/www.elpex.se\\\/cs\\\/pruvodci\\\/mapa-trati-pro-koleckove-lyze-ve-svedsku\\\/\"]}]},{\"@type\":\"BreadcrumbList\",\"@id\":\"https:\\\/\\\/www.elpex.se\\\/cs\\\/pruvodci\\\/mapa-trati-pro-koleckove-lyze-ve-svedsku\\\/#breadcrumb\",\"itemListElement\":[{\"@type\":\"ListItem\",\"position\":1,\"name\":\"Hem\",\"item\":\"https:\\\/\\\/www.elpex.se\\\/cs\\\/\"},{\"@type\":\"ListItem\",\"position\":2,\"name\":\"Tipy &amp; n\u00e1vody\",\"item\":\"https:\\\/\\\/www.elpex.se\\\/cs\\\/pruvodci\\\/\"},{\"@type\":\"ListItem\",\"position\":3,\"name\":\"Trat\u011b pro kole\u010dkov\u00e9 ly\u017ee ve \u0160v\u00e9dsku\"}]},{\"@type\":\"WebSite\",\"@id\":\"https:\\\/\\\/www.elpex.se\\\/cs\\\/#website\",\"url\":\"https:\\\/\\\/www.elpex.se\\\/cs\\\/\",\"name\":\"Elpex\",\"description\":\"\",\"publisher\":{\"@id\":\"https:\\\/\\\/www.elpex.se\\\/cs\\\/#organization\"},\"potentialAction\":[{\"@type\":\"SearchAction\",\"target\":{\"@type\":\"EntryPoint\",\"urlTemplate\":\"https:\\\/\\\/www.elpex.se\\\/cs\\\/?s={search_term_string}\"},\"query-input\":{\"@type\":\"PropertyValueSpecification\",\"valueRequired\":true,\"valueName\":\"search_term_string\"}}],\"inLanguage\":\"cs\"},{\"@type\":\"Organization\",\"@id\":\"https:\\\/\\\/www.elpex.se\\\/cs\\\/#organization\",\"name\":\"Elpex\",\"url\":\"https:\\\/\\\/www.elpex.se\\\/cs\\\/\",\"logo\":{\"@type\":\"ImageObject\",\"inLanguage\":\"cs\",\"@id\":\"https:\\\/\\\/www.elpex.se\\\/cs\\\/#\\\/schema\\\/logo\\\/image\\\/\",\"url\":\"https:\\\/\\\/www.elpex.se\\\/wp-content\\\/uploads\\\/2024\\\/11\\\/Elpex-logo_svart.svg\",\"contentUrl\":\"https:\\\/\\\/www.elpex.se\\\/wp-content\\\/uploads\\\/2024\\\/11\\\/Elpex-logo_svart.svg\",\"caption\":\"Elpex\"},\"image\":{\"@id\":\"https:\\\/\\\/www.elpex.se\\\/cs\\\/#\\\/schema\\\/logo\\\/image\\\/\"},\"sameAs\":[\"https:\\\/\\\/www.facebook.com\\\/www.elpex.se\\\/?locale=sv_SE\",\"https:\\\/\\\/www.instagram.com\\\/elpexrollerskis\\\/\"]}]}<\/script>\n<!-- \/ Yoast SEO plugin. -->","yoast_head_json":{"title":"Trat\u011b pro kole\u010dkov\u00e9 ly\u017ee ve \u0160v\u00e9dsku - Elpex","robots":{"index":"index","follow":"follow","max-snippet":"max-snippet:-1","max-image-preview":"max-image-preview:large","max-video-preview":"max-video-preview:-1"},"canonical":"https:\/\/www.elpex.se\/cs\/pruvodci\/mapa-trati-pro-koleckove-lyze-ve-svedsku\/","og_locale":"cs_CZ","og_type":"article","og_title":"Trat\u011b pro kole\u010dkov\u00e9 ly\u017ee ve \u0160v\u00e9dsku - Elpex","og_description":"Zde najdete mapu mnoha \u0161v\u00e9dsk\u00fdch trat\u00ed pro kole\u010dkov\u00e9 ly\u017ee a asfaltov\u00fdch tr\u00e9ninkov\u00fdch okruh\u016f. Klikn\u011bte na are\u00e1l v seznamu pro p\u0159ibl\u00ed\u017een\u00ed mapy a zobrazen\u00ed p\u0159ibli\u017en\u00e9 polohy. D\u00e9lky jsou uvedeny podle dostupn\u00fdch \u00fadaj\u016f o are\u00e1lech a souhrn\u016f ze \u0161v\u00e9dsk\u00fdch ly\u017ea\u0159sk\u00fdch m\u00e9di\u00ed, SSF a ofici\u00e1ln\u00edch str\u00e1nek are\u00e1l\u016f. Trat\u011b [&hellip;]","og_url":"https:\/\/www.elpex.se\/cs\/pruvodci\/mapa-trati-pro-koleckove-lyze-ve-svedsku\/","og_site_name":"Elpex","article_publisher":"https:\/\/www.facebook.com\/www.elpex.se\/?locale=sv_SE","article_modified_time":"2026-03-06T14:14:03+00:00","twitter_card":"summary_large_image","twitter_misc":{"Odhadovan\u00e1 doba \u010dten\u00ed":"1 minuta"},"schema":{"@context":"https:\/\/schema.org","@graph":[{"@type":"WebPage","@id":"https:\/\/www.elpex.se\/cs\/pruvodci\/mapa-trati-pro-koleckove-lyze-ve-svedsku\/","url":"https:\/\/www.elpex.se\/cs\/pruvodci\/mapa-trati-pro-koleckove-lyze-ve-svedsku\/","name":"Trat\u011b pro kole\u010dkov\u00e9 ly\u017ee ve \u0160v\u00e9dsku - Elpex","isPartOf":{"@id":"https:\/\/www.elpex.se\/cs\/#website"},"datePublished":"2026-03-06T09:58:26+00:00","dateModified":"2026-03-06T14:14:03+00:00","breadcrumb":{"@id":"https:\/\/www.elpex.se\/cs\/pruvodci\/mapa-trati-pro-koleckove-lyze-ve-svedsku\/#breadcrumb"},"inLanguage":"cs","potentialAction":[{"@type":"ReadAction","target":["https:\/\/www.elpex.se\/cs\/pruvodci\/mapa-trati-pro-koleckove-lyze-ve-svedsku\/"]}]},{"@type":"BreadcrumbList","@id":"https:\/\/www.elpex.se\/cs\/pruvodci\/mapa-trati-pro-koleckove-lyze-ve-svedsku\/#breadcrumb","itemListElement":[{"@type":"ListItem","position":1,"name":"Hem","item":"https:\/\/www.elpex.se\/cs\/"},{"@type":"ListItem","position":2,"name":"Tipy &amp; n\u00e1vody","item":"https:\/\/www.elpex.se\/cs\/pruvodci\/"},{"@type":"ListItem","position":3,"name":"Trat\u011b pro kole\u010dkov\u00e9 ly\u017ee ve \u0160v\u00e9dsku"}]},{"@type":"WebSite","@id":"https:\/\/www.elpex.se\/cs\/#website","url":"https:\/\/www.elpex.se\/cs\/","name":"Elpex","description":"","publisher":{"@id":"https:\/\/www.elpex.se\/cs\/#organization"},"potentialAction":[{"@type":"SearchAction","target":{"@type":"EntryPoint","urlTemplate":"https:\/\/www.elpex.se\/cs\/?s={search_term_string}"},"query-input":{"@type":"PropertyValueSpecification","valueRequired":true,"valueName":"search_term_string"}}],"inLanguage":"cs"},{"@type":"Organization","@id":"https:\/\/www.elpex.se\/cs\/#organization","name":"Elpex","url":"https:\/\/www.elpex.se\/cs\/","logo":{"@type":"ImageObject","inLanguage":"cs","@id":"https:\/\/www.elpex.se\/cs\/#\/schema\/logo\/image\/","url":"https:\/\/www.elpex.se\/wp-content\/uploads\/2024\/11\/Elpex-logo_svart.svg","contentUrl":"https:\/\/www.elpex.se\/wp-content\/uploads\/2024\/11\/Elpex-logo_svart.svg","caption":"Elpex"},"image":{"@id":"https:\/\/www.elpex.se\/cs\/#\/schema\/logo\/image\/"},"sameAs":["https:\/\/www.facebook.com\/www.elpex.se\/?locale=sv_SE","https:\/\/www.instagram.com\/elpexrollerskis\/"]}]}},"_links":{"self":[{"href":"https:\/\/www.elpex.se\/cs\/wp-json\/wp\/v2\/pages\/13935","targetHints":{"allow":["GET"]}}],"collection":[{"href":"https:\/\/www.elpex.se\/cs\/wp-json\/wp\/v2\/pages"}],"about":[{"href":"https:\/\/www.elpex.se\/cs\/wp-json\/wp\/v2\/types\/page"}],"author":[{"embeddable":true,"href":"https:\/\/www.elpex.se\/cs\/wp-json\/wp\/v2\/users\/5"}],"replies":[{"embeddable":true,"href":"https:\/\/www.elpex.se\/cs\/wp-json\/wp\/v2\/comments?post=13935"}],"version-history":[{"count":8,"href":"https:\/\/www.elpex.se\/cs\/wp-json\/wp\/v2\/pages\/13935\/revisions"}],"predecessor-version":[{"id":14313,"href":"https:\/\/www.elpex.se\/cs\/wp-json\/wp\/v2\/pages\/13935\/revisions\/14313"}],"up":[{"embeddable":true,"href":"https:\/\/www.elpex.se\/cs\/wp-json\/wp\/v2\/pages\/12317"}],"wp:attachment":[{"href":"https:\/\/www.elpex.se\/cs\/wp-json\/wp\/v2\/media?parent=13935"}],"curies":[{"name":"wp","href":"https:\/\/api.w.org\/{rel}","templated":true}]}}