{"id":13430,"date":"2026-03-04T07:22:05","date_gmt":"2026-03-04T07:22:05","guid":{"rendered":"https:\/\/www.elpex.se\/klasika-nebo-skate\/"},"modified":"2026-03-06T09:11:52","modified_gmt":"2026-03-06T09:11:52","slug":"klasika-nebo-skate","status":"publish","type":"page","link":"https:\/\/www.elpex.se\/cs\/pruvodci\/klasika-nebo-skate\/","title":{"rendered":"Klasika, nebo skate?"},"content":{"rendered":"\n<h2 class=\"wp-block-heading\">Jak\u00fd styl si vybere\u0161 a pro\u010d?<\/h2>\n\n<p>Kdy\u017e za\u010d\u00edn\u00e1\u0161 s kole\u010dkov\u00fdmi ly\u017eemi, jedna z prvn\u00edch ot\u00e1zek je, jak\u00fd styl zvolit. Jezdit klasicky, nebo skate? Ob\u011b formy tr\u00e9ninku jsou efektivn\u00ed a z\u00e1bavn\u00e9, ale dost se li\u0161\u00ed pocitem, technikou i t\u00edm, jak snadn\u00e9 je za\u010d\u00edt.  <\/p>\n\n<p>Tady si projdeme rozd\u00edly, abys hned od za\u010d\u00e1tku vybral(a) spr\u00e1vn\u011b.<\/p>\n\n<hr class=\"wp-block-separator has-alpha-channel-opacity\"\/>\n\n<h2 class=\"wp-block-heading\">Co znamen\u00e1 klasick\u00e1 technika?<\/h2>\n\n<p>Klasick\u00e1 technika se podob\u00e1 tradi\u010dn\u00edmu b\u011bhu na ly\u017e\u00edch, kdy ly\u017ee jedou rovnob\u011b\u017en\u011b. Dop\u0159edu se posouv\u00e1\u0161 soupa\u017e\u00ed rukama nebo st\u0159\u00eddav\u00fdm (diagon\u00e1ln\u00edm) b\u011bhem, kdy ruce a nohy pracuj\u00ed st\u0159\u00eddav\u011b. <\/p>\n\n<p>U klasick\u00fdch kole\u010dkov\u00fdch ly\u017e\u00ed je v zadn\u00edm kole z\u00e1padka, kter\u00e1 zabr\u00e1n\u00ed tomu, aby ly\u017ee p\u0159i odrazu jela dozadu. D\u00edky tomu m\u00e1\u0161 odraz podobn\u011b jako v zim\u011b se stoupac\u00edm voskem nebo se stoupac\u00edmi p\u00e1sy (jako u skin ly\u017e\u00ed). <\/p>\n\n<p>Klasick\u00e1 j\u00edzda na kole\u010dkov\u00fdch ly\u017e\u00edch p\u016fsob\u00ed pro za\u010d\u00e1te\u010dn\u00edky \u010dasto stabiln\u011bji a kontrolovan\u011bji. Ly\u017ee jsou del\u0161\u00ed a kole\u010dka \u0161ir\u0161\u00ed, co\u017e d\u00e1v\u00e1 lep\u0161\u00ed rovnov\u00e1hu. Pohyb je pro mnoho lid\u00ed tak\u00e9 p\u0159irozen\u011bj\u0161\u00ed, proto\u017ee p\u0159ipom\u00edn\u00e1 b\u011b\u017enou ch\u016fzi.  <\/p>\n\n<p>Pro v\u011bt\u0161inu rekrea\u010dn\u00edch sportovc\u016f je proto klasika nejjednodu\u0161\u0161\u00ed zp\u016fsob, jak s kole\u010dkov\u00fdmi ly\u017eemi za\u010d\u00edt.<\/p>\n\n<hr class=\"wp-block-separator has-alpha-channel-opacity\"\/>\n\n<h2 class=\"wp-block-heading\">Co znamen\u00e1 skate?<\/h2>\n\n<p>Skate na kole\u010dkov\u00fdch ly\u017e\u00edch funguje stejn\u011b jako skate v b\u011bhu na ly\u017e\u00edch. Odra\u017e\u00ed\u0161 se do V, kdy ly\u017ee vykl\u00e1n\u00ed\u0161 od t\u011bla. S\u00edla jde z odrazu nohou a h\u016flky se pou\u017e\u00edvaj\u00ed k pos\u00edlen\u00ed pohybu.  <\/p>\n\n<p>Skate ly\u017ee nemaj\u00ed v kole\u010dk\u00e1ch z\u00e1padku. V\u0161echna kole\u010dka se voln\u011b ot\u00e1\u010dej\u00ed, tak\u017ee technika stoj\u00ed v\u00edc na rovnov\u00e1ze a kontrole. <\/p>\n\n<p>Skate se \u010dasto vn\u00edm\u00e1 jako rychlej\u0161\u00ed a dynami\u010dt\u011bj\u0161\u00ed. Z\u00e1rove\u0148 ale klade vy\u0161\u0161\u00ed n\u00e1roky na rovnov\u00e1hu a techniku. Pro n\u011bkoho, kdo nen\u00ed v\u016fbec vytr\u00e9novan\u00fd, m\u016f\u017ee skate prvn\u00ed tr\u00e9ninky p\u016fsobit vratce.  <\/p>\n\n<p>Jakmile si technika sedne, mnoho lid\u00ed m\u00e1 pocit, \u017ee skate p\u0159in\u00e1\u0161\u00ed intenzivn\u00ed a z\u00e1bavn\u00fd tr\u00e9ninkov\u00fd z\u00e1\u017eitek.<\/p>\n\n<hr class=\"wp-block-separator has-alpha-channel-opacity\"\/>\n\n<h2 class=\"wp-block-heading\">Kdy se nejv\u00edc hod\u00ed klasika?<\/h2>\n\n<p>Klasika se hod\u00ed hlavn\u011b pro tebe, pokud chce\u0161 za\u010d\u00edt tr\u00e9novat v klidn\u011bj\u0161\u00edm tempu. Pohyb je stabiln\u00ed a snadno pochopiteln\u00fd. M\u016f\u017ee\u0161 za\u010d\u00edt soupa\u017e\u00ed a pak se postupn\u011b u\u010dit diagon\u00e1ln\u00ed techniku.  <\/p>\n\n<p>Pro mnoho rekrea\u010dn\u00edch sportovc\u016f je klasika tak\u00e9 \u0161etrn\u011bj\u0161\u00ed, proto\u017ee tempo b\u00fdv\u00e1 klidn\u011bj\u0161\u00ed a pohyby kontrolovan\u011bj\u0161\u00ed.<\/p>\n\n<p>Pokud je tv\u00fdm c\u00edlem jet v zim\u011b dlouh\u00e9 z\u00e1vody, nap\u0159\u00edklad Vasaloppet, je klasick\u00e1 j\u00edzda na kole\u010dkov\u00fdch ly\u017e\u00edch nav\u00edc nejrelevantn\u011bj\u0161\u00ed tr\u00e9nink.<\/p>\n\n<p><a href=\"https:\/\/www.elpex.se\/cs\/produkt\/klasicke-zarizeni-wasa\/\">Elpex Classic Wasa<\/a> \u00e4r en modell som ofta fungerar bra f\u00f6r nyb\u00f6rjare eftersom den ger stabilitet och trygg k\u00e4nsla i \u00e5kningen.<\/p>\n\n<hr class=\"wp-block-separator has-alpha-channel-opacity\"\/>\n\n<h2 class=\"wp-block-heading\">Kdy se nejv\u00edc hod\u00ed skate?<\/h2>\n\n<p>Skate je dobr\u00e1 volba, pokud u\u017e v zim\u011b jezd\u00ed\u0161 skate a chce\u0161 tr\u00e9novat stejnou techniku po cel\u00fd rok. Je to tak\u00e9 skv\u011bl\u00e9, pokud m\u00e1\u0161 r\u00e1d(a) intenzivn\u011bj\u0161\u00ed tr\u00e9nink, kdy tep rychle stoup\u00e1. <\/p>\n\n<p>Proto\u017ee pohyb vy\u017eaduje v\u00edc rovnov\u00e1hy, m\u016f\u017ee trvat p\u00e1r tr\u00e9nink\u016f, ne\u017e ti bude p\u0159ipadat p\u0159irozen\u00fd. Jakmile si technika sedne, mnoho lid\u00ed m\u00e1 pocit, \u017ee skate p\u0159in\u00e1\u0161\u00ed velmi voln\u00fd a plynul\u00fd pocit. <\/p>\n\n<p>Pro skate je b\u011b\u017enou volbou model jako <a href=\"https:\/\/www.elpex.se\/cs\/produkt\/zavod-na-bruslich\/\">Elpex Skate Race<\/a>, proto\u017ee nab\u00edz\u00ed dobrou odezvu a kontrolu.<\/p>\n\n<hr class=\"wp-block-separator has-alpha-channel-opacity\"\/>\n\n<h2 class=\"wp-block-heading\">Kondice a pocit z tr\u00e9ninku<\/h2>\n\n<p>Oba styly d\u00e1vaj\u00ed velmi dobr\u00fd kondi\u010dn\u00ed tr\u00e9nink. Rozd\u00edl je sp\u00ed\u0161 v tom, jak tr\u00e9nink p\u016fsob\u00ed. <\/p>\n\n<p>Klasika se \u010dasto vn\u00edm\u00e1 jako rytmi\u010dt\u011bj\u0161\u00ed a vytrvalostn\u011bj\u0161\u00ed. M\u016f\u017ee\u0161 dr\u017eet rovnom\u011brn\u00e9 tempo del\u0161\u00ed dobu a soust\u0159edit se na techniku a s\u00edlu horn\u00ed \u010d\u00e1sti t\u011bla. <\/p>\n\n<p>Skate \u010dasto p\u016fsob\u00ed v\u00fdbu\u0161n\u011bji a v\u00edc zved\u00e1 tep. Tempo je vy\u0161\u0161\u00ed a pr\u00e1ce nohou intenzivn\u011bj\u0161\u00ed. <\/p>\n\n<p>Kter\u00fd styl ti bude sed\u011bt nejv\u00edc, proto hodn\u011b z\u00e1le\u017e\u00ed na tom, co t\u011b bav\u00ed.<\/p>\n\n<hr class=\"wp-block-separator has-alpha-channel-opacity\"\/>\n\n<h2 class=\"wp-block-heading\">S jak\u00fdm stylem se za\u010d\u00edn\u00e1 nejl\u00e9pe?<\/h2>\n\n<p>Pro \u00fapln\u00e9 za\u010d\u00e1te\u010dn\u00edky je klasick\u00e1 j\u00edzda na kole\u010dkov\u00fdch ly\u017e\u00edch v\u011bt\u0161inou nejjednodu\u0161\u0161\u00ed. Stabiln\u011bj\u0161\u00ed ly\u017ee a jasn\u011bj\u0161\u00ed pohybov\u00fd vzorec zp\u016fsob\u00ed, \u017ee se mnoho lid\u00ed c\u00edt\u00ed jist\u011b u\u017e od prvn\u00edho tr\u00e9ninku. <\/p>\n\n<p>Skate m\u016f\u017ee za\u010d\u00e1te\u010dn\u00edk\u016fm ur\u010dit\u011b fungovat, ale vy\u017eaduje o n\u011bco v\u00edc rovnov\u00e1hy a techniky.<\/p>\n\n<p>Pokud si nejsi jist\u00fd(\u00e1), je klasika \u010dasto dobr\u00fd prvn\u00ed krok. A\u017e se do toho dostane\u0161, m\u016f\u017ee\u0161 skate kdykoli vyzkou\u0161et pozd\u011bji. <\/p>\n\n<hr class=\"wp-block-separator has-alpha-channel-opacity\"\/>\n\n<h2 class=\"wp-block-heading\">Shrnut\u00ed<\/h2>\n\n<p>Klasika je stabiln\u00ed, snadno se u\u010d\u00ed a hod\u00ed se pro za\u010d\u00e1te\u010dn\u00edky i pro jezdce na dlouh\u00e9 trat\u011b. Skate je rychlej\u0161\u00ed a dynami\u010dt\u011bj\u0161\u00ed, ale vy\u017eaduje v\u00edc rovnov\u00e1hy a techniky. <\/p>\n\n<p>Nejd\u016fle\u017eit\u011bj\u0161\u00ed je vybrat si styl, d\u00edky kter\u00e9mu opravdu vyraz\u00ed\u0161 tr\u00e9novat. Kdy\u017e jsou kole\u010dkov\u00e9 ly\u017ee z\u00e1bavn\u00e9 a c\u00edt\u00ed\u0161 se na nich jist\u011b, tr\u00e9nink se p\u0159irozen\u011b stane sou\u010d\u00e1st\u00ed ka\u017edodenn\u00edho \u017eivota. <\/p>\n","protected":false},"excerpt":{"rendered":"<p>Jak\u00fd styl si vybere\u0161 a pro\u010d? Kdy\u017e za\u010d\u00edn\u00e1\u0161 s kole\u010dkov\u00fdmi ly\u017eemi, jedna z prvn\u00edch ot\u00e1zek je, jak\u00fd styl zvolit. Jezdit klasicky, nebo skate? Ob\u011b formy tr\u00e9ninku jsou efektivn\u00ed a z\u00e1bavn\u00e9, ale dost se li\u0161\u00ed pocitem, technikou i t\u00edm, jak snadn\u00e9 je za\u010d\u00edt. Tady si projdeme [&hellip;]<\/p>\n","protected":false},"author":5,"featured_media":0,"parent":12317,"menu_order":0,"comment_status":"closed","ping_status":"closed","template":"","meta":{"footnotes":""},"class_list":["post-13430","page","type-page","status-publish","hentry"],"yoast_head":"<!-- This site is optimized with the Yoast SEO plugin v27.4 - https:\/\/yoast.com\/product\/yoast-seo-wordpress\/ -->\n<title>Klasika, nebo skate? - Elpex<\/title>\n<meta name=\"robots\" content=\"index, follow, max-snippet:-1, max-image-preview:large, max-video-preview:-1\" \/>\n<link rel=\"canonical\" href=\"https:\/\/www.elpex.se\/cs\/pruvodci\/klasika-nebo-skate\/\" \/>\n<meta property=\"og:locale\" content=\"cs_CZ\" \/>\n<meta property=\"og:type\" content=\"article\" \/>\n<meta property=\"og:title\" content=\"Klasika, nebo skate? - Elpex\" \/>\n<meta property=\"og:description\" content=\"Jak\u00fd styl si vybere\u0161 a pro\u010d? Kdy\u017e za\u010d\u00edn\u00e1\u0161 s kole\u010dkov\u00fdmi ly\u017eemi, jedna z prvn\u00edch ot\u00e1zek je, jak\u00fd styl zvolit. Jezdit klasicky, nebo skate? Ob\u011b formy tr\u00e9ninku jsou efektivn\u00ed a z\u00e1bavn\u00e9, ale dost se li\u0161\u00ed pocitem, technikou i t\u00edm, jak snadn\u00e9 je za\u010d\u00edt. Tady si projdeme [&hellip;]\" \/>\n<meta property=\"og:url\" content=\"https:\/\/www.elpex.se\/cs\/pruvodci\/klasika-nebo-skate\/\" \/>\n<meta property=\"og:site_name\" content=\"Elpex\" \/>\n<meta property=\"article:publisher\" content=\"https:\/\/www.facebook.com\/www.elpex.se\/?locale=sv_SE\" \/>\n<meta property=\"article:modified_time\" content=\"2026-03-06T09:11:52+00:00\" \/>\n<meta name=\"twitter:card\" content=\"summary_large_image\" \/>\n<meta name=\"twitter:label1\" content=\"Odhadovan\u00e1 doba \u010dten\u00ed\" \/>\n\t<meta name=\"twitter:data1\" content=\"4 minuty\" \/>\n<script type=\"application\/ld+json\" class=\"yoast-schema-graph\">{\"@context\":\"https:\\\/\\\/schema.org\",\"@graph\":[{\"@type\":\"WebPage\",\"@id\":\"https:\\\/\\\/www.elpex.se\\\/cs\\\/pruvodci\\\/klasika-nebo-skate\\\/\",\"url\":\"https:\\\/\\\/www.elpex.se\\\/cs\\\/pruvodci\\\/klasika-nebo-skate\\\/\",\"name\":\"Klasika, nebo skate? - Elpex\",\"isPartOf\":{\"@id\":\"https:\\\/\\\/www.elpex.se\\\/cs\\\/#website\"},\"datePublished\":\"2026-03-04T07:22:05+00:00\",\"dateModified\":\"2026-03-06T09:11:52+00:00\",\"breadcrumb\":{\"@id\":\"https:\\\/\\\/www.elpex.se\\\/cs\\\/pruvodci\\\/klasika-nebo-skate\\\/#breadcrumb\"},\"inLanguage\":\"cs\",\"potentialAction\":[{\"@type\":\"ReadAction\",\"target\":[\"https:\\\/\\\/www.elpex.se\\\/cs\\\/pruvodci\\\/klasika-nebo-skate\\\/\"]}]},{\"@type\":\"BreadcrumbList\",\"@id\":\"https:\\\/\\\/www.elpex.se\\\/cs\\\/pruvodci\\\/klasika-nebo-skate\\\/#breadcrumb\",\"itemListElement\":[{\"@type\":\"ListItem\",\"position\":1,\"name\":\"Hem\",\"item\":\"https:\\\/\\\/www.elpex.se\\\/cs\\\/\"},{\"@type\":\"ListItem\",\"position\":2,\"name\":\"Tipy &amp; n\u00e1vody\",\"item\":\"https:\\\/\\\/www.elpex.se\\\/cs\\\/pruvodci\\\/\"},{\"@type\":\"ListItem\",\"position\":3,\"name\":\"Klasika, nebo skate?\"}]},{\"@type\":\"WebSite\",\"@id\":\"https:\\\/\\\/www.elpex.se\\\/cs\\\/#website\",\"url\":\"https:\\\/\\\/www.elpex.se\\\/cs\\\/\",\"name\":\"Elpex\",\"description\":\"\",\"publisher\":{\"@id\":\"https:\\\/\\\/www.elpex.se\\\/cs\\\/#organization\"},\"potentialAction\":[{\"@type\":\"SearchAction\",\"target\":{\"@type\":\"EntryPoint\",\"urlTemplate\":\"https:\\\/\\\/www.elpex.se\\\/cs\\\/?s={search_term_string}\"},\"query-input\":{\"@type\":\"PropertyValueSpecification\",\"valueRequired\":true,\"valueName\":\"search_term_string\"}}],\"inLanguage\":\"cs\"},{\"@type\":\"Organization\",\"@id\":\"https:\\\/\\\/www.elpex.se\\\/cs\\\/#organization\",\"name\":\"Elpex\",\"url\":\"https:\\\/\\\/www.elpex.se\\\/cs\\\/\",\"logo\":{\"@type\":\"ImageObject\",\"inLanguage\":\"cs\",\"@id\":\"https:\\\/\\\/www.elpex.se\\\/cs\\\/#\\\/schema\\\/logo\\\/image\\\/\",\"url\":\"https:\\\/\\\/www.elpex.se\\\/wp-content\\\/uploads\\\/2024\\\/11\\\/Elpex-logo_svart.svg\",\"contentUrl\":\"https:\\\/\\\/www.elpex.se\\\/wp-content\\\/uploads\\\/2024\\\/11\\\/Elpex-logo_svart.svg\",\"caption\":\"Elpex\"},\"image\":{\"@id\":\"https:\\\/\\\/www.elpex.se\\\/cs\\\/#\\\/schema\\\/logo\\\/image\\\/\"},\"sameAs\":[\"https:\\\/\\\/www.facebook.com\\\/www.elpex.se\\\/?locale=sv_SE\",\"https:\\\/\\\/www.instagram.com\\\/elpexrollerskis\\\/\"]}]}<\/script>\n<!-- \/ Yoast SEO plugin. -->","yoast_head_json":{"title":"Klasika, nebo skate? - Elpex","robots":{"index":"index","follow":"follow","max-snippet":"max-snippet:-1","max-image-preview":"max-image-preview:large","max-video-preview":"max-video-preview:-1"},"canonical":"https:\/\/www.elpex.se\/cs\/pruvodci\/klasika-nebo-skate\/","og_locale":"cs_CZ","og_type":"article","og_title":"Klasika, nebo skate? - Elpex","og_description":"Jak\u00fd styl si vybere\u0161 a pro\u010d? Kdy\u017e za\u010d\u00edn\u00e1\u0161 s kole\u010dkov\u00fdmi ly\u017eemi, jedna z prvn\u00edch ot\u00e1zek je, jak\u00fd styl zvolit. Jezdit klasicky, nebo skate? Ob\u011b formy tr\u00e9ninku jsou efektivn\u00ed a z\u00e1bavn\u00e9, ale dost se li\u0161\u00ed pocitem, technikou i t\u00edm, jak snadn\u00e9 je za\u010d\u00edt. Tady si projdeme [&hellip;]","og_url":"https:\/\/www.elpex.se\/cs\/pruvodci\/klasika-nebo-skate\/","og_site_name":"Elpex","article_publisher":"https:\/\/www.facebook.com\/www.elpex.se\/?locale=sv_SE","article_modified_time":"2026-03-06T09:11:52+00:00","twitter_card":"summary_large_image","twitter_misc":{"Odhadovan\u00e1 doba \u010dten\u00ed":"4 minuty"},"schema":{"@context":"https:\/\/schema.org","@graph":[{"@type":"WebPage","@id":"https:\/\/www.elpex.se\/cs\/pruvodci\/klasika-nebo-skate\/","url":"https:\/\/www.elpex.se\/cs\/pruvodci\/klasika-nebo-skate\/","name":"Klasika, nebo skate? - Elpex","isPartOf":{"@id":"https:\/\/www.elpex.se\/cs\/#website"},"datePublished":"2026-03-04T07:22:05+00:00","dateModified":"2026-03-06T09:11:52+00:00","breadcrumb":{"@id":"https:\/\/www.elpex.se\/cs\/pruvodci\/klasika-nebo-skate\/#breadcrumb"},"inLanguage":"cs","potentialAction":[{"@type":"ReadAction","target":["https:\/\/www.elpex.se\/cs\/pruvodci\/klasika-nebo-skate\/"]}]},{"@type":"BreadcrumbList","@id":"https:\/\/www.elpex.se\/cs\/pruvodci\/klasika-nebo-skate\/#breadcrumb","itemListElement":[{"@type":"ListItem","position":1,"name":"Hem","item":"https:\/\/www.elpex.se\/cs\/"},{"@type":"ListItem","position":2,"name":"Tipy &amp; n\u00e1vody","item":"https:\/\/www.elpex.se\/cs\/pruvodci\/"},{"@type":"ListItem","position":3,"name":"Klasika, nebo skate?"}]},{"@type":"WebSite","@id":"https:\/\/www.elpex.se\/cs\/#website","url":"https:\/\/www.elpex.se\/cs\/","name":"Elpex","description":"","publisher":{"@id":"https:\/\/www.elpex.se\/cs\/#organization"},"potentialAction":[{"@type":"SearchAction","target":{"@type":"EntryPoint","urlTemplate":"https:\/\/www.elpex.se\/cs\/?s={search_term_string}"},"query-input":{"@type":"PropertyValueSpecification","valueRequired":true,"valueName":"search_term_string"}}],"inLanguage":"cs"},{"@type":"Organization","@id":"https:\/\/www.elpex.se\/cs\/#organization","name":"Elpex","url":"https:\/\/www.elpex.se\/cs\/","logo":{"@type":"ImageObject","inLanguage":"cs","@id":"https:\/\/www.elpex.se\/cs\/#\/schema\/logo\/image\/","url":"https:\/\/www.elpex.se\/wp-content\/uploads\/2024\/11\/Elpex-logo_svart.svg","contentUrl":"https:\/\/www.elpex.se\/wp-content\/uploads\/2024\/11\/Elpex-logo_svart.svg","caption":"Elpex"},"image":{"@id":"https:\/\/www.elpex.se\/cs\/#\/schema\/logo\/image\/"},"sameAs":["https:\/\/www.facebook.com\/www.elpex.se\/?locale=sv_SE","https:\/\/www.instagram.com\/elpexrollerskis\/"]}]}},"_links":{"self":[{"href":"https:\/\/www.elpex.se\/cs\/wp-json\/wp\/v2\/pages\/13430","targetHints":{"allow":["GET"]}}],"collection":[{"href":"https:\/\/www.elpex.se\/cs\/wp-json\/wp\/v2\/pages"}],"about":[{"href":"https:\/\/www.elpex.se\/cs\/wp-json\/wp\/v2\/types\/page"}],"author":[{"embeddable":true,"href":"https:\/\/www.elpex.se\/cs\/wp-json\/wp\/v2\/users\/5"}],"replies":[{"embeddable":true,"href":"https:\/\/www.elpex.se\/cs\/wp-json\/wp\/v2\/comments?post=13430"}],"version-history":[{"count":8,"href":"https:\/\/www.elpex.se\/cs\/wp-json\/wp\/v2\/pages\/13430\/revisions"}],"predecessor-version":[{"id":13725,"href":"https:\/\/www.elpex.se\/cs\/wp-json\/wp\/v2\/pages\/13430\/revisions\/13725"}],"up":[{"embeddable":true,"href":"https:\/\/www.elpex.se\/cs\/wp-json\/wp\/v2\/pages\/12317"}],"wp:attachment":[{"href":"https:\/\/www.elpex.se\/cs\/wp-json\/wp\/v2\/media?parent=13430"}],"curies":[{"name":"wp","href":"https:\/\/api.w.org\/{rel}","templated":true}]}}