{"id":13327,"date":"2026-03-02T14:34:45","date_gmt":"2026-03-02T14:34:45","guid":{"rendered":"https:\/\/www.elpex.se\/pruvodci\/koleckove-lyze-pro-zacatecniky\/"},"modified":"2026-03-04T08:51:40","modified_gmt":"2026-03-04T08:51:40","slug":"koleckove-lyze-pro-zacatecniky","status":"publish","type":"page","link":"https:\/\/www.elpex.se\/cs\/pruvodci\/koleckove-lyze-pro-zacatecniky\/","title":{"rendered":"Kole\u010dkov\u00e9 ly\u017ee pro za\u010d\u00e1te\u010dn\u00edky"},"content":{"rendered":"\n<h2 class=\"wp-block-heading\">Pr\u016fvodce Elpex pro za\u010d\u00e1tek s kole\u010dkov\u00fdmi ly\u017eemi<\/h2>\n\n<p>Kole\u010dkov\u00e9 ly\u017ee jsou jedn\u00edm z nejlep\u0161\u00edch zp\u016fsob\u016f, jak tr\u00e9novat kondici, s\u00edlu a rovnov\u00e1hu. Procvi\u010duje\u0161 cel\u00e9 t\u011blo, zat\u00edmco zat\u00ed\u017een\u00ed kolen a kloub\u016f je n\u00edzk\u00e9. Proto se kole\u010dkov\u00e9 ly\u017ee staly obl\u00edbenou formou tr\u00e9ninku pro elitn\u00ed sportovce i rekrea\u010dn\u00ed ly\u017ea\u0159e.  <\/p>\n\n<p>Mnoz\u00ed si mysl\u00ed, \u017ee s kole\u010dkov\u00fdmi ly\u017eemi je t\u011b\u017ek\u00e9 za\u010d\u00edt, ale se spr\u00e1vn\u00fdm vybaven\u00edm a n\u011bkolika jednoduch\u00fdmi tipy se do j\u00edzdy rychle dostane\u0161. V tomto pr\u016fvodci si projdeme v\u0161e, co pot\u0159ebuje\u0161 v\u011bd\u011bt, abys mohl\/a za\u010d\u00edt. <\/p>\n\n<hr class=\"wp-block-separator has-alpha-channel-opacity\"\/>\n\n<h2 class=\"wp-block-heading\">Jak\u00e9 kole\u010dkov\u00e9 ly\u017ee si vybrat jako za\u010d\u00e1te\u010dn\u00edk<\/h2>\n\n<p>Kdy\u017e za\u010d\u00edn\u00e1\u0161 s kole\u010dkov\u00fdmi ly\u017eemi, stabilita je d\u016fle\u017eit\u011bj\u0161\u00ed ne\u017e rychlost. Stabiln\u00ed model usnad\u0148uje nalezen\u00ed rovnov\u00e1hy a dod\u00e1v\u00e1 pocit v\u011bt\u0161\u00ed jistoty na cest\u011b. <\/p>\n\n<p>Pro klasickou techniku jsou modely jako <strong><a href=\"https:\/\/www.elpex.se\/cs\/produkt\/klasicke-zarizeni-wasa\/\">Elpex Classic Wasa<\/a><\/strong> skv\u011blou volbou pro za\u010d\u00e1te\u010dn\u00edky. \u0160irok\u00e1 kole\u010dka zaji\u0161\u0165uj\u00ed stabiln\u00ed j\u00edzdu, tak\u017ee se na kole\u010dkov\u00fdch ly\u017e\u00edch bude\u0161 c\u00edtit bezpe\u010dn\u011b u\u017e od prvn\u00edho tr\u00e9ninku. <\/p>\n\n<p>Pokud chce\u0161 o n\u011bco responzivn\u011bj\u0161\u00ed pocit, ale st\u00e1le vy\u017eaduje\u0161 vysokou stabilitu, pro kondi\u010dn\u00ed sportovce skv\u011ble poslou\u017e\u00ed tak\u00e9 <strong><a href=\"https:\/\/www.elpex.se\/cs\/produkt\/klasicky-tym\/\">Elpex Classic Team<\/a><\/strong>.<\/p>\n\n<p>Jestli\u017ee v zim\u011b jezd\u00ed\u0161 bruslen\u00edm (skate) a chce\u0161 stejnou techniku tr\u00e9novat i v l\u00e9t\u011b, \u010dastou volbou je <strong><a href=\"https:\/\/www.elpex.se\/cs\/produkt\/zavod-na-bruslich\/\">Elpex Skate Race<\/a><\/strong>. Bruslen\u00ed vy\u017eaduje trochu v\u00edce rovnov\u00e1hy, ale jakmile si techniku osvoj\u00ed\u0161, nab\u00edz\u00ed dynami\u010dt\u011bj\u0161\u00ed styl j\u00edzdy. <\/p>\n\n<hr class=\"wp-block-separator has-alpha-channel-opacity\"\/>\n\n<h2 class=\"wp-block-heading\">Klasick\u00e9 kole\u010dkov\u00e9 ly\u017ee nebo skate<\/h2>\n\n<p>\u010castou ot\u00e1zkou je, zda za\u010d\u00edt s klasikou nebo skatem.<\/p>\n\n<p>Klasick\u00e9 kole\u010dkov\u00e9 ly\u017eov\u00e1n\u00ed znamen\u00e1, \u017ee ly\u017ee jedou paraleln\u011b a ty se poh\u00e1n\u00ed\u0161 vp\u0159ed odr\u00e1\u017een\u00edm nebo diagon\u00e1ln\u00ed j\u00edzdou. Kole\u010dkov\u00e9 ly\u017ee pro klasiku maj\u00ed v zadn\u00edm kole z\u00e1padku, co\u017e zabra\u0148uje tomu, aby se ly\u017ee p\u0159i odrazu kut\u00e1lela dozadu. <\/p>\n\n<p>Skate funguje sp\u00ed\u0161e jako bruslen\u00ed, kde se odr\u00e1\u017e\u00ed\u0161 v pohybu ve tvaru V. Skate ly\u017ee nemaj\u00ed v kole\u010dk\u00e1ch z\u00e1padku a proto vy\u017eaduj\u00ed v\u00edce rovnov\u00e1hy. <\/p>\n\n<p>Pro v\u011bt\u0161inu za\u010d\u00e1te\u010dn\u00edk\u016f jsou klasick\u00e9 kole\u010dkov\u00e9 ly\u017ee nejjednodu\u0161\u0161\u00ed na za\u010d\u00e1tek, proto\u017ee j\u00edzda p\u016fsob\u00ed stabiln\u011bji a kontrolovan\u011bji.<\/p>\n\n<hr class=\"wp-block-separator has-alpha-channel-opacity\"\/>\n\n<h2 class=\"wp-block-heading\">Jak\u00e9 vybaven\u00ed je pot\u0159eba pro kole\u010dkov\u00e9 ly\u017ee<\/h2>\n\n<p>Velkou v\u00fdhodou kole\u010dkov\u00fdch ly\u017e\u00ed je, \u017ee \u010d\u00e1st vybaven\u00ed u\u017e \u010dasto m\u00e1\u0161 doma. Boty, rukavice a hole jsou obvykle stejn\u00e9 jako ty, kter\u00e9 se pou\u017e\u00edvaj\u00ed pro b\u011b\u017eeck\u00e9 ly\u017eov\u00e1n\u00ed v zim\u011b. <\/p>\n\n<p>Obvykle pot\u0159ebuje\u0161:<\/p>\n\n<ul class=\"wp-block-list\">\n<li>kole\u010dkov\u00e9 ly\u017ee<\/li>\n\n\n\n<li>v\u00e1z\u00e1n\u00ed<\/li>\n\n\n\n<li>boty<\/li>\n\n\n\n<li>hole<\/li>\n\n\n\n<li>helmu<\/li>\n\n\n\n<li>rukavice<\/li>\n<\/ul>\n\n<p>Hole by m\u011bly m\u00edt hroty p\u0159izp\u016fsoben\u00e9 asfaltu. Hroty kole\u010dkov\u00fdch ly\u017e\u00ed se opot\u0159ebov\u00e1vaj\u00ed o povrch a je t\u0159eba je pravideln\u011b brousit, aby si udr\u017eely dobr\u00fd z\u00e1b\u011br. Pomoc\u00ed diamantov\u00e9ho piln\u00edku m\u016f\u017ee\u0161 hroty snadno nabrousit a obnovit z\u00e1b\u011br p\u0159i odrazu holemi.  <\/p>\n\n<hr class=\"wp-block-separator has-alpha-channel-opacity\"\/>\n\n<h2 class=\"wp-block-heading\">Kde jezdit na kole\u010dkov\u00fdch ly\u017e\u00edch<\/h2>\n\n<p>Kdy\u017e za\u010d\u00edn\u00e1\u0161 s kole\u010dkov\u00fdmi ly\u017eemi, je nejlep\u0161\u00ed zvolit klidnou cyklostezku s dobr\u00fdm asfaltem a mal\u00fdm provozem. Relativn\u011b rovn\u00fd \u00fasek usnad\u0148uje soust\u0159ed\u011bn\u00ed na rovnov\u00e1hu a techniku. <\/p>\n\n<p>Zpo\u010d\u00e1tku se vyhni strm\u00fdm kopc\u016fm. Nejd\u016fle\u017eit\u011bj\u0161\u00ed je, abys b\u011bhem prvn\u00edch tr\u00e9nink\u016f c\u00edtil\/a kontrolu nad rychlost\u00ed a nau\u010dil\/a se bezpe\u010dn\u011b zat\u00e1\u010det. <\/p>\n\n<p>Kdy\u017e se rovnov\u00e1ha zlep\u0161\u00ed, m\u016f\u017ee\u0161 postupn\u011b za\u010d\u00edt jezdit del\u0161\u00ed trasy a po kopcovit\u011bj\u0161\u00edch cest\u00e1ch.<\/p>\n\n<hr class=\"wp-block-separator has-alpha-channel-opacity\"\/>\n\n<h2 class=\"wp-block-heading\">Jak za\u010d\u00edt jezdit na kole\u010dkov\u00fdch ly\u017e\u00edch<\/h2>\n\n<p>Prvn\u00ed tr\u00e9ninky nemus\u00ed b\u00fdt dlouh\u00e9. Nejd\u016fle\u017eit\u011bj\u0161\u00ed je zvyknout si na pohyb a naj\u00edt rovnov\u00e1hu. <\/p>\n\n<p>Dobr\u00fd prvn\u00ed tr\u00e9nink m\u016f\u017ee vypadat takto:<\/p>\n\n<ul class=\"wp-block-list\">\n<li>deset minut klidn\u00e9 j\u00edzdy<\/li>\n\n\n\n<li>n\u011bkolik kr\u00e1tk\u00fdch technick\u00fdch \u00fasek\u016f, kde se soust\u0159ed\u00ed\u0161 na rovnov\u00e1hu a klidn\u00e9 odrazy holemi<\/li>\n\n\n\n<li>deset a\u017e patn\u00e1ct minut op\u011bt klidn\u00e9 j\u00edzdy<\/li>\n<\/ul>\n\n<p>Po n\u011bkolika tr\u00e9ninc\u00edch se rovnov\u00e1ha obvykle rychle zlep\u0161\u00ed a j\u00edzda se bude c\u00edtit p\u0159irozen\u011bji.<\/p>\n\n<hr class=\"wp-block-separator has-alpha-channel-opacity\"\/>\n\n<h2 class=\"wp-block-heading\">Pro\u010d jsou kole\u010dkov\u00e9 ly\u017ee tak dobr\u00fd tr\u00e9nink<\/h2>\n\n<p>Kole\u010dkov\u00e9 ly\u017ee procvi\u010duj\u00ed t\u00e9m\u011b\u0159 cel\u00e9 t\u011blo. Pa\u017ee, z\u00e1da, b\u0159icho a nohy pracuj\u00ed spole\u010dn\u011b p\u0159i ka\u017ed\u00e9m odrazu holemi. Z\u00e1rove\u0148 je zat\u00ed\u017een\u00ed kloub\u016f n\u00edzk\u00e9, proto\u017ee pohyb je plynul\u00fd a klouzav\u00fd.  <\/p>\n\n<p>Pro mnoho rekrea\u010dn\u00edch sportovc\u016f jsou proto kole\u010dkov\u00e9 ly\u017ee dobrou alternativou k b\u011bhu. Z\u00edsk\u00e1\u0161 efektivn\u00ed kondi\u010dn\u00ed tr\u00e9nink bez tvrd\u00fdch n\u00e1raz\u016f na t\u011blo. <\/p>\n\n<hr class=\"wp-block-separator has-alpha-channel-opacity\"\/>\n\n<h2 class=\"wp-block-heading\">Shrnut\u00ed<\/h2>\n\n<p>Kole\u010dkov\u00e9 ly\u017ee jsou efektivn\u00ed a z\u00e1bavn\u00e1 forma tr\u00e9ninku, kter\u00e1 se hod\u00ed jak pro za\u010d\u00e1te\u010dn\u00edky, tak pro zku\u0161en\u00e9 ly\u017ea\u0159e. Se stabiln\u00edmi kole\u010dkov\u00fdmi ly\u017eemi, spr\u00e1vn\u00fdm vybaven\u00edm a klidn\u00fdmi prvn\u00edmi tr\u00e9ninky se do j\u00edzdy rychle dostane\u0161. <\/p>\n\n<p>Za\u010dni s klasick\u00fdmi kole\u010dkov\u00fdmi ly\u017eemi, vyber si stabiln\u00ed model a tr\u00e9nuj na klidn\u00fdch cest\u00e1ch. Kdy\u017e se rovnov\u00e1ha ust\u00e1l\u00ed, technika i kondice se budou p\u0159irozen\u011b rozv\u00edjet. <\/p>\n","protected":false},"excerpt":{"rendered":"<p>Pr\u016fvodce Elpex pro za\u010d\u00e1tek s kole\u010dkov\u00fdmi ly\u017eemi Kole\u010dkov\u00e9 ly\u017ee jsou jedn\u00edm z nejlep\u0161\u00edch zp\u016fsob\u016f, jak tr\u00e9novat kondici, s\u00edlu a rovnov\u00e1hu. Procvi\u010duje\u0161 cel\u00e9 t\u011blo, zat\u00edmco zat\u00ed\u017een\u00ed kolen a kloub\u016f je n\u00edzk\u00e9. Proto se kole\u010dkov\u00e9 ly\u017ee staly obl\u00edbenou formou tr\u00e9ninku pro elitn\u00ed sportovce i rekrea\u010dn\u00ed ly\u017ea\u0159e. Mnoz\u00ed [&hellip;]<\/p>\n","protected":false},"author":5,"featured_media":0,"parent":12317,"menu_order":0,"comment_status":"closed","ping_status":"closed","template":"","meta":{"footnotes":""},"class_list":["post-13327","page","type-page","status-publish","hentry"],"yoast_head":"<!-- This site is optimized with the Yoast SEO plugin v27.4 - https:\/\/yoast.com\/product\/yoast-seo-wordpress\/ -->\n<title>Kole\u010dkov\u00e9 ly\u017ee pro za\u010d\u00e1te\u010dn\u00edky - Elpex<\/title>\n<meta name=\"robots\" content=\"index, follow, max-snippet:-1, max-image-preview:large, max-video-preview:-1\" \/>\n<link rel=\"canonical\" href=\"https:\/\/www.elpex.se\/cs\/pruvodci\/koleckove-lyze-pro-zacatecniky\/\" \/>\n<meta property=\"og:locale\" content=\"cs_CZ\" \/>\n<meta property=\"og:type\" content=\"article\" \/>\n<meta property=\"og:title\" content=\"Kole\u010dkov\u00e9 ly\u017ee pro za\u010d\u00e1te\u010dn\u00edky - Elpex\" \/>\n<meta property=\"og:description\" content=\"Pr\u016fvodce Elpex pro za\u010d\u00e1tek s kole\u010dkov\u00fdmi ly\u017eemi Kole\u010dkov\u00e9 ly\u017ee jsou jedn\u00edm z nejlep\u0161\u00edch zp\u016fsob\u016f, jak tr\u00e9novat kondici, s\u00edlu a rovnov\u00e1hu. Procvi\u010duje\u0161 cel\u00e9 t\u011blo, zat\u00edmco zat\u00ed\u017een\u00ed kolen a kloub\u016f je n\u00edzk\u00e9. Proto se kole\u010dkov\u00e9 ly\u017ee staly obl\u00edbenou formou tr\u00e9ninku pro elitn\u00ed sportovce i rekrea\u010dn\u00ed ly\u017ea\u0159e. Mnoz\u00ed [&hellip;]\" \/>\n<meta property=\"og:url\" content=\"https:\/\/www.elpex.se\/cs\/pruvodci\/koleckove-lyze-pro-zacatecniky\/\" \/>\n<meta property=\"og:site_name\" content=\"Elpex\" \/>\n<meta property=\"article:publisher\" content=\"https:\/\/www.facebook.com\/www.elpex.se\/?locale=sv_SE\" \/>\n<meta property=\"article:modified_time\" content=\"2026-03-04T08:51:40+00:00\" \/>\n<meta name=\"twitter:card\" content=\"summary_large_image\" \/>\n<meta name=\"twitter:label1\" content=\"Odhadovan\u00e1 doba \u010dten\u00ed\" \/>\n\t<meta name=\"twitter:data1\" content=\"5 minut\" \/>\n<script type=\"application\/ld+json\" class=\"yoast-schema-graph\">{\"@context\":\"https:\\\/\\\/schema.org\",\"@graph\":[{\"@type\":\"WebPage\",\"@id\":\"https:\\\/\\\/www.elpex.se\\\/cs\\\/pruvodci\\\/koleckove-lyze-pro-zacatecniky\\\/\",\"url\":\"https:\\\/\\\/www.elpex.se\\\/cs\\\/pruvodci\\\/koleckove-lyze-pro-zacatecniky\\\/\",\"name\":\"Kole\u010dkov\u00e9 ly\u017ee pro za\u010d\u00e1te\u010dn\u00edky - Elpex\",\"isPartOf\":{\"@id\":\"https:\\\/\\\/www.elpex.se\\\/cs\\\/#website\"},\"datePublished\":\"2026-03-02T14:34:45+00:00\",\"dateModified\":\"2026-03-04T08:51:40+00:00\",\"breadcrumb\":{\"@id\":\"https:\\\/\\\/www.elpex.se\\\/cs\\\/pruvodci\\\/koleckove-lyze-pro-zacatecniky\\\/#breadcrumb\"},\"inLanguage\":\"cs\",\"potentialAction\":[{\"@type\":\"ReadAction\",\"target\":[\"https:\\\/\\\/www.elpex.se\\\/cs\\\/pruvodci\\\/koleckove-lyze-pro-zacatecniky\\\/\"]}]},{\"@type\":\"BreadcrumbList\",\"@id\":\"https:\\\/\\\/www.elpex.se\\\/cs\\\/pruvodci\\\/koleckove-lyze-pro-zacatecniky\\\/#breadcrumb\",\"itemListElement\":[{\"@type\":\"ListItem\",\"position\":1,\"name\":\"Hem\",\"item\":\"https:\\\/\\\/www.elpex.se\\\/cs\\\/\"},{\"@type\":\"ListItem\",\"position\":2,\"name\":\"Tipy &amp; n\u00e1vody\",\"item\":\"https:\\\/\\\/www.elpex.se\\\/cs\\\/pruvodci\\\/\"},{\"@type\":\"ListItem\",\"position\":3,\"name\":\"Kole\u010dkov\u00e9 ly\u017ee pro za\u010d\u00e1te\u010dn\u00edky\"}]},{\"@type\":\"WebSite\",\"@id\":\"https:\\\/\\\/www.elpex.se\\\/cs\\\/#website\",\"url\":\"https:\\\/\\\/www.elpex.se\\\/cs\\\/\",\"name\":\"Elpex\",\"description\":\"\",\"publisher\":{\"@id\":\"https:\\\/\\\/www.elpex.se\\\/cs\\\/#organization\"},\"potentialAction\":[{\"@type\":\"SearchAction\",\"target\":{\"@type\":\"EntryPoint\",\"urlTemplate\":\"https:\\\/\\\/www.elpex.se\\\/cs\\\/?s={search_term_string}\"},\"query-input\":{\"@type\":\"PropertyValueSpecification\",\"valueRequired\":true,\"valueName\":\"search_term_string\"}}],\"inLanguage\":\"cs\"},{\"@type\":\"Organization\",\"@id\":\"https:\\\/\\\/www.elpex.se\\\/cs\\\/#organization\",\"name\":\"Elpex\",\"url\":\"https:\\\/\\\/www.elpex.se\\\/cs\\\/\",\"logo\":{\"@type\":\"ImageObject\",\"inLanguage\":\"cs\",\"@id\":\"https:\\\/\\\/www.elpex.se\\\/cs\\\/#\\\/schema\\\/logo\\\/image\\\/\",\"url\":\"https:\\\/\\\/www.elpex.se\\\/wp-content\\\/uploads\\\/2024\\\/11\\\/Elpex-logo_svart.svg\",\"contentUrl\":\"https:\\\/\\\/www.elpex.se\\\/wp-content\\\/uploads\\\/2024\\\/11\\\/Elpex-logo_svart.svg\",\"caption\":\"Elpex\"},\"image\":{\"@id\":\"https:\\\/\\\/www.elpex.se\\\/cs\\\/#\\\/schema\\\/logo\\\/image\\\/\"},\"sameAs\":[\"https:\\\/\\\/www.facebook.com\\\/www.elpex.se\\\/?locale=sv_SE\",\"https:\\\/\\\/www.instagram.com\\\/elpexrollerskis\\\/\"]}]}<\/script>\n<!-- \/ Yoast SEO plugin. -->","yoast_head_json":{"title":"Kole\u010dkov\u00e9 ly\u017ee pro za\u010d\u00e1te\u010dn\u00edky - Elpex","robots":{"index":"index","follow":"follow","max-snippet":"max-snippet:-1","max-image-preview":"max-image-preview:large","max-video-preview":"max-video-preview:-1"},"canonical":"https:\/\/www.elpex.se\/cs\/pruvodci\/koleckove-lyze-pro-zacatecniky\/","og_locale":"cs_CZ","og_type":"article","og_title":"Kole\u010dkov\u00e9 ly\u017ee pro za\u010d\u00e1te\u010dn\u00edky - Elpex","og_description":"Pr\u016fvodce Elpex pro za\u010d\u00e1tek s kole\u010dkov\u00fdmi ly\u017eemi Kole\u010dkov\u00e9 ly\u017ee jsou jedn\u00edm z nejlep\u0161\u00edch zp\u016fsob\u016f, jak tr\u00e9novat kondici, s\u00edlu a rovnov\u00e1hu. Procvi\u010duje\u0161 cel\u00e9 t\u011blo, zat\u00edmco zat\u00ed\u017een\u00ed kolen a kloub\u016f je n\u00edzk\u00e9. Proto se kole\u010dkov\u00e9 ly\u017ee staly obl\u00edbenou formou tr\u00e9ninku pro elitn\u00ed sportovce i rekrea\u010dn\u00ed ly\u017ea\u0159e. Mnoz\u00ed [&hellip;]","og_url":"https:\/\/www.elpex.se\/cs\/pruvodci\/koleckove-lyze-pro-zacatecniky\/","og_site_name":"Elpex","article_publisher":"https:\/\/www.facebook.com\/www.elpex.se\/?locale=sv_SE","article_modified_time":"2026-03-04T08:51:40+00:00","twitter_card":"summary_large_image","twitter_misc":{"Odhadovan\u00e1 doba \u010dten\u00ed":"5 minut"},"schema":{"@context":"https:\/\/schema.org","@graph":[{"@type":"WebPage","@id":"https:\/\/www.elpex.se\/cs\/pruvodci\/koleckove-lyze-pro-zacatecniky\/","url":"https:\/\/www.elpex.se\/cs\/pruvodci\/koleckove-lyze-pro-zacatecniky\/","name":"Kole\u010dkov\u00e9 ly\u017ee pro za\u010d\u00e1te\u010dn\u00edky - Elpex","isPartOf":{"@id":"https:\/\/www.elpex.se\/cs\/#website"},"datePublished":"2026-03-02T14:34:45+00:00","dateModified":"2026-03-04T08:51:40+00:00","breadcrumb":{"@id":"https:\/\/www.elpex.se\/cs\/pruvodci\/koleckove-lyze-pro-zacatecniky\/#breadcrumb"},"inLanguage":"cs","potentialAction":[{"@type":"ReadAction","target":["https:\/\/www.elpex.se\/cs\/pruvodci\/koleckove-lyze-pro-zacatecniky\/"]}]},{"@type":"BreadcrumbList","@id":"https:\/\/www.elpex.se\/cs\/pruvodci\/koleckove-lyze-pro-zacatecniky\/#breadcrumb","itemListElement":[{"@type":"ListItem","position":1,"name":"Hem","item":"https:\/\/www.elpex.se\/cs\/"},{"@type":"ListItem","position":2,"name":"Tipy &amp; n\u00e1vody","item":"https:\/\/www.elpex.se\/cs\/pruvodci\/"},{"@type":"ListItem","position":3,"name":"Kole\u010dkov\u00e9 ly\u017ee pro za\u010d\u00e1te\u010dn\u00edky"}]},{"@type":"WebSite","@id":"https:\/\/www.elpex.se\/cs\/#website","url":"https:\/\/www.elpex.se\/cs\/","name":"Elpex","description":"","publisher":{"@id":"https:\/\/www.elpex.se\/cs\/#organization"},"potentialAction":[{"@type":"SearchAction","target":{"@type":"EntryPoint","urlTemplate":"https:\/\/www.elpex.se\/cs\/?s={search_term_string}"},"query-input":{"@type":"PropertyValueSpecification","valueRequired":true,"valueName":"search_term_string"}}],"inLanguage":"cs"},{"@type":"Organization","@id":"https:\/\/www.elpex.se\/cs\/#organization","name":"Elpex","url":"https:\/\/www.elpex.se\/cs\/","logo":{"@type":"ImageObject","inLanguage":"cs","@id":"https:\/\/www.elpex.se\/cs\/#\/schema\/logo\/image\/","url":"https:\/\/www.elpex.se\/wp-content\/uploads\/2024\/11\/Elpex-logo_svart.svg","contentUrl":"https:\/\/www.elpex.se\/wp-content\/uploads\/2024\/11\/Elpex-logo_svart.svg","caption":"Elpex"},"image":{"@id":"https:\/\/www.elpex.se\/cs\/#\/schema\/logo\/image\/"},"sameAs":["https:\/\/www.facebook.com\/www.elpex.se\/?locale=sv_SE","https:\/\/www.instagram.com\/elpexrollerskis\/"]}]}},"_links":{"self":[{"href":"https:\/\/www.elpex.se\/cs\/wp-json\/wp\/v2\/pages\/13327","targetHints":{"allow":["GET"]}}],"collection":[{"href":"https:\/\/www.elpex.se\/cs\/wp-json\/wp\/v2\/pages"}],"about":[{"href":"https:\/\/www.elpex.se\/cs\/wp-json\/wp\/v2\/types\/page"}],"author":[{"embeddable":true,"href":"https:\/\/www.elpex.se\/cs\/wp-json\/wp\/v2\/users\/5"}],"replies":[{"embeddable":true,"href":"https:\/\/www.elpex.se\/cs\/wp-json\/wp\/v2\/comments?post=13327"}],"version-history":[{"count":4,"href":"https:\/\/www.elpex.se\/cs\/wp-json\/wp\/v2\/pages\/13327\/revisions"}],"predecessor-version":[{"id":13550,"href":"https:\/\/www.elpex.se\/cs\/wp-json\/wp\/v2\/pages\/13327\/revisions\/13550"}],"up":[{"embeddable":true,"href":"https:\/\/www.elpex.se\/cs\/wp-json\/wp\/v2\/pages\/12317"}],"wp:attachment":[{"href":"https:\/\/www.elpex.se\/cs\/wp-json\/wp\/v2\/media?parent=13327"}],"curies":[{"name":"wp","href":"https:\/\/api.w.org\/{rel}","templated":true}]}}