{"id":12317,"date":"2026-01-27T09:28:30","date_gmt":"2026-01-27T09:28:30","guid":{"rendered":"https:\/\/www.elpex.se\/pruvodci\/"},"modified":"2026-03-06T14:13:14","modified_gmt":"2026-03-06T14:13:14","slug":"pruvodci","status":"publish","type":"page","link":"https:\/\/www.elpex.se\/cs\/pruvodci\/","title":{"rendered":"Tipy &amp; n\u00e1vody"},"content":{"rendered":"\n<p>Tady jsme shrom\u00e1\u017edili v\u0161echny na\u0161e tipy a triky pro j\u00edzdu na kole\u010dkov\u00fdch ly\u017e\u00edch!<\/p>\n\n<ol class=\"wp-block-list\">\n<li><a href=\"https:\/\/www.elpex.se\/cs\/pruvodci\/koleckove-lyze-pro-zacatecniky\/\">Kole\u010dkov\u00e9 ly\u017ee pro za\u010d\u00e1te\u010dn\u00edky<\/a><\/li>\n\n\n\n<li><a href=\"https:\/\/www.elpex.se\/cs\/pruvodci\/klasika-nebo-skate\/\">Klasick\u00fd vs. brusla\u0159sk\u00fd styl \u2013 kter\u00fd si vybrat a pro\u010d<\/a><\/li>\n\n\n\n<li><a href=\"https:\/\/www.elpex.se\/cs\/pruvodci\/seznam-vybaveni\/\">Seznam vybaven\u00ed<\/a><\/li>\n\n\n\n<li><a href=\"https:\/\/www.elpex.se\/stavlangd-pa-rullskidor-sa-valjer-du-ratt\/\">Vyber si spr\u00e1vnou d\u00e9lku hol\u00ed<\/a><\/li>\n\n\n\n<li><a href=\"https:\/\/www.elpex.se\/stavlangdskalkylator-for-rullskidor-och-langdskidor\/\">Kalkula\u010dka d\u00e9lky hol\u00ed<\/a><\/li>\n\n\n\n<li><a href=\"https:\/\/www.elpex.se\/hjulguide-for-rullskidor\/\">Pr\u016fvodce kole\u010dky pro kole\u010dkov\u00e9 ly\u017ee \u2013 valiv\u00fd odpor 2, 3, 4 a PU<\/a><\/li>\n\n\n\n<li><a href=\"https:\/\/www.elpex.se\/pjaxor-och-bindningar\/\">Boty a v\u00e1z\u00e1n\u00ed \u2013 NNN, Turnamic a SNS<\/a><\/li>\n\n\n\n<li><a href=\"https:\/\/www.elpex.se\/sakerhet-pa-rullskidor-hjalm-reflexer-trafik-och-fallteknik\/\">Bezpe\u010dnost: reflexn\u00ed prvky, provoz, helma, technika p\u00e1du<\/a><\/li>\n\n\n\n<li><a href=\"https:\/\/www.elpex.se\/underlag-och-vader-vid-rullskidakning-vat-asfalt-grus-kyla-och-latt-sno\/\">Povrch a po\u010das\u00ed: mokro, nerovn\u00fd asfalt, \u0161t\u011brk a lehk\u00fd sn\u00edh<\/a><\/li>\n\n\n\n<li><a href=\"https:\/\/www.elpex.se\/rullskidbanor-i-sverige-guide-till-traningsbanor\/\">Trat\u011b pro kole\u010dkov\u00e9 ly\u017ee ve \u0160v\u00e9dsku<\/a><\/li>\n\n\n\n<li><a href=\"https:\/\/www.elpex.se\/karta-over-rullskidbanor-i-sverige\/\">Mapa trat\u00ed pro kole\u010dkov\u00e9 ly\u017ee ve \u0160v\u00e9dsku<\/a><\/li>\n\n\n\n<li><a href=\"https:\/\/www.elpex.se\/service-och-underhall-av-rullskidor\/\">Servis a \u00fadr\u017eba kole\u010dkov\u00fdch ly\u017e\u00ed<\/a><\/li>\n\n\n\n<li><a href=\"https:\/\/www.elpex.se\/sa-byter-du-hjul-pa-rullskidor-steg-for-steg\/\">Jak vym\u011bnit kole\u010dka na kole\u010dkov\u00fdch ly\u017e\u00edch<\/a><\/li>\n\n\n\n<li><a href=\"https:\/\/www.elpex.se\/cs\/pruvodci\/jak-brousit-hroty-holi-pro-maximalni-odraz\/\">Jak brousit hroty hol\u00ed pro maxim\u00e1ln\u00ed odraz<\/a><\/li>\n\n\n\n<li><a href=\"https:\/\/www.elpex.se\/cs\/bezne-chyby-na-koleckovych-lyzich\/\">B\u011b\u017en\u00e9 chyby na kole\u010dkov\u00fdch ly\u017e\u00edch<\/a><\/li>\n\n\n\n<li><a href=\"https:\/\/www.elpex.se\/hur-bromsar-man-pa-rullskidor\/\">Jak brzdit na kole\u010dkov\u00fdch ly\u017e\u00edch? P\u011bt technik, kter\u00e9 by m\u011bl ovl\u00e1dat ka\u017ed\u00fd <\/a><\/li>\n<\/ol>\n\n<p><\/p>\n","protected":false},"excerpt":{"rendered":"<p>Tady jsme shrom\u00e1\u017edili v\u0161echny na\u0161e tipy a triky pro j\u00edzdu na kole\u010dkov\u00fdch ly\u017e\u00edch!<\/p>\n","protected":false},"author":5,"featured_media":0,"parent":0,"menu_order":0,"comment_status":"closed","ping_status":"closed","template":"","meta":{"footnotes":""},"class_list":["post-12317","page","type-page","status-publish","hentry"],"yoast_head":"<!-- This site is optimized with the Yoast SEO plugin v27.4 - https:\/\/yoast.com\/product\/yoast-seo-wordpress\/ -->\n<title>Tipy &amp; n\u00e1vody - Elpex<\/title>\n<meta name=\"robots\" content=\"index, follow, max-snippet:-1, max-image-preview:large, max-video-preview:-1\" \/>\n<link rel=\"canonical\" href=\"https:\/\/www.elpex.se\/cs\/pruvodci\/\" \/>\n<meta property=\"og:locale\" content=\"cs_CZ\" \/>\n<meta property=\"og:type\" content=\"article\" \/>\n<meta property=\"og:title\" content=\"Tipy &amp; n\u00e1vody - Elpex\" \/>\n<meta property=\"og:description\" content=\"Tady jsme shrom\u00e1\u017edili v\u0161echny na\u0161e tipy a triky pro j\u00edzdu na kole\u010dkov\u00fdch ly\u017e\u00edch!\" \/>\n<meta property=\"og:url\" content=\"https:\/\/www.elpex.se\/cs\/pruvodci\/\" \/>\n<meta property=\"og:site_name\" content=\"Elpex\" \/>\n<meta property=\"article:publisher\" content=\"https:\/\/www.facebook.com\/www.elpex.se\/?locale=sv_SE\" \/>\n<meta property=\"article:modified_time\" content=\"2026-03-06T14:13:14+00:00\" \/>\n<meta name=\"twitter:card\" content=\"summary_large_image\" \/>\n<meta name=\"twitter:label1\" content=\"Odhadovan\u00e1 doba \u010dten\u00ed\" \/>\n\t<meta name=\"twitter:data1\" content=\"1 minuta\" \/>\n<script type=\"application\/ld+json\" class=\"yoast-schema-graph\">{\"@context\":\"https:\\\/\\\/schema.org\",\"@graph\":[{\"@type\":\"WebPage\",\"@id\":\"https:\\\/\\\/www.elpex.se\\\/cs\\\/pruvodci\\\/\",\"url\":\"https:\\\/\\\/www.elpex.se\\\/cs\\\/pruvodci\\\/\",\"name\":\"Tipy &amp; n\u00e1vody - Elpex\",\"isPartOf\":{\"@id\":\"https:\\\/\\\/www.elpex.se\\\/cs\\\/#website\"},\"datePublished\":\"2026-01-27T09:28:30+00:00\",\"dateModified\":\"2026-03-06T14:13:14+00:00\",\"breadcrumb\":{\"@id\":\"https:\\\/\\\/www.elpex.se\\\/cs\\\/pruvodci\\\/#breadcrumb\"},\"inLanguage\":\"cs\",\"potentialAction\":[{\"@type\":\"ReadAction\",\"target\":[\"https:\\\/\\\/www.elpex.se\\\/cs\\\/pruvodci\\\/\"]}]},{\"@type\":\"BreadcrumbList\",\"@id\":\"https:\\\/\\\/www.elpex.se\\\/cs\\\/pruvodci\\\/#breadcrumb\",\"itemListElement\":[{\"@type\":\"ListItem\",\"position\":1,\"name\":\"Hem\",\"item\":\"https:\\\/\\\/www.elpex.se\\\/cs\\\/\"},{\"@type\":\"ListItem\",\"position\":2,\"name\":\"Tipy &amp; n\u00e1vody\"}]},{\"@type\":\"WebSite\",\"@id\":\"https:\\\/\\\/www.elpex.se\\\/cs\\\/#website\",\"url\":\"https:\\\/\\\/www.elpex.se\\\/cs\\\/\",\"name\":\"Elpex\",\"description\":\"\",\"publisher\":{\"@id\":\"https:\\\/\\\/www.elpex.se\\\/cs\\\/#organization\"},\"potentialAction\":[{\"@type\":\"SearchAction\",\"target\":{\"@type\":\"EntryPoint\",\"urlTemplate\":\"https:\\\/\\\/www.elpex.se\\\/cs\\\/?s={search_term_string}\"},\"query-input\":{\"@type\":\"PropertyValueSpecification\",\"valueRequired\":true,\"valueName\":\"search_term_string\"}}],\"inLanguage\":\"cs\"},{\"@type\":\"Organization\",\"@id\":\"https:\\\/\\\/www.elpex.se\\\/cs\\\/#organization\",\"name\":\"Elpex\",\"url\":\"https:\\\/\\\/www.elpex.se\\\/cs\\\/\",\"logo\":{\"@type\":\"ImageObject\",\"inLanguage\":\"cs\",\"@id\":\"https:\\\/\\\/www.elpex.se\\\/cs\\\/#\\\/schema\\\/logo\\\/image\\\/\",\"url\":\"https:\\\/\\\/www.elpex.se\\\/wp-content\\\/uploads\\\/2024\\\/11\\\/Elpex-logo_svart.svg\",\"contentUrl\":\"https:\\\/\\\/www.elpex.se\\\/wp-content\\\/uploads\\\/2024\\\/11\\\/Elpex-logo_svart.svg\",\"caption\":\"Elpex\"},\"image\":{\"@id\":\"https:\\\/\\\/www.elpex.se\\\/cs\\\/#\\\/schema\\\/logo\\\/image\\\/\"},\"sameAs\":[\"https:\\\/\\\/www.facebook.com\\\/www.elpex.se\\\/?locale=sv_SE\",\"https:\\\/\\\/www.instagram.com\\\/elpexrollerskis\\\/\"]}]}<\/script>\n<!-- \/ Yoast SEO plugin. -->","yoast_head_json":{"title":"Tipy &amp; n\u00e1vody - Elpex","robots":{"index":"index","follow":"follow","max-snippet":"max-snippet:-1","max-image-preview":"max-image-preview:large","max-video-preview":"max-video-preview:-1"},"canonical":"https:\/\/www.elpex.se\/cs\/pruvodci\/","og_locale":"cs_CZ","og_type":"article","og_title":"Tipy &amp; n\u00e1vody - Elpex","og_description":"Tady jsme shrom\u00e1\u017edili v\u0161echny na\u0161e tipy a triky pro j\u00edzdu na kole\u010dkov\u00fdch ly\u017e\u00edch!","og_url":"https:\/\/www.elpex.se\/cs\/pruvodci\/","og_site_name":"Elpex","article_publisher":"https:\/\/www.facebook.com\/www.elpex.se\/?locale=sv_SE","article_modified_time":"2026-03-06T14:13:14+00:00","twitter_card":"summary_large_image","twitter_misc":{"Odhadovan\u00e1 doba \u010dten\u00ed":"1 minuta"},"schema":{"@context":"https:\/\/schema.org","@graph":[{"@type":"WebPage","@id":"https:\/\/www.elpex.se\/cs\/pruvodci\/","url":"https:\/\/www.elpex.se\/cs\/pruvodci\/","name":"Tipy &amp; n\u00e1vody - Elpex","isPartOf":{"@id":"https:\/\/www.elpex.se\/cs\/#website"},"datePublished":"2026-01-27T09:28:30+00:00","dateModified":"2026-03-06T14:13:14+00:00","breadcrumb":{"@id":"https:\/\/www.elpex.se\/cs\/pruvodci\/#breadcrumb"},"inLanguage":"cs","potentialAction":[{"@type":"ReadAction","target":["https:\/\/www.elpex.se\/cs\/pruvodci\/"]}]},{"@type":"BreadcrumbList","@id":"https:\/\/www.elpex.se\/cs\/pruvodci\/#breadcrumb","itemListElement":[{"@type":"ListItem","position":1,"name":"Hem","item":"https:\/\/www.elpex.se\/cs\/"},{"@type":"ListItem","position":2,"name":"Tipy &amp; n\u00e1vody"}]},{"@type":"WebSite","@id":"https:\/\/www.elpex.se\/cs\/#website","url":"https:\/\/www.elpex.se\/cs\/","name":"Elpex","description":"","publisher":{"@id":"https:\/\/www.elpex.se\/cs\/#organization"},"potentialAction":[{"@type":"SearchAction","target":{"@type":"EntryPoint","urlTemplate":"https:\/\/www.elpex.se\/cs\/?s={search_term_string}"},"query-input":{"@type":"PropertyValueSpecification","valueRequired":true,"valueName":"search_term_string"}}],"inLanguage":"cs"},{"@type":"Organization","@id":"https:\/\/www.elpex.se\/cs\/#organization","name":"Elpex","url":"https:\/\/www.elpex.se\/cs\/","logo":{"@type":"ImageObject","inLanguage":"cs","@id":"https:\/\/www.elpex.se\/cs\/#\/schema\/logo\/image\/","url":"https:\/\/www.elpex.se\/wp-content\/uploads\/2024\/11\/Elpex-logo_svart.svg","contentUrl":"https:\/\/www.elpex.se\/wp-content\/uploads\/2024\/11\/Elpex-logo_svart.svg","caption":"Elpex"},"image":{"@id":"https:\/\/www.elpex.se\/cs\/#\/schema\/logo\/image\/"},"sameAs":["https:\/\/www.facebook.com\/www.elpex.se\/?locale=sv_SE","https:\/\/www.instagram.com\/elpexrollerskis\/"]}]}},"_links":{"self":[{"href":"https:\/\/www.elpex.se\/cs\/wp-json\/wp\/v2\/pages\/12317","targetHints":{"allow":["GET"]}}],"collection":[{"href":"https:\/\/www.elpex.se\/cs\/wp-json\/wp\/v2\/pages"}],"about":[{"href":"https:\/\/www.elpex.se\/cs\/wp-json\/wp\/v2\/types\/page"}],"author":[{"embeddable":true,"href":"https:\/\/www.elpex.se\/cs\/wp-json\/wp\/v2\/users\/5"}],"replies":[{"embeddable":true,"href":"https:\/\/www.elpex.se\/cs\/wp-json\/wp\/v2\/comments?post=12317"}],"version-history":[{"count":18,"href":"https:\/\/www.elpex.se\/cs\/wp-json\/wp\/v2\/pages\/12317\/revisions"}],"predecessor-version":[{"id":14300,"href":"https:\/\/www.elpex.se\/cs\/wp-json\/wp\/v2\/pages\/12317\/revisions\/14300"}],"wp:attachment":[{"href":"https:\/\/www.elpex.se\/cs\/wp-json\/wp\/v2\/media?parent=12317"}],"curies":[{"name":"wp","href":"https:\/\/api.w.org\/{rel}","templated":true}]}}